{"id":2404,"date":"2015-03-17T15:26:49","date_gmt":"2015-03-17T14:26:49","guid":{"rendered":"http:\/\/wp.unil.ch\/cinematheque-unil\/?page_id=2404"},"modified":"2022-09-14T11:14:23","modified_gmt":"2022-09-14T09:14:23","slug":"presentation","status":"publish","type":"page","link":"https:\/\/wp.unil.ch\/cinematheque-unil\/projets\/le-cinema-de-nag-et-gisele-ansorge\/presentation\/","title":{"rendered":"Pr\u00e9sentation"},"content":{"rendered":"<ol class=\"breadcrumb\">\n<li><a href=\"https:\/\/wp.unil.ch\/cinematheque-unil\/projets\/\">Projets<\/a><\/li>\n<li><a href=\"https:\/\/wp.unil.ch\/cinematheque-unil\/projets\/le-cinema-de-nag-et-gisele-ansorge\/\">Le cin\u00e9ma de Nag et Gis\u00e8le Ansorge<\/a><\/li>\n<li class=\"current\"><a href=\"https:\/\/wp.unil.ch\/cinematheque-unil\/projets\/le-cinema-de-nag-et-gisele-ansorge\/presentation\/\">Pr\u00e9sentation<\/a><\/li>\n<\/ol>\n<h3>Le cin\u00e9ma de Nag et Gis\u00e8le Ansorge : institutions, pratiques et formes<\/h3>\n<figure id=\"attachment_2411\" aria-describedby=\"caption-attachment-2411\" style=\"width: 500px\" class=\"wp-caption aligncenter\"><a href=\"https:\/\/wp.unil.ch\/cinematheque-unil\/files\/2015\/03\/PHOTO_SMILE.jpg\"><img alt=\"\" loading=\"lazy\" decoding=\"async\" class=\"wp-image-2411\" src=\"https:\/\/wp.unil.ch\/cinematheque-unil\/files\/2015\/03\/PHOTO_SMILE-1024x591.jpg\" alt=\"\" width=\"500\" height=\"288\" srcset=\"https:\/\/wp.unil.ch\/cinematheque-unil\/files\/2015\/03\/PHOTO_SMILE-1024x591.jpg 1024w, https:\/\/wp.unil.ch\/cinematheque-unil\/files\/2015\/03\/PHOTO_SMILE-300x173.jpg 300w, https:\/\/wp.unil.ch\/cinematheque-unil\/files\/2015\/03\/PHOTO_SMILE-500x288.jpg 500w, https:\/\/wp.unil.ch\/cinematheque-unil\/files\/2015\/03\/PHOTO_SMILE.jpg 1200w\" sizes=\"auto, (max-width: 500px) 100vw, 500px\" \/><\/a><figcaption id=\"caption-attachment-2411\" class=\"wp-caption-text\">Photogramme du film Smile 1 + 2 + 3, Nag et Gis\u00e8le Ansorge, 1976.<br \/>\u00a9 Tous droits r\u00e9serv\u00e9s\/collection Cin\u00e9math\u00e8que suisse.<\/figcaption><\/figure>\n<p style=\"text-align: justify\">Ernest (dit Nag) et Gis\u00e8le Ansorge comptent parmi les plus importants cin\u00e9astes d\u2019animation non seulement en Suisse, mais aussi sur le plan international. Fameux avant tout pour leurs films de sable, ils ont aussi d\u00e9velopp\u00e9 d\u2019autres techniques et \u0153uvr\u00e9 dans divers cadres (fictions ; films de commande ; films sur l\u2019art et films psychiatriques). Leur carri\u00e8re commune est document\u00e9e par un important fonds d\u2019archives papier et audiovisuelles conserv\u00e9 par la Cin\u00e9math\u00e8que suisse.<\/p>\n<p style=\"text-align: justify\">La recherche se d\u00e9veloppe selon trois axes. Il s\u2019agit d\u2019abord de situer le cadre g\u00e9n\u00e9ral dans lequel s\u2019inscrit la carri\u00e8re des Ansorge (av\u00e8nement d\u2019un \u00ab nouveau cin\u00e9ma suisse \u00bb, institutionnalisation progressive de l\u2019animation entendue comme une pratique particuli\u00e8re), d\u2019examiner leur place particuli\u00e8re au sein du champ cin\u00e9matographique, mais aussi par rapport \u00e0 l\u2019Etat, et finalement dans des espaces particuliers comme l\u2019institution m\u00e9dicale. En termes de pratiques, le cin\u00e9ma des Ansorge se d\u00e9veloppe en fonction d\u2019aspects techniques, de choix esth\u00e9tiques et de modalit\u00e9s de travail collectif qui, une fois mis en \u00e9vidence, permettent de comprendre les proc\u00e9dures de l\u2019animation cin\u00e9matographique jusque dans son inscription sociale et institutionnelle. Finalement, l\u2019\u00e9tude des films permet de situer l\u2019inventivit\u00e9 formelle et esth\u00e9tique en fonction de ces cadres institutionnels et techniques.<\/p>\n<p style=\"text-align: justify\">M\u00ealant analyse socio-culturelle, technique et esth\u00e9tique, le pr\u00e9sent projet contribue \u00e0 mieux faire conna\u00eetre des acteurs importants du cin\u00e9ma en Suisse et \u00e0 analyser des pratiques souvent m\u00e9connues, comme celles d\u00e9velopp\u00e9es dans le cadre d\u2019un atelier cin\u00e9matographique dans un h\u00f4pital psychiatrique.<\/p>\n<p style=\"text-align: justify;font-size: small\"><span style=\"color: #446688\">Direction : <span style=\"text-decoration: underline\"><strong><a href=\"https:\/\/www.unil.ch\/cin\/MariaTortajada\" target=\"_blank\" rel=\"noopener\">Maria Tortajada<\/a><\/strong><\/span>\u00a0(Section d\u2019histoire et esth\u00e9tique du cin\u00e9ma), <a href=\"https:\/\/applicationspub.unil.ch\/interpub\/noauth\/php\/Un\/UnPers.php?PerNum=17733&amp;LanCode=37&amp;menu=coord\" target=\"_blank\" rel=\"noopener\"><strong><span style=\"text-decoration: underline\">Vincent Barras<\/span><\/strong><\/a> (Institut universitaire d\u2019histoire de la m\u00e9decine et de la sant\u00e9 publique) et <strong><span style=\"text-decoration: underline\">Jacques Gasse<\/span><span style=\"text-decoration: underline\">r<\/span><\/strong> (D\u00e9partement de psychiatrie).<br \/>\n<span style=\"color: #446688\">Charg\u00e9 de recherche : <span style=\"text-decoration: underline\"><strong><a href=\"https:\/\/www.unil.ch\/cin\/PierreEmmanuelJaques\" target=\"_blank\" rel=\"noopener\">Pierre-Emmanuel Jaques<\/a><\/strong><\/span> (chercheur FNS junior).<br \/>\n<span style=\"color: #446688\">Doctorantes FNS\u00a0: <span style=\"text-decoration: underline\"><strong><a href=\"https:\/\/www.unil.ch\/cin\/chloehofmann\" target=\"_blank\" rel=\"noopener\">Chlo\u00e9 Hofmann<\/a><\/strong><\/span> et <span style=\"text-decoration: underline\"><strong><a href=\"https:\/\/www.unil.ch\/cin\/elodiemurtas\" target=\"_blank\" rel=\"noopener\">Elodie Murtas<\/a><\/strong><\/span>.<\/span><\/span><\/span><br \/>\n<span style=\"color: #446688\">D\u00e9but\/fin\u00a0: 01.04.2015 &#8211; 31.12.2018 (prolongation de 18 mois d\u00e8s le 01.04.2018)<\/span><\/p>\n<p style=\"text-align: justify;font-size: small\"><a href=\"https:\/\/p3.snf.ch\/Project-156149\" target=\"_blank\" rel=\"noopener\"><img loading=\"lazy\" decoding=\"async\" class=\"alignnone wp-image-3017\" src=\"https:\/\/wp.unil.ch\/cinematheque-unil\/files\/2014\/02\/LOGO_FNS-300x81.jpg\" alt=\"LOGO_FNS\" width=\"200\" height=\"54\" srcset=\"https:\/\/wp.unil.ch\/cinematheque-unil\/files\/2014\/02\/LOGO_FNS-300x81.jpg 300w, https:\/\/wp.unil.ch\/cinematheque-unil\/files\/2014\/02\/LOGO_FNS-500x134.jpg 500w, https:\/\/wp.unil.ch\/cinematheque-unil\/files\/2014\/02\/LOGO_FNS.jpg 666w\" sizes=\"auto, (max-width: 200px) 100vw, 200px\" \/><\/a><\/p>\n<p style=\"text-align: center;font-size: small\"><em>Voir aussi la <a title=\"FNS\" href=\"https:\/\/p3.snf.ch\/Project-156149\" target=\"_blank\" rel=\"noopener\">page<\/a> du Fonds national suisse de la recherche scientifique.<\/em><\/p>\n","protected":false},"excerpt":{"rendered":"<p>Projets Le cin\u00e9ma de Nag et Gis\u00e8le Ansorge Pr\u00e9sentation Le cin\u00e9ma de Nag et Gis\u00e8le Ansorge : institutions, pratiques et formes Ernest (dit Nag) et Gis\u00e8le Ansorge comptent parmi les plus importants cin\u00e9astes d\u2019animation non seulement en Suisse, mais aussi<\/p>\n","protected":false},"author":1469,"featured_media":0,"parent":740,"menu_order":24,"comment_status":"closed","ping_status":"closed","template":"","meta":{"_seopress_robots_primary_cat":"","_seopress_titles_title":"","_seopress_titles_desc":"","_seopress_robots_index":"","footnotes":""},"class_list":["post-2404","page","type-page","status-publish"],"_links":{"self":[{"href":"https:\/\/wp.unil.ch\/cinematheque-unil\/wp-json\/wp\/v2\/pages\/2404","targetHints":{"allow":["GET"]}}],"collection":[{"href":"https:\/\/wp.unil.ch\/cinematheque-unil\/wp-json\/wp\/v2\/pages"}],"about":[{"href":"https:\/\/wp.unil.ch\/cinematheque-unil\/wp-json\/wp\/v2\/types\/page"}],"author":[{"embeddable":true,"href":"https:\/\/wp.unil.ch\/cinematheque-unil\/wp-json\/wp\/v2\/users\/1469"}],"replies":[{"embeddable":true,"href":"https:\/\/wp.unil.ch\/cinematheque-unil\/wp-json\/wp\/v2\/comments?post=2404"}],"version-history":[{"count":0,"href":"https:\/\/wp.unil.ch\/cinematheque-unil\/wp-json\/wp\/v2\/pages\/2404\/revisions"}],"up":[{"embeddable":true,"href":"https:\/\/wp.unil.ch\/cinematheque-unil\/wp-json\/wp\/v2\/pages\/740"}],"wp:attachment":[{"href":"https:\/\/wp.unil.ch\/cinematheque-unil\/wp-json\/wp\/v2\/media?parent=2404"}],"curies":[{"name":"wp","href":"https:\/\/api.w.org\/{rel}","templated":true}]}}