{"id":2336,"date":"2015-03-16T21:37:15","date_gmt":"2015-03-16T20:37:15","guid":{"rendered":"http:\/\/wp.unil.ch\/cinematheque-unil\/?page_id=2336"},"modified":"2022-09-07T12:11:13","modified_gmt":"2022-09-07T10:11:13","slug":"projets-de-these","status":"publish","type":"page","link":"https:\/\/wp.unil.ch\/cinematheque-unil\/projets\/le-cinema-de-nag-et-gisele-ansorge\/projets-de-these\/","title":{"rendered":"Projets de th\u00e8se"},"content":{"rendered":"<ol class=\"breadcrumb\">\n<li><a href=\"https:\/\/wp.unil.ch\/cinematheque-unil\/projets\/\">Projets<\/a><\/li>\n<li><a href=\"https:\/\/wp.unil.ch\/cinematheque-unil\/projets\/le-cinema-de-nag-et-gisele-ansorge\/\">Le cin\u00e9ma de Nag et Gis\u00e8le Ansorge<\/a><\/li>\n<li class=\"current\"><a href=\"https:\/\/wp.unil.ch\/cinematheque-unil\/projets\/le-cinema-de-nag-et-gisele-ansorge\/projets-de-these\/\">Th\u00e8ses<\/a><\/li>\n<\/ol>\n<h3>Chlo\u00e9 Hofmann<\/h3>\n<p style=\"text-align: justify;font-size: medium\">\u00ab\u00a0Grain par grain, photogramme par photogramme: l&rsquo;animation de sable \u00e0 partir du cas de Nag et Gis\u00e8le Ansorge \u00bb, th\u00e8se dirig\u00e9e par la Prof.\u00a0Maria Tortajada <a href=\"https:\/\/wp.unil.ch\/cinematheque-unil\/files\/2022\/04\/Affiche-these-Chloe-Hoffman.pdf\" target=\"_blank\" rel=\"noopener\">soutenue le 27 janvier 2022<\/a>.<\/p>\n<p><a href=\"https:\/\/wp.unil.ch\/cinematheque-unil\/files\/2022\/04\/Image_thee_Chloe.png\"><img alt=\"\" loading=\"lazy\" decoding=\"async\" class=\"alignnone  wp-image-6575\" src=\"https:\/\/wp.unil.ch\/cinematheque-unil\/files\/2022\/04\/Image_thee_Chloe-1024x569.png\" alt=\"\" width=\"377\" height=\"209\" srcset=\"https:\/\/wp.unil.ch\/cinematheque-unil\/files\/2022\/04\/Image_thee_Chloe-1024x569.png 1024w, https:\/\/wp.unil.ch\/cinematheque-unil\/files\/2022\/04\/Image_thee_Chloe-300x167.png 300w, https:\/\/wp.unil.ch\/cinematheque-unil\/files\/2022\/04\/Image_thee_Chloe-768x426.png 768w, https:\/\/wp.unil.ch\/cinematheque-unil\/files\/2022\/04\/Image_thee_Chloe-1536x853.png 1536w, https:\/\/wp.unil.ch\/cinematheque-unil\/files\/2022\/04\/Image_thee_Chloe.png 1920w\" sizes=\"auto, (max-width: 377px) 100vw, 377px\" \/><\/a><\/p>\n<p>Illustration: Tournage de\u00a0<i>Chlo\u00e9 Van Herzeele\u00a0<\/i>de Cl\u00e9mence Bouchereau et Anne-Sophie Girault en mai 2019.<\/p>\n<p style=\"text-align: justify;font-size: medium\"><a href=\"https:\/\/wp.unil.ch\/cinematheque-unil\/files\/2015\/03\/HOFMANN_CHLOE.pdf\">Lire le r\u00e9sum\u00e9 du projet+<\/a><\/p>\n<h3>Elodie Murtas<\/h3>\n<p style=\"text-align: justify;font-size: medium\">\u00ab\u00a0L&rsquo;h\u00f4pital psychiatrique fait son cin\u00e9ma: le cas \u00ab\u00a0Cery\u00a0\u00bb \u00bb, th\u00e8se dirig\u00e9e par le Prof.\u00a0Vincent Barras et la Prof.\u00a0Maria Tortajada <a href=\"https:\/\/wp.unil.ch\/cinematheque-unil\/files\/2022\/04\/Affiche-these-Elodie-Murtas.pdf\" target=\"_blank\" rel=\"noopener\">soutenue le 20 d\u00e9cembre 2021<\/a>.<\/p>\n<p><a href=\"https:\/\/wp.unil.ch\/cinematheque-unil\/files\/2022\/04\/Les-7-nuits-de-Siberie-Groupe-cinematographique-des-patients-de-Cery-1967.png\"><img alt=\"\" loading=\"lazy\" decoding=\"async\" class=\"alignnone size-full wp-image-6576\" src=\"https:\/\/wp.unil.ch\/cinematheque-unil\/files\/2022\/04\/Les-7-nuits-de-Siberie-Groupe-cinematographique-des-patients-de-Cery-1967.png\" alt=\"\" width=\"360\" height=\"270\" srcset=\"https:\/\/wp.unil.ch\/cinematheque-unil\/files\/2022\/04\/Les-7-nuits-de-Siberie-Groupe-cinematographique-des-patients-de-Cery-1967.png 360w, https:\/\/wp.unil.ch\/cinematheque-unil\/files\/2022\/04\/Les-7-nuits-de-Siberie-Groupe-cinematographique-des-patients-de-Cery-1967-300x225.png 300w\" sizes=\"auto, (max-width: 360px) 100vw, 360px\" \/><\/a><\/p>\n<p>Illustration: <i>Les 7 nuits de Sib\u00e9rie<\/i>\u00a0(Groupe cin\u00e9matographique des patients de Cery, 1967).<\/p>\n<p style=\"text-align: justify;font-size: medium\"><a href=\"https:\/\/wp.unil.ch\/cinematheque-unil\/files\/2022\/09\/These_E.Murtas_resume.pdf\" target=\"_blank\" rel=\"noopener\">Lire le r\u00e9sum\u00e9 du projet<\/a><\/p>\n<p style=\"text-align: justify;font-size: medium\">\n","protected":false},"excerpt":{"rendered":"<p>Projets Le cin\u00e9ma de Nag et Gis\u00e8le Ansorge Th\u00e8ses Chlo\u00e9 Hofmann \u00ab\u00a0Grain par grain, photogramme par photogramme: l&rsquo;animation de sable \u00e0 partir du cas de Nag et Gis\u00e8le Ansorge \u00bb, th\u00e8se dirig\u00e9e par la Prof.\u00a0Maria Tortajada soutenue le 27 janvier<\/p>\n","protected":false},"author":1469,"featured_media":0,"parent":740,"menu_order":27,"comment_status":"closed","ping_status":"closed","template":"","meta":{"_seopress_robots_primary_cat":"","_seopress_titles_title":"","_seopress_titles_desc":"","_seopress_robots_index":"","footnotes":""},"class_list":["post-2336","page","type-page","status-publish"],"_links":{"self":[{"href":"https:\/\/wp.unil.ch\/cinematheque-unil\/wp-json\/wp\/v2\/pages\/2336","targetHints":{"allow":["GET"]}}],"collection":[{"href":"https:\/\/wp.unil.ch\/cinematheque-unil\/wp-json\/wp\/v2\/pages"}],"about":[{"href":"https:\/\/wp.unil.ch\/cinematheque-unil\/wp-json\/wp\/v2\/types\/page"}],"author":[{"embeddable":true,"href":"https:\/\/wp.unil.ch\/cinematheque-unil\/wp-json\/wp\/v2\/users\/1469"}],"replies":[{"embeddable":true,"href":"https:\/\/wp.unil.ch\/cinematheque-unil\/wp-json\/wp\/v2\/comments?post=2336"}],"version-history":[{"count":0,"href":"https:\/\/wp.unil.ch\/cinematheque-unil\/wp-json\/wp\/v2\/pages\/2336\/revisions"}],"up":[{"embeddable":true,"href":"https:\/\/wp.unil.ch\/cinematheque-unil\/wp-json\/wp\/v2\/pages\/740"}],"wp:attachment":[{"href":"https:\/\/wp.unil.ch\/cinematheque-unil\/wp-json\/wp\/v2\/media?parent=2336"}],"curies":[{"name":"wp","href":"https:\/\/api.w.org\/{rel}","templated":true}]}}