{"id":2251,"date":"2015-02-27T19:05:13","date_gmt":"2015-02-27T18:05:13","guid":{"rendered":"http:\/\/wp.unil.ch\/cinematheque-unil\/?page_id=2251"},"modified":"2018-03-13T22:41:32","modified_gmt":"2018-03-13T21:41:32","slug":"axes-de-recherche","status":"publish","type":"page","link":"https:\/\/wp.unil.ch\/cinematheque-unil\/projets\/une-histoire-de-la-cinematheque-suisse\/axes-de-recherche\/","title":{"rendered":"Axes de recherche"},"content":{"rendered":"<ol class=\"breadcrumb\">\n<li><a href=\"https:\/\/wp.unil.ch\/cinematheque-unil\/projets\/\">Projets<\/a><\/li>\n<li><a href=\"https:\/\/wp.unil.ch\/cinematheque-unil\/projets\/une-histoire-de-la-cinematheque-suisse\/\">Histoire de la Cin\u00e9math\u00e8que suisse<\/a><\/li>\n<li class=\"current\"><a href=\"https:\/\/wp.unil.ch\/cinematheque-unil\/projets\/une-histoire-de-la-cinematheque-suisse\/axes-de-recherche\/\">Axes de recherche<\/a><\/li>\n<\/ol>\n<h3>Axes<\/h3>\n<p>En adoptant une approche inspir\u00e9e de l\u2019histoire culturelle et de la sociologie des institutions, le projet \u00ab\u00a0Cin\u00e9math\u00e8que suisse\u00a0: une histoire institutionnelle\u00a0\u00bb entend contribuer \u00e0 un renouvellement de l\u2019histoire du cin\u00e9ma et des archives cin\u00e9matographiques en Suisse. L\u2019enqu\u00eate accordera une grande attention au parcours des acteurs, au contexte socio-culturel, ainsi qu\u2019au d\u00e9veloppement d\u2019une politique culturelle et cin\u00e9matographique soutenue par l\u2019\u00c9tat.<\/p>\n<p>La recherche s\u2019articulera en trois volets, selon une logique \u00e0 la fois chronologique et th\u00e9matique.<\/p>\n<p>Le premier concerne les origines m\u00eames de la Cin\u00e9math\u00e8que suisse. Pour en comprendre la gestation, on s\u2019attachera \u00e0 rep\u00e9rer et \u00e0 analyser discours, r\u00e9seaux et acteurs ayant pr\u00e9sid\u00e9 \u00e0 la cr\u00e9ation des premi\u00e8res Archives cin\u00e9matographiques suisses \u00e0 B\u00e2le, en 1943\u00a0: cin\u00e9-clubs et guildes du film, avant-gardes, mais aussi cercles politiques. On s\u2019int\u00e9ressera d\u2019autre part \u00e0 la d\u00e9finition des missions, aux activit\u00e9s mises en place et \u00e0 la constitution des premi\u00e8res collections. Enfin, cette exploration des origines visera \u00e0 cerner le contexte et les dynamiques ayant conduit \u00e0 la fermeture des Archives b\u00e2loises et \u00e0 leur transfert \u00e0 Lausanne en 1948.<\/p>\n<p>Le deuxi\u00e8me axe a trait \u00e0 la reconnaissance institutionnelle. Soutenue d\u2019abord \u00e0 un plan local, la Cin\u00e9math\u00e8que suisse a mis plusieurs ann\u00e9es \u00e0 obtenir une reconnaissance au niveau cantonal puis f\u00e9d\u00e9ral. Il s\u2019agira d\u2019\u00e9tudier les \u00e9tapes et les modalit\u00e9s de cette \u00e9volution impliquant de multiples instances et acteurs, et de d\u00e9crypter les liens entre le d\u00e9veloppement de l\u2019institution, la recherche de financements et les expectatives ou r\u00e9ticences des diff\u00e9rents secteurs impliqu\u00e9s \u2013 milieux politiques, mais aussi professionnels et culturels. L\u2019enjeu des statuts, des missions attribu\u00e9es \u00e0 la Cin\u00e9math\u00e8que et du cadre l\u00e9gislatif dans lequel elle s\u2019ins\u00e8re, sera rapport\u00e9 aux d\u00e9bats politiques et administratifs souvent vifs qu\u2019il a soulev\u00e9s, avec en toile de fond la question du patrimoine national et de sa politique de pr\u00e9servation.<\/p>\n<p>Le dernier volet concerne les principales missions de la Cin\u00e9math\u00e8que : conservation et programmation des films. S\u2019imposant peu \u00e0 peu comme un des centres de comp\u00e9tence les plus importants du pays dans son domaine, la Cin\u00e9math\u00e8que a contribu\u00e9, \u00e0 travers ses programmes, \u00e0 transmettre une certaine vision de l\u2019histoire du cin\u00e9ma. Un des enjeux de cette activit\u00e9 a tr\u00e8s vite \u00e9t\u00e9 le rapport au cin\u00e9ma contemporain\u00a0; il s\u2019est traduit par des choix majeurs sur le plan de la production locale, que la Cin\u00e9math\u00e8que s\u2019est efforc\u00e9e de soutenir, avec plus ou moins d\u2019intensit\u00e9 suivant les diff\u00e9rents moments de son histoire. On examinera ainsi tout particuli\u00e8rement le r\u00f4le de la Cin\u00e9math\u00e8que et de son directeur, Freddy Buache, \u00e0 l\u2019\u00e9gard de l\u2019\u00e9mergence du \u00ab\u00a0nouveau cin\u00e9ma suisse\u00a0\u00bb.<\/p>\n<h3>Objectifs<\/h3>\n<p>En traitant de l\u2019histoire d\u2019une institution culturelle majeure en Suisse dans le domaine du cin\u00e9ma, la pr\u00e9sente recherche vise \u00e0 compl\u00e9ter les connaissances sur l\u2019histoire du cin\u00e9ma en Suisse, la plupart des travaux r\u00e9alis\u00e9s \u00e0 ce jour portant avant tout sur la production locale (fiction et documentaire) et sur l\u2019histoire des politiques culturelles municipales, cantonales et f\u00e9d\u00e9rales. Elle se veut aussi innovante en termes de m\u00e9thodes et de concepts directeurs. En s\u2019appuyant sur des m\u00e9thodes emprunt\u00e9es \u00e0 la socio-histoire et en se concentrant sur la question de l\u2019institutionnalisation, le projet vise \u00e0 renforcer le d\u00e9veloppement et l\u2019usage de concepts \u00e9prouv\u00e9s dans les sciences humaines dont l\u2019apport reste trop souvent absent du domaine des \u00e9tudes cin\u00e9matographiques. C\u2019est donc un enrichissement tant au plan de l\u2019histoire locale que plus largement pour l\u2019ensemble du domaine scientifique qui est escompt\u00e9.<\/p>\n<p>Le d\u00e9pouillement des archives et le fruit des recherches alimenteront des cours dispens\u00e9s au sein de la Section d\u2019histoire et esth\u00e9tique du cin\u00e9ma (UNIL), li\u00e9s \u00e0 l\u2019histoire de la Cin\u00e9math\u00e8que suisse et de ses collections, ainsi que des contributions \u00e0 des colloques et journ\u00e9es d\u2019\u00e9tude.<\/p>\n<p>En fin de projet, un colloque, organis\u00e9 conjointement par l\u2019UNIL et la Cin\u00e9math\u00e8que, portera sur l\u2019histoire des archives cin\u00e9matographiques dans le monde, de mani\u00e8re \u00e0 permettre des comparaisons internationales mais aussi \u00e0 divulguer les tenants et aboutissants de ces travaux.<\/p>\n<p>Mais c\u2019est principalement \u00e0 travers deux publications que les chercheurs impliqu\u00e9s s\u2019emploieront \u00e0 faire conna\u00eetre leurs r\u00e9sultats aupr\u00e8s de la communaut\u00e9 scientifique\u00a0: un ouvrage tir\u00e9 d\u2019une th\u00e8se \u00e9tudiant la synergie entre le d\u00e9veloppement de la Cin\u00e9math\u00e8que et l\u2019\u00e9mergence du \u00ab\u00a0nouveau cin\u00e9ma suisse\u00a0\u00bb et un livre r\u00e9unissant des \u00e9tudes in\u00e9dites sur l\u2019histoire de la Cin\u00e9math\u00e8que suisse.<\/p>\n<p>Enfin, au fur et \u00e0 mesure de l\u2019avanc\u00e9e des travaux, le site Internet de la Collaboration UNIL+Cin\u00e9math\u00e8que suisse, destin\u00e9 tout \u00e0 la fois aux sp\u00e9cialistes et au grand public, sera mis \u00e0 profit pour rendre publiques analyses, documentation et donn\u00e9es rassembl\u00e9es dans le cadre du projet.<\/p>\n<h3>Collaboration avec la Cin\u00e9math\u00e8que suisse<\/h3>\n<p>\u00c9tablie en partenariat avec la Cin\u00e9math\u00e8que suisse, cette recherche participera \u00e9galement, \u00e0 travers l\u2019\u00e9tude approfondie de documents, \u00e0 am\u00e9liorer la connaissance concr\u00e8te des riches fonds de l\u2019institution et \u00e0 produire des outils et donn\u00e9es utiles au chercheur comme \u00e0 l\u2019archiviste.<\/p>\n<p>Par ailleurs, le projet pourra nourrir les manifestations pr\u00e9vues au moment de l\u2019inauguration du nouveau centre de recherche et archivage de la Cin\u00e9math\u00e8que, construit \u00e0 Penthaz sous l\u2019\u00e9gide de la Conf\u00e9d\u00e9ration\u00a0: la valorisation de la recherche sous une forme accessible \u00e0 un large public et l\u2019organisation d\u2019un cycle de films sont envisag\u00e9es.<\/p>\n","protected":false},"excerpt":{"rendered":"<p>Projets Histoire de la Cin\u00e9math\u00e8que suisse Axes de recherche Axes En adoptant une approche inspir\u00e9e de l\u2019histoire culturelle et de la sociologie des institutions, le projet \u00ab\u00a0Cin\u00e9math\u00e8que suisse\u00a0: une histoire institutionnelle\u00a0\u00bb entend contribuer \u00e0 un renouvellement de l\u2019histoire du cin\u00e9ma<\/p>\n","protected":false},"author":1469,"featured_media":0,"parent":83,"menu_order":35,"comment_status":"closed","ping_status":"closed","template":"","meta":{"_seopress_robots_primary_cat":"","_seopress_titles_title":"","_seopress_titles_desc":"","_seopress_robots_index":"","footnotes":""},"class_list":["post-2251","page","type-page","status-publish"],"_links":{"self":[{"href":"https:\/\/wp.unil.ch\/cinematheque-unil\/wp-json\/wp\/v2\/pages\/2251","targetHints":{"allow":["GET"]}}],"collection":[{"href":"https:\/\/wp.unil.ch\/cinematheque-unil\/wp-json\/wp\/v2\/pages"}],"about":[{"href":"https:\/\/wp.unil.ch\/cinematheque-unil\/wp-json\/wp\/v2\/types\/page"}],"author":[{"embeddable":true,"href":"https:\/\/wp.unil.ch\/cinematheque-unil\/wp-json\/wp\/v2\/users\/1469"}],"replies":[{"embeddable":true,"href":"https:\/\/wp.unil.ch\/cinematheque-unil\/wp-json\/wp\/v2\/comments?post=2251"}],"version-history":[{"count":0,"href":"https:\/\/wp.unil.ch\/cinematheque-unil\/wp-json\/wp\/v2\/pages\/2251\/revisions"}],"up":[{"embeddable":true,"href":"https:\/\/wp.unil.ch\/cinematheque-unil\/wp-json\/wp\/v2\/pages\/83"}],"wp:attachment":[{"href":"https:\/\/wp.unil.ch\/cinematheque-unil\/wp-json\/wp\/v2\/media?parent=2251"}],"curies":[{"name":"wp","href":"https:\/\/api.w.org\/{rel}","templated":true}]}}