{"id":2182,"date":"2015-02-24T13:46:46","date_gmt":"2015-02-24T12:46:46","guid":{"rendered":"http:\/\/wp.unil.ch\/cinematheque-unil\/?page_id=2182"},"modified":"2018-06-10T01:29:48","modified_gmt":"2018-06-09T23:29:48","slug":"portrait-dheinrich-kuhn","status":"publish","type":"page","link":"https:\/\/wp.unil.ch\/cinematheque-unil\/projets\/une-histoire-de-la-cinematheque-suisse\/portraits\/portrait-dheinrich-kuhn\/","title":{"rendered":"Portrait d\u2019Heinrich Kuhn"},"content":{"rendered":"<ol class=\"breadcrumb\">\n<li><a href=\"https:\/\/wp.unil.ch\/cinematheque-unil\/projets\/\">Projets<\/a><\/li>\n<li><a href=\"https:\/\/wp.unil.ch\/cinematheque-unil\/projets\/une-histoire-de-la-cinematheque-suisse\/\">Histoire de la Cin\u00e9math\u00e8que suisse<\/a><\/li>\n<li><a href=\"https:\/\/wp.unil.ch\/cinematheque-unil\/projets\/une-histoire-de-la-cinematheque-suisse\/portraits\/\">Portraits<\/a><\/li>\n<li class=\"current\"><a href=\"https:\/\/wp.unil.ch\/cinematheque-unil\/projets\/une-histoire-de-la-cinematheque-suisse\/portraits\/portrait-dheinrich-kuhn\/\">Heinrich Kuhn<\/a><\/li>\n<\/ol>\n<p><img loading=\"lazy\" decoding=\"async\" class=\"alignnone size-medium wp-image-3687\" src=\"https:\/\/wp.unil.ch\/cinematheque-unil\/files\/2015\/02\/heinrich_kuhn-300x300.jpg\" alt=\"heinrich_kuhn\" width=\"300\" height=\"300\" srcset=\"https:\/\/wp.unil.ch\/cinematheque-unil\/files\/2015\/02\/heinrich_kuhn-300x300.jpg 300w, https:\/\/wp.unil.ch\/cinematheque-unil\/files\/2015\/02\/heinrich_kuhn-150x150.jpg 150w, https:\/\/wp.unil.ch\/cinematheque-unil\/files\/2015\/02\/heinrich_kuhn.jpg 493w\" sizes=\"auto, (max-width: 300px) 100vw, 300px\" \/><\/p>\n<h3 style=\"color: #993366\">Heinrich Kuhn, \u00b01903 &#8211; \u20201995<\/h3>\n<p style=\"text-align: justify\">N\u00e9 \u00e0 Bienne, Heinrich Kuhn entreprend des \u00e9tudes en histoire, histoire de l\u2019art et grec ancien \u00e0 B\u00e2le et \u00e0 Vienne. En 1930, son titre de docteur en poche, le jeune homme entre au <em>National-Zeitung<\/em>, un des principaux titres b\u00e2lois, d\u2019ob\u00e9dience radicale<sup><a href=\"#note1\" name=\"retour au texte1\">1<\/a><\/sup>. D\u2019abord collaborateur des pages culturelles, il touche entre autres \u00e0 la critique cin\u00e9matographique, avant de trouver sa vocation dans le domaine politique et international. Nomm\u00e9 responsable des pages \u00e9trang\u00e8res en 1946 puis r\u00e9dacteur en chef du quotidien en 1964, il s\u2019affirme comme un \u00e9ditorialiste de renom et comme une \u00ab\u00a0figure de proue du journalisme suisse\u00a0\u00bb (Stirnimann), notamment \u00e0 travers sa tribune hebdomadaire \u00ab\u00a0Politik am Wochenende\u00a0\u00bb. Il se retire en 1974, apr\u00e8s plus de quarante ans de carri\u00e8re dans le m\u00eame journal.<\/p>\n<h3 style=\"text-align: justify\">Politique<\/h3>\n<p style=\"text-align: justify\">Dans les ann\u00e9es trente, Heinrich Kuhn s\u2019engage en politique sous la banni\u00e8re du parti radical-d\u00e9mocratique, le FDP (Freisinnig-Demokratische Partei) et est \u00e9lu d\u00e9put\u00e9 au Grand Conseil du Canton de B\u00e2le-Ville, o\u00f9 il si\u00e8ge de 1938 \u00e0 1956. Ses positions, d\u2019abord tr\u00e8s polaris\u00e9es dans un contexte marqu\u00e9 par la fin d\u2019une longue domination de gauche (\u00ab\u00a0B\u00e2le la rouge\u00a0\u00bb) et le d\u00e9but de la guerre froide, \u00e9voluent. Ainsi que le rappelle Stirnimann, Kuhn est un des premiers journalistes suisses \u00e0 avoir critiqu\u00e9 \u00ab\u00a0l\u2019hyst\u00e9rie anti-communiste des ann\u00e9es 1950\u00a0\u00bb et la politique am\u00e9ricaine au Vietnam. Selon Peter Ziegler, \u00ab\u00a0loin de devenir plus conservateur avec l\u2019\u00e2ge, ce descendant d\u2019une grande famille de commer\u00e7ants bourgeoise et lib\u00e9rale\u00a0\u00bb tend vers un lib\u00e9ralisme de gauche, avec \u00ab\u00a0une constante\u00a0forte : humanisme et ouverture [\u2026]<sup><a href=\"#note2\" name=\"retour au texte2\">2<\/a><\/sup>\u00a0\u00bb.<\/p>\n<h3 style=\"text-align: justify\">Cin\u00e9ma<\/h3>\n<p style=\"text-align: justify\">Entre 1943 et 1948, Heinrich Kuhn pr\u00e9side les importantes Semaines du film organis\u00e9es \u00e0 B\u00e2le. Le Schweizerisches Filmarchiv est inaugur\u00e9 en octobre 1943 dans le cadre de la 1\u00e8re \u00e9dition, intitul\u00e9e \u00ab 1. Schweizerische Filmwoche. 10 Tage des Films in Basel\u00a0\u00bb. Deux ans plus tard, la Semaine, entretemps devenue \u00ab\u00a0internationale\u00a0\u00bb, est associ\u00e9e au c\u00e9l\u00e8bre Congr\u00e8s organis\u00e9 par Peter B\u00e4chlin et le groupe du Bon Film. Kuhn anime \u00e0 cette occasion une journ\u00e9e sur le th\u00e8me de la critique de film, durant laquelle une commission de r\u00e9flexion est d\u00e9sign\u00e9e pour la cr\u00e9ation d\u2019une association fa\u00eeti\u00e8re suisse\u00a0; Kuhn en fait partie aux c\u00f4t\u00e9s, notamment, de <a title=\"Portrait de Ren\u00e9 Dasen\" href=\"https:\/\/wp.unil.ch\/cinematheque-unil\/projets\/une-histoire-de-la-cinematheque-suisse\/portraits\/portrait-de-rene-dasen\/\">Ren\u00e9 Dasen<\/a>.<\/p>\n<p style=\"text-align: justify\">En juin 1946, le journaliste alors \u00e2g\u00e9 de 45 ans reprend la Pr\u00e9sidence du Schweizerisches Filmarchiv. Nomm\u00e9 par le D\u00e9partement de l\u2019Instruction publique du Canton de B\u00e2le-Ville, il succ\u00e8de \u00e0 Hermann Kienzle, d\u00e9missionnaire en avril pour cause de maladie, qui d\u00e9c\u00e8de durant l\u2019\u00e9t\u00e9. Mais ses rapports avec le fondateur et secr\u00e9taire Peter B\u00e4chlin sont difficiles, et celui-ci quitte son poste \u00e0 la fin de l\u2019ann\u00e9e. Malgr\u00e9 sa double fonction de Pr\u00e9sident des Archives et de la Filmwoche, dont deux nouvelles \u00e9ditions ont lieu en 1947 et 1948, Kuhn semble davantage investi dans sa carri\u00e8re de presse. Sans doute pris par ses fonctions au <em>National-Zeitung<\/em>, il ne para\u00eet gu\u00e8re s\u2019impliquer dans la r\u00e9solution des tensions qui agitent le microcosme b\u00e2lois du cin\u00e9ma et des difficult\u00e9s qui aboutissent au transfert des Archives de B\u00e2le \u00e0 Lausanne, d\u00e9cid\u00e9 fin 1948.<\/p>\n<h3>Une personnalit\u00e9 b\u00e2loise<\/h3>\n<p style=\"text-align: justify\">Ami de nombreux artistes et intellectuels, Kuhn sera aussi d\u00e9l\u00e9gu\u00e9 au sein de la Basler Kunstverein \u2013 association g\u00e9rant la Kunsthalle \u2013, et membre du Comit\u00e9 d\u2019administration du Th\u00e9\u00e2tre municipal de B\u00e2le (Stadttheater). Mais le journaliste, originaire de Berne, sera \u00e9galement une cheville ouvri\u00e8re de l\u2019organisation du carnaval, ce qui ach\u00e8vera d\u2019en faire une v\u00e9ritable personnalit\u00e9 dans sa ville d\u2019adoption.<\/p>\n<p style=\"text-align: justify\">Alessia Bottani<\/p>\n<h3>Notes<\/h3>\n<p style=\"text-align: justify;font-size: small\"><a name=\"note1\"><\/a>1. Date mentionn\u00e9e dans plusieurs articles c\u00e9l\u00e9brant les 60 ans de Heinrich Kuhn. D\u2019autres sources indiquent 1934.<a href=\"#retour au texte1\">?<\/a><\/p>\n<p style=\"text-align: justify;font-size: small\"><a name=\"note2\"><\/a>2. \u00ab\u00a0Der ehemalige FDP-Grossrat, Spross einer durch und durch b\u00fcrgerlichen und freisinnigen Kaufmannsfamilie, wurde n\u00e4hmlich mit zunehmendem Alter keineswegs konservativer, sondern \u2013 radikaler. Durch diesen Wandel vom strammen (Berner) Freisinnigen zum linken Liberalen zieht sich freilich eine markante Konstante\u00a0: Heinrich Kuhns Humanismus und Liberalit\u00e4t [\u2026]\u00a0\u00bb Peter Ziegler, \u00ab\u00a0Heinrich Kuhn zum 80. Geburtstag\u00a0\u00bb, <em>Basler Zeitung<\/em>, n\u00b0 263, 09.11.1983.<a href=\"#retour au texte2\">?<\/a><\/p>\n<h3>Sources<\/h3>\n<p style=\"text-align: justify;font-size: small\">[CS\u00a0: Cin\u00e9math\u00e8que suisse\u00a0; StABS\u00a0: Staatsarchiv Basel Stadt]<\/p>\n<p style=\"text-align: justify;font-size: small\">-Dossier Biogr. Heinrich Kuhn, Schweizerisches Wirtschaftsarchiv, Basel.<\/p>\n<p style=\"text-align: justify;font-size: small\">&#8211;<em>\u00dcber den Tag hinaus\u2026Band 8. Basler Journalisten\u00a0: Heinrich Kuhn<\/em>, pr\u00e9face de Peter Ziegler, Basel\u00a0: GS-Verlag, 1987.<\/p>\n<p style=\"text-align: justify;font-size: small\">-Charles Stirnimann, <em>Der Weg in die Nachkriegszeit 1943-1948. Ein Beitrag zur politichen Sozialgeschichte des \u00ab\u00a0Roten Basel\u00a0\u00bb<\/em>, Basel\/Kassel\u00a0: F. Reinhardt, 1992, note 129 p. 382.<\/p>\n<p style=\"text-align: justify;font-size: small\">-\u00ab\u00a0Schweizer Filmkritiker unter sich\u00a0\u00bb, sign\u00e9 \u00ab sten \u00bb, <em>National-Zeitung<\/em>, 03.09.1945, CS, CH DP 700, Chemise 1940-43.<\/p>\n<p style=\"text-align: justify;font-size: small\">-Lettre de Heinrich Kuhn \u00e0 Peter B\u00e4chlin, 26.06.1946, StABS, ED-REG 1 359-9 1, Chemise 3 Personelles [au sujet de sa nomination \u00e0 la Pr\u00e9sidence des Archives le 11.06.1946].<\/p>\n<p style=\"text-align: justify;font-size: small\">-Note de Carl Miville \u00e0 Philip Etter, 31.01.1948, ibid. [Note recommandant Kuhn pour le si\u00e8ge laiss\u00e9 vacant par Georg Schmidt \u00e0 la Chambre suisse du cin\u00e9ma, indiquant que le premier a longtemps eu en charge la rubrique Film du <em>National-Zeitung<\/em>].<\/p>\n<h3>Illustration<\/h3>\n<p style=\"text-align: justify;font-size: small\">Staatsarchiv Basel-Stadt, BSL 1013 2-983 1 (Foto Hans Bertolf), &lt;<a href=\"https:\/\/query.staatsarchiv.bs.ch\/query\/detail.aspx?ID=537495\" target=\"_blank\">https:\/\/query.staatsarchiv.bs.ch\/query\/detail.aspx?ID=537495<\/a>&gt;.<\/p>\n<h3><a name=\"reference\"><\/a>R\u00e9f\u00e9rence<\/h3>\n<p style=\"text-align: justify;font-size: small\">Alessia Bottani, \u00ab Portrait d&rsquo;Heinrich Kuhn \u00bb, in Fr\u00e9d\u00e9ric Maire et Maria Tortajada (dir.), site Web <em>La Collaboration UNIL + Cin\u00e9math\u00e8que suisse<\/em>, www.unil-cinematheque.ch, f\u00e9vrier 2016.<\/p>\n<h3>Droits d\u2019auteur<\/h3>\n<p style=\"text-align: justify;font-size: small\">\u00a9 Alessia Bottani\/Collaboration UNIL + Cin\u00e9math\u00e8que suisse.<\/p>\n","protected":false},"excerpt":{"rendered":"<p>Projets Histoire de la Cin\u00e9math\u00e8que suisse Portraits Heinrich Kuhn Heinrich Kuhn, \u00b01903 &#8211; \u20201995 N\u00e9 \u00e0 Bienne, Heinrich Kuhn entreprend des \u00e9tudes en histoire, histoire de l\u2019art et grec ancien \u00e0 B\u00e2le et \u00e0 Vienne. En 1930, son titre de<\/p>\n","protected":false},"author":1469,"featured_media":0,"parent":1923,"menu_order":35,"comment_status":"closed","ping_status":"closed","template":"","meta":{"_seopress_robots_primary_cat":"","_seopress_titles_title":"","_seopress_titles_desc":"","_seopress_robots_index":"","footnotes":""},"class_list":["post-2182","page","type-page","status-publish"],"_links":{"self":[{"href":"https:\/\/wp.unil.ch\/cinematheque-unil\/wp-json\/wp\/v2\/pages\/2182","targetHints":{"allow":["GET"]}}],"collection":[{"href":"https:\/\/wp.unil.ch\/cinematheque-unil\/wp-json\/wp\/v2\/pages"}],"about":[{"href":"https:\/\/wp.unil.ch\/cinematheque-unil\/wp-json\/wp\/v2\/types\/page"}],"author":[{"embeddable":true,"href":"https:\/\/wp.unil.ch\/cinematheque-unil\/wp-json\/wp\/v2\/users\/1469"}],"replies":[{"embeddable":true,"href":"https:\/\/wp.unil.ch\/cinematheque-unil\/wp-json\/wp\/v2\/comments?post=2182"}],"version-history":[{"count":0,"href":"https:\/\/wp.unil.ch\/cinematheque-unil\/wp-json\/wp\/v2\/pages\/2182\/revisions"}],"up":[{"embeddable":true,"href":"https:\/\/wp.unil.ch\/cinematheque-unil\/wp-json\/wp\/v2\/pages\/1923"}],"wp:attachment":[{"href":"https:\/\/wp.unil.ch\/cinematheque-unil\/wp-json\/wp\/v2\/media?parent=2182"}],"curies":[{"name":"wp","href":"https:\/\/api.w.org\/{rel}","templated":true}]}}