{"id":2092,"date":"2015-02-22T12:17:55","date_gmt":"2015-02-22T11:17:55","guid":{"rendered":"http:\/\/wp.unil.ch\/cinematheque-unil\/?page_id=2092"},"modified":"2018-06-10T01:42:52","modified_gmt":"2018-06-09T23:42:52","slug":"portrait-de-jean-pierre-vouga","status":"publish","type":"page","link":"https:\/\/wp.unil.ch\/cinematheque-unil\/projets\/une-histoire-de-la-cinematheque-suisse\/portraits\/portrait-de-jean-pierre-vouga\/","title":{"rendered":"Portrait de Jean-Pierre Vouga"},"content":{"rendered":"<ol class=\"breadcrumb\">\n<li><a href=\"https:\/\/wp.unil.ch\/cinematheque-unil\/projets\/\">Projets<\/a><\/li>\n<li><a href=\"https:\/\/wp.unil.ch\/cinematheque-unil\/projets\/une-histoire-de-la-cinematheque-suisse\/\">Histoire de la Cin\u00e9math\u00e8que suisse<\/a><\/li>\n<li><a href=\"https:\/\/wp.unil.ch\/cinematheque-unil\/projets\/une-histoire-de-la-cinematheque-suisse\/portraits\/\">Portraits<\/a><\/li>\n<li class=\"current\"><a href=\"https:\/\/wp.unil.ch\/cinematheque-unil\/projets\/une-histoire-de-la-cinematheque-suisse\/portraits\/portrait-de-jean-pierre-vouga\/\">Jean-Pierre Vouga<\/a><\/li>\n<\/ol>\n<p><img loading=\"lazy\" decoding=\"async\" class=\"alignnone wp-image-2429\" src=\"https:\/\/wp.unil.ch\/cinematheque-unil\/files\/2015\/02\/VOUGA_JEAN_PIERRE-225x300.jpg\" alt=\"VOUGA_JEAN_PIERRE\" width=\"300\" height=\"400\" srcset=\"https:\/\/wp.unil.ch\/cinematheque-unil\/files\/2015\/02\/VOUGA_JEAN_PIERRE-225x300.jpg 225w, https:\/\/wp.unil.ch\/cinematheque-unil\/files\/2015\/02\/VOUGA_JEAN_PIERRE.jpg 600w\" sizes=\"auto, (max-width: 300px) 100vw, 300px\" \/><\/p>\n<h3 style=\"color: #993366\">Jean-Pierre Vouga, \u00b01907 &#8211; \u20202006<\/h3>\n<p style=\"text-align: justify\">Dipl\u00f4m\u00e9 en architecture \u00e0 l\u2019\u00c9cole sup\u00e9rieure des beaux-arts de Paris (1932), il collabore avec Jacques Philippe Favarger \u00e0 Lausanne, avant de s\u2019associer avec William Vetter (de 1943 \u00e0 1960), avec lequel il r\u00e9alise entre autres le projet de l&rsquo;h\u00f4pital cantonal. Membre de multiples commissions f\u00e9d\u00e9rales et vaudoises, il est nomm\u00e9 architecte cantonal en 1960 \u2013 poste qu\u2019il occupe jusqu\u2019en 1972. \u00c0 la fin de sa carri\u00e8re, il enseigne \u00e9galement l\u2019urbanisme et l\u2019am\u00e9nagement \u00e0 l\u2019\u00c9cole d\u2019ing\u00e9nieurs de l\u2019Universit\u00e9 de Lausanne, et \u00e0 l\u2019\u00c9cole polytechnique f\u00e9d\u00e9rale de Lausanne (1964-1972). Selon le <em>Dictionnaire historique de la Suisse<\/em>, Vouga \u00ab\u00a0a jou\u00e9 un r\u00f4le d&rsquo;importance nationale et internationale notamment par son engagement dans des associations fa\u00eeti\u00e8res (cofondateur de l&rsquo;Union internationale des architectes, 1948) et dans leurs commissions techniques [\u2026] ou comme r\u00e9dacteur de la revue <em>Habitation<\/em> (1958-1972) et lobbyiste en faveur de l&rsquo;am\u00e9nagement du territoire\u00a0\u00bb.<\/p>\n<p style=\"text-align: justify\">Ses liens avec la Cin\u00e9math\u00e8que suisse, dont il est un des fondateurs le 3 novembre 1948, se tissent sans doute par plusieurs biais. <a title=\"Portrait de Jean Borel\" href=\"https:\/\/wp.unil.ch\/cinematheque-unil\/projets\/une-histoire-de-la-cinematheque-suisse\/portraits\/portrait-de-jean-borel\/\">Jean Borel<\/a>, Neuch\u00e2telois comme lui, qu\u2019il c\u00f4toie au sein du premier cin\u00e9-club de la ville (Ligue du cin\u00e9ma ind\u00e9pendant, 1930-1931), a pu le recommander aupr\u00e8s des artisans de la nouvelle institution. Mais Vouga entre aussi directement en contact avec certains d\u2019entre eux via le Cin\u00e9-club de Lausanne, auquel il adh\u00e8re en f\u00e9vrier 1947. Enfin, ses responsabilit\u00e9s au sein de L\u2019\u0152uvre, dont il devient vice-pr\u00e9sident la m\u00eame ann\u00e9e, ont pu appara\u00eetre comme un atout pr\u00e9cieux pour les premiers artisans de la Cin\u00e9math\u00e8que \u2013 au d\u00e9but des ann\u00e9es 1950, Freddy Buache est d\u2019ailleurs engag\u00e9 comme secr\u00e9taire de l\u2019\u0152uvre place de la Cath\u00e9drale, dans des locaux qui feront en fait office de bureau, de biblioth\u00e8que et de premier v\u00e9ritable si\u00e8ge de la Cin\u00e9math\u00e8que. D\u00e8s les d\u00e9buts membre de la Commission ex\u00e9cutive (successivement Conseil de direction, puis Comit\u00e9), il est \u00e9lu vice-pr\u00e9sident de l\u2019institution en 1952, charge qu\u2019il partagera ensuite avec <a title=\"Portrait d\u2019Albert Mermoud\" href=\"https:\/\/wp.unil.ch\/cinematheque-unil\/projets\/une-histoire-de-la-cinematheque-suisse\/portraits\/portrait-dalbert-mermoud\/\">Albert Mermoud<\/a>. En 1967, il c\u00e8de son si\u00e8ge au Comit\u00e9 au producteur zurichois Max Dora.<\/p>\n<p style=\"text-align: justify\">Alessia Bottani<\/p>\n<h3>Sources<\/h3>\n<p style=\"text-align: justify;font-size: small\">Ressources en ligne [consult\u00e9es le 24.11.2014]\u00a0:<br \/>\n-Notice du <a title=\"Dictionnaire historique de la Suisse\" href=\"https:\/\/www.hls-dhs-dss.ch\/textes\/f\/F27436.php\" target=\"_blank\">Dictionnaire historique de la Suisse<\/a><br \/>\n-Notice biographique des Archives cantonales vaudoises, pr\u00e9sentation du <a title=\"Archives cantonales vaudoises\" href=\"https:\/\/archisources.epfl.ch\/index.php?guide=24&amp;resource=146&amp;SessionID=363a852fd326382de0\" target=\"_blank\">Fonds d\u2019archives Jean-Pierre Vouga\u00a0(P Vouga)<\/a><br \/>\n-Notice des Archives cantonales vaudoises, pr\u00e9sentation du <a title=\"Archives cantonales vaudoises\" href=\"https:\/\/www.davel.vd.ch\/partnerdetail.aspx?ID=625\" target=\"_blank\">Fonds d\u2019archives de L\u2019\u0153uvre (PP 192)<\/a><br \/>\n-Notice de la <a title=\"Biblioth\u00e8que de La Chaux-de-Fonds\" href=\"https:\/\/webappli.ne.ch\/Filmographie_neuchateloise\" target=\"_blank\">Filmographie neuch\u00e2teloise<\/a>, entr\u00e9e \u00ab\u00a0Jean-Pierre Vouga\u00a0\u00bb<\/p>\n<p style=\"text-align: justify;font-size: small\">-Freddy Buache,\u00a0<em>Derri\u00e8re l\u2019\u00e9cran. Entretiens avec Christophe Gallaz et Jean-Fran\u00e7ois Amiguet<\/em>,\u00a0Lausanne, L\u2019\u00c2ge d\u2019homme, 1995, pp. 93-94.<\/p>\n<p style=\"text-align: justify;font-size: small\">-Bruno Marchand (dir.), <em>Jean-Pierre Vouga, architecte de l&rsquo;\u00c9tat<\/em>, Lausanne, Institut de th\u00e9orie et d&rsquo;histoire de l&rsquo;architecture du D\u00e9partement d&rsquo;architecture de l&rsquo;\u00c9cole polytechnique f\u00e9d\u00e9rale de Lausanne\/\u00c9d. Payot, 2000.<\/p>\n<p style=\"text-align: justify;font-size: small\">-[Cin\u00e9-club de Lausanne], Registre d\u2019entr\u00e9e des membres, 15.11.1947, CS, Fonds Ren\u00e9 Favre CSL 19, Bo\u00eete 11:12 Cin\u00e9-club Lausanne, Chemise \u00ab\u00a0Lausanne Cin\u00e9-club de Lausanne &#8211; Registre des membres et cotisations\u00a0\u00bb.<\/p>\n<p style=\"text-align: justify;font-size: small\">-Cin\u00e9math\u00e8que suisse, Proc\u00e8s-verbal de l\u2019Assembl\u00e9e g\u00e9n\u00e9rale du 21.06.1952, CS, CSL 1.2 &#8211; Chemise CSL 1 2\/5 B1.3. [Election comme vice-pr\u00e9sident].<\/p>\n<p style=\"text-align: justify;font-size: small\">-Cin\u00e9math\u00e8que suisse, Proc\u00e8s-verbal de l\u2019Assembl\u00e9e g\u00e9n\u00e9rale du 08.12.1967, CS, CSL 1.2 &#8211; Chemise CSL 1 2\/2 B1.2 Assembl\u00e9e 1966-1971 [Se retire du Comit\u00e9].<\/p>\n<h3>Illustration<\/h3>\n<p style=\"text-align: justify;font-size: small\">Jean-Pierre Vouga \u00e0 son 90\u00e8me anniversaire, juin 1997. Photo : Gilbert Hermann. Source : Archives cantonales vaudoises, fonds Edipresse Publications S.A., PP886 B 10396 Vouga Jean-Pierre.<br \/>\n\u00a9 Archives cantonales vaudoises.<\/p>\n<h3><a name=\"reference\"><\/a>R\u00e9f\u00e9rence<\/h3>\n<p style=\"text-align: justify;font-size: small\">Alessia Bottani, \u00ab Portrait de Jean-Pierre Vouga \u00bb, in Fr\u00e9d\u00e9ric Maire et Maria Tortajada (dir.), site Web <em>La Collaboration UNIL + Cin\u00e9math\u00e8que suisse<\/em>, www.unil-cinematheque.ch, f\u00e9vrier 2015.<\/p>\n<h3>Droits d\u2019auteur<\/h3>\n<p style=\"text-align: justify;font-size: small\">\u00a9 Alessia Bottani\/Collaboration UNIL + Cin\u00e9math\u00e8que suisse.<\/p>\n","protected":false},"excerpt":{"rendered":"<p>Projets Histoire de la Cin\u00e9math\u00e8que suisse Portraits Jean-Pierre Vouga Jean-Pierre Vouga, \u00b01907 &#8211; \u20202006 Dipl\u00f4m\u00e9 en architecture \u00e0 l\u2019\u00c9cole sup\u00e9rieure des beaux-arts de Paris (1932), il collabore avec Jacques Philippe Favarger \u00e0 Lausanne, avant de s\u2019associer avec William Vetter (de<\/p>\n","protected":false},"author":1469,"featured_media":0,"parent":1923,"menu_order":39,"comment_status":"closed","ping_status":"closed","template":"","meta":{"_seopress_robots_primary_cat":"","_seopress_titles_title":"","_seopress_titles_desc":"","_seopress_robots_index":"","footnotes":""},"class_list":["post-2092","page","type-page","status-publish"],"_links":{"self":[{"href":"https:\/\/wp.unil.ch\/cinematheque-unil\/wp-json\/wp\/v2\/pages\/2092","targetHints":{"allow":["GET"]}}],"collection":[{"href":"https:\/\/wp.unil.ch\/cinematheque-unil\/wp-json\/wp\/v2\/pages"}],"about":[{"href":"https:\/\/wp.unil.ch\/cinematheque-unil\/wp-json\/wp\/v2\/types\/page"}],"author":[{"embeddable":true,"href":"https:\/\/wp.unil.ch\/cinematheque-unil\/wp-json\/wp\/v2\/users\/1469"}],"replies":[{"embeddable":true,"href":"https:\/\/wp.unil.ch\/cinematheque-unil\/wp-json\/wp\/v2\/comments?post=2092"}],"version-history":[{"count":0,"href":"https:\/\/wp.unil.ch\/cinematheque-unil\/wp-json\/wp\/v2\/pages\/2092\/revisions"}],"up":[{"embeddable":true,"href":"https:\/\/wp.unil.ch\/cinematheque-unil\/wp-json\/wp\/v2\/pages\/1923"}],"wp:attachment":[{"href":"https:\/\/wp.unil.ch\/cinematheque-unil\/wp-json\/wp\/v2\/media?parent=2092"}],"curies":[{"name":"wp","href":"https:\/\/api.w.org\/{rel}","templated":true}]}}