{"id":2076,"date":"2015-02-22T11:30:39","date_gmt":"2015-02-22T10:30:39","guid":{"rendered":"http:\/\/wp.unil.ch\/cinematheque-unil\/?page_id=2076"},"modified":"2018-06-10T01:40:40","modified_gmt":"2018-06-09T23:40:40","slug":"portrait-dalbert-mermoud","status":"publish","type":"page","link":"https:\/\/wp.unil.ch\/cinematheque-unil\/projets\/une-histoire-de-la-cinematheque-suisse\/portraits\/portrait-dalbert-mermoud\/","title":{"rendered":"Portrait d\u2019Albert Mermoud"},"content":{"rendered":"<ol class=\"breadcrumb\">\n<li><a href=\"https:\/\/wp.unil.ch\/cinematheque-unil\/projets\/\">Projets<\/a><\/li>\n<li><a href=\"https:\/\/wp.unil.ch\/cinematheque-unil\/projets\/une-histoire-de-la-cinematheque-suisse\/\">Histoire de la Cin\u00e9math\u00e8que suisse<\/a><\/li>\n<li><a href=\"https:\/\/wp.unil.ch\/cinematheque-unil\/projets\/une-histoire-de-la-cinematheque-suisse\/portraits\/\">Portraits<\/a><\/li>\n<li class=\"current\"><a href=\"https:\/\/wp.unil.ch\/cinematheque-unil\/projets\/une-histoire-de-la-cinematheque-suisse\/portraits\/portrait-dalbert-mermoud\/\">Albert Mermoud<\/a><\/li>\n<\/ol>\n<p><img loading=\"lazy\" decoding=\"async\" class=\"alignnone wp-image-2356\" src=\"https:\/\/wp.unil.ch\/cinematheque-unil\/files\/2015\/02\/ALBERT_MERMOUD_03.jpg\" alt=\"ALBERT_MERMOUD_03\" width=\"300\" height=\"409\" srcset=\"https:\/\/wp.unil.ch\/cinematheque-unil\/files\/2015\/02\/ALBERT_MERMOUD_03.jpg 587w, https:\/\/wp.unil.ch\/cinematheque-unil\/files\/2015\/02\/ALBERT_MERMOUD_03-220x300.jpg 220w\" sizes=\"auto, (max-width: 300px) 100vw, 300px\" \/><\/p>\n<h3 style=\"color: #993366\">Albert Mermoud, \u00b01905 &#8211; \u20201997<\/h3>\n<p style=\"text-align: justify\">Licenci\u00e9 en droit et en sciences \u00e9conomiques, Albert Mermoud travaille, dans les ann\u00e9es 1930, comme directeur commercial en France. En 1936, il fonde \u00e0 Lausanne le club de livres sur abonnement la Guilde du livre, selon le <em>Dictionnaire historique de la Suisse<\/em>, \u00ab\u00a0premi\u00e8re de son genre en langue fran\u00e7aise, qui fut tr\u00e8s importante pour la diffusion du livre de qualit\u00e9 dans toutes les couches sociales. Mermoud joua un r\u00f4le consid\u00e9rable d&rsquo;animateur et de promoteur de la culture dans les domaines des lettres, de l&rsquo;histoire et des beaux-arts\u00a0\u00bb, en particulier en Suisse romande.<\/p>\n<p style=\"text-align: justify\">Albert Mermoud et sa premi\u00e8re \u00e9pouse \u2013 Blanche Graber, s\u0153ur de Pierre, Syndic de Lausanne \u2013 deviennent membres du Cin\u00e9-club de Lausanne au printemps 1948. Quelques mois plus tard, Mermoud prend part \u00e0 la fondation de la Cin\u00e9math\u00e8que suisse.<\/p>\n<p style=\"text-align: justify\">Membre du Comit\u00e9 de Direction, il suit de pr\u00e8s le sort de l\u2019institution, dont il est nomm\u00e9 vice-pr\u00e9sident en janvier 1954, partageant cette fonction avec <a title=\"Portrait de Jean-Pierre Vouga\" href=\"https:\/\/wp.unil.ch\/cinematheque-unil\/projets\/une-histoire-de-la-cinematheque-suisse\/portraits\/portrait-de-jean-pierre-vouga\/\">Jean-Pierre Vouga<\/a>. Soutien ind\u00e9fectible de la Cin\u00e9math\u00e8que tout au long de sa vie, il met \u00e0 profit ses r\u00e9seaux pour lui apporter des aides concr\u00e8tes, notamment lorsqu\u2019il si\u00e8ge au Conseil de Fondation de Pro Helvetia (1953-1962).<\/p>\n<p style=\"text-align: justify\">Parall\u00e8lement, mais sans que cela ne soit jamais une th\u00e9matique centrale, la Guilde du Livre publie plusieurs ouvrages accompagnant un film (<em>Bim, le petit \u00e2ne<\/em>, d\u2019Albert Lamorisse et Jacques Pr\u00e9vert en 1951\u00a0; <em>Nomades du soleil<\/em> d\u2019Henry Brandt en 1956 \u00a0; <em>Russie portes ouvertes<\/em> de Dominique Lapierre et Pierre Pedrazzini en 1957). Un seul titre traite du cin\u00e9ma \u00e0 part enti\u00e8re, conjuguant esth\u00e9tique et histoire\u00a0: <em>Cin\u00e9ma un \u0153il ouvert sur le monde<\/em> (1952) dirig\u00e9 par Georges-Michel Bovay, autre membre du Cin\u00e9-club de Lausanne, avec des textes de Jean Cocteau, L\u00e9on Moussinac, Georges Sadoul et Andr\u00e9 Bazin, entre autres.<\/p>\n<p style=\"text-align: justify\">\u00c9lu pr\u00e9sident de la Cin\u00e9math\u00e8que suisse \u00e0 la mort de <a title=\"Portrait de Marcel Lavanchy\" href=\"https:\/\/wp.unil.ch\/cinematheque-unil\/projets\/une-histoire-de-la-cinematheque-suisse\/portraits\/portrait-de-marcel-lavanchy\/\">Marcel Lavanchy<\/a> (1968), Albert Mermoud occupera cette fonction pendant plus de vingt ans, jusqu\u2019en 1989, accompagnant entre autres l\u2019institution dans l\u2019importante transition que fut l\u2019installation au Casino de Montbenon et sa transformation en fondation de droit priv\u00e9 (1981).<\/p>\n<p style=\"text-align: justify\">Alessia Bottani<\/p>\n<h3>Sources<\/h3>\n<p style=\"text-align: justify;font-size: small\">Ressources en ligne [consult\u00e9es le 02.12.2014]\u00a0:<\/p>\n<p style=\"text-align: justify;font-size: small\">-Notices du <em>Dictionnaire historique de la Suisse<\/em>\u00a0:<br \/>\nsur <a title=\"Dictionnaire historique de la Suisse\" href=\"https:\/\/www.hls-dhs-dss.ch\/textes\/f\/F7922.php\" target=\"_blank\">Albert Mermoud<\/a> ;<br \/>\nsur <a title=\"Dictionnaire historique de la Suisse\" href=\"https:\/\/www.hls-dhs-dss.ch\/textes\/f\/F46903.php\" target=\"_blank\">la Guilde du Livre<\/a>.<\/p>\n<p style=\"text-align: justify;font-size: small\">-Site \u00ab Photo d\u2019encre. Le livre de photographie \u00e0 Lausanne 1945-1975\u00a0\u00bb :<br \/>\nChristelle Marcel, <a title=\"Photo d\u2019encre\" href=\"https:\/\/wp.unil.ch\/livre-photo\/guilde-du-livre\/les-albums-de-la-guilde\/\" target=\"_blank\">\u00ab\u00a0Livre pour tous et photographie\u00a0\u00bb<\/a> ;<br \/>\nFaye Corth\u00e9sy, <a title=\"Photo d\u2019encre\" href=\"https:\/\/wp.unil.ch\/livre-photo\/livre-photographique-et-cinema\/les-livres-sur-le-cinema\/\" target=\"_blank\">\u00ab\u00a0Les livres sur le cin\u00e9ma\u00a0\u00bb<\/a>.<\/p>\n<p style=\"text-align: justify;font-size: small\">-Extrait des d\u00e9lib\u00e9rations du Conseil f\u00e9d\u00e9ral, Feuille f\u00e9d\u00e9rale\u00a0:<br \/>\n(Du <a title=\"Archives f\u00e9d\u00e9rales suisses\" href=\"https:\/\/www.amtsdruckschriften.bar.admin.ch\/viewOrigDoc.do?id=10093134\" target=\"_blank\">1er mai 1953<\/a>), 07.05.1953 (nomination d\u2019Albert Mermoud au Conseil de Fondation de Pro Helvetia)<br \/>\n(Du <a title=\"Archives f\u00e9d\u00e9rales suisses\" href=\"https:\/\/www.amtsdruckschriften.bar.admin.ch\/viewOrigDoc.do?id=10096814\" target=\"_blank\">17 d\u00e9cembre 1962<\/a>), 17.01.1963 (d\u00e9mission d\u2019Albert Mermoud du Conseil de Fondation de Pro Helvetia).<\/p>\n<p style=\"text-align: justify;font-size: small\">-Fonds de la Guilde du Livre, Biblioth\u00e8que cantonale universitaire de Lausanne, D\u00e9partement des manuscrits.<\/p>\n<p style=\"text-align: justify;font-size: small\">&#8211;<em>Plans-fixes<\/em> [vid\u00e9o], 1986, entretien avec Bertil Galland.<\/p>\n<p style=\"text-align: justify;font-size: small\">&#8211;<em>Albert Mermoud \u2013 la Guilde du livre : une histoire d\u2019amour<\/em>, entretiens avec Jacques-Michel Pittier et Ren\u00e9 Zahnd, Slatkine, 1987.<\/p>\n<p style=\"text-align: justify;font-size: small\">-Registre des membres du CCL, cahier manuscrit, CS, Fonds Ren\u00e9 Favre, Bo\u00eete 11\/12 Cin\u00e9-club Lausanne, Chemise \u00ab\u00a0Lausanne Cin\u00e9-club de Lausanne Registre des membres et cotisations\u00a0\u00bb.<\/p>\n<p style=\"text-align: justify;font-size: small\">-Cin\u00e9math\u00e8que suisse, Liste des membres, 19.12.1953, CSL 1.1, Chemise 1\/7 B1.2 (accr\u00e9dite d\u00e9j\u00e0 Mermoud comme vice-pr\u00e9sident).<\/p>\n<p style=\"text-align: justify;font-size: small\">-\u00ab\u00a0Proc\u00e8s-verbal de la s\u00e9ance de comit\u00e9 du 21 janvier 1954\u00a0de la Cin\u00e9math\u00e8que suisse \u00bb, CSL 1.2, Chemise CSL 1 2\/6 B1.3 (ent\u00e9rine la nomination de Mermoud comme vice-pr\u00e9sident).<\/p>\n<h3>Illustration<\/h3>\n<p style=\"text-align: justify;font-size: small\">Albert Mermoud, s.d.<br \/>\n\u00a9 Tous droits r\u00e9serv\u00e9s\/collection Cin\u00e9math\u00e8que suisse.<\/p>\n<p style=\"text-align: justify;font-size: small\"><em>Voir aussi sur ce site le texte d&rsquo;Alessia Bottani : <a href=\"https:\/\/wp.unil.ch\/cinematheque-unil\/vitrine\/zooms-sur-les-projets\/hans-erni-et-linauguration-de-la-cinematheque-suisse\/\">Hans Erni et l&rsquo;inauguration de la Cin\u00e9math\u00e8que suisse<\/a>.<\/em><\/p>\n<h3><a name=\"reference\"><\/a>R\u00e9f\u00e9rence<\/h3>\n<p style=\"text-align: justify;font-size: small\">Alessia Bottani, \u00ab Portrait d&rsquo;Albert Mermoud \u00bb, in Fr\u00e9d\u00e9ric Maire et Maria Tortajada (dir.), site Web <em>La Collaboration UNIL + Cin\u00e9math\u00e8que suisse<\/em>, www.unil-cinematheque.ch, f\u00e9vrier 2015.<\/p>\n<h3>Droits d\u2019auteur<\/h3>\n<p style=\"text-align: justify;font-size: small\">\u00a9 Alessia Bottani\/Collaboration UNIL + Cin\u00e9math\u00e8que suisse.<\/p>\n","protected":false},"excerpt":{"rendered":"<p>Projets Histoire de la Cin\u00e9math\u00e8que suisse Portraits Albert Mermoud Albert Mermoud, \u00b01905 &#8211; \u20201997 Licenci\u00e9 en droit et en sciences \u00e9conomiques, Albert Mermoud travaille, dans les ann\u00e9es 1930, comme directeur commercial en France. En 1936, il fonde \u00e0 Lausanne le<\/p>\n","protected":false},"author":1469,"featured_media":0,"parent":1923,"menu_order":38,"comment_status":"closed","ping_status":"closed","template":"","meta":{"_seopress_robots_primary_cat":"","_seopress_titles_title":"","_seopress_titles_desc":"","_seopress_robots_index":"","footnotes":""},"class_list":["post-2076","page","type-page","status-publish"],"_links":{"self":[{"href":"https:\/\/wp.unil.ch\/cinematheque-unil\/wp-json\/wp\/v2\/pages\/2076","targetHints":{"allow":["GET"]}}],"collection":[{"href":"https:\/\/wp.unil.ch\/cinematheque-unil\/wp-json\/wp\/v2\/pages"}],"about":[{"href":"https:\/\/wp.unil.ch\/cinematheque-unil\/wp-json\/wp\/v2\/types\/page"}],"author":[{"embeddable":true,"href":"https:\/\/wp.unil.ch\/cinematheque-unil\/wp-json\/wp\/v2\/users\/1469"}],"replies":[{"embeddable":true,"href":"https:\/\/wp.unil.ch\/cinematheque-unil\/wp-json\/wp\/v2\/comments?post=2076"}],"version-history":[{"count":0,"href":"https:\/\/wp.unil.ch\/cinematheque-unil\/wp-json\/wp\/v2\/pages\/2076\/revisions"}],"up":[{"embeddable":true,"href":"https:\/\/wp.unil.ch\/cinematheque-unil\/wp-json\/wp\/v2\/pages\/1923"}],"wp:attachment":[{"href":"https:\/\/wp.unil.ch\/cinematheque-unil\/wp-json\/wp\/v2\/media?parent=2076"}],"curies":[{"name":"wp","href":"https:\/\/api.w.org\/{rel}","templated":true}]}}