{"id":2069,"date":"2015-02-22T11:06:02","date_gmt":"2015-02-22T10:06:02","guid":{"rendered":"http:\/\/wp.unil.ch\/cinematheque-unil\/?page_id=2069"},"modified":"2018-06-10T01:37:42","modified_gmt":"2018-06-09T23:37:42","slug":"portrait-de-marcel-lavanchy","status":"publish","type":"page","link":"https:\/\/wp.unil.ch\/cinematheque-unil\/projets\/une-histoire-de-la-cinematheque-suisse\/portraits\/portrait-de-marcel-lavanchy\/","title":{"rendered":"Portrait de Marcel Lavanchy"},"content":{"rendered":"<ol class=\"breadcrumb\">\n<li><a href=\"https:\/\/wp.unil.ch\/cinematheque-unil\/projets\/\">Projets<\/a><\/li>\n<li><a href=\"https:\/\/wp.unil.ch\/cinematheque-unil\/projets\/une-histoire-de-la-cinematheque-suisse\/\">Histoire de la Cin\u00e9math\u00e8que suisse<\/a><\/li>\n<li><a href=\"https:\/\/wp.unil.ch\/cinematheque-unil\/projets\/une-histoire-de-la-cinematheque-suisse\/portraits\/\">Portraits<\/a><\/li>\n<li class=\"current\"><a href=\"https:\/\/wp.unil.ch\/cinematheque-unil\/projets\/une-histoire-de-la-cinematheque-suisse\/portraits\/portrait-de-marcel-lavanchy\/\">Marcel Lavanchy<\/a><\/li>\n<\/ol>\n<p><img loading=\"lazy\" decoding=\"async\" class=\"alignnone wp-image-2424\" src=\"https:\/\/wp.unil.ch\/cinematheque-unil\/files\/2015\/02\/MARCEL_LAVANCHY_02-264x300.jpg\" alt=\"MARCEL_LAVANCHY_02\" width=\"300\" height=\"341\" srcset=\"https:\/\/wp.unil.ch\/cinematheque-unil\/files\/2015\/02\/MARCEL_LAVANCHY_02-264x300.jpg 264w, https:\/\/wp.unil.ch\/cinematheque-unil\/files\/2015\/02\/MARCEL_LAVANCHY_02.jpg 704w\" sizes=\"auto, (max-width: 300px) 100vw, 300px\" \/><\/p>\n<h3 style=\"color: #993366\">Marcel Lavanchy, \u00b01903 &#8211; \u20201968<\/h3>\n<p style=\"text-align: justify\">Apr\u00e8s des \u00e9tudes au Coll\u00e8ge d\u2019Yverdon, sa ville natale, Marcel Lavanchy fait un apprentissage de typographe et travaille dans l\u2019imprimerie.<\/p>\n<h3>Une carri\u00e8re \u00e0 la Municipalit\u00e9 de Lausanne<\/h3>\n<p style=\"text-align: justify\">Issu d\u2019une famille fortement engag\u00e9e en politique \u2013 son p\u00e8re, Maurice, est d\u00e9put\u00e9 socialiste au Grand Conseil vaudois, ses fr\u00e8res Edouard et Albert, seront conseillers communaux respectivement \u00e0 Lausanne et \u00e0 Yverdon \u2013, Marcel rejoint l&rsquo;administration communale de Lausanne en 1935 en tant que secr\u00e9taire \u00e0 l&rsquo;\u00c9conomat. Secr\u00e9taire municipal \u00e0 partir du 1er avril 1946, il effectue le reste de sa carri\u00e8re \u00e0 ce poste, au service de trois syndics diff\u00e9rents\u00a0: Pierre Graber, Jean Peitrequin et Georges-Andr\u00e9 Chevallaz. Il d\u00e9c\u00e8de en octobre 1968, \u00e0 l\u2019\u00e2ge de 65 ans, \u00e0 deux mois de son d\u00e9part en retraite, alors que Pierre Emery, secr\u00e9taire municipal adjoint, avait d\u00e9j\u00e0 \u00e9t\u00e9 d\u00e9sign\u00e9 pour prendre sa suite.<\/p>\n<h3>Cin\u00e9math\u00e8que suisse<\/h3>\n<p style=\"text-align: justify\">En d\u00e9cembre 1948, un mois apr\u00e8s la fondation de la Cin\u00e9math\u00e8que suisse \u00e0 Lausanne, la Municipalit\u00e9 d\u00e9l\u00e8gue Marcel Lavanchy pour la repr\u00e9senter au Conseil de Direction (plus tard Comit\u00e9) de l\u2019association. Le secr\u00e9taire municipal seconde alors <a title=\"Portrait de Claude Emery\" href=\"https:\/\/wp.unil.ch\/cinematheque-unil\/projets\/une-histoire-de-la-cinematheque-suisse\/portraits\/portrait-de-claude-emery\/\">Claude Emery<\/a> dans le complexe dossier du transfert des Archives b\u00e2loises. Le 18 mai 1949, les deux hommes, sans doute accompagn\u00e9s de <a title=\"Portrait de Ren\u00e9 Favre\" href=\"https:\/\/wp.unil.ch\/cinematheque-unil\/projets\/une-histoire-de-la-cinematheque-suisse\/portraits\/portrait-de-rene-favre\/\">Ren\u00e9 Favre<\/a>, se rendent \u00e0 B\u00e2le pour le d\u00e9m\u00e9nagement des collections. Dans les mois et les ann\u00e9es qui suivent, Marcel Lavanchy continue de pr\u00eater un soutien actif aux artisans de la jeune Cin\u00e9math\u00e8que. En juin 1952, il succ\u00e8de \u00e0 <a title=\"Portrait d\u2019Henri Gonthier\" href=\"https:\/\/wp.unil.ch\/cinematheque-unil\/projets\/une-histoire-de-la-cinematheque-suisse\/portraits\/portrait-dhenri-gonthier\/\">Henri Gonthier<\/a> \u00e0 la Pr\u00e9sidence de la Cin\u00e9math\u00e8que. En vertu de son r\u00f4le dans la mise en place de l\u2019institution, il se voit, avec Freddy Buache, attribuer le titre de \u00ab\u00a0membre fondateur\u00a0\u00bb, au cours de l\u2019Assembl\u00e9e g\u00e9n\u00e9rale extraordinaire de f\u00e9vrier 1953.<\/p>\n<p style=\"text-align: justify\">Quinze ans durant, Marcel Lavanchy s\u2019investit alors en premi\u00e8re ligne dans le d\u00e9veloppement de l\u2019association, jusqu\u2019\u00e0 sa mort, en 1968. Avant d\u2019\u00eatre choisi pour reprendre ses fonctions, <a title=\"Portrait d\u2019Albert Mermoud\" href=\"https:\/\/wp.unil.ch\/cinematheque-unil\/projets\/une-histoire-de-la-cinematheque-suisse\/portraits\/portrait-dalbert-mermoud\/\">Albert Mermoud<\/a>, Vice-Pr\u00e9sident, lui rend un hommage appuy\u00e9\u00a0lors de l\u2019Assembl\u00e9e de fin d\u2019ann\u00e9e : \u00ab\u00a0Il avait su nouer des relations serr\u00e9es entre la Commune de Lausanne et notre Institution qui, gr\u00e2ce \u00e0 lui, b\u00e9n\u00e9ficia et continuera de b\u00e9n\u00e9ficier d\u2019une aide consid\u00e9rable de la part de nos autorit\u00e9s locales. Sa collaboration empreinte de confiance et de d\u00e9licatesse demeure l\u2019exemple vivant du d\u00e9vouement \u00e0 une cause dont profite le pays tout entier \u00bb.<\/p>\n<p style=\"text-align: justify\">Cette m\u00eame Assembl\u00e9e est marqu\u00e9e par la premi\u00e8re participation de Jean-Pierre Larpin, secr\u00e9taire municipal adjoint, d\u00e9sign\u00e9 par la Municipalit\u00e9 pour succ\u00e9der \u00e0 Marcel Lavanchy au Comit\u00e9 de la Cin\u00e9math\u00e8que.<\/p>\n<h3>Th\u00e9\u00e2tre municipal<\/h3>\n<p style=\"text-align: justify\">L\u2019action de Marcel Lavanchy dans le domaine culturel ne se limite pas \u00e0 la Cin\u00e9math\u00e8que. Pr\u00e9sident du c\u0153ur mixte \u00ab\u00a0la Chanson de Lausanne\u00a0\u00bb, membre de l&rsquo;Association cantonale du costume vaudois, il si\u00e8ge \u00e9galement au Conseil d\u2019administration du Th\u00e9\u00e2tre municipal, dont il devient l\u2019administrateur g\u00e9n\u00e9ral en 1965. \u00ab\u00a0Avec le chant, le cin\u00e9ma et le th\u00e9\u00e2tre, vous \u00eates l\u2019Homme des Arts de Lausanne\u00a0\u00bb, le f\u00e9licite alors Ren\u00e9 Favre.<\/p>\n<p style=\"text-align: justify\">Alessia Bottani<\/p>\n<h3>Sources<\/h3>\n<p style=\"text-align: justify;font-size: small\">-Lettre de la Municipalit\u00e9 au Chef du D\u00e9partement de l\u2019Instruction Publique du Canton de B\u00e2le-Ville, 01.12.1948, AVL, Fonds B3, 251.11.1.1, Chemise Cr\u00e9ation &#8211; Transfert de B\u00e2le \u00e0 Lausanne.<\/p>\n<p style=\"text-align: justify;font-size: small\">-Lettre de Pierre Graber \u00e0 Carl Miville, 19.05.1949, StABS, ED-REG 1 359-9 2, Chemise 13 Liquidation und \u00dcbergabe an Lausanne.<\/p>\n<p style=\"text-align: justify;font-size: small\">-Cin\u00e9math\u00e8que suisse, \u00ab Proc\u00e8s verbal de l&rsquo;Assembl\u00e9e g\u00e9n\u00e9rale des membres actifs de la Cin\u00e9math\u00e8que suisse \u00bb, 21.06.1952, CS, CSL 1.1, chemise CSL 1-1\/7 B1.2<\/p>\n<p style=\"text-align: justify;font-size: small\">-Lettre de Ren\u00e9 Favre \u00e0 Marcel Lavanchy, 07.07.1965, AVL, Fonds C15, Bo\u00eete C11, chemise C11\/-, n.4.<\/p>\n<p style=\"text-align: justify;font-size: small\">-Cin\u00e9math\u00e8que suisse, Rapport de gestion du 20\u00e8me exercice, 13.12.1968, CS, CSL 1.2, Chemise CSL 1 2\/2 B1.2.<\/p>\n<p style=\"text-align: justify;font-size: small\">-Cin\u00e9math\u00e8que suisse, \u00ab\u00a0Proc\u00e8s-verbal de l\u2019Assembl\u00e9e g\u00e9n\u00e9rale annuelle du 13 d\u00e9cembre 1968\u00a0\u00bb, CS, CSL 1.2, Chemise CSL 1 2\/2 B1.2.<\/p>\n<h3>Articles<\/h3>\n<p style=\"text-align: justify;font-size: small\">-\u00ab\u00a0Le nouveau secr\u00e9taire municipal\u00a0\u00bb, <em>La Revue<\/em>, 20.02.1946, p. 6.<\/p>\n<p style=\"text-align: justify;font-size: small\">-\u00ab\u00a0Le nouveau secr\u00e9taire municipal\u00a0\u00bb, <em>Gazette de Lausanne<\/em>, 20.02.1946, p. 6 (br\u00e8ve).<\/p>\n<p style=\"text-align: justify;font-size: small\">-\u00ab\u00a0Le nouveau secr\u00e9taire municipal\u00a0\u00bb, <em>La Petite Revue \u2013 Gazette du Village<\/em>, 22.02.1946, p. 6.<\/p>\n<p style=\"text-align: justify;font-size: small\">-\u00ab\u00a0M. Pierre Emery devient secr\u00e9taire municipal lausannois\u00a0\u00bb, <em>Nouvelle Revue de Lausanne<\/em>, 31.08.1968, p. 6.<\/p>\n<p style=\"text-align: justify;font-size: small\">-N\u00e9crologie, <em>Nouvelle Revue de Lausanne<\/em>, 14.10.1968, p. 4.<\/p>\n<p style=\"text-align: justify;font-size: small\">-Avis de d\u00e9c\u00e8s publi\u00e9 par la Cin\u00e9math\u00e8que suisse, <em>Tribune de Lausanne<\/em>, 15.10.1968, p. 8.<\/p>\n<h3>Illustration<\/h3>\n<p style=\"text-align: justify;font-size: small\">Marcel Lavanchy, Lausanne, vers 1965.<br \/>\n\u00a9 Tous droits r\u00e9serv\u00e9s\/collection Cin\u00e9math\u00e8que suisse.<\/p>\n<h3><a name=\"reference\"><\/a>R\u00e9f\u00e9rence<\/h3>\n<p style=\"text-align: justify;font-size: small\">Alessia Bottani, \u00ab Portrait de Marcel Lavanchy \u00bb, in Fr\u00e9d\u00e9ric Maire et Maria Tortajada (dir.), site Web <em>La Collaboration UNIL + Cin\u00e9math\u00e8que suisse<\/em>, www.unil-cinematheque.ch, f\u00e9vrier 2015.<\/p>\n<h3>Droits d\u2019auteur<\/h3>\n<p style=\"text-align: justify;font-size: small\">\u00a9 Alessia Bottani\/Collaboration UNIL + Cin\u00e9math\u00e8que suisse.<\/p>\n","protected":false},"excerpt":{"rendered":"<p>Projets Histoire de la Cin\u00e9math\u00e8que suisse Portraits Marcel Lavanchy Marcel Lavanchy, \u00b01903 &#8211; \u20201968 Apr\u00e8s des \u00e9tudes au Coll\u00e8ge d\u2019Yverdon, sa ville natale, Marcel Lavanchy fait un apprentissage de typographe et travaille dans l\u2019imprimerie. Une carri\u00e8re \u00e0 la Municipalit\u00e9 de<\/p>\n","protected":false},"author":1469,"featured_media":0,"parent":1923,"menu_order":37,"comment_status":"closed","ping_status":"closed","template":"","meta":{"_seopress_robots_primary_cat":"","_seopress_titles_title":"","_seopress_titles_desc":"","_seopress_robots_index":"","footnotes":""},"class_list":["post-2069","page","type-page","status-publish"],"_links":{"self":[{"href":"https:\/\/wp.unil.ch\/cinematheque-unil\/wp-json\/wp\/v2\/pages\/2069","targetHints":{"allow":["GET"]}}],"collection":[{"href":"https:\/\/wp.unil.ch\/cinematheque-unil\/wp-json\/wp\/v2\/pages"}],"about":[{"href":"https:\/\/wp.unil.ch\/cinematheque-unil\/wp-json\/wp\/v2\/types\/page"}],"author":[{"embeddable":true,"href":"https:\/\/wp.unil.ch\/cinematheque-unil\/wp-json\/wp\/v2\/users\/1469"}],"replies":[{"embeddable":true,"href":"https:\/\/wp.unil.ch\/cinematheque-unil\/wp-json\/wp\/v2\/comments?post=2069"}],"version-history":[{"count":0,"href":"https:\/\/wp.unil.ch\/cinematheque-unil\/wp-json\/wp\/v2\/pages\/2069\/revisions"}],"up":[{"embeddable":true,"href":"https:\/\/wp.unil.ch\/cinematheque-unil\/wp-json\/wp\/v2\/pages\/1923"}],"wp:attachment":[{"href":"https:\/\/wp.unil.ch\/cinematheque-unil\/wp-json\/wp\/v2\/media?parent=2069"}],"curies":[{"name":"wp","href":"https:\/\/api.w.org\/{rel}","templated":true}]}}