{"id":2059,"date":"2015-02-21T20:10:57","date_gmt":"2015-02-21T19:10:57","guid":{"rendered":"http:\/\/wp.unil.ch\/cinematheque-unil\/?page_id=2059"},"modified":"2018-06-10T01:36:37","modified_gmt":"2018-06-09T23:36:37","slug":"portrait-dhenri-gonthier","status":"publish","type":"page","link":"https:\/\/wp.unil.ch\/cinematheque-unil\/projets\/une-histoire-de-la-cinematheque-suisse\/portraits\/portrait-dhenri-gonthier\/","title":{"rendered":"Portrait d\u2019Henri Gonthier"},"content":{"rendered":"<ol class=\"breadcrumb\">\n<li><a href=\"https:\/\/wp.unil.ch\/cinematheque-unil\/projets\/\">Projets<\/a><\/li>\n<li><a href=\"https:\/\/wp.unil.ch\/cinematheque-unil\/projets\/une-histoire-de-la-cinematheque-suisse\/\">Histoire de la Cin\u00e9math\u00e8que suisse<\/a><\/li>\n<li><a href=\"https:\/\/wp.unil.ch\/cinematheque-unil\/projets\/une-histoire-de-la-cinematheque-suisse\/portraits\/\">Portraits<\/a><\/li>\n<li class=\"current\"><a href=\"https:\/\/wp.unil.ch\/cinematheque-unil\/projets\/une-histoire-de-la-cinematheque-suisse\/portraits\/portrait-dhenri-gonthier\/\">Henri Gonthier<\/a><\/li>\n<\/ol>\n<h3 style=\"color: #993366\">Henri Gonthier, \u00b01893 &#8211; \u20201964<\/h3>\n<p style=\"text-align: justify\">Agent d\u2019affaires \u00e0 Lausanne, il a pour associ\u00e9s Georges Augsburger et Alfred Simonet\u00a0; au moment de son d\u00e9c\u00e8s, il g\u00e8re encore son \u00e9tude avec ce dernier. Homme de r\u00e9seaux, c\u2019est selon toute vraisemblance par le biais de Marc Lamuni\u00e8re, \u00e9poux de sa fille Marie et, \u00e0 compter de 1950, directeur de la <em>Feuille d\u2019Avis de Lausanne<\/em> et des Imprimeries R\u00e9unies, qu\u2019Henri Gonthier en est nomm\u00e9 administrateur. Il devient aussi vice-pr\u00e9sident et administrateur de la Soci\u00e9t\u00e9 de la <em>Tribune de Lausanne<\/em>, qui appartient au m\u00eame groupe et dont Freddy Buache fut le principal critique cin\u00e9matographique d\u00e8s 1959.<\/p>\n<p style=\"text-align: justify\">Au lendemain de sa mort, tandis que la <em>Gazette de Lausanne<\/em> le qualifie d\u2019\u00ab\u00a0ami des lettres et des arts\u00a0\u00bb, Jean-Villard Gilles lui rend un hommage appuy\u00e9 en Une de la <em>Tribune de Lausanne<\/em>, o\u00f9 il souligne sa proximit\u00e9 avec \u00e9crivains et artistes locaux.<\/p>\n<p style=\"text-align: justify\">Henri Gonthier est le premier Pr\u00e9sident de la Cin\u00e9math\u00e8que suisse (nomm\u00e9 lors de sa fondation officielle le 3 novembre 1948), poste auquel lui succ\u00e8de <a title=\"Portrait de Marcel Lavanchy\" href=\"https:\/\/wp.unil.ch\/cinematheque-unil\/projets\/une-histoire-de-la-cinematheque-suisse\/portraits\/portrait-de-marcel-lavanchy\/\">Marcel Lavanchy<\/a>, secr\u00e9taire municipal, lors de l\u2019Assembl\u00e9e g\u00e9n\u00e9rale du 21 juin 1952.<\/p>\n<p style=\"text-align: justify\">Alessia Bottani<\/p>\n<h3>Sources<\/h3>\n<p style=\"text-align: justify;font-size: small\">Ressources en ligne\u00a0[consult\u00e9es le 25.11.2014] :<br \/>\n-Notice des <a title=\"Archives de la Ville de Lausanne\" href=\"https:\/\/www.davel.vd.ch\/deskriptordetail.aspx?ID=270893\" target=\"_blank\">Archives de la Ville de Lausanne<\/a>.<br \/>\n-Notice du <a title=\"Dictionnaire historique de la Suisse\" href=\"https:\/\/www.hls-dhs-dss.ch\/textes\/f\/F41590.php?topdf=1\" target=\"_blank\">Dictionnaire historique de la Suisse<\/a> sur Marc Lamuni\u00e8re.<\/p>\n<p style=\"text-align: justify;font-size: small\">-Correspondance Henri Gonthier \u2013 Cin\u00e9math\u00e8que suisse, 1949-1950, CS, Fonds CSL 1, CSL 1.2, Chemise CSL 1 2\/5 B1.3.<\/p>\n<p style=\"text-align: justify;font-size: small\">-Assembl\u00e9e g\u00e9n\u00e9rale de la Cin\u00e9math\u00e8que suisse, proc\u00e8s-verbal, 21.06.1952, CS, Fonds CSL 1, CSL 1.1, Chemise 1\/7 B1.2.<\/p>\n<h3>Articles<\/h3>\n<p style=\"text-align: justify;font-size: small\">-Jean Villard-Gilles, \u00ab\u00a0Adieu \u00e0 un ami\u00a0\u00bb, <em>Tribune de Lausanne<\/em>, 08.12.1964, p. 1.<\/p>\n<p style=\"text-align: justify;font-size: small\">-Avis de d\u00e9c\u00e8s, <em>Gazette de Lausanne<\/em>, 08.12.1964 et 09.12.1964.<\/p>\n<h3><a name=\"reference\"><\/a>R\u00e9f\u00e9rence<\/h3>\n<p style=\"text-align: justify;font-size: small\">Alessia Bottani, \u00ab Portrait d&rsquo;Henri Gonthier \u00bb, in Fr\u00e9d\u00e9ric Maire et Maria Tortajada (dir.), site Web <em>La Collaboration UNIL + Cin\u00e9math\u00e8que suisse<\/em>, www.unil-cinematheque.ch, f\u00e9vrier 2015.<\/p>\n<h3>Droits d\u2019auteur<\/h3>\n<p style=\"text-align: justify;font-size: small\">\u00a9 Alessia Bottani\/Collaboration UNIL + Cin\u00e9math\u00e8que suisse.<\/p>\n","protected":false},"excerpt":{"rendered":"<p>Projets Histoire de la Cin\u00e9math\u00e8que suisse Portraits Henri Gonthier Henri Gonthier, \u00b01893 &#8211; \u20201964 Agent d\u2019affaires \u00e0 Lausanne, il a pour associ\u00e9s Georges Augsburger et Alfred Simonet\u00a0; au moment de son d\u00e9c\u00e8s, il g\u00e8re encore son \u00e9tude avec ce dernier.<\/p>\n","protected":false},"author":1469,"featured_media":0,"parent":1923,"menu_order":34,"comment_status":"closed","ping_status":"closed","template":"","meta":{"_seopress_robots_primary_cat":"","_seopress_titles_title":"","_seopress_titles_desc":"","_seopress_robots_index":"","footnotes":""},"class_list":["post-2059","page","type-page","status-publish"],"_links":{"self":[{"href":"https:\/\/wp.unil.ch\/cinematheque-unil\/wp-json\/wp\/v2\/pages\/2059","targetHints":{"allow":["GET"]}}],"collection":[{"href":"https:\/\/wp.unil.ch\/cinematheque-unil\/wp-json\/wp\/v2\/pages"}],"about":[{"href":"https:\/\/wp.unil.ch\/cinematheque-unil\/wp-json\/wp\/v2\/types\/page"}],"author":[{"embeddable":true,"href":"https:\/\/wp.unil.ch\/cinematheque-unil\/wp-json\/wp\/v2\/users\/1469"}],"replies":[{"embeddable":true,"href":"https:\/\/wp.unil.ch\/cinematheque-unil\/wp-json\/wp\/v2\/comments?post=2059"}],"version-history":[{"count":0,"href":"https:\/\/wp.unil.ch\/cinematheque-unil\/wp-json\/wp\/v2\/pages\/2059\/revisions"}],"up":[{"embeddable":true,"href":"https:\/\/wp.unil.ch\/cinematheque-unil\/wp-json\/wp\/v2\/pages\/1923"}],"wp:attachment":[{"href":"https:\/\/wp.unil.ch\/cinematheque-unil\/wp-json\/wp\/v2\/media?parent=2059"}],"curies":[{"name":"wp","href":"https:\/\/api.w.org\/{rel}","templated":true}]}}