{"id":2008,"date":"2015-02-19T16:28:36","date_gmt":"2015-02-19T15:28:36","guid":{"rendered":"http:\/\/wp.unil.ch\/cinematheque-unil\/?page_id=2008"},"modified":"2018-06-10T01:35:32","modified_gmt":"2018-06-09T23:35:32","slug":"portrait-de-rene-favre","status":"publish","type":"page","link":"https:\/\/wp.unil.ch\/cinematheque-unil\/projets\/une-histoire-de-la-cinematheque-suisse\/portraits\/portrait-de-rene-favre\/","title":{"rendered":"Portrait de Ren\u00e9 Favre"},"content":{"rendered":"<ol class=\"breadcrumb\">\n<li><a href=\"https:\/\/wp.unil.ch\/cinematheque-unil\/projets\/\">Projets<\/a><\/li>\n<li><a href=\"https:\/\/wp.unil.ch\/cinematheque-unil\/projets\/une-histoire-de-la-cinematheque-suisse\/\">Histoire de la Cin\u00e9math\u00e8que suisse<\/a><\/li>\n<li><a href=\"https:\/\/wp.unil.ch\/cinematheque-unil\/projets\/une-histoire-de-la-cinematheque-suisse\/portraits\/\">Portraits<\/a><\/li>\n<li class=\"current\"><a href=\"https:\/\/wp.unil.ch\/cinematheque-unil\/projets\/une-histoire-de-la-cinematheque-suisse\/portraits\/portrait-de-rene-favre\/\">Ren\u00e9 Favre<\/a><\/li>\n<\/ol>\n<p><img loading=\"lazy\" decoding=\"async\" class=\"alignnone wp-image-2379\" src=\"https:\/\/wp.unil.ch\/cinematheque-unil\/files\/2015\/02\/RENE_FAVRE_02.jpg\" alt=\"RENE_FAVRE_02\" width=\"300\" height=\"344\" srcset=\"https:\/\/wp.unil.ch\/cinematheque-unil\/files\/2015\/02\/RENE_FAVRE_02.jpg 698w, https:\/\/wp.unil.ch\/cinematheque-unil\/files\/2015\/02\/RENE_FAVRE_02-262x300.jpg 262w\" sizes=\"auto, (max-width: 300px) 100vw, 300px\" \/><\/p>\n<h3 style=\"color: #993366\"><strong>Ren\u00e9 Favre, \u00b01921 &#8211; \u20202003<\/strong><\/h3>\n<p style=\"text-align: justify\">Fils d\u2019un employ\u00e9 de la compagnie suisse des chemins de fers (CFF), Ren\u00e9 Favre fait ses \u00e9tudes \u00e0 la Verkehrsschule de Saint-Gall et est engag\u00e9 par l\u2019administration des Postes le 1er mai 1940. Il poursuit alors sa formation \u00e0 Aigle, puis \u00e0 la Poste des Mousquines \u00e0 Lausanne (1940-1942), suivie par un s\u00e9jour d\u2019un an \u00e0 Bad Ragaz. Assoiff\u00e9 de culture, il est, \u00e0 sa demande, mut\u00e9 \u00e0 Zurich en d\u00e9cembre 1943, o\u00f9 il fait la connaissance de <a title=\"Portrait de Claude Emery\" href=\"https:\/\/wp.unil.ch\/cinematheque-unil\/projets\/une-histoire-de-la-cinematheque-suisse\/portraits\/portrait-de-claude-emery\/\">Claude Emery<\/a>. C\u2019est le d\u00e9but d\u2019une grande amiti\u00e9, nourrie par la passion du cin\u00e9ma et par un engagement politique commun. De retour \u00e0 Lausanne en f\u00e9vrier 1945, Favre, qui a adh\u00e9r\u00e9 au Parti ouvrier et populaire, reprend du service en tant que commis postal au bureau de Lausanne-Gare. Frustr\u00e9 par le caract\u00e8re routinier de son travail, il se porte candidat au poste de secr\u00e9taire-r\u00e9dacteur \u00e0 la Direction des \u00c9coles \u2013 alors sous la houlette du municipal popiste Fernand Crot \u2013 o\u00f9 il est engag\u00e9 en avril 1948, en charge notamment des bourses d\u2019\u00e9tude, d\u00e9veloppant ainsi une ligne sociale qui conna\u00eet un rapide essor dans les ann\u00e9es suivantes.<\/p>\n<h3>Cin\u00e9-club de Lausanne<\/h3>\n<p style=\"text-align: justify\">S\u2019ils ne figurent pas parmi les fondateurs du club (juin 1946), Favre et Emery en deviennent membres en octobre de la m\u00eame ann\u00e9e et rejoignent rapidement son Comit\u00e9. D\u00e9but 1948, les deux amis ont pris en main le destin du CCL, dont ils assument respectivement la pr\u00e9sidence (Emery) et la vice-pr\u00e9sidence (Favre). Lorsque Emery est d\u00e9mis de son poste en d\u00e9cembre 1950, suite aux p\u00e9rip\u00e9ties entourant son cumul de mandats et sa gestion, Favre est promu pr\u00e9sident, d\u2019abord ad interim, puis \u00e0 tous les effets (mai 1951) \u2013 une fonction qu\u2019il occupera jusqu\u2019\u00e0 la dissolution du club en 1966. \u00ab\u00a0\u00c2me\u00a0\u00bb du CCL \u00ab\u00a0du d\u00e9but \u00e0 la fin\u00a0\u00bb (Jeanneret), Favre en sera la cheville ouvri\u00e8re pendant pr\u00e8s de vingt ans.<\/p>\n<h3>F\u00e9d\u00e9ration suisse des Guildes du film et des cin\u00e9-clubs (FSGFCC)<\/h3>\n<p style=\"text-align: justify\">Alors que Claude Emery prend la t\u00eate de la FSGFCC (f\u00e9vrier 1948), Favre en devient bient\u00f4t le tr\u00e9sorier (saison 1949-1950), avant de remettre sa d\u00e9mission suite \u00e0 l\u2019\u00e9viction d\u2019Emery, fin 1950. Apr\u00e8s une p\u00e9riode de relations chaotiques entre la Cin\u00e9math\u00e8que suisse et la FSGFCC (future FSCC), qui n\u2019est pas sans r\u00e9percussions sur le Cin\u00e9-club de Lausanne, Ren\u00e9 Favre entre au Comit\u00e9 de la F\u00e9d\u00e9ration \u2013 il est cr\u00e9dit\u00e9 comme vice-pr\u00e9sident en 1954 \u2013, dont il assure la tr\u00e9sorerie jusque fin 1972. Il est par ailleurs membre du comit\u00e9 et vice-pr\u00e9sident de l\u2019Union romande des cin\u00e9-clubs, organisme dont l\u2019histoire reste encore mal connue.<\/p>\n<h3>Cin\u00e9math\u00e8que suisse<\/h3>\n<p style=\"text-align: justify\">Au cours de l\u2019ann\u00e9e 1948, Favre suit de tr\u00e8s pr\u00e8s les n\u00e9gociations entreprises par Claude Emery afin de transf\u00e9rer le Schweizerisches Filmarchiv de B\u00e2le \u00e0 Lausanne. S\u2019il le revendique, son r\u00f4le dans l\u2019op\u00e9ration est difficile \u00e0 \u00e9tablir\u00a0; son engagement \u00e0 la Direction des Ecoles au printemps a manifestement facilit\u00e9 les contacts ult\u00e9rieurs avec la Municipalit\u00e9. D\u00e8s sa fondation en novembre 1948, Favre participe activement \u00e0 la mise en place de l\u2019institution\u00a0: quand Claude Emery abandonne la direction courant 1951, il g\u00e8re la d\u00e9licate p\u00e9riode de transition et introduit le jeune Freddy Buache aux affaires courantes. Membre de la premi\u00e8re heure de la Commission ex\u00e9cutive, o\u00f9 il si\u00e8gera pendant 35 ans, il assume, en accord avec la Municipalit\u00e9, la t\u00e2che de tr\u00e9sorier de la Cin\u00e9math\u00e8que. \u00c0 partir de 1976, d\u00e9tach\u00e9 par la Ville, il se consacre \u00e0 plein temps \u00e0 l\u2019institution. En 1983, il se voit contraint de quitter la Cin\u00e9math\u00e8que apr\u00e8s avoir \u00e9t\u00e9 mis en cause dans la presse pour des irr\u00e9gularit\u00e9s comptables. Il s\u2019installe alors \u00e0 Sergey, o\u00f9 il ouvre un restaurant bio avec son \u00e9pouse Liliane.<\/p>\n<h3>Engagement politique<\/h3>\n<p style=\"text-align: justify\">Militant du POP, Ren\u00e9 Favre aurait, selon Pierre Jeanneret, quitt\u00e9 les PTT \u00ab avant de risquer l\u2019exclusion, au moment des mesures f\u00e9d\u00e9rales contre les fonctionnaires \u201cindignes de confiance\u201d\u00a0\u00bb. En 1952, le groupe lib\u00e9ral interpelle le Conseil communal sur l\u2019affiliation politique des responsables de la Cin\u00e9math\u00e8que, Freddy Buache et Ren\u00e9 Favre. Une note interne de la Municipalit\u00e9 indique\u00a0: \u00ab\u00a0Ce dernier, alors qu\u2019il \u00e9tait jeune fonctionnaire postal \u00e0 Zurich, fut attir\u00e9 par la propagande moscovite ensuite, principalement, des conditions de travail d\u00e9plorables qui furent celles, pendant un certain nombre d\u2019ann\u00e9es, du personnel de l\u2019administration des PTT, notamment les jeunes. Transf\u00e9r\u00e9 \u00e0 Lausanne, M. Favre fut naturellement report\u00e9 sur les listes du parti ouvrier et populaire de cette ville, mais n\u2019eut qu\u2019une activit\u00e9 extr\u00eamement restreinte et qui allait en diminuant. Il \u00e9tait consid\u00e9r\u00e9 finalement comme un membre extr\u00eamement ti\u00e8de\u00a0\u00bb. Selon la m\u00eame note, Favre aurait quitt\u00e9 le Parti en janvier 1952, sans que l\u2019on sache si cela fut par mesure de pr\u00e9caution ou en raison d\u2019un \u00e9loignement progressif, tel que le lui avait d\u00e9j\u00e0 reproch\u00e9, un an plus t\u00f4t, son camarade Michel Denor\u00e9az, membre, comme lui, du POP, du CCL et de la revue <em>Carreau<\/em>.<\/p>\n<p style=\"text-align: justify\">Alessia Bottani<\/p>\n<h3>Sources<\/h3>\n<p style=\"text-align: justify;font-size: small\">-Entretien avec Mme Liliane Favre, r\u00e9alis\u00e9 par Alessia Bottani et Pierre-Emmanuel Jaques, Sergey, 18.02.2014.<\/p>\n<p style=\"text-align: justify;font-size: small\">-CS, Fonds Ren\u00e9 Favre \u2013 CSL 19, en particulier\u00a0:<br \/>\nbo\u00eete 10\/12, chemises \u00ab\u00a0Cin\u00e9-clubs FSCC 1948-1966\u00a0\u00bb et \u00ab\u00a0Cin\u00e9-clubs F\u00e9d\u00e9ration romande des cin\u00e9-clubs\u00a0\u00bb\u00a0; bo\u00eete 11\/12, chemise \u00ab\u00a0Lausanne &#8211; Cin\u00e9-club de Lausanne &#8211; Registre des membres et cotisations\u00a0\u00bb\u00a0; bo\u00eete 12\/12, chemise 1947-1949.<\/p>\n<p style=\"text-align: justify;font-size: small\">-Pierre-V. Deluz, notes manuscrites, s.d. [d\u00e9but 1947], CS, Fonds Ren\u00e9 Favre \u2013 CSL 19, Bo\u00eete 12\/12, Chemise 1947-1949.<\/p>\n<p style=\"text-align: justify;font-size: small\">-Ren\u00e9 Favre, Curriculum Vitae, 2 p. manuscrites, s.d. [fin 1947], CS, Fonds Ren\u00e9 Favre \u2013 CSL 19, Bo\u00eete 10\/12 Cin\u00e9-clubs, Chemise Cin\u00e9-clubs FSCC 1948-1966.<\/p>\n<p style=\"text-align: justify;font-size: small\">-Lettre de Michel Denor\u00e9az \u00e0 Ren\u00e9 Favre, 14.01.1951, CS, Fonds Ren\u00e9 Favre, bo\u00eete 10\/12, chemise \u00ab\u00a0Cin\u00e9-clubs FSCC 1948-1966\u00a0\u00bb.<\/p>\n<p style=\"text-align: justify;font-size: small\">-Cin\u00e9-club de Lausanne, \u00ab Proc\u00e8s-verbal de l\u2019assembl\u00e9e g\u00e9n\u00e9rale ordinaire du mardi 22 mai 1951, \u00e0 20h30 au Club Alpin \u00bb, 2 p. dactyl., CS, Fonds Ren\u00e9 Favre, bo\u00eete 11\/12, chemise \u00ab Cin\u00e9-clubs Lausanne Cin\u00e9-club de Lausanne \u00bb [\u00e9lection de Favre \u00e0 la Pr\u00e9sidence du CCL].<\/p>\n<p style=\"text-align: justify;font-size: small\">-\u00ab\u00a0Copie d\u2019un article paru dans le num\u00e9ro de janvier 1952 du \u201cBulletin du Centre national d\u2019information\u201d &#8211; L\u2019\u00e9ternel sc\u00e9nario\u00a0: Miracle \u00e0 Lausanne\u00a0\u00bb, article de Chantre, retranscription annot\u00e9e par Jean Peitrequin, AVL, Fonds B3, 251.11.2.3 administration.<\/p>\n<p style=\"text-align: justify;font-size: small\">-\u00ab\u00a0Griefs contre MM. Favre et Buache\u00a0\u00bb, Note interne de la Municipalit\u00e9, sans date [1952] ni signature, AVL Fonds B3, 251.11.2.3 administration.<\/p>\n<p style=\"text-align: justify;font-size: small\">-Ren\u00e9 Favre, \u00ab\u00a0F\u00e9d\u00e9ration suisse des cin\u00e9-clubs\u00a0\u00bb, Bulletin de la Cin\u00e9math\u00e8que suisse, n\u00b0 1, septembre 1954, p. 6. [Favre signe en tant que \u00ab\u00a0vice-pr\u00e9sident de la FSCC\u00a0\u00bb.<\/p>\n<p style=\"text-align: justify;font-size: small\">-\u00ab\u00a0Rapport de M. Henry Hentsch, chef de service, sur la situation de Monsieur Ren\u00e9 Favre\u00a0\u00bb, 16.07.1965, AVL, Fonds C15, Bo\u00eete C11, fourre C11\/-, n.4.<\/p>\n<p style=\"text-align: justify;font-size: small\">-\u00ab\u00a0Situation de Monsieur Ren\u00e9 Favre \u00e0 la Direction des \u00c9coles et \u00e0 la Cin\u00e9math\u00e8que suisse\u00a0\u00bb, 16.07.1965, rapport de Ren\u00e9 Favre, AVL, Fonds C15, Bo\u00eete C11, fourre C11\/-, n.4.<\/p>\n<p style=\"text-align: justify;font-size: small\">-Lettre de Ren\u00e9 Favre \u00e0 Jean-Claude Borel, Pr\u00e9sident de la FSCC, 20.10.1972, CS, CSL 1 bo\u00eete Q 4.1 FSCC, chemise 1970-1973.<\/p>\n<p style=\"text-align: justify;font-size: small\">-CS, Dossier documentaire CH DP 100.1 \/ FSCC.<\/p>\n<p style=\"text-align: justify;font-size: small\">-Pierre Jeanneret, <em>Popistes\u00a0: histoire du parti ouvrier et populaire vaudois, 1943-2001<\/em>, Lausanne, \u00c9ditions d\u2019en bas, 2002, p. 578.<\/p>\n<h3>Illustration<\/h3>\n<p style=\"text-align: justify;font-size: small\">Ren\u00e9 Favre \u00e0 un d\u00eener du Symposium sur \u00ab Le cin\u00e9ma ind\u00e9pendant et d\u2019avant-garde \u00e0 la fin du muet \u00bb, Lausanne, mai 1979.<br \/>\n\u00a9 Tous droits r\u00e9serv\u00e9s\/collection Cin\u00e9math\u00e8que suisse.<\/p>\n<h3><a name=\"reference\"><\/a>R\u00e9f\u00e9rence<\/h3>\n<p style=\"text-align: justify;font-size: small\">Alessia Bottani, \u00ab Portrait de Ren\u00e9 Favre \u00bb, in Fr\u00e9d\u00e9ric Maire et Maria Tortajada (dir.), site Web <em>La Collaboration UNIL + Cin\u00e9math\u00e8que suisse<\/em>, www.unil-cinematheque.ch, mars 2015.<\/p>\n<h3>Droits d\u2019auteur<\/h3>\n<p style=\"text-align: justify;font-size: small\">\u00a9 Alessia Bottani\/Collaboration UNIL + Cin\u00e9math\u00e8que suisse.<\/p>\n","protected":false},"excerpt":{"rendered":"<p>Projets Histoire de la Cin\u00e9math\u00e8que suisse Portraits Ren\u00e9 Favre Ren\u00e9 Favre, \u00b01921 &#8211; \u20202003 Fils d\u2019un employ\u00e9 de la compagnie suisse des chemins de fers (CFF), Ren\u00e9 Favre fait ses \u00e9tudes \u00e0 la Verkehrsschule de Saint-Gall et est engag\u00e9 par<\/p>\n","protected":false},"author":1469,"featured_media":0,"parent":1923,"menu_order":33,"comment_status":"closed","ping_status":"closed","template":"","meta":{"_seopress_robots_primary_cat":"","_seopress_titles_title":"","_seopress_titles_desc":"","_seopress_robots_index":"","_seopress_analysis_target_kw":"","footnotes":""},"class_list":["post-2008","page","type-page","status-publish"],"_links":{"self":[{"href":"https:\/\/wp.unil.ch\/cinematheque-unil\/wp-json\/wp\/v2\/pages\/2008","targetHints":{"allow":["GET"]}}],"collection":[{"href":"https:\/\/wp.unil.ch\/cinematheque-unil\/wp-json\/wp\/v2\/pages"}],"about":[{"href":"https:\/\/wp.unil.ch\/cinematheque-unil\/wp-json\/wp\/v2\/types\/page"}],"author":[{"embeddable":true,"href":"https:\/\/wp.unil.ch\/cinematheque-unil\/wp-json\/wp\/v2\/users\/1469"}],"replies":[{"embeddable":true,"href":"https:\/\/wp.unil.ch\/cinematheque-unil\/wp-json\/wp\/v2\/comments?post=2008"}],"version-history":[{"count":0,"href":"https:\/\/wp.unil.ch\/cinematheque-unil\/wp-json\/wp\/v2\/pages\/2008\/revisions"}],"up":[{"embeddable":true,"href":"https:\/\/wp.unil.ch\/cinematheque-unil\/wp-json\/wp\/v2\/pages\/1923"}],"wp:attachment":[{"href":"https:\/\/wp.unil.ch\/cinematheque-unil\/wp-json\/wp\/v2\/media?parent=2008"}],"curies":[{"name":"wp","href":"https:\/\/api.w.org\/{rel}","templated":true}]}}