{"id":1994,"date":"2015-02-19T15:58:48","date_gmt":"2015-02-19T14:58:48","guid":{"rendered":"http:\/\/wp.unil.ch\/cinematheque-unil\/?page_id=1994"},"modified":"2018-06-10T01:34:32","modified_gmt":"2018-06-09T23:34:32","slug":"portrait-de-claude-emery","status":"publish","type":"page","link":"https:\/\/wp.unil.ch\/cinematheque-unil\/projets\/une-histoire-de-la-cinematheque-suisse\/portraits\/portrait-de-claude-emery\/","title":{"rendered":"Portrait de Claude Emery"},"content":{"rendered":"<ol class=\"breadcrumb\">\n<li><a href=\"https:\/\/wp.unil.ch\/cinematheque-unil\/projets\/\">Projets<\/a><\/li>\n<li><a href=\"https:\/\/wp.unil.ch\/cinematheque-unil\/projets\/une-histoire-de-la-cinematheque-suisse\/\">Histoire de la Cin\u00e9math\u00e8que suisse<\/a><\/li>\n<li><a href=\"https:\/\/wp.unil.ch\/cinematheque-unil\/projets\/une-histoire-de-la-cinematheque-suisse\/portraits\/\">Portraits<\/a><\/li>\n<li class=\"current\"><a href=\"https:\/\/wp.unil.ch\/cinematheque-unil\/projets\/une-histoire-de-la-cinematheque-suisse\/portraits\/portrait-de-claude-emery\/\">Claude Emery<\/a><\/li>\n<\/ol>\n<p><img loading=\"lazy\" decoding=\"async\" class=\"alignnone wp-image-2003\" src=\"https:\/\/wp.unil.ch\/cinematheque-unil\/files\/2015\/02\/CLAUDE_EMERY-214x300.jpg\" alt=\"CLAUDE_EMERY\" width=\"300\" height=\"421\" srcset=\"https:\/\/wp.unil.ch\/cinematheque-unil\/files\/2015\/02\/CLAUDE_EMERY-214x300.jpg 214w, https:\/\/wp.unil.ch\/cinematheque-unil\/files\/2015\/02\/CLAUDE_EMERY.jpg 570w\" sizes=\"auto, (max-width: 300px) 100vw, 300px\" \/><\/p>\n<h3 style=\"color: #993366\"><strong>Claude Emery, \u00b01922 &#8211; \u20201993<\/strong><\/h3>\n<p style=\"text-align: justify\">Employ\u00e9 des Postes \u00e0 Zurich pendant la Deuxi\u00e8me Guerre mondiale, il y rencontre <a title=\"Portrait de Ren\u00e9 Favre\" href=\"https:\/\/wp.unil.ch\/cinematheque-unil\/projets\/une-histoire-de-la-cinematheque-suisse\/portraits\/portrait-de-rene-favre\/\">Ren\u00e9 Favre<\/a>. Leur amiti\u00e9, nourrie par une passion commune pour le cin\u00e9ma et par leur engagement au sein du Parti ouvrier et populaire, remonte \u00e0 cette p\u00e9riode. Ils rentrent ensuite tous deux \u00e0 Lausanne, o\u00f9 ils int\u00e8grent le Comit\u00e9 du Cin\u00e9-club (automne 1946), dont Emery prend la pr\u00e9sidence en mai 1947. Le 21 f\u00e9vrier 1948, il succ\u00e8de \u00e0 <a title=\"Portrait de Jean Borel\" href=\"https:\/\/wp.unil.ch\/cinematheque-unil\/projets\/une-histoire-de-la-cinematheque-suisse\/portraits\/portrait-de-jean-borel\/\">Jean Borel<\/a> \u00e0 la pr\u00e9sidence de la F\u00e9d\u00e9ration suisse des Guildes du film et des cin\u00e9-clubs (FSGFCC) lors de l\u2019Assembl\u00e9e g\u00e9n\u00e9rale qui se tient \u00e0 Neuch\u00e2tel. Apr\u00e8s avoir n\u00e9goci\u00e9 le transfert des Archives cin\u00e9matographiques suisses de B\u00e2le \u00e0 Lausanne, il devient le premier directeur de la Cin\u00e9math\u00e8que suisse \u00e0 la suite de l\u2019Assembl\u00e9e de fondation du 3 novembre 1948. Mais la superposition de ces trois fonctions est source de nombreux conflits. Au lendemain de l\u2019inauguration officielle de la Cin\u00e9math\u00e8que, le 3 novembre 1950, lors d\u2019une Assembl\u00e9e g\u00e9n\u00e9rale extraordinaire de la FSGFCC convoqu\u00e9e \u00e0 Lausanne, Emery est contraint de quitter la Pr\u00e9sidence de la F\u00e9d\u00e9ration, le poste \u00e9tant jug\u00e9 incompatible avec son r\u00f4le de directeur de la Cin\u00e9math\u00e8que. Le 5 d\u00e9cembre, c\u2019est au tour de l\u2019Assembl\u00e9e du Cin\u00e9-club de Lausanne de retirer \u00e0 Emery, pour les m\u00eames raisons, la Pr\u00e9sidence du club.<\/p>\n<p style=\"text-align: justify\">L\u2019hiver est aussi marqu\u00e9 par le bilan lourdement d\u00e9ficitaire de la Semaine du cin\u00e9ma et du Bal marquant l\u2019inauguration. En difficult\u00e9, contest\u00e9 pour sa gestion, Emery d\u00e9missionne de son poste de Directeur de la Cin\u00e9math\u00e8que au 31 mars 1951.<\/p>\n<p style=\"text-align: justify\">Les informations sont tr\u00e8s lacunaires quant \u00e0 ses activit\u00e9s dans les mois et les ann\u00e9es suivant ce d\u00e9part. Si l\u2019on en juge par les adresses report\u00e9es annuellement sur les listes des membres de la Cin\u00e9math\u00e8que, il d\u00e9m\u00e9nage \u00e0 Neuch\u00e2tel au plus tard en 1955. Les listes de pr\u00e9sence attestent de sa participation \u00e0 l\u2019Assembl\u00e9e g\u00e9n\u00e9rale de l\u2019institution en 1953, puis en 1958.<\/p>\n<p style=\"text-align: justify\">En 1960, Emery s\u2019installe au village de Couvet (Val de Travers), o\u00f9 il est engag\u00e9 en tant que chef du personnel au sein de l\u2019Entreprise Dubied, c\u00e9l\u00e8bre pour ses machines \u00e0 tricoter. Il entame parall\u00e8lement une longue carri\u00e8re politique\u00a0: \u00e9lu Pr\u00e9sident de sa Commune en 1964 sous la banni\u00e8re du Parti radical, il occupe cette fonction pendant 16 ans, jusqu\u2019en 1980. Sur la m\u00eame p\u00e9riode, il si\u00e8ge aussi au Grand Conseil neuch\u00e2telois (d\u2019abord comme suppl\u00e9ant, \u00e0 compter de 1965).<\/p>\n<p style=\"text-align: justify\">Il garde un lien avec le cin\u00e9ma via le Cin\u00e9-club de Couvet dont il est membre, et o\u00f9 il accueille le r\u00e9alisateur Claude Autant-Lara pour une conf\u00e9rence le 29 octobre 1968.<\/p>\n<p style=\"text-align: justify\">Alessia Bottani<\/p>\n<p style=\"text-align: justify\"><a href=\"https:\/\/wp.unil.ch\/cinematheque-unil\/?p=2757\">Voir le zoom sur le portrait de Claude Emery par Freddy Buache dans la \u00ab Vitrine \u00bb+<\/a><\/p>\n<h3>Sources<\/h3>\n<p style=\"text-align: justify;font-size: small\">-Entretien d\u2019Alessia Bottani et Pierre-Emmanuel Jaques avec Mme Liliane Favre, 18.02.2014.<\/p>\n<p style=\"text-align: justify;font-size: small\">-Pierre-V. Deluz, notes manuscrites, s.d. [circa f\u00e9vrier 1947], CS, Fonds Ren\u00e9 Favre \u2013 CSL 19, Bo\u00eete 12\/12, Chemise 1947-1949.<\/p>\n<p style=\"text-align: justify;font-size: small\">-Lettre de Claude Emery au D\u00e9partement de Justice et Police de Lausanne, 07.01.1948, CS, Fonds Favre, bo\u00eete 12, chemise 1947-1949.<\/p>\n<p style=\"text-align: justify;font-size: small\">-Assembl\u00e9e g\u00e9n\u00e9rale de la FSGFCC, 21.02.1948, proc\u00e8s-verbal, CS, Fonds CSL 1, Q 4.1 Fe-G, Chemise Q 4.1 FSGFCC.<\/p>\n<p style=\"text-align: justify;font-size: small\">-Assembl\u00e9e g\u00e9n\u00e9rale de la FSGFCC, 04.11.1950, proc\u00e8s-verbal, CS, Fonds Ren\u00e9 Favre &#8211; CSL 19, Bo\u00eete 10\/12 \u00ab\u00a0Cin\u00e9-clubs\u00a0\u00bb, Chemise \u00ab\u00a0Cin\u00e9-clubs FSCC 1948-1966\u00a0\u00bb.<\/p>\n<p style=\"text-align: justify;font-size: small\">-Assembl\u00e9e du Cin\u00e9-club de Lausanne, 05.12.1950, proc\u00e8s-verbal, Fonds Ren\u00e9 Favre &#8211; CSL 19, Bo\u00eete 11\/12 Cin\u00e9-club Lausanne, Chemise \u00ab\u00a0Cin\u00e9-clubs Lausanne Cin\u00e9-club de Lausanne\u00a0\u00bb.<\/p>\n<p style=\"text-align: justify;font-size: small\">-Cin\u00e9math\u00e8que suisse, \u00ab\u00a0Proc\u00e8s-verbal de la s\u00e9ance du comit\u00e9 de direction du 27 mars 1951\u00a0\u00bb, CSL 1.2, Chemise CSL 1 2\/5 B1.3.<\/p>\n<p style=\"text-align: justify;font-size: small\">-Assembl\u00e9e g\u00e9n\u00e9rale de la Cin\u00e9math\u00e8que suisse, 19.12.1953, proc\u00e8s-verbal et liste de pr\u00e9sences, CS, Fonds CSL 1, CSL 1.1, Chemise 1\/7 B1.2.<\/p>\n<p style=\"text-align: justify;font-size: small\">-Liste des membres de la Cin\u00e9math\u00e8que suisse, 11.11.1955, CS, Fonds CSL 1, CSL 1.1, Chemise 1\/7 B1.2.<\/p>\n<p style=\"text-align: justify;font-size: small\">-Assembl\u00e9e g\u00e9n\u00e9rale de la Cin\u00e9math\u00e8que suisse, 15.11.1958, proc\u00e8s-verbal et liste de pr\u00e9sences, CS, Fonds CSL 1, CSL 1.1, Chemise CSL 1 1\/8 B1.2.<\/p>\n<p style=\"text-align: justify;font-size: small\">-Liste des membres de la Cin\u00e9math\u00e8que suisse, novembre 1960, CS, Fonds CSL 1, CSL 1.1, Chemise CSL 1 1\/8 B1.2 [premi\u00e8re occurrence d\u2019une adresse \u00e0 Couvet pour Claude Emery].<\/p>\n<h3>Articles<\/h3>\n<p style=\"text-align: justify;font-size: small\">-Freddy Buache, \u00ab Claude Emery\u00a0\u00bb, Rubrique \u00ab\u00a0Le portrait du mois\u00a0\u00bb, <em>Annabelle<\/em>, octobre 1950, CS, Fonds CSL 1, Classeur Inauguration 1950.<\/p>\n<p style=\"text-align: justify;font-size: small\">-\u00ab\u00a0Les \u00e9lections cantonales neuch\u00e2teloises\u00a0\u00bb, <em>Feuille d\u2019Avis de Neuch\u00e2tel<\/em>, 26.04.1964, p. 20.<\/p>\n<p style=\"text-align: justify;font-size: small\">-\u00ab\u00a0Claude Autant-Lara \u00e0 Couvet\u00a0\u00bb, <em>L\u2019Impartial<\/em>, 29.10.1968, p. 5 (br\u00e8ve).<\/p>\n<p style=\"text-align: justify;font-size: small\">-\u00ab\u00a0Claude Autant-Lara, L\u2019Art est mort\u00a0\u00bb, <em>Feuille d\u2019Avis de Neuch\u00e2tel<\/em>, 31.10.1968, p. 6 (compte-rendu avec photo).<\/p>\n<p style=\"text-align: justify;font-size: small\">-\u00ab\u00a0Entretien avec le pr\u00e9sident de commune\u00a0\u00bb, <em>L\u2019Impartial<\/em>, 21.11.1968, p. 9.<\/p>\n<p style=\"text-align: justify;font-size: small\">-\u00ab\u00a0Le Cin\u00e9-club\u00a0\u00bb, <em>L\u2019Impartial<\/em>, 21.11.1968, p. 10.<\/p>\n<p style=\"text-align: justify;font-size: small\">-\u00ab\u00a0L\u2019avenir du Vallon. M. Claude Emery, Pr\u00e9sident de la Commune de Couvet, a la parole\u00a0\u00bb, <em>Feuille d\u2019Avis de Neuch\u00e2tel<\/em>, 12.12.1969, p. 6.<\/p>\n<p style=\"text-align: justify;font-size: small\">-\u00ab\u00a0Elections au Conseil National\u00a0\u00bb, <em>L\u2019Impartial<\/em>, 28.10.1971, p. 8.<\/p>\n<p style=\"text-align: justify;font-size: small\">-\u00ab\u00a0Couvet \u2013 Au Conseil communal\u00a0\u00bb, <em>Feuille d\u2019Avis de Neuch\u00e2tel<\/em>, 09.02.1980, p. 9 (br\u00e8ve).<\/p>\n<h3>Illustration<\/h3>\n<p style=\"text-align: justify;font-size: small\">Portrait de Claude Emery, s.d.<br \/>\n\u00a9 Tous droits r\u00e9serv\u00e9s\/collection Cin\u00e9math\u00e8que suisse.<\/p>\n<h3><a name=\"reference\"><\/a>R\u00e9f\u00e9rence<\/h3>\n<p style=\"text-align: justify;font-size: small\">Alessia Bottani, \u00ab Portrait de Claude Emery \u00bb, in Fr\u00e9d\u00e9ric Maire et Maria Tortajada (dir.), site Web <em>La Collaboration UNIL + Cin\u00e9math\u00e8que suisse<\/em>, www.unil-cinematheque.ch, mars 2015.<\/p>\n<h3>Droits d\u2019auteur<\/h3>\n<p style=\"text-align: justify;font-size: small\">\u00a9 Alessia Bottani\/Collaboration UNIL + Cin\u00e9math\u00e8que suisse.<\/p>\n","protected":false},"excerpt":{"rendered":"<p>Projets Histoire de la Cin\u00e9math\u00e8que suisse Portraits Claude Emery Claude Emery, \u00b01922 &#8211; \u20201993 Employ\u00e9 des Postes \u00e0 Zurich pendant la Deuxi\u00e8me Guerre mondiale, il y rencontre Ren\u00e9 Favre. Leur amiti\u00e9, nourrie par une passion commune pour le cin\u00e9ma et<\/p>\n","protected":false},"author":1469,"featured_media":0,"parent":1923,"menu_order":32,"comment_status":"closed","ping_status":"closed","template":"","meta":{"_seopress_robots_primary_cat":"","_seopress_titles_title":"","_seopress_titles_desc":"","_seopress_robots_index":"","footnotes":""},"class_list":["post-1994","page","type-page","status-publish"],"_links":{"self":[{"href":"https:\/\/wp.unil.ch\/cinematheque-unil\/wp-json\/wp\/v2\/pages\/1994","targetHints":{"allow":["GET"]}}],"collection":[{"href":"https:\/\/wp.unil.ch\/cinematheque-unil\/wp-json\/wp\/v2\/pages"}],"about":[{"href":"https:\/\/wp.unil.ch\/cinematheque-unil\/wp-json\/wp\/v2\/types\/page"}],"author":[{"embeddable":true,"href":"https:\/\/wp.unil.ch\/cinematheque-unil\/wp-json\/wp\/v2\/users\/1469"}],"replies":[{"embeddable":true,"href":"https:\/\/wp.unil.ch\/cinematheque-unil\/wp-json\/wp\/v2\/comments?post=1994"}],"version-history":[{"count":0,"href":"https:\/\/wp.unil.ch\/cinematheque-unil\/wp-json\/wp\/v2\/pages\/1994\/revisions"}],"up":[{"embeddable":true,"href":"https:\/\/wp.unil.ch\/cinematheque-unil\/wp-json\/wp\/v2\/pages\/1923"}],"wp:attachment":[{"href":"https:\/\/wp.unil.ch\/cinematheque-unil\/wp-json\/wp\/v2\/media?parent=1994"}],"curies":[{"name":"wp","href":"https:\/\/api.w.org\/{rel}","templated":true}]}}