{"id":1973,"date":"2015-02-19T13:44:39","date_gmt":"2015-02-19T12:44:39","guid":{"rendered":"http:\/\/wp.unil.ch\/cinematheque-unil\/?page_id=1973"},"modified":"2018-06-10T01:33:39","modified_gmt":"2018-06-09T23:33:39","slug":"portrait-de-rene-dasen","status":"publish","type":"page","link":"https:\/\/wp.unil.ch\/cinematheque-unil\/projets\/une-histoire-de-la-cinematheque-suisse\/portraits\/portrait-de-rene-dasen\/","title":{"rendered":"Portrait de Ren\u00e9 Dasen"},"content":{"rendered":"<ol class=\"breadcrumb\">\n<li><a href=\"https:\/\/wp.unil.ch\/cinematheque-unil\/projets\/\">Projets<\/a><\/li>\n<li><a href=\"https:\/\/wp.unil.ch\/cinematheque-unil\/projets\/une-histoire-de-la-cinematheque-suisse\/\">Histoire de la Cin\u00e9math\u00e8que suisse<\/a><\/li>\n<li><a href=\"https:\/\/wp.unil.ch\/cinematheque-unil\/projets\/une-histoire-de-la-cinematheque-suisse\/portraits\/\">Portraits<\/a><\/li>\n<li class=\"current\"><a href=\"https:\/\/wp.unil.ch\/cinematheque-unil\/projets\/une-histoire-de-la-cinematheque-suisse\/portraits\/portrait-de-rene-dasen\/\">Ren\u00e9 Dasen<\/a><\/li>\n<\/ol>\n<p><img loading=\"lazy\" decoding=\"async\" class=\"alignnone size-full wp-image-2169\" src=\"https:\/\/wp.unil.ch\/cinematheque-unil\/files\/2015\/02\/RENE_DASEN.jpg\" alt=\"RENE_DASEN\" width=\"290\" height=\"406\" srcset=\"https:\/\/wp.unil.ch\/cinematheque-unil\/files\/2015\/02\/RENE_DASEN.jpg 290w, https:\/\/wp.unil.ch\/cinematheque-unil\/files\/2015\/02\/RENE_DASEN-214x300.jpg 214w\" sizes=\"auto, (max-width: 290px) 100vw, 290px\" \/><\/p>\n<h3 style=\"color: #993366\">Ren\u00e9 Dasen, \u00b01917 &#8211; \u20201989<\/h3>\n<p style=\"text-align: justify\">Apr\u00e8s des \u00e9tudes secondaires au Coll\u00e8ge classique cantonal, Ren\u00e9 Dasen obtient une licence en droit \u00e0 l\u2019Universit\u00e9 de Lausanne en 1948. Mais c\u2019est dans le milieu culturel et cin\u00e9matographique qu\u2019il s\u2019illustre, s\u2019imposant rapidement comme un des principaux critiques cin\u00e9matographiques romands et comme une personnalit\u00e9 influente dans son domaine, aux niveaux local et national.<\/p>\n<h3>Les d\u00e9buts<\/h3>\n<p style=\"text-align: justify\">Ren\u00e9 Dasen s\u2019attelle \u00e0 la critique au d\u00e9but des ann\u00e9es 1940, dans plusieurs revues\u00a0: <em>Suisse contemporaine<\/em>, <em>Servir<\/em> (d\u00e8s 1944), <em>Pour Tous<\/em>, <em>\u00c9cho<\/em>. \u00c0 ce titre, il participe au Congr\u00e8s de B\u00e2le en 1945, o\u00f9 il rencontre notamment Georges Sadoul. L\u2019ann\u00e9e suivante, il rejoint d\u00e8s la premi\u00e8re heure le Cin\u00e9-club de Lausanne (CCL) fond\u00e9 en juin 1946, et joue d&#8217;embl\u00e9e un r\u00f4le actif au sein de son Comit\u00e9. Il y c\u00f4toie bient\u00f4t <a title=\"Portrait de Claude Emery\" href=\"https:\/\/wp.unil.ch\/cinematheque-unil\/projets\/une-histoire-de-la-cinematheque-suisse\/portraits\/portrait-de-claude-emery\/\">Claude Emery<\/a> et <a title=\"Portrait de Ren\u00e9 Favre\" href=\"https:\/\/wp.unil.ch\/cinematheque-unil\/projets\/une-histoire-de-la-cinematheque-suisse\/portraits\/portrait-de-rene-favre\/\">Ren\u00e9 Favre<\/a>.<\/p>\n<p style=\"text-align: justify\">Avec eux et quelques autres, il fonde la Cin\u00e9math\u00e8que suisse le 3 novembre 1948, et si\u00e8ge d\u00e8s cette phase initiale dans sa Commission ex\u00e9cutive (successivement renomm\u00e9e en Conseil de Direction puis en Comit\u00e9). Entretemps, il entre \u00e0 la <em>Revue de Lausanne<\/em> (1946), \u00ab\u00a0Quotidien d\u2019opinion et d\u2019information &#8211; Organe du parti radical-d\u00e9mocratique vaudois\u00a0\u00bb dont il deviendra le critique de cin\u00e9ma attitr\u00e9. \u00c0 la m\u00eame p\u00e9riode, il \u00e9crit \u00e9galement dans <em>Pour l\u2019art<\/em> (1948) et dans <em>Carreau<\/em> (1949-1953), revue lanc\u00e9e par Freddy Buache et \u00ab\u00a0organe\u00a0\u00bb de la F\u00e9d\u00e9ration suisse des guildes du film et des cin\u00e9-clubs. Entre 1950 et 1951, il aurait collabor\u00e9 avec la soci\u00e9t\u00e9 de production Gamma-Film (avec <a title=\"Portrait de Raymond A. Bech (alias Raymond Barrat)\" href=\"https:\/\/wp.unil.ch\/cinematheque-unil\/projets\/une-histoire-de-la-cinematheque-suisse\/portraits\/portrait-de-raymond-a-bech-alias-raymond-barrat\/\">Raymond A. Bech<\/a>) et en tant que secr\u00e9taire de Charles Br\u00f6nimann, directeur de la salle lausannoise Cin\u00e9ac.<\/p>\n<h3>Critique cin\u00e9matographique<\/h3>\n<p style=\"text-align: justify\">\u00c0 partir d\u2019octobre 1946, Ren\u00e9 Dasen signe la rubrique cin\u00e9ma de la <em>Revue de Lausanne<\/em> (qui devient <em>La Nouvelle revue de Lausanne<\/em> le mois suivant) jusqu\u2019en 1955, puis \u00e0 nouveau de 1961 \u00e0 1966. Cette m\u00eame ann\u00e9e, il passe \u00e0 la <em>Feuille d\u2019avis de Lausanne<\/em> (futur <em>24 Heures<\/em>). Il y publie jusqu\u2019\u00e0 sa mort, en collaborant dans les ann\u00e9es 1980 aux pages t\u00e9l\u00e9vision. Responsable de 1954 \u00e0 1970 de la partie fran\u00e7aise de <em>Schweizer Film Suisse<\/em>, organe de la branche, il y r\u00e9dige aussi de tr\u00e8s nombreux articles. En plus de la presse \u00e9crite, il intervient \u00e0 la radio d\u00e8s les ann\u00e9es 1950, notamment dans \u00ab\u00a0L\u2019\u00c9cran sonore\u00a0\u00bb sur Radio-Lausanne, puis dans \u00ab\u00a0Cin\u00e9-magazine\u00a0\u00bb sur la Radio Suisse romande.<\/p>\n<p style=\"text-align: justify\">Sa carri\u00e8re de critique l\u2019am\u00e8ne \u00e0 pr\u00e9sider l\u2019Association de la presse cin\u00e9matographique suisse (1954-1972) et l\u2019Association de la Critique cin\u00e9matographique internationale (1956-1957). Il fait aussi partie de la Commission des programmes de la Soci\u00e9t\u00e9 romande de radio-diffusion et de la <a title=\"Wikip\u00e9dia\" href=\"https:\/\/fr.wikipedia.org\/wiki\/T\u00e9l\u00e9vision_suisse_romande\" target=\"_blank\" rel=\"noopener\">T\u00e9l\u00e9vision suisse romande<\/a>.<\/p>\n<h3>Association cin\u00e9matographique Suisse romande et autres fonctions<\/h3>\n<p style=\"text-align: justify\">D\u00e9but 1951, avec l\u2019appui du Syndic de Lausanne Jean Peitrequin, Ren\u00e9 Dasen succ\u00e8de \u00e0 Robert Rey-Willer en tant que secr\u00e9taire de l\u2019ACSR (Association cin\u00e9matographique de la Suisse romande), association repr\u00e9sentant les int\u00e9r\u00eats des salles romandes (\u00e9quivalent de la Schweizerisches Lichtspieltheater-Verband suisse al\u00e9manique et tessinoise). Des accords sign\u00e9s en 1932 avec l\u2019Association suisse des distributeurs de films bloquent de fait la cr\u00e9ation de nouvelles salles et exercent un contr\u00f4le extr\u00eamement serr\u00e9 sur les cin\u00e9-clubs. Ren\u00e9 Dasen occupe ce poste influent jusqu\u2019en 1985, tout en continuant de si\u00e9ger au Comit\u00e9 de la Cin\u00e9math\u00e8que suisse.<\/p>\n<p style=\"text-align: justify\">Au fil de sa carri\u00e8re, Ren\u00e9 Dasen est nomm\u00e9 au sein de nombreuses commissions\u00a0:<\/p>\n<p style=\"text-align: justify\">-Commission cantonale de \u00ab\u00a0contr\u00f4le des films cin\u00e9matographiques\u00a0\u00bb \u2013 o\u00f9 il est nomm\u00e9 membre sur d\u00e9cision du Conseil d\u2019Etat en date du 4 mai 1951 apr\u00e8s en avoir \u00e9t\u00e9 membre suppl\u00e9ant. C\u2019est en tant que secr\u00e9taire de l\u2019ASCR qu\u2019il est d\u00e9sign\u00e9 \u00e0 ce poste.<\/p>\n<p style=\"text-align: justify\">-Chambre suisse du cin\u00e9ma (1954).<\/p>\n<p style=\"text-align: justify\">-Commission f\u00e9d\u00e9rale du cin\u00e9ma d\u00e8s son institution en 1961.<\/p>\n<p style=\"text-align: justify\">Il est \u00e9galement membre du Comit\u00e9 de s\u00e9lection du Festival de Locarno\u00a0(1963-1972), dont il assure le service de presse en 1965.<\/p>\n<p style=\"text-align: justify\">Alessia Bottani<\/p>\n<h3>Sources<\/h3>\n<p style=\"text-align: justify;font-size: small\">-Entretien avec Mesdames Carmen et V\u00e9ronique Dasen, r\u00e9alis\u00e9 par Pierre-Emmanuel Jaques, Lausanne, 22.05.2015.<\/p>\n<p style=\"text-align: justify;font-size: small\">-Ressources en ligne [consult\u00e9es le 06.01.2015]\u00a0:<br \/>\nEntretien avec Andr\u00e9 Chevailler, 20.02.2012, <a title=\"Cin\u00e9m\u00e9moire\" href=\"https:\/\/wp.unil.ch\/cinememoire\/entretiens-realises\/entretien-avec-andre-chevailler-20-fevrier-2012\/\" target=\"_blank\" rel=\"noopener\">Cin\u00e9m\u00e9moire<\/a><br \/>\n<a title=\"Wikip\u00e9dia\" href=\"https:\/\/fr.wikipedia.org\/wiki\/Ren\u00e9_Dasen\" target=\"_blank\" rel=\"noopener\">Notice Wikip\u00e9dia<\/a><br \/>\n<a title=\"Universit\u00e9 de Fribourg\" href=\"https:\/\/www.unifr.ch\/grhic\/revues\/collaborateur.php?id=66\" target=\"_blank\" rel=\"noopener\">Dictionnaire des revues culturelles suisses<\/a>, entr\u00e9e \u00ab\u00a0Suisse contemporaine\u00a0\u00bb<br \/>\n<a title=\"Mouvement pour l\u2019art\" href=\"https:\/\/www.mouvementpourlart.ch\/Historique.html\" target=\"_blank\" rel=\"noopener\">Site du Mouvement pour l\u2019Art<\/a><\/p>\n<p style=\"text-align: justify;font-size: small\">-Roland Cosandey (dir.), <em>Festival internazionale del film Locarno. 40 ans. Chronique et filmographie<\/em>, Locarno, Festival International du Film Locarno, 1988.<\/p>\n<p style=\"text-align: justify;font-size: small\">-Lettre de Ren\u00e9 Dasen \u00e0 Georges Sadoul, 09.08.1946, CS, Fonds CSL 1, Q 3.1 Lausanne CCL, Chemise E 5.1 CCL 1946-1947.<\/p>\n<p style=\"text-align: justify;font-size: small\">-Lettre de Marcel Lavanchy \u00e0 Jean Peitrequin, 16.02.1950, 1 p. dactyl., AVL, Fonds B3, 251.11.1.3 subventions.<\/p>\n<p style=\"text-align: justify;font-size: small\">-Lettre de Ren\u00e9 Dasen \u00e0 Jean Peitrequin, 21.01.1951, AVL, Fonds B3, 251.11.2.3 administration.<\/p>\n<p style=\"text-align: justify;font-size: small\">&#8211;<em>Annuaire f\u00e9d\u00e9ral<\/em>, 1963, p. 101 [Composition de la Commission f\u00e9d\u00e9rale du cin\u00e9ma 1961-1964].<\/p>\n<h3>Articles<\/h3>\n<p style=\"text-align: justify;font-size: small\">-\u00ab \u00c0 l\u2019Universit\u00e9\u00a0\u00bb, <em>Feuille d\u2019Avis de Lausanne<\/em>, 22.05.1948, p. 17.<\/p>\n<p style=\"text-align: justify;font-size: small\">-\u00ab\u00a0R\u00e9forme dans le cin\u00e9ma romand\u00a0\u00bb, <em>Nouvelle revue de Lausanne<\/em>, 02.01.1951, p. 6 (br\u00e8ve).<\/p>\n<p style=\"text-align: justify;font-size: small\">-\u00ab\u00a0Les romands \u00e0 la Chambre suisse du cin\u00e9ma\u00bb, <em>Journal de Gen\u00e8ve<\/em>, 23.01.1957.<\/p>\n<p style=\"text-align: justify;font-size: small\">-\u00ab\u00a0La chronique cin\u00e9matographique de la NRL \u2013 Nouveau chef de rubrique\u00a0: M. Ren\u00e9 Dasen\u00a0\u00bb, <em>Nouvelle Revue de Lausanne<\/em>, 06.10.1961, p. 5.<\/p>\n<p style=\"text-align: justify;font-size: small\">-\u00ab\u00a0Ren\u00e9 Dasen n\u2019est plus. Il collabora \u00e0 notre journal\u00a0\u00bb, <em>Nouvelle revue de Lausanne<\/em>, 01.03.1989, p. 11.<\/p>\n<h3>Illustration<\/h3>\n<p style=\"text-align: justify;font-size: small\">Ren\u00e9 Dasen vers 1955.\u00a0Photo : Marguerite de Lalancy.<\/p>\n<h3><a name=\"reference\"><\/a>R\u00e9f\u00e9rence<\/h3>\n<p style=\"text-align: justify;font-size: small\">Alessia Bottani, \u00ab Portrait de Ren\u00e9 Dasen \u00bb, in Fr\u00e9d\u00e9ric Maire et Maria Tortajada (dir.), site Web <em>La Collaboration UNIL + Cin\u00e9math\u00e8que suisse<\/em>, www.unil-cinematheque.ch, mars 2015.<\/p>\n<h3>Droits d\u2019auteur<\/h3>\n<p style=\"text-align: justify;font-size: small\">\u00a9 Alessia Bottani\/Collaboration UNIL + Cin\u00e9math\u00e8que suisse.<\/p>\n","protected":false},"excerpt":{"rendered":"<p>Projets Histoire de la Cin\u00e9math\u00e8que suisse Portraits Ren\u00e9 Dasen Ren\u00e9 Dasen, \u00b01917 &#8211; \u20201989 Apr\u00e8s des \u00e9tudes secondaires au Coll\u00e8ge classique cantonal, Ren\u00e9 Dasen obtient une licence en droit \u00e0 l\u2019Universit\u00e9 de Lausanne en 1948. Mais c\u2019est dans le milieu<\/p>\n","protected":false},"author":1469,"featured_media":0,"parent":1923,"menu_order":29,"comment_status":"closed","ping_status":"closed","template":"","meta":{"_seopress_robots_primary_cat":"","_seopress_titles_title":"","_seopress_titles_desc":"","_seopress_robots_index":"","footnotes":""},"class_list":["post-1973","page","type-page","status-publish"],"_links":{"self":[{"href":"https:\/\/wp.unil.ch\/cinematheque-unil\/wp-json\/wp\/v2\/pages\/1973","targetHints":{"allow":["GET"]}}],"collection":[{"href":"https:\/\/wp.unil.ch\/cinematheque-unil\/wp-json\/wp\/v2\/pages"}],"about":[{"href":"https:\/\/wp.unil.ch\/cinematheque-unil\/wp-json\/wp\/v2\/types\/page"}],"author":[{"embeddable":true,"href":"https:\/\/wp.unil.ch\/cinematheque-unil\/wp-json\/wp\/v2\/users\/1469"}],"replies":[{"embeddable":true,"href":"https:\/\/wp.unil.ch\/cinematheque-unil\/wp-json\/wp\/v2\/comments?post=1973"}],"version-history":[{"count":0,"href":"https:\/\/wp.unil.ch\/cinematheque-unil\/wp-json\/wp\/v2\/pages\/1973\/revisions"}],"up":[{"embeddable":true,"href":"https:\/\/wp.unil.ch\/cinematheque-unil\/wp-json\/wp\/v2\/pages\/1923"}],"wp:attachment":[{"href":"https:\/\/wp.unil.ch\/cinematheque-unil\/wp-json\/wp\/v2\/media?parent=1973"}],"curies":[{"name":"wp","href":"https:\/\/api.w.org\/{rel}","templated":true}]}}