{"id":1931,"date":"2015-02-17T19:01:33","date_gmt":"2015-02-17T18:01:33","guid":{"rendered":"http:\/\/wp.unil.ch\/cinematheque-unil\/?page_id=1931"},"modified":"2018-06-10T01:31:14","modified_gmt":"2018-06-09T23:31:14","slug":"portrait-de-raymond-a-bech-alias-raymond-barrat","status":"publish","type":"page","link":"https:\/\/wp.unil.ch\/cinematheque-unil\/projets\/une-histoire-de-la-cinematheque-suisse\/portraits\/portrait-de-raymond-a-bech-alias-raymond-barrat\/","title":{"rendered":"Portrait de Raymond A. Bech (alias Raymond Barrat)"},"content":{"rendered":"<ol class=\"breadcrumb\">\n<li><a href=\"https:\/\/wp.unil.ch\/cinematheque-unil\/projets\/\">Projets<\/a><\/li>\n<li><a href=\"https:\/\/wp.unil.ch\/cinematheque-unil\/projets\/une-histoire-de-la-cinematheque-suisse\/\">Histoire de la Cin\u00e9math\u00e8que suisse<\/a><\/li>\n<li><a href=\"https:\/\/wp.unil.ch\/cinematheque-unil\/projets\/une-histoire-de-la-cinematheque-suisse\/portraits\/\">Portraits<\/a><\/li>\n<li class=\"current\"><a href=\"https:\/\/wp.unil.ch\/cinematheque-unil\/projets\/une-histoire-de-la-cinematheque-suisse\/portraits\/portrait-de-raymond-a-bech-alias-raymond-barrat\/\">Raymond A. Bech<\/a><\/li>\n<\/ol>\n<p><img loading=\"lazy\" decoding=\"async\" class=\"alignnone wp-image-1937 size-medium\" src=\"https:\/\/wp.unil.ch\/cinematheque-unil\/files\/2015\/02\/RAYMOND_A_BECH-300x300.jpg\" alt=\"RAYMOND_A_BECH\" width=\"300\" height=\"300\" srcset=\"https:\/\/wp.unil.ch\/cinematheque-unil\/files\/2015\/02\/RAYMOND_A_BECH-300x300.jpg 300w, https:\/\/wp.unil.ch\/cinematheque-unil\/files\/2015\/02\/RAYMOND_A_BECH-150x150.jpg 150w, https:\/\/wp.unil.ch\/cinematheque-unil\/files\/2015\/02\/RAYMOND_A_BECH.jpg 778w\" sizes=\"auto, (max-width: 300px) 100vw, 300px\" \/><\/p>\n<h3 style=\"color: #993366\"><strong>Raymond A. Bech, \u00b01920 &#8211; \u20202015<\/strong><\/h3>\n<p style=\"text-align: justify\">Fils d\u2019Adrien Bech (1884\u00a0?-1940), qui fut exploitant de salle, secr\u00e9taire de l\u2019Association cin\u00e9matographique suisse romande (ACSR) pendant douze ans et membre \u00e0 ce titre de la premi\u00e8re Chambre suisse du cin\u00e9ma. Abandonnant ses \u00e9tudes \u00e0 l\u2019\u00c9cole de commerce de Lausanne, le jeune Raymond A. Bech fait son apprentissage au laboratoire Cin\u00e9gram \u00e0 Gen\u00e8ve puis au Cin\u00e9ac, cin\u00e9ma lausannois consacr\u00e9 aux actualit\u00e9s, dont le patron Charles Br\u00f6nimann avait \u00e9t\u00e9 le premier pr\u00e9sident de l\u2019ACSR. Assistant-r\u00e9alisateur sur <em>Alice au pays romand<\/em> d\u2019Alberto Cavalcanti (tourn\u00e9 en 1939) et les deux courts m\u00e9trages de la s\u00e9rie <em>Durambois<\/em> d\u2019Andr\u00e9 B\u00e9art (1943), produits par Br\u00f6nimann, il tourne un premier court m\u00e9trage (<em>L\u2019Impromptu<\/em>, 1942). Au d\u00e9c\u00e8s de son p\u00e8re, afin de subvenir aux besoins de sa famille, il se porte candidat pour reprendre son poste \u00e0 l\u2019ACSR \u2013 il n\u2019a alors que 20 ans \u2013, mais le choix se porte sur l\u2019avocat Robert Rey-Willer.<\/p>\n<p style=\"text-align: justify\">En 1944, Bech rejoint la section romande de l\u2019Association suisse des Techniciens et Artistes du Film (ASTAF), dont il devient l\u2019un des deux vice-pr\u00e9sidents l\u2019ann\u00e9e suivante, qui se mue plus tard en Syndicat des travailleurs suisses du film (STSF, 1948). En 1950, il collabore, avec <a title=\"Portrait de Ren\u00e9 Dasen\" href=\"https:\/\/wp.unil.ch\/cinematheque-unil\/projets\/une-histoire-de-la-cinematheque-suisse\/portraits\/portrait-de-rene-dasen\/\">Ren\u00e9 Dasen<\/a>, \u00e0 la soci\u00e9t\u00e9 Gamma-Film et r\u00e9alise un long m\u00e9trage documentaire, <em>Via Sacra<\/em>. L\u2019ann\u00e9e suivante, il signe le court m\u00e9trage <em>Les trois cloches<\/em> (1951), produit par Br\u00f6nimann d\u2019apr\u00e8s une chanson de Jean Villard-Gilles.<\/p>\n<p style=\"text-align: justify\">Membre fondateur de la Cin\u00e9math\u00e8que suisse, il est, dans le premier groupe qui en constitue le noyau, l\u2019unique repr\u00e9sentant des m\u00e9tiers cin\u00e9matographiques. Membre de la Commission ex\u00e9cutive (instance dont le nom variera au fil du temps), il figure, au d\u00e9part de <a title=\"Portrait de Claude Emery\" href=\"https:\/\/wp.unil.ch\/cinematheque-unil\/projets\/une-histoire-de-la-cinematheque-suisse\/portraits\/portrait-de-claude-emery\/\">Claude Emery<\/a> en mars 1951, parmi les personnes envisag\u00e9es pour prendre sa suite. Pendant cette p\u00e9riode, il gagne sa vie en collaborant \u00e0 plusieurs revues et journaux en tant que photographe ou critique.<\/p>\n<p style=\"text-align: justify\">En 1953, il fait partie des techniciens romands engag\u00e9s pour participer aux essais de t\u00e9l\u00e9vision \u00e0 Zurich. L\u2019ann\u00e9e suivante, il rejoint la T\u00e9l\u00e9vision suisse romande \u00e0 Gen\u00e8ve, dont il deviendra l\u2019un des principaux r\u00e9alisateurs sous le pseudonyme de Raymond Barrat. Selon le site de la RTS, \u00ab\u00a0En 1955, il r\u00e9alise sa premi\u00e8re \u00e9mission et touchera d\u00e8s lors \u00e0 tous les genres : vari\u00e9t\u00e9s, reportages sportifs, portraits, ainsi que plus de 60 dramatiques, avant de prendre sa retraite en 1985\u00a0\u00bb.<\/p>\n<p style=\"text-align: justify\">On lui doit notamment une s\u00e9rie de reportages sur les diff\u00e9rents secteurs de l\u2019Exposition Nationale de 1964 (<em>Les communications et les transports<\/em>\u00a0; <em>L\u2019art de vivre<\/em>\u00a0; <em>Terre et for\u00eats<\/em>\u00a0; <em>L\u2019industrie et l\u2019artisanat<\/em>\u00a0; <em>Les \u00e9changes<\/em>\u00a0; <em>La Voie suisse<\/em>\u00a0; <em>La Suisse vigilante<\/em>). On peut voir <a title=\"RTS\" href=\"https:\/\/www.rts.ch\/archives\/recherche\/?q=raymond%20barrat\" target=\"_blank\">ici<\/a> un aper\u00e7u de ses r\u00e9alisations pour la TSR.<\/p>\n<p style=\"text-align: justify\">Raymond A. Bech se retire du Comit\u00e9 de la Cin\u00e9math\u00e8que fin 1961.<\/p>\n<p style=\"text-align: justify\">Alessia Bottani<\/p>\n<h3>Sources<\/h3>\n<p style=\"text-align: justify;font-size: small\">-Entretien d\u2019Alessia Bottani et Pierre-Emmanuel Jaques avec Raymond A. Bech, le 7 mars 2014.<\/p>\n<p style=\"text-align: justify;font-size: small\">-Notices sur le site \u00ab Histoire de la t\u00e9l\u00e9vision suisse romande \u00bb [consult\u00e9es le 29.11.2014]\u00a0: <a title=\"Histoire de la TSR\" href=\"https:\/\/www.histoiredelatsr.ch\/bio-barrat.html\" target=\"_blank\">https:\/\/www.histoiredelatsr.ch\/bio-barrat.html<\/a>\u00a0; <a title=\"Histoire de la TSR\" href=\"https:\/\/www.histoiredelatsr.ch\/tv-zurich.html\" target=\"_blank\">https:\/\/www.histoiredelatsr.ch\/tv-zurich.html<\/a>.<\/p>\n<p style=\"text-align: justify;font-size: small\">-Herv\u00e9 Dumont, <em>Histoire du cin\u00e9ma suisse. Films de fiction 1896-1965<\/em>, Lausanne, Cin\u00e9math\u00e8que suisse, 1987 [en particulier notice p. 428].<\/p>\n<p style=\"text-align: justify;font-size: small\">-Lettre de Marcel Lavanchy \u00e0 Jean Peitrequin, 16.02.1950, 1 p. dactyl., AVL Fonds B3, 251.11.1.3 subventions.<\/p>\n<p style=\"text-align: justify;font-size: small\">-Br\u00e8ve\u00a0: \u00ab\u00a0Mort d\u2019un pionnier du cin\u00e9ma\u00a0\u00bb, <em>Nouvelliste valaisan<\/em>, 17.05.1940, p. 3.<\/p>\n<p style=\"text-align: justify;font-size: small\">-Annuaire de la cin\u00e9matographie suisse.<\/p>\n<p style=\"text-align: justify;font-size: small\">-Fonds ACSR, Bo\u00eete 16, Chemise Correspondance employ\u00e9s ACSR 16\/4 B3, dossier Edouard Martin.<\/p>\n<p style=\"text-align: justify;font-size: small\">-\u00ab Le Cin\u00e9ac \u00bb, reportage de 6&prime; pour l&rsquo;\u00e9mission \u00ab Notre pass\u00e9 \u00e0 vif \u00bb, r\u00e9al. Pierre Barde, voix-off et t\u00e9moignage de Raymond Barrat, TSR, 03.07.1995 : <a title=\"lien reportage le cin\u00e9ac\" href=\"https:\/\/www.rts.ch\/archives\/tv\/culture\/notre-passe-a-vif\/6833282-le-cineac-.html\" target=\"_blank\"> https:\/\/www.rts.ch\/archives\/tv\/culture\/notre-passe-a-vif\/6833282-le-cineac-.html<\/a>.<\/p>\n<h3>Illustration<\/h3>\n<p style=\"text-align: justify;font-size: small\">D\u00e9tail d\u2019une photographie prise au Festival mondial du film et des beaux-arts de Knokke-le-Zoute, 1949.<br \/>\n\u00a9 Tous droits r\u00e9serv\u00e9s\/collection Cin\u00e9math\u00e8que suisse.<\/p>\n<h3><a name=\"reference\"><\/a>R\u00e9f\u00e9rence<\/h3>\n<p style=\"text-align: justify;font-size: small\">Alessia Bottani, \u00ab Portrait de Raymond A. Bech (alias Raymond Barrat) \u00bb, in Fr\u00e9d\u00e9ric Maire et Maria Tortajada (dir.), site Web <em>La Collaboration UNIL + Cin\u00e9math\u00e8que suisse<\/em>, www.unil-cinematheque.ch, f\u00e9vrier 2015.<\/p>\n<h3>Droits d\u2019auteur<\/h3>\n<p style=\"text-align: justify;font-size: small\">\u00a9 Alessia Bottani\/Collaboration UNIL + Cin\u00e9math\u00e8que suisse.<\/p>\n","protected":false},"excerpt":{"rendered":"<p>Projets Histoire de la Cin\u00e9math\u00e8que suisse Portraits Raymond A. Bech Raymond A. Bech, \u00b01920 &#8211; \u20202015 Fils d\u2019Adrien Bech (1884\u00a0?-1940), qui fut exploitant de salle, secr\u00e9taire de l\u2019Association cin\u00e9matographique suisse romande (ACSR) pendant douze ans et membre \u00e0 ce titre<\/p>\n","protected":false},"author":1469,"featured_media":0,"parent":1923,"menu_order":7,"comment_status":"closed","ping_status":"closed","template":"","meta":{"_seopress_robots_primary_cat":"","_seopress_titles_title":"","_seopress_titles_desc":"","_seopress_robots_index":"","footnotes":""},"class_list":["post-1931","page","type-page","status-publish"],"_links":{"self":[{"href":"https:\/\/wp.unil.ch\/cinematheque-unil\/wp-json\/wp\/v2\/pages\/1931","targetHints":{"allow":["GET"]}}],"collection":[{"href":"https:\/\/wp.unil.ch\/cinematheque-unil\/wp-json\/wp\/v2\/pages"}],"about":[{"href":"https:\/\/wp.unil.ch\/cinematheque-unil\/wp-json\/wp\/v2\/types\/page"}],"author":[{"embeddable":true,"href":"https:\/\/wp.unil.ch\/cinematheque-unil\/wp-json\/wp\/v2\/users\/1469"}],"replies":[{"embeddable":true,"href":"https:\/\/wp.unil.ch\/cinematheque-unil\/wp-json\/wp\/v2\/comments?post=1931"}],"version-history":[{"count":0,"href":"https:\/\/wp.unil.ch\/cinematheque-unil\/wp-json\/wp\/v2\/pages\/1931\/revisions"}],"up":[{"embeddable":true,"href":"https:\/\/wp.unil.ch\/cinematheque-unil\/wp-json\/wp\/v2\/pages\/1923"}],"wp:attachment":[{"href":"https:\/\/wp.unil.ch\/cinematheque-unil\/wp-json\/wp\/v2\/media?parent=1931"}],"curies":[{"name":"wp","href":"https:\/\/api.w.org\/{rel}","templated":true}]}}