{"id":1923,"date":"2015-02-17T18:40:56","date_gmt":"2015-02-17T17:40:56","guid":{"rendered":"http:\/\/wp.unil.ch\/cinematheque-unil\/?page_id=1923"},"modified":"2018-06-22T10:57:45","modified_gmt":"2018-06-22T08:57:45","slug":"portraits","status":"publish","type":"page","link":"https:\/\/wp.unil.ch\/cinematheque-unil\/projets\/une-histoire-de-la-cinematheque-suisse\/portraits\/","title":{"rendered":"Portraits"},"content":{"rendered":"<ol class=\"breadcrumb\">\n<li><a href=\"https:\/\/wp.unil.ch\/cinematheque-unil\/projets\/\">Projets<\/a><\/li>\n<li><a href=\"https:\/\/wp.unil.ch\/cinematheque-unil\/projets\/une-histoire-de-la-cinematheque-suisse\/\">Histoire de la Cin\u00e9math\u00e8que suisse<\/a><\/li>\n<li class=\"current\"><a href=\"https:\/\/wp.unil.ch\/cinematheque-unil\/projets\/une-histoire-de-la-cinematheque-suisse\/portraits\/\">Portraits<\/a><\/li>\n<\/ol>\n<figure id=\"attachment_2176\" aria-describedby=\"caption-attachment-2176\" style=\"width: 1069px\" class=\"wp-caption aligncenter\"><img alt=\"\" loading=\"lazy\" decoding=\"async\" class=\"size-full wp-image-2176\" src=\"https:\/\/wp.unil.ch\/cinematheque-unil\/files\/2015\/02\/CATEGORIE_PORTRAITS.jpg\" alt=\"\" width=\"1069\" height=\"800\" srcset=\"https:\/\/wp.unil.ch\/cinematheque-unil\/files\/2015\/02\/CATEGORIE_PORTRAITS.jpg 1069w, https:\/\/wp.unil.ch\/cinematheque-unil\/files\/2015\/02\/CATEGORIE_PORTRAITS-300x225.jpg 300w, https:\/\/wp.unil.ch\/cinematheque-unil\/files\/2015\/02\/CATEGORIE_PORTRAITS-1024x766.jpg 1024w, https:\/\/wp.unil.ch\/cinematheque-unil\/files\/2015\/02\/CATEGORIE_PORTRAITS-401x300.jpg 401w\" sizes=\"auto, (max-width: 1069px) 100vw, 1069px\" \/><figcaption id=\"caption-attachment-2176\" class=\"wp-caption-text\">L&rsquo;\u00e9quipe de la Cin\u00e9math\u00e8que suisse au Ch\u00e2teau de Versailles, fin des ann\u00e9es 1970.<br \/>De gauche \u00e0 droite : Freddy Buache, Marcel Jordan, Roland Rime, Ren\u00e9 Favre. Photo : Andr\u00e9 Chevailler.<br \/>\u00a9 Cin\u00e9math\u00e8que suisse.<\/figcaption><\/figure>\n<p>Cette rubrique, qui sera enrichie au rythme de l\u2019avanc\u00e9e des travaux, entend pr\u00e9senter les principaux acteurs du volet \u00ab\u00a0institutionnel\u00a0\u00bb de l\u2019histoire de la Cin\u00e9math\u00e8que suisse et du Schweizerisches Filmarchiv, son pr\u00e9d\u00e9cesseur b\u00e2lois. Dans la plupart des cas, si elles ont crois\u00e9 et parfois marqu\u00e9 de mani\u00e8re significative le destin de l\u2019institution, ces personnalit\u00e9s ont \u0153uvr\u00e9 dans d\u2019autres domaines que celui des archives cin\u00e9matographiques, voire du cin\u00e9ma. Rassemblant des informations r\u00e9colt\u00e9es dans le cadre de nos recherches en archives, ces portraits l\u00e8vent le voile sur ces hommes et leur apport \u00e0 l\u2019histoire de la Cin\u00e9math\u00e8que \u2013 une histoire qui est aussi collective, travers\u00e9e par diff\u00e9rents cercles et r\u00e9seaux, dont la vari\u00e9t\u00e9 des profils regroup\u00e9s ici laisse entrevoir la complexit\u00e9.<\/p>\n<h3>Schweizerisches Filmarchiv (Archives cin\u00e9matographiques suisses, B\u00e2le 1943-1948)<\/h3>\n<h4><span style=\"color: #993366\">D\u00e9partement de l\u2019Instruction publique du Canton de B\u00e2le-Ville<\/span><\/h4>\n<ul>\n<li>Carl Miville, Chef du D\u00e9partement.<\/li>\n<li><a href=\"https:\/\/wp.unil.ch\/cinematheque-unil\/projets\/une-histoire-de-la-cinematheque-suisse\/portraits\/portrait-demil-vogt\/\">Emil Vogt, Substitut.<\/a><\/li>\n<\/ul>\n<h4><span style=\"color: #993366\">Commission des Archives<\/span><\/h4>\n<ul>\n<li><a title=\"Portrait de Peter B\u00e4chlin\" href=\"https:\/\/wp.unil.ch\/cinematheque-unil\/projets\/une-histoire-de-la-cinematheque-suisse\/portraits\/portrait-de-peter-bachlin\/\">Peter B\u00e4chlin.<\/a><\/li>\n<li><a href=\"https:\/\/wp.unil.ch\/cinematheque-unil\/projets\/une-histoire-de-la-cinematheque-suisse\/portraits\/portrait-de-peter-flisch\/\">Peter Flisch.<\/a><\/li>\n<li><a title=\"Portrait de Harry Goldschmidt\" href=\"https:\/\/wp.unil.ch\/cinematheque-unil\/projets\/une-histoire-de-la-cinematheque-suisse\/portraits\/portrait-de-harry-goldschmidt\/\">Harry Goldschmidt.<\/a><\/li>\n<li>Hermann Kienzle.<\/li>\n<li><a title=\"Portrait d\u2019Heinrich Kuhn\" href=\"https:\/\/wp.unil.ch\/cinematheque-unil\/projets\/une-histoire-de-la-cinematheque-suisse\/portraits\/portrait-dheinrich-kuhn\/\">Heinrich Kuhn.<\/a><\/li>\n<li><a href=\"https:\/\/wp.unil.ch\/cinematheque-unil\/projets\/une-histoire-de-la-cinematheque-suisse\/portraits\/portrait-de-hans-noll\/\">Hans Noll.<\/a><\/li>\n<li>Georg Schmidt.<\/li>\n<li><a href=\"https:\/\/wp.unil.ch\/cinematheque-unil\/projets\/une-histoire-de-la-cinematheque-suisse\/portraits\/portrait-de-jean-stoll\/\">Jean Stoll.<\/a><\/li>\n<li><a href=\"https:\/\/wp.unil.ch\/cinematheque-unil\/projets\/une-histoire-de-la-cinematheque-suisse\/portraits\/portrait-demil-vogt\/\">Emil Vogt.<\/a><\/li>\n<li><a href=\"https:\/\/wp.unil.ch\/cinematheque-unil\/projets\/une-histoire-de-la-cinematheque-suisse\/portraits\/portrait-deduard-weckerle\/\">Eduard Weckerle.<\/a><\/li>\n<\/ul>\n<h4><span style=\"color: #993366\">Pr\u00e9sidents<\/span><\/h4>\n<ul>\n<li>Hermann Kienzle (1943-1946).<\/li>\n<li><a title=\"Portrait d\u2019Heinrich Kuhn\" href=\"https:\/\/wp.unil.ch\/cinematheque-unil\/projets\/une-histoire-de-la-cinematheque-suisse\/portraits\/portrait-dheinrich-kuhn\/\">Heinrich Kuhn (1946-1948).<\/a><\/li>\n<\/ul>\n<h4><span style=\"color: #993366\">Secr\u00e9taires<\/span><\/h4>\n<ul>\n<li><a title=\"Portrait de Peter B\u00e4chlin\" href=\"https:\/\/wp.unil.ch\/cinematheque-unil\/projets\/une-histoire-de-la-cinematheque-suisse\/portraits\/portrait-de-peter-bachlin\/\">Peter B\u00e4chlin (1943-1946).<\/a><\/li>\n<li><a title=\"Portrait de Harry Goldschmidt\" href=\"https:\/\/wp.unil.ch\/cinematheque-unil\/projets\/une-histoire-de-la-cinematheque-suisse\/portraits\/portrait-de-harry-goldschmidt\/\">Harry Goldschmidt (1947-1948).<\/a><\/li>\n<\/ul>\n<h3>Cin\u00e9math\u00e8que suisse (Lausanne, depuis 1948)<\/h3>\n<h4><span style=\"color: #993366\">Membres fondateurs<\/span><\/h4>\n<ul>\n<li><a title=\"Portrait de Raymond A. Bech (alias Raymond Barrat)\" href=\"https:\/\/wp.unil.ch\/cinematheque-unil\/projets\/une-histoire-de-la-cinematheque-suisse\/portraits\/portrait-de-raymond-a-bech-alias-raymond-barrat\/\">Raymond A. Bech (alias Raymond Barrat).<\/a><\/li>\n<li><a title=\"Portrait de Jean Borel\" href=\"https:\/\/wp.unil.ch\/cinematheque-unil\/projets\/une-histoire-de-la-cinematheque-suisse\/portraits\/portrait-de-jean-borel\/\">Jean Borel.<\/a><\/li>\n<li>Freddy Buache.<\/li>\n<li><a title=\"Portrait de Ren\u00e9 Dasen\" href=\"https:\/\/wp.unil.ch\/cinematheque-unil\/projets\/une-histoire-de-la-cinematheque-suisse\/portraits\/portrait-de-rene-dasen\/\">Ren\u00e9 Dasen.<\/a><\/li>\n<li><a title=\"Portrait de Claude Emery\" href=\"https:\/\/wp.unil.ch\/cinematheque-unil\/projets\/une-histoire-de-la-cinematheque-suisse\/portraits\/portrait-de-claude-emery\/\">Claude Emery.<\/a><\/li>\n<li><a title=\"Portrait de Ren\u00e9 Favre\" href=\"https:\/\/wp.unil.ch\/cinematheque-unil\/projets\/une-histoire-de-la-cinematheque-suisse\/portraits\/portrait-de-rene-favre\/\">Ren\u00e9 Favre.<\/a><\/li>\n<li><a title=\"Portrait d\u2019Henri Gonthier\" href=\"https:\/\/wp.unil.ch\/cinematheque-unil\/projets\/une-histoire-de-la-cinematheque-suisse\/portraits\/portrait-dhenri-gonthier\/\">Henri Gonthier.<\/a><\/li>\n<li><a title=\"Portrait de Marcel Lavanchy\" href=\"https:\/\/wp.unil.ch\/cinematheque-unil\/projets\/une-histoire-de-la-cinematheque-suisse\/portraits\/portrait-de-marcel-lavanchy\/\">Marcel Lavanchy.<\/a><\/li>\n<li><a title=\"Portrait d\u2019Albert Mermoud\" href=\"https:\/\/wp.unil.ch\/cinematheque-unil\/projets\/une-histoire-de-la-cinematheque-suisse\/portraits\/portrait-dalbert-mermoud\/\">Albert Mermoud.<\/a><\/li>\n<li><a title=\"Portrait de Jean-Pierre Vouga\" href=\"https:\/\/wp.unil.ch\/cinematheque-unil\/projets\/une-histoire-de-la-cinematheque-suisse\/portraits\/portrait-de-jean-pierre-vouga\/\">Jean-Pierre Vouga.<\/a><\/li>\n<\/ul>\n<h3>Chambre suisse du cin\u00e9ma<\/h3>\n<ul>\n<li><a title=\"Portrait d'Antoine Borel\" href=\"https:\/\/wp.unil.ch\/cinematheque-unil\/projets\/une-histoire-de-la-cinematheque-suisse\/portraits\/portrait-dantoine-borel\/\">Antoine Borel.<\/a><\/li>\n<li><a title=\"Portrait de Hugo Mauerhofer\" href=\"https:\/\/wp.unil.ch\/cinematheque-unil\/projets\/une-histoire-de-la-cinematheque-suisse\/portraits\/portrait-de-hugo-mauerhofer\/\">Hugo Mauerhofer.<\/a><\/li>\n<\/ul>\n","protected":false},"excerpt":{"rendered":"<p>Projets Histoire de la Cin\u00e9math\u00e8que suisse Portraits Cette rubrique, qui sera enrichie au rythme de l\u2019avanc\u00e9e des travaux, entend pr\u00e9senter les principaux acteurs du volet \u00ab\u00a0institutionnel\u00a0\u00bb de l\u2019histoire de la Cin\u00e9math\u00e8que suisse et du Schweizerisches Filmarchiv, son pr\u00e9d\u00e9cesseur b\u00e2lois. Dans<\/p>\n","protected":false},"author":1469,"featured_media":0,"parent":83,"menu_order":42,"comment_status":"closed","ping_status":"closed","template":"","meta":{"_seopress_robots_primary_cat":"","_seopress_titles_title":"","_seopress_titles_desc":"","_seopress_robots_index":"","footnotes":""},"class_list":["post-1923","page","type-page","status-publish"],"_links":{"self":[{"href":"https:\/\/wp.unil.ch\/cinematheque-unil\/wp-json\/wp\/v2\/pages\/1923","targetHints":{"allow":["GET"]}}],"collection":[{"href":"https:\/\/wp.unil.ch\/cinematheque-unil\/wp-json\/wp\/v2\/pages"}],"about":[{"href":"https:\/\/wp.unil.ch\/cinematheque-unil\/wp-json\/wp\/v2\/types\/page"}],"author":[{"embeddable":true,"href":"https:\/\/wp.unil.ch\/cinematheque-unil\/wp-json\/wp\/v2\/users\/1469"}],"replies":[{"embeddable":true,"href":"https:\/\/wp.unil.ch\/cinematheque-unil\/wp-json\/wp\/v2\/comments?post=1923"}],"version-history":[{"count":0,"href":"https:\/\/wp.unil.ch\/cinematheque-unil\/wp-json\/wp\/v2\/pages\/1923\/revisions"}],"up":[{"embeddable":true,"href":"https:\/\/wp.unil.ch\/cinematheque-unil\/wp-json\/wp\/v2\/pages\/83"}],"wp:attachment":[{"href":"https:\/\/wp.unil.ch\/cinematheque-unil\/wp-json\/wp\/v2\/media?parent=1923"}],"curies":[{"name":"wp","href":"https:\/\/api.w.org\/{rel}","templated":true}]}}