{"id":191,"date":"2014-02-26T12:42:48","date_gmt":"2014-02-26T11:42:48","guid":{"rendered":"http:\/\/wp.unil.ch\/cinematheque-unil\/?page_id=191"},"modified":"2018-03-13T23:34:33","modified_gmt":"2018-03-13T22:34:33","slug":"bibliographie","status":"publish","type":"page","link":"https:\/\/wp.unil.ch\/cinematheque-unil\/projets\/une-histoire-de-la-cinematheque-suisse\/bibliographie\/","title":{"rendered":"Bibliographie s\u00e9lective"},"content":{"rendered":"<ol class=\"breadcrumb\">\n<li><a href=\"https:\/\/wp.unil.ch\/cinematheque-unil\/projets\/\">Projets<\/a><\/li>\n<li><a href=\"https:\/\/wp.unil.ch\/cinematheque-unil\/projets\/une-histoire-de-la-cinematheque-suisse\/\">Histoire de la Cin\u00e9math\u00e8que suisse<\/a><\/li>\n<li class=\"current\"><a href=\"https:\/\/wp.unil.ch\/cinematheque-unil\/projets\/une-histoire-de-la-cinematheque-suisse\/bibliographie\/\">Bibliographie s\u00e9lective<\/a><\/li>\n<\/ol>\n<div style=\"background-color: #f5f5f5\">\n<p style=\"text-align: center;font-size: large\"><strong>Sections<\/strong><\/p>\n<p style=\"text-align: center\"><a title=\"Approches th\u00e9oriques\" href=\"https:\/\/wp.unil.ch\/cinematheque-unil\/projets\/une-histoire-de-la-cinematheque-suisse\/bibliographie\/approches-theoriques\/\">Approches th\u00e9oriques<\/a><\/p>\n<p style=\"text-align: center\"><a title=\"Histoire des cin\u00e9math\u00e8ques\" href=\"https:\/\/wp.unil.ch\/cinematheque-unil\/projets\/une-histoire-de-la-cinematheque-suisse\/bibliographie\/histoire-des-cinematheques\/\">Histoire des cin\u00e9math\u00e8ques<\/a><\/p>\n<p style=\"text-align: center\"><a title=\"Histoire du cin\u00e9ma suisse\" href=\"https:\/\/wp.unil.ch\/cinematheque-unil\/projets\/une-histoire-de-la-cinematheque-suisse\/bibliographie\/histoire-du-cinema-suisse\/\">Histoire du cin\u00e9ma suisse<\/a><\/p>\n<p style=\"text-align: center\"><a title=\"Contexte historique, politique et culturel suisse\" href=\"https:\/\/wp.unil.ch\/cinematheque-unil\/projets\/une-histoire-de-la-cinematheque-suisse\/bibliographie\/contexte-historique-politique-et-culturel-suisse\/\">Contexte historique, politique et culturel suisse<\/a><\/p>\n<p style=\"text-align: center\"><a title=\"Cin\u00e9math\u00e8que suisse\" href=\"https:\/\/wp.unil.ch\/cinematheque-unil\/projets\/une-histoire-de-la-cinematheque-suisse\/bibliographie\/cinematheque-suisse\/\">Cin\u00e9math\u00e8que suisse<\/a><\/p>\n<p style=\"text-align: center\"><a title=\"Films, entretiens, documents audiovisuels\" href=\"https:\/\/wp.unil.ch\/cinematheque-unil\/projets\/une-histoire-de-la-cinematheque-suisse\/bibliographie\/films-entretiens-documents-audiovisuels\/\">Films, entretiens, documents audiovisuels<\/a><\/p>\n<\/div>\n","protected":false},"excerpt":{"rendered":"<p>Projets Histoire de la Cin\u00e9math\u00e8que suisse Bibliographie s\u00e9lective Sections Approches th\u00e9oriques Histoire des cin\u00e9math\u00e8ques Histoire du cin\u00e9ma suisse Contexte historique, politique et culturel suisse Cin\u00e9math\u00e8que suisse Films, entretiens, documents audiovisuels<\/p>\n","protected":false},"author":1469,"featured_media":0,"parent":83,"menu_order":40,"comment_status":"closed","ping_status":"closed","template":"","meta":{"_seopress_robots_primary_cat":"","_seopress_titles_title":"","_seopress_titles_desc":"","_seopress_robots_index":"","footnotes":""},"class_list":["post-191","page","type-page","status-publish"],"_links":{"self":[{"href":"https:\/\/wp.unil.ch\/cinematheque-unil\/wp-json\/wp\/v2\/pages\/191","targetHints":{"allow":["GET"]}}],"collection":[{"href":"https:\/\/wp.unil.ch\/cinematheque-unil\/wp-json\/wp\/v2\/pages"}],"about":[{"href":"https:\/\/wp.unil.ch\/cinematheque-unil\/wp-json\/wp\/v2\/types\/page"}],"author":[{"embeddable":true,"href":"https:\/\/wp.unil.ch\/cinematheque-unil\/wp-json\/wp\/v2\/users\/1469"}],"replies":[{"embeddable":true,"href":"https:\/\/wp.unil.ch\/cinematheque-unil\/wp-json\/wp\/v2\/comments?post=191"}],"version-history":[{"count":0,"href":"https:\/\/wp.unil.ch\/cinematheque-unil\/wp-json\/wp\/v2\/pages\/191\/revisions"}],"up":[{"embeddable":true,"href":"https:\/\/wp.unil.ch\/cinematheque-unil\/wp-json\/wp\/v2\/pages\/83"}],"wp:attachment":[{"href":"https:\/\/wp.unil.ch\/cinematheque-unil\/wp-json\/wp\/v2\/media?parent=191"}],"curies":[{"name":"wp","href":"https:\/\/api.w.org\/{rel}","templated":true}]}}