{"id":188,"date":"2014-02-26T12:41:36","date_gmt":"2014-02-26T11:41:36","guid":{"rendered":"http:\/\/wp.unil.ch\/cinematheque-unil\/?page_id=188"},"modified":"2018-05-16T00:26:27","modified_gmt":"2018-05-15T22:26:27","slug":"bibliographie","status":"publish","type":"page","link":"https:\/\/wp.unil.ch\/cinematheque-unil\/projets\/discours-du-scenario-etude-historique-et-genetique-des-adaptations-cinematographiques-de-stendhal\/bibliographie\/","title":{"rendered":"Bibliographie s\u00e9lective"},"content":{"rendered":"<ol class=\"breadcrumb\">\n<li><a href=\"https:\/\/wp.unil.ch\/cinematheque-unil\/projets\/\">Projets<\/a><\/li>\n<li><a href=\"https:\/\/wp.unil.ch\/cinematheque-unil\/projets\/discours-du-scenario-etude-historique-et-genetique-des-adaptations-cinematographiques-de-stendhal\/\">Discours du sc\u00e9nario<\/a><\/li>\n<li class=\"current\"><a href=\"https:\/\/wp.unil.ch\/cinematheque-unil\/projets\/discours-du-scenario-etude-historique-et-genetique-des-adaptations-cinematographiques-de-stendhal\/bibliographie\/\">Bibliographie s\u00e9lective<\/a><\/li>\n<\/ol>\n<div style=\"background-color: #f5f5f5\">\n<p style=\"text-align: center;font-size: medium\"><strong>Sections<\/strong><\/p>\n<p style=\"text-align: center\"><a title=\"Sources secondaires 1940-1960\" href=\"https:\/\/wp.unil.ch\/cinematheque-unil\/projets\/discours-du-scenario-etude-historique-et-genetique-des-adaptations-cinematographiques-de-stendhal\/bibliographie\/sources-secondaires-1940-1960\/\">Sources secondaires 1940-1960<\/a><\/p>\n<p style=\"text-align: center\"><a title=\"Litt\u00e9rature secondaire sur l\u2019adaptation\" href=\"https:\/\/wp.unil.ch\/cinematheque-unil\/projets\/discours-du-scenario-etude-historique-et-genetique-des-adaptations-cinematographiques-de-stendhal\/bibliographie\/litterature-secondaire-sur-ladaptation\/\">Litt\u00e9rature secondaire sur l\u2019adaptation<\/a><\/p>\n<p style=\"text-align: center\"><a title=\"Litt\u00e9rature secondaire sur le sc\u00e9nario\" href=\"https:\/\/wp.unil.ch\/cinematheque-unil\/projets\/discours-du-scenario-etude-historique-et-genetique-des-adaptations-cinematographiques-de-stendhal\/bibliographie\/litterature-secondaire-sur-le-scenario\/\">Litt\u00e9rature secondaire sur le sc\u00e9nario<\/a><\/p>\n<p style=\"text-align: center\"><a title=\"Approche litt\u00e9raire, g\u00e9n\u00e9tique et linguistique\" href=\"https:\/\/wp.unil.ch\/cinematheque-unil\/projets\/discours-du-scenario-etude-historique-et-genetique-des-adaptations-cinematographiques-de-stendhal\/bibliographie\/approche-litteraire-genetique-et-linguistique\/\">Approche litt\u00e9raire, g\u00e9n\u00e9tique et linguistique<\/a><\/p>\n<p style=\"text-align: center\"><a title=\"Approche narratologique\" href=\"https:\/\/wp.unil.ch\/cinematheque-unil\/projets\/discours-du-scenario-etude-historique-et-genetique-des-adaptations-cinematographiques-de-stendhal\/bibliographie\/approche-narratologique\/\">Approche narratologique<\/a><\/p>\n<p style=\"text-align: center\"><a title=\"Approche historique et monographique\" href=\"https:\/\/wp.unil.ch\/cinematheque-unil\/projets\/discours-du-scenario-etude-historique-et-genetique-des-adaptations-cinematographiques-de-stendhal\/bibliographie\/approche-historique-et-monographique\/\">Approche historique et monographique<\/a><\/p>\n<p style=\"text-align: center\"><a title=\"Approche sociologique\" href=\"https:\/\/wp.unil.ch\/cinematheque-unil\/projets\/discours-du-scenario-etude-historique-et-genetique-des-adaptations-cinematographiques-de-stendhal\/bibliographie\/approche-sociologique\/\">Approche sociologique<\/a><\/p>\n<\/div>\n","protected":false},"excerpt":{"rendered":"<p>Projets Discours du sc\u00e9nario Bibliographie s\u00e9lective Sections Sources secondaires 1940-1960 Litt\u00e9rature secondaire sur l\u2019adaptation Litt\u00e9rature secondaire sur le sc\u00e9nario Approche litt\u00e9raire, g\u00e9n\u00e9tique et linguistique Approche narratologique Approche historique et monographique Approche sociologique<\/p>\n","protected":false},"author":1469,"featured_media":0,"parent":123,"menu_order":45,"comment_status":"closed","ping_status":"closed","template":"","meta":{"_seopress_robots_primary_cat":"","_seopress_titles_title":"","_seopress_titles_desc":"","_seopress_robots_index":"","footnotes":""},"class_list":["post-188","page","type-page","status-publish"],"_links":{"self":[{"href":"https:\/\/wp.unil.ch\/cinematheque-unil\/wp-json\/wp\/v2\/pages\/188","targetHints":{"allow":["GET"]}}],"collection":[{"href":"https:\/\/wp.unil.ch\/cinematheque-unil\/wp-json\/wp\/v2\/pages"}],"about":[{"href":"https:\/\/wp.unil.ch\/cinematheque-unil\/wp-json\/wp\/v2\/types\/page"}],"author":[{"embeddable":true,"href":"https:\/\/wp.unil.ch\/cinematheque-unil\/wp-json\/wp\/v2\/users\/1469"}],"replies":[{"embeddable":true,"href":"https:\/\/wp.unil.ch\/cinematheque-unil\/wp-json\/wp\/v2\/comments?post=188"}],"version-history":[{"count":0,"href":"https:\/\/wp.unil.ch\/cinematheque-unil\/wp-json\/wp\/v2\/pages\/188\/revisions"}],"up":[{"embeddable":true,"href":"https:\/\/wp.unil.ch\/cinematheque-unil\/wp-json\/wp\/v2\/pages\/123"}],"wp:attachment":[{"href":"https:\/\/wp.unil.ch\/cinematheque-unil\/wp-json\/wp\/v2\/media?parent=188"}],"curies":[{"name":"wp","href":"https:\/\/api.w.org\/{rel}","templated":true}]}}