{"id":1845,"date":"2015-02-16T17:18:07","date_gmt":"2015-02-16T16:18:07","guid":{"rendered":"http:\/\/wp.unil.ch\/cinematheque-unil\/?page_id=1845"},"modified":"2018-03-14T16:42:05","modified_gmt":"2018-03-14T15:42:05","slug":"contexte-historique-politique-et-culturel-suisse","status":"publish","type":"page","link":"https:\/\/wp.unil.ch\/cinematheque-unil\/projets\/une-histoire-de-la-cinematheque-suisse\/bibliographie\/contexte-historique-politique-et-culturel-suisse\/","title":{"rendered":"Contexte historique, politique et culturel suisse"},"content":{"rendered":"<ol class=\"breadcrumb\">\n<li><a href=\"https:\/\/wp.unil.ch\/cinematheque-unil\/projets\/\">Projets<\/a><\/li>\n<li><a href=\"https:\/\/wp.unil.ch\/cinematheque-unil\/projets\/une-histoire-de-la-cinematheque-suisse\/\">Histoire de la Cin\u00e9math\u00e8que suisse<\/a><\/li>\n<li><a href=\"https:\/\/wp.unil.ch\/cinematheque-unil\/projets\/une-histoire-de-la-cinematheque-suisse\/bibliographie\/\">Bibliographie s\u00e9lective<\/a><\/li>\n<li class=\"current\"><a href=\"https:\/\/wp.unil.ch\/cinematheque-unil\/projets\/une-histoire-de-la-cinematheque-suisse\/bibliographie\/contexte-historique-politique-et-culturel-suisse\/\">Contexte historique, politique et culturel suisse<\/a><\/li>\n<\/ol>\n<div style=\"margin-left: 138px;text-indent: -34px\">\n<p style=\"text-align: justify;font-size: small\">Florence Bays et Carine Corajoud, <em>Edmond Gilliard et la vie culturelle romande<\/em>, Lausanne, Antipodes, 2010.<\/p>\n<p style=\"text-align: justify;font-size: small\">Jean-Fran\u00e7ois Fayet, <em>VOKS, Le laboratoire helv\u00e9tique. Histoire de la diplomatie culturelle sovi\u00e9tique durant l\u2019entre-deux-guerres<\/em>, Gen\u00e8ve, Georg \u00c9diteur, 2014.<\/p>\n<p style=\"text-align: justify;font-size: small\">Fran\u00e7oise Fornerod, <em>Lausanne, le temps des audaces : les id\u00e9es, les lettres et les arts de 1945 \u00e0 1955<\/em>, Lausanne, Payot, 1993.<\/p>\n<p style=\"text-align: justify;font-size: small\">Matthieu Gillabert, Claude Hauser, Thomas Kadelbach et Pauline Milani, \u00ab La culture comme politique publique : le cas de la Suisse \u00bb, in Philippe Poirrier (dir.), <em>Pour une histoire des politiques culturelles dans le monde<\/em>, Paris, La documentation fran\u00e7aise, 2011, pp. 447-463.<\/p>\n<p style=\"text-align: justify;font-size: small\">Matthieu Gillabert, <em>Dans les coulisses de la diplomatie culturelle suisse : objectifs, r\u00e9seaux et r\u00e9alisations (1938-1984)<\/em>, Neuch\u00e2tel, \u00c9ditions Alphil &#8211; Presses universitaires suisses, 2013.<\/p>\n<p style=\"text-align: justify;font-size: small\">Claude Hauser, Bruno Seger et Jakob Tanner (dir.), <em>Entre culture et politique. Pro Helvetia de 1939 \u00e0 2009<\/em>, Zurich\/Gen\u00e8ve, Neue Z\u00fcrcher Zeitung\/Slatkine, 2010.<\/p>\n<p style=\"text-align: justify;font-size: small\">Gianni Haver, <em>Les lueurs de la guerre. Ecrans vaudois 1939-1945<\/em>, Lausanne : Payot, 2003.<\/p>\n<p style=\"text-align: justify;font-size: small\">Thomas Kadelbach, <em>\u00ab Swiss made \u00bb : Pro Helvetia et l\u2019image de la Suisse \u00e0 l\u2019\u00e9tranger (1945-1990)<\/em>, Neuch\u00e2tel, \u00c9ditions Alphil &#8211; Presses universitaires suisses, 2013.<\/p>\n<p style=\"text-align: justify;font-size: small\">Pauline Milani, <em>Le diplomate et l\u2019artiste : construction d\u2019une politique culturelle suisse \u00e0 l\u2019\u00e9tranger (1938-1985)<\/em>, Neuch\u00e2tel, \u00c9ditions Alphil &#8211; Presses universitaires suisses, 2013.<\/p>\n<p style=\"text-align: justify;font-size: small\">Charles Stirnimann, <em>Der Weg in die Nachkriegszeit 1943-1948. Ein Beitrag zur politichen Sozialgeschichte des \u00ab Roten Basel \u00bb<\/em>, Basel\/Kassel, F. Reinhardt, 1992.<\/p>\n<p style=\"text-align: justify;font-size: small\">Daniel Vuataz, <em>\u00ab Toutes fronti\u00e8res ouvertes \u00bb &#8211; Frank Jotterand et la Gazette litt\u00e9raire. Deux d\u00e9cennies d\u2019engagement culturel en Suisse romande (1949-1972)<\/em>, Charmey, Les \u00c9ditions de l\u2019H\u00e8be, 2013.<\/p>\n<\/div>\n","protected":false},"excerpt":{"rendered":"<p>Projets Histoire de la Cin\u00e9math\u00e8que suisse Bibliographie s\u00e9lective Contexte historique, politique et culturel suisse Florence Bays et Carine Corajoud, Edmond Gilliard et la vie culturelle romande, Lausanne, Antipodes, 2010. Jean-Fran\u00e7ois Fayet, VOKS, Le laboratoire helv\u00e9tique. Histoire de la diplomatie culturelle<\/p>\n","protected":false},"author":1469,"featured_media":0,"parent":191,"menu_order":35,"comment_status":"closed","ping_status":"closed","template":"","meta":{"_seopress_robots_primary_cat":"","_seopress_titles_title":"","_seopress_titles_desc":"","_seopress_robots_index":"","footnotes":""},"class_list":["post-1845","page","type-page","status-publish"],"_links":{"self":[{"href":"https:\/\/wp.unil.ch\/cinematheque-unil\/wp-json\/wp\/v2\/pages\/1845","targetHints":{"allow":["GET"]}}],"collection":[{"href":"https:\/\/wp.unil.ch\/cinematheque-unil\/wp-json\/wp\/v2\/pages"}],"about":[{"href":"https:\/\/wp.unil.ch\/cinematheque-unil\/wp-json\/wp\/v2\/types\/page"}],"author":[{"embeddable":true,"href":"https:\/\/wp.unil.ch\/cinematheque-unil\/wp-json\/wp\/v2\/users\/1469"}],"replies":[{"embeddable":true,"href":"https:\/\/wp.unil.ch\/cinematheque-unil\/wp-json\/wp\/v2\/comments?post=1845"}],"version-history":[{"count":0,"href":"https:\/\/wp.unil.ch\/cinematheque-unil\/wp-json\/wp\/v2\/pages\/1845\/revisions"}],"up":[{"embeddable":true,"href":"https:\/\/wp.unil.ch\/cinematheque-unil\/wp-json\/wp\/v2\/pages\/191"}],"wp:attachment":[{"href":"https:\/\/wp.unil.ch\/cinematheque-unil\/wp-json\/wp\/v2\/media?parent=1845"}],"curies":[{"name":"wp","href":"https:\/\/api.w.org\/{rel}","templated":true}]}}