{"id":1831,"date":"2015-02-16T16:47:21","date_gmt":"2015-02-16T15:47:21","guid":{"rendered":"http:\/\/wp.unil.ch\/cinematheque-unil\/?page_id=1831"},"modified":"2018-03-14T16:40:39","modified_gmt":"2018-03-14T15:40:39","slug":"histoire-du-cinema-suisse","status":"publish","type":"page","link":"https:\/\/wp.unil.ch\/cinematheque-unil\/projets\/une-histoire-de-la-cinematheque-suisse\/bibliographie\/histoire-du-cinema-suisse\/","title":{"rendered":"Histoire du cin\u00e9ma suisse"},"content":{"rendered":"<ol class=\"breadcrumb\">\n<li><a href=\"https:\/\/wp.unil.ch\/cinematheque-unil\/projets\/\">Projets<\/a><\/li>\n<li><a href=\"https:\/\/wp.unil.ch\/cinematheque-unil\/projets\/une-histoire-de-la-cinematheque-suisse\/\">Histoire de la Cin\u00e9math\u00e8que suisse<\/a><\/li>\n<li><a href=\"https:\/\/wp.unil.ch\/cinematheque-unil\/projets\/une-histoire-de-la-cinematheque-suisse\/bibliographie\/\">Bibliographie s\u00e9lective<\/a><\/li>\n<li class=\"current\"><a href=\"https:\/\/wp.unil.ch\/cinematheque-unil\/projets\/une-histoire-de-la-cinematheque-suisse\/bibliographie\/histoire-du-cinema-suisse\/\">Histoire du cin\u00e9ma suisse<\/a><\/li>\n<\/ol>\n<div style=\"margin-left: 138px;text-indent: -34px\">\n<p style=\"text-align: justify;font-size: small\">Kaspar Birkh\u00e4user, \u00ab F\u00fcnfzig Jahre im Dienste der Filmbesucher und des guten Films : Le Bon Film, Basel, 1931-1981. Eine historische \u00dcbersicht \u00bb, in <em>50 Jahre Le Bon Film<\/em>, B\u00e2le, Le Bon Film, 1981, pp. 7-46.<\/p>\n<p style=\"text-align: justify;font-size: small\">Alain Boillat, Philipp Brunner et Barbara Fl\u00fcckiger (dir.), <em>Kino CH. Rezeption, \u00c4sthetik, Geschichte\/Cin\u00e9ma CH. R\u00e9ception, esth\u00e9tique, histoire<\/em>, Marburg, Sch\u00fcren, 2008.<\/p>\n<p style=\"text-align: justify;font-size: small\">Freddy Buache, <em>Le cin\u00e9ma suisse 1898-1998<\/em>, Lausanne, L&rsquo;\u00c2ge d\u2019homme, 1998 [\u00e9dition revue et augment\u00e9e. 1\u00e8re \u00e9d. : 1974].<\/p>\n<p style=\"text-align: justify;font-size: small\">Roland Cosandey (dir.), <em>Festival internazionale del film Locarno. 40 ans. Chronique et filmographie<\/em>, Locarno, Festival International du Film Locarno, 1988\u00a0; vol. 2\u00a0: Fr\u00e9d\u00e9ric Maire, en collaboration avec Patrizia Pesko, <em>Festival internazionale del film Locarno. 50 ans. Chronique et filmographie. 10 ans 1988-1997<\/em>, Locarno, Festival international du Film de Locarno, 1997.<\/p>\n<p style=\"text-align: justify;font-size: small\">\u2013, avec la collaboration de Pierre-Emmanuel Jaques, \u00ab Histoires de cin\u00e9ma. Territoires, th\u00e8mes et travaux \u00bb, <em>Revue historique vaudoise<\/em>, vol. 115, 2007, pp. 9-25.<\/p>\n<p style=\"text-align: justify;font-size: small\">Herv\u00e9 Dumont, <em>Histoire du cin\u00e9ma suisse. Films de fiction, 1896-1965<\/em>, Lausanne, Cin\u00e9math\u00e8que suisse, 1987.<\/p>\n<p style=\"text-align: justify;font-size: small\">Herv\u00e9 Dumont et Maria Tortajada (dir.), <em>Histoire du cin\u00e9ma suisse, 1966-2000<\/em>, Lausanne\/Hauterive, Cin\u00e9math\u00e8que suisse\/Attinger, 2007.<\/p>\n<p style=\"text-align: justify;font-size: small\">Rebekka Fr\u00e4nkel, <em>Bilder der \u00ab\u00a0sonnt\u00e4glichen \u00bb Schweiz. Die Schweizer Filmwochenschau in der \u00c4ra des Kalten Krieges<\/em>, Lizentiatsarbeit an der Philosophischen Fakult\u00e4t der Universit\u00e4t Z\u00fcrich, Referent: Prof. Dr. Bruno Fritzsche, Mai 2003 [disponible en ligne : <a title=\"Rebekka Fr\u00e4nkel\" href=\"https:\/\/memoriav.ch\/projects\/begleitprojekt-schweizer-filmwochenschau-1940-1975\/\" target=\"_blank\">https:\/\/memoriav.ch\/projects\/begleitprojekt-schweizer-filmwochenschau-1940-1975\/<\/a>].<\/p>\n<p style=\"text-align: justify;font-size: small\">Bernard Gasser, <em>Cin\u00e9-journal suisse. Aper\u00e7u historique (1923-1945) et analyse de tous les num\u00e9ros de 1945<\/em>, \u00ab Travelling \u00bb, nr. 53\/54, Lausanne : Cin\u00e9math\u00e8que suisse, 1979.<\/p>\n<p style=\"text-align: justify;font-size: small\">Olivier Lugon et Fran\u00e7ois Vallotton (dir.), <em>Revisiter l\u2019Expo 64. Acteurs, discours, controverses<\/em>, Lausanne, Presses polytechniques et universitaires romandes, 2014, chap. 4 \u00ab\u00a0Cin\u00e9ma et m\u00e9dias\u00a0\u00bb.<\/p>\n<p style=\"text-align: justify;font-size: small\">Olivier Moeschler, <em>Cin\u00e9astes ind\u00e9pendants, politique f\u00e9d\u00e9rale du cin\u00e9ma et co-production du \u00ab Nouveau cin\u00e9ma suisse \u00bb, 1963-1970. Contribution \u00e0 une sociologie de l\u2019innovation artistique<\/em>, th\u00e8se de doctorat, Universit\u00e9 de Lausanne, 2008.<\/p>\n<p style=\"text-align: justify;font-size: small\">\u2013, <em>Cin\u00e9ma suisse. Une politique culturelle en action : l\u2019\u00c9tat, les professionnels, les publics<\/em>, Lausanne, Presses polytechniques et universitaires romandes, 2011.<\/p>\n<p style=\"text-align: justify;font-size: small\">Thomas Sch\u00e4rer, Eva Sutter, Chronik der Schweizer Filmwochenschau, Politische Information: Begleitprojekt<br \/>\n\u00ab\u00a0Schweizer Filmwochenschau 1940-1975\u00a0\u00bb. Zeitzeugenbefragung und Quellenrecherchen, Memoriav, 1999\/2000 [disponible en ligne : <a title=\"Thomas Sch\u00e4fer Eva Sutter\" href=\"https:\/\/memoriav.ch\/wp-content\/uploads\/2015\/06\/chronik_filmwochenschau.pdf\" target=\"_blank\">https:\/\/memoriav.ch\/wp-content\/uploads\/2015\/06\/chronik_filmwochenschau.pdf<\/a>].<\/p>\n<p style=\"text-align: justify;font-size: small\">Yvonne Zimmermann (dir.), <em>Schaufenster Schweiz. Dokumentarische Gebrauchsfilme 1896-1964<\/em>, Zurich, Limmat, 2011.<\/p>\n<p style=\"text-align: justify;font-size: small\"><em>Cin\u00e9m\u00e9moire.ch \u2013 Une histoire orale du cin\u00e9ma suisse. La production en Suisse romande \u00e0 l\u2019\u00e9poque du \u00ab\u00a0nouveau cin\u00e9ma\u00a0\u00bb (ann\u00e9es 1960-70), t\u00e9l\u00e9vision et r\u00e9seaux<\/em>, site Web consultable <a title=\"Cin\u00e9m\u00e9moire.ch\" href=\"https:\/\/wp.unil.ch\/cinememoire\/\" target=\"_blank\">ici<\/a>.<\/p>\n<\/div>\n","protected":false},"excerpt":{"rendered":"<p>Projets Histoire de la Cin\u00e9math\u00e8que suisse Bibliographie s\u00e9lective Histoire du cin\u00e9ma suisse Kaspar Birkh\u00e4user, \u00ab F\u00fcnfzig Jahre im Dienste der Filmbesucher und des guten Films : Le Bon Film, Basel, 1931-1981. Eine historische \u00dcbersicht \u00bb, in 50 Jahre Le Bon<\/p>\n","protected":false},"author":1469,"featured_media":0,"parent":191,"menu_order":30,"comment_status":"closed","ping_status":"closed","template":"","meta":{"_seopress_robots_primary_cat":"","_seopress_titles_title":"","_seopress_titles_desc":"","_seopress_robots_index":"","footnotes":""},"class_list":["post-1831","page","type-page","status-publish"],"_links":{"self":[{"href":"https:\/\/wp.unil.ch\/cinematheque-unil\/wp-json\/wp\/v2\/pages\/1831","targetHints":{"allow":["GET"]}}],"collection":[{"href":"https:\/\/wp.unil.ch\/cinematheque-unil\/wp-json\/wp\/v2\/pages"}],"about":[{"href":"https:\/\/wp.unil.ch\/cinematheque-unil\/wp-json\/wp\/v2\/types\/page"}],"author":[{"embeddable":true,"href":"https:\/\/wp.unil.ch\/cinematheque-unil\/wp-json\/wp\/v2\/users\/1469"}],"replies":[{"embeddable":true,"href":"https:\/\/wp.unil.ch\/cinematheque-unil\/wp-json\/wp\/v2\/comments?post=1831"}],"version-history":[{"count":0,"href":"https:\/\/wp.unil.ch\/cinematheque-unil\/wp-json\/wp\/v2\/pages\/1831\/revisions"}],"up":[{"embeddable":true,"href":"https:\/\/wp.unil.ch\/cinematheque-unil\/wp-json\/wp\/v2\/pages\/191"}],"wp:attachment":[{"href":"https:\/\/wp.unil.ch\/cinematheque-unil\/wp-json\/wp\/v2\/media?parent=1831"}],"curies":[{"name":"wp","href":"https:\/\/api.w.org\/{rel}","templated":true}]}}