{"id":1812,"date":"2015-02-16T14:30:05","date_gmt":"2015-02-16T13:30:05","guid":{"rendered":"http:\/\/wp.unil.ch\/cinematheque-unil\/?page_id=1812"},"modified":"2018-03-13T23:41:11","modified_gmt":"2018-03-13T22:41:11","slug":"approches-theoriques","status":"publish","type":"page","link":"https:\/\/wp.unil.ch\/cinematheque-unil\/projets\/une-histoire-de-la-cinematheque-suisse\/bibliographie\/approches-theoriques\/","title":{"rendered":"Approches th\u00e9oriques"},"content":{"rendered":"<ol class=\"breadcrumb\">\n<li><a href=\"https:\/\/wp.unil.ch\/cinematheque-unil\/projets\/\">Projets<\/a><\/li>\n<li><a href=\"https:\/\/wp.unil.ch\/cinematheque-unil\/projets\/une-histoire-de-la-cinematheque-suisse\/\">Histoire de la Cin\u00e9math\u00e8que suisse<\/a><\/li>\n<li><a href=\"https:\/\/wp.unil.ch\/cinematheque-unil\/projets\/une-histoire-de-la-cinematheque-suisse\/bibliographie\/\">Bibliographie s\u00e9lective<\/a><\/li>\n<li class=\"current\"><a href=\"https:\/\/wp.unil.ch\/cinematheque-unil\/projets\/une-histoire-de-la-cinematheque-suisse\/bibliographie\/approches-theoriques\/\">Approches th\u00e9oriques<\/a><\/li>\n<\/ol>\n<div style=\"margin-left: 138px;text-indent: -34px\">\n<p style=\"text-align: justify;font-size: small\">Emmanuel Amougou, \u00ab\u00a0La question patrimoniale. Rep\u00e8res critiques, critique des rep\u00e8res\u00a0\u00bb, in Emmanuel Amougou (dir.), <em>La question patrimoniale de la \u00ab\u00a0patrimonialisation\u00a0\u00bb \u00e0 l\u2019examen des situations concr\u00e8tes<\/em>, Paris, L\u2019Harmattan, 2004.<\/p>\n<p style=\"text-align: justify;font-size: small\">Vincent Dubois,\u00a0<em>La politique culturelle. Gen\u00e8se d\u2019une cat\u00e9gorie d\u2019intervention publique<\/em>, Paris, Belin, 2012 [1\u00e8re \u00e9d. : 1999].<\/p>\n<p style=\"text-align: justify;font-size: small\">Jo\u00ebl Guibert et Guy Jumel, <em>La socio-histoire<\/em>, Paris, Armand Colin, 2002.<\/p>\n<p style=\"text-align: justify;font-size: small\">Nathalie Heinich,\u00a0<em>La fabrique du patrimoine<\/em>, Paris, Maison des sciences de l\u2019homme, 2009.<\/p>\n<p style=\"text-align: justify;font-size: small\">Nathalie Heinich et Roberta Shapiro (dir.), <em>De l\u2019artification. Enqu\u00eates sur le passage \u00e0 l\u2019art<\/em>, Paris, \u00c9ditions de l\u2019EHESS, 2012.<\/p>\n<p style=\"text-align: justify;font-size: small\">Jacques Lagroye et Michel Offerle (dir.), <em>Sociologie de l\u2019institution<\/em>, Paris, Belin, 2010.<\/p>\n<p style=\"text-align: justify;font-size: small\">G\u00e9rard Noiriel, <em>Introduction \u00e0 la socio-histoire<\/em>, Paris, La D\u00e9couverte, 2006.<\/p>\n<p style=\"text-align: justify;font-size: small\">Pascal Ory, <em>L\u2019histoire culturelle<\/em>, Paris, Presses universitaires de France, 2004.<\/p>\n<p style=\"text-align: justify;font-size: small\">Philippe Poirrier,\u00a0<em>Histoire des politiques culturelles de la France contemporaine<\/em>, Dijon, Bibliest\/Centre de formation des biblioth\u00e8ques, 1998 [2\u00e8me \u00e9dition].<\/p>\n<p style=\"text-align: justify;font-size: small\">\u2013, <em>Les enjeux de l\u2019histoire culturelle<\/em>, Paris, \u00c9ditions du Seuil, 2004.<\/p>\n<p style=\"text-align: justify;font-size: small\">\u2013 (dir.), <i>Politiques et pratiques de la culture<\/i>, Paris, La Documentation fran\u00e7aise, 2010.<\/p>\n<p style=\"text-align: justify;font-size: small\">Philippe Poirrier et Vincent Dubois (dir.),\u00a0<em>Les collectivit\u00e9s locales et la culture : les formes de l\u2019institutionnalisation 19e-20e si\u00e8cles<\/em>, Paris, Comit\u00e9 du Minist\u00e8re de la Culture\/Maison des sciences de l\u2019homme, 2002.<\/p>\n<p style=\"text-align: justify;font-size: small\">Dominique Poulot, \u00ab\u00a0Bilan et perspectives pour une histoire culturelle des mus\u00e9es\u00a0\u00bb, <em>Publics et Mus\u00e9es<\/em>, n\u00b0 2, 1992.<\/p>\n<p style=\"text-align: justify;font-size: small\">\u2013,\u00a0<em>Patrimoine et mus\u00e9es<\/em>, Paris, Hachette, 2014 [1\u00e8re \u00e9d. : 2001].<\/p>\n<p style=\"text-align: justify;font-size: small\">\u2013,\u00a0<em>Une histoire du patrimoine en Occident, 18e-21e si\u00e8cle<\/em>, Paris, Presses universitaires de France, 2006.<\/p>\n<p style=\"text-align: justify;font-size: small\">Philippe Urfalino,\u00a0<em>L\u2019invention de la politique culturelle<\/em>, Paris, Pluriel, 2011 [1\u00e8re \u00e9d. : 1996].<\/p>\n<\/div>\n","protected":false},"excerpt":{"rendered":"<p>Projets Histoire de la Cin\u00e9math\u00e8que suisse Bibliographie s\u00e9lective Approches th\u00e9oriques Emmanuel Amougou, \u00ab\u00a0La question patrimoniale. Rep\u00e8res critiques, critique des rep\u00e8res\u00a0\u00bb, in Emmanuel Amougou (dir.), La question patrimoniale de la \u00ab\u00a0patrimonialisation\u00a0\u00bb \u00e0 l\u2019examen des situations concr\u00e8tes, Paris, L\u2019Harmattan, 2004. Vincent Dubois,\u00a0La<\/p>\n","protected":false},"author":1469,"featured_media":0,"parent":191,"menu_order":25,"comment_status":"closed","ping_status":"closed","template":"","meta":{"_seopress_robots_primary_cat":"","_seopress_titles_title":"","_seopress_titles_desc":"","_seopress_robots_index":"","footnotes":""},"class_list":["post-1812","page","type-page","status-publish"],"_links":{"self":[{"href":"https:\/\/wp.unil.ch\/cinematheque-unil\/wp-json\/wp\/v2\/pages\/1812","targetHints":{"allow":["GET"]}}],"collection":[{"href":"https:\/\/wp.unil.ch\/cinematheque-unil\/wp-json\/wp\/v2\/pages"}],"about":[{"href":"https:\/\/wp.unil.ch\/cinematheque-unil\/wp-json\/wp\/v2\/types\/page"}],"author":[{"embeddable":true,"href":"https:\/\/wp.unil.ch\/cinematheque-unil\/wp-json\/wp\/v2\/users\/1469"}],"replies":[{"embeddable":true,"href":"https:\/\/wp.unil.ch\/cinematheque-unil\/wp-json\/wp\/v2\/comments?post=1812"}],"version-history":[{"count":0,"href":"https:\/\/wp.unil.ch\/cinematheque-unil\/wp-json\/wp\/v2\/pages\/1812\/revisions"}],"up":[{"embeddable":true,"href":"https:\/\/wp.unil.ch\/cinematheque-unil\/wp-json\/wp\/v2\/pages\/191"}],"wp:attachment":[{"href":"https:\/\/wp.unil.ch\/cinematheque-unil\/wp-json\/wp\/v2\/media?parent=1812"}],"curies":[{"name":"wp","href":"https:\/\/api.w.org\/{rel}","templated":true}]}}