{"id":1787,"date":"2015-02-08T18:18:59","date_gmt":"2015-02-08T17:18:59","guid":{"rendered":"http:\/\/wp.unil.ch\/cinematheque-unil\/?page_id=1787"},"modified":"2018-06-10T02:44:46","modified_gmt":"2018-06-10T00:44:46","slug":"histoire-des-appareils-bolex","status":"publish","type":"page","link":"https:\/\/wp.unil.ch\/cinematheque-unil\/projets\/bolex-et-le-cinema-amateur\/bibliographie-selective\/histoire-des-appareils-bolex\/","title":{"rendered":"Histoire des appareils Bolex"},"content":{"rendered":"<ol class=\"breadcrumb\">\n<li><a href=\"https:\/\/wp.unil.ch\/cinematheque-unil\/projets\/\">Projets<\/a><\/li>\n<li><a href=\"https:\/\/wp.unil.ch\/cinematheque-unil\/projets\/bolex-et-le-cinema-amateur\/\">Bolex et le cin\u00e9ma amateur en Suisse<\/a><\/li>\n<li><a href=\"https:\/\/wp.unil.ch\/cinematheque-unil\/projets\/bolex-et-le-cinema-amateur\/bibliographie-selective\/\">Bibliographie s\u00e9lective<\/a><\/li>\n<li class=\"current\"><a href=\"https:\/\/wp.unil.ch\/cinematheque-unil\/projets\/bolex-et-le-cinema-amateur\/bibliographie-selective\/histoire-des-appareils-bolex\/\">Histoire des appareils Bolex<\/a><\/li>\n<\/ol>\n<div style=\"margin-left: 138px;text-indent: -34px\">\n<p style=\"text-align: justify;font-size: small\">Carlos Bustamante, \u00ab\u00a0The Bolex Motion Picture Camera\u00a0\u00bb, in John Fullerton et Astrid S\u00f6derbergh Widding (dir.), <em>Moving Images: From Edison to the Webcam<\/em>, Sydney, J. Libbey, 2000, pp. 59-65.<\/p>\n<p style=\"text-align: justify;font-size: small\">Roland Cosandey et Serge Oulevay, \u00ab\u00a0Du Cin\u00e9graphe Bol au Bolex H16. Les appareils de Jacques Boolsky, Gen\u00e8ve, et Paillard, Sainte-Croix\u00a0\u00bb, in collectif de recherches de l\u2019Universit\u00e9 et Mus\u00e9es lausannois <em>19-39. La Suisse romande entre les deux guerres<\/em>, Lausanne, Payot, 1986, pp. 250-253.<\/p>\n<p style=\"text-align: justify;font-size: small\">Olivier Lugon, \u00ab\u00a0L\u2019exposition automatique\u00a0: diaporama et \u00e9lectronique \u00e0 l\u2019Expo\u00a064\u00a0\u00bb, in Olivier Lugon et Fran\u00e7ois Vallotton\u00a0(dir.), <em>Revisiter l\u2019Expo\u00a064. Acteurs, discours, controverses<\/em>, Lausanne, Presses polytechniques et universitaires romandes, 2014, pp.\u00a0366-383.<\/p>\n<p style=\"text-align: justify;font-size: small\">Thomas Perret, \u00ab \u00c9l\u00e9ments pour une histoire de la R&amp;D dans l\u2019industrie m\u00e9canique de l\u2019Arc jurassien suisse : \u00e9tude compar\u00e9e des entreprises Paillard SA et Portescap SA, 1920-1973 \u00bb, in Jean-Claude Daumas (dir.), <em>Les syst\u00e8mes productifs dans l\u2019Arc jurassien. Acteurs, pratiques et territoires (XIXe-XXe si\u00e8cles)<\/em>, Besan\u00e7on, Presses universitaires de Franche-Comt\u00e9, 2004, pp. 199-225.<\/p>\n<p style=\"text-align: justify;font-size: small\">Thomas Perret et Roland Cosandey, <em>Paillard-Bolex-Boolsky<\/em>, Yverdon-les-Bains, \u00c9ditions de la Thi\u00e8le, 2013.<\/p>\n<p style=\"text-align: justify;font-size: small\">Manon Schick, <em>Le travail des femmes en Suisse pendant la Seconde Guerre mondiale, \u00e0 travers l\u2019exemple de Paillard S.A., entreprise vaudoise de petite m\u00e9canique \u00e0 Ste-Croix et Yverdon (1937-1948)<\/em>, m\u00e9moire de licence, Universit\u00e9 de Lausanne, 2003.<\/p>\n<p style=\"text-align: justify;font-size: small\">\u2013, \u00ab Les ouvri\u00e8res chez Paillard : le caract\u00e8re transversal de la discrimination sexu\u00e9e, 1937-1948 \u00bb, in Sabine Christe, Nora Natchkova, Manon Schick et C\u00e9line Schoeni, <em>Au foyer de l\u2019in\u00e9galit\u00e9. La division sexuelle du travail pendant la crise des ann\u00e9es 1930 et la Deuxi\u00e8me guerre mondiale<\/em>, Lausanne, Antipodes, 2005, pp. 181-243.<\/p>\n<p style=\"text-align: justify;font-size: small\">Laurent Tissot, <em>E. Paillard &amp; Cie, SA. Une entreprise vaudoise de petite m\u00e9canique, 1920-1945<\/em>, Cousset, \u00c9ditions Delval, 1987.<\/p>\n<\/div>\n","protected":false},"excerpt":{"rendered":"<p>Projets Bolex et le cin\u00e9ma amateur en Suisse Bibliographie s\u00e9lective Histoire des appareils Bolex Carlos Bustamante, \u00ab\u00a0The Bolex Motion Picture Camera\u00a0\u00bb, in John Fullerton et Astrid S\u00f6derbergh Widding (dir.), Moving Images: From Edison to the Webcam, Sydney, J. Libbey, 2000,<\/p>\n","protected":false},"author":1469,"featured_media":0,"parent":1781,"menu_order":23,"comment_status":"closed","ping_status":"closed","template":"","meta":{"_seopress_robots_primary_cat":"","_seopress_titles_title":"","_seopress_titles_desc":"","_seopress_robots_index":"","footnotes":""},"class_list":["post-1787","page","type-page","status-publish"],"_links":{"self":[{"href":"https:\/\/wp.unil.ch\/cinematheque-unil\/wp-json\/wp\/v2\/pages\/1787","targetHints":{"allow":["GET"]}}],"collection":[{"href":"https:\/\/wp.unil.ch\/cinematheque-unil\/wp-json\/wp\/v2\/pages"}],"about":[{"href":"https:\/\/wp.unil.ch\/cinematheque-unil\/wp-json\/wp\/v2\/types\/page"}],"author":[{"embeddable":true,"href":"https:\/\/wp.unil.ch\/cinematheque-unil\/wp-json\/wp\/v2\/users\/1469"}],"replies":[{"embeddable":true,"href":"https:\/\/wp.unil.ch\/cinematheque-unil\/wp-json\/wp\/v2\/comments?post=1787"}],"version-history":[{"count":0,"href":"https:\/\/wp.unil.ch\/cinematheque-unil\/wp-json\/wp\/v2\/pages\/1787\/revisions"}],"up":[{"embeddable":true,"href":"https:\/\/wp.unil.ch\/cinematheque-unil\/wp-json\/wp\/v2\/pages\/1781"}],"wp:attachment":[{"href":"https:\/\/wp.unil.ch\/cinematheque-unil\/wp-json\/wp\/v2\/media?parent=1787"}],"curies":[{"name":"wp","href":"https:\/\/api.w.org\/{rel}","templated":true}]}}