{"id":1781,"date":"2015-02-08T12:42:19","date_gmt":"2015-02-08T11:42:19","guid":{"rendered":"http:\/\/wp.unil.ch\/cinematheque-unil\/?page_id=1781"},"modified":"2018-06-10T02:40:57","modified_gmt":"2018-06-10T00:40:57","slug":"bibliographie-selective","status":"publish","type":"page","link":"https:\/\/wp.unil.ch\/cinematheque-unil\/projets\/bolex-et-le-cinema-amateur\/bibliographie-selective\/","title":{"rendered":"Bibliographie s\u00e9lective"},"content":{"rendered":"<ol class=\"breadcrumb\">\n<li><a href=\"https:\/\/wp.unil.ch\/cinematheque-unil\/projets\/\">Projets<\/a><\/li>\n<li><a href=\"https:\/\/wp.unil.ch\/cinematheque-unil\/projets\/bolex-et-le-cinema-amateur\/\">Bolex et le cin\u00e9ma amateur en Suisse<\/a><\/li>\n<li class=\"current\"><a href=\"https:\/\/wp.unil.ch\/cinematheque-unil\/projets\/bolex-et-le-cinema-amateur\/bibliographie-selective\/\">Bibliographie s\u00e9lective<\/a><\/li>\n<\/ol>\n<div style=\"background-color: #f5f5f5\">\n<p style=\"text-align: center;font-size: medium\"><strong>Sections<\/strong><\/p>\n<p style=\"text-align: center\"><a href=\"https:\/\/wp.unil.ch\/cinematheque-unil\/projets\/bolex-et-le-cinema-amateur\/bibliographie-selective\/approches-theoriques\/\">Approches th\u00e9oriques<\/a><\/p>\n<p style=\"text-align: center\"><a href=\"https:\/\/wp.unil.ch\/cinematheque-unil\/projets\/bolex-et-le-cinema-amateur\/bibliographie-selective\/cinema-amateur\/\">Cin\u00e9ma amateur<\/a><\/p>\n<p style=\"text-align: center\"><a title=\"Histoire des appareils Bolex\" href=\"https:\/\/wp.unil.ch\/cinematheque-unil\/projets\/bolex-et-le-cinema-amateur\/bibliographie-selective\/histoire-des-appareils-bolex\/\">Histoire des appareils\u00a0Bolex<\/a><\/p>\n<p style=\"text-align: center\"><a title=\"Catalogues d'appareils\" href=\"https:\/\/wp.unil.ch\/cinematheque-unil\/projets\/bolex-et-le-cinema-amateur\/bibliographie-selective\/catalogue-dappareils\/\">Catalogues d&rsquo;appareils<\/a><\/p>\n<\/div>\n","protected":false},"excerpt":{"rendered":"<p>Projets Bolex et le cin\u00e9ma amateur en Suisse Bibliographie s\u00e9lective Sections Approches th\u00e9oriques Cin\u00e9ma amateur Histoire des appareils\u00a0Bolex Catalogues d&rsquo;appareils<\/p>\n","protected":false},"author":1469,"featured_media":0,"parent":1413,"menu_order":34,"comment_status":"closed","ping_status":"closed","template":"","meta":{"_seopress_robots_primary_cat":"","_seopress_titles_title":"","_seopress_titles_desc":"","_seopress_robots_index":"","footnotes":""},"class_list":["post-1781","page","type-page","status-publish"],"_links":{"self":[{"href":"https:\/\/wp.unil.ch\/cinematheque-unil\/wp-json\/wp\/v2\/pages\/1781","targetHints":{"allow":["GET"]}}],"collection":[{"href":"https:\/\/wp.unil.ch\/cinematheque-unil\/wp-json\/wp\/v2\/pages"}],"about":[{"href":"https:\/\/wp.unil.ch\/cinematheque-unil\/wp-json\/wp\/v2\/types\/page"}],"author":[{"embeddable":true,"href":"https:\/\/wp.unil.ch\/cinematheque-unil\/wp-json\/wp\/v2\/users\/1469"}],"replies":[{"embeddable":true,"href":"https:\/\/wp.unil.ch\/cinematheque-unil\/wp-json\/wp\/v2\/comments?post=1781"}],"version-history":[{"count":0,"href":"https:\/\/wp.unil.ch\/cinematheque-unil\/wp-json\/wp\/v2\/pages\/1781\/revisions"}],"up":[{"embeddable":true,"href":"https:\/\/wp.unil.ch\/cinematheque-unil\/wp-json\/wp\/v2\/pages\/1413"}],"wp:attachment":[{"href":"https:\/\/wp.unil.ch\/cinematheque-unil\/wp-json\/wp\/v2\/media?parent=1781"}],"curies":[{"name":"wp","href":"https:\/\/api.w.org\/{rel}","templated":true}]}}