{"id":1769,"date":"2015-02-07T14:47:55","date_gmt":"2015-02-07T13:47:55","guid":{"rendered":"http:\/\/wp.unil.ch\/cinematheque-unil\/?page_id=1769"},"modified":"2018-06-10T02:15:11","modified_gmt":"2018-06-10T00:15:11","slug":"textes-sur-nag-et-gisele-ansorge","status":"publish","type":"page","link":"https:\/\/wp.unil.ch\/cinematheque-unil\/projets\/le-cinema-de-nag-et-gisele-ansorge\/bibliographie-selective\/textes-sur-nag-et-gisele-ansorge\/","title":{"rendered":"Textes sur Nag et Gis\u00e8le Ansorge"},"content":{"rendered":"<ol class=\"breadcrumb\">\n<li><a href=\"https:\/\/wp.unil.ch\/cinematheque-unil\/projets\/\">Projets<\/a><\/li>\n<li><a href=\"https:\/\/wp.unil.ch\/cinematheque-unil\/projets\/le-cinema-de-nag-et-gisele-ansorge\/\">Le cin\u00e9ma de Nag et Gis\u00e8le Ansorge<\/a><\/li>\n<li><a href=\"https:\/\/wp.unil.ch\/cinematheque-unil\/projets\/le-cinema-de-nag-et-gisele-ansorge\/bibliographie-selective\/\">Bibliographie s\u00e9lective<\/a><\/li>\n<li class=\"current\"><a href=\"https:\/\/wp.unil.ch\/cinematheque-unil\/projets\/le-cinema-de-nag-et-gisele-ansorge\/bibliographie-selective\/textes-sur-nag-et-gisele-ansorge\/\">Textes sur Nag et Gis\u00e8le Ansorge<\/a><\/li>\n<\/ol>\n<div style=\"margin-left: 138px;text-indent: -34px\">\n<p style=\"text-align: justify;font-size: small\">Suzanne Buchan, \u00ab\u00a0D\u2019un monde \u00e0 l\u2019autre. Art brut und die Collageanimationsfilme des Lausanner Cery-Spitals\u00a0\u00bb, in Vinzenz Hediger, Jan Sahli, Alexandra Schneider et Margrit Tr\u00f6hler (dir.), <em>Home Stories. Neue Studien zu Film und Kino in der Schweiz\/Nouvelles approches du cin\u00e9ma et du film en Suisse<\/em>, Marburg, Sch\u00fcren, 2001, pp. 129-140.<\/p>\n<p style=\"text-align: justify;font-size: small\">Roland Cosandey, \u00ab\u00a0Nag Ansorge\u00a0\u00bb [dossier \u00e9tabli pour Swiss Films en 2009\u00a0: <a title=\"Nag Ansorge\" href=\"https:\/\/www.swissfilms.ch\/de\/download\/cine-portraits\" target=\"_blank\">consulter le document en ligne<\/a>].<\/p>\n<p style=\"text-align: justify;font-size: small\">Francesca et Massimo Maisetti, <em>Images de sable. Il cinema di animazione di Ernest e Gis\u00e8le Ansorge<\/em>, ISCA \u2013 Istituto per lo studio e la diffusione del cinema di animazione, Milano, 1982.<\/p>\n<p style=\"text-align: justify;font-size: small\">Eva K\u00fcttel, \u00ab\u00a0Die Poesie bewegten Sandes \u2013 Die Sandanimationen von Gis\u00e8le und Nag Ansorge\u00a0\u00bb, in <em>Cinema<\/em>, n\u00b0 56, janvier 2006 (\u00ab\u00a0Bewegt\u00a0\u00bb), pp. 54-61.<\/p>\n<p style=\"text-align: justify;font-size: small\">Walter Schobert, \u00ab\u00a0Ernest und Gis\u00e8le Ansorge\u00a0\u00bb, in Bernhard Giger et alii, <em>Film in der Schweiz<\/em>, Munich\/Vienne, Carl Hanser, 1978, pp. 189-191.<\/p>\n<\/div>\n","protected":false},"excerpt":{"rendered":"<p>Projets Le cin\u00e9ma de Nag et Gis\u00e8le Ansorge Bibliographie s\u00e9lective Textes sur Nag et Gis\u00e8le Ansorge Suzanne Buchan, \u00ab\u00a0D\u2019un monde \u00e0 l\u2019autre. Art brut und die Collageanimationsfilme des Lausanner Cery-Spitals\u00a0\u00bb, in Vinzenz Hediger, Jan Sahli, Alexandra Schneider et Margrit Tr\u00f6hler<\/p>\n","protected":false},"author":1469,"featured_media":0,"parent":1733,"menu_order":33,"comment_status":"closed","ping_status":"closed","template":"","meta":{"_seopress_robots_primary_cat":"","_seopress_titles_title":"","_seopress_titles_desc":"","_seopress_robots_index":"","footnotes":""},"class_list":["post-1769","page","type-page","status-publish"],"_links":{"self":[{"href":"https:\/\/wp.unil.ch\/cinematheque-unil\/wp-json\/wp\/v2\/pages\/1769","targetHints":{"allow":["GET"]}}],"collection":[{"href":"https:\/\/wp.unil.ch\/cinematheque-unil\/wp-json\/wp\/v2\/pages"}],"about":[{"href":"https:\/\/wp.unil.ch\/cinematheque-unil\/wp-json\/wp\/v2\/types\/page"}],"author":[{"embeddable":true,"href":"https:\/\/wp.unil.ch\/cinematheque-unil\/wp-json\/wp\/v2\/users\/1469"}],"replies":[{"embeddable":true,"href":"https:\/\/wp.unil.ch\/cinematheque-unil\/wp-json\/wp\/v2\/comments?post=1769"}],"version-history":[{"count":0,"href":"https:\/\/wp.unil.ch\/cinematheque-unil\/wp-json\/wp\/v2\/pages\/1769\/revisions"}],"up":[{"embeddable":true,"href":"https:\/\/wp.unil.ch\/cinematheque-unil\/wp-json\/wp\/v2\/pages\/1733"}],"wp:attachment":[{"href":"https:\/\/wp.unil.ch\/cinematheque-unil\/wp-json\/wp\/v2\/media?parent=1769"}],"curies":[{"name":"wp","href":"https:\/\/api.w.org\/{rel}","templated":true}]}}