{"id":1765,"date":"2015-02-07T14:30:52","date_gmt":"2015-02-07T13:30:52","guid":{"rendered":"http:\/\/wp.unil.ch\/cinematheque-unil\/?page_id=1765"},"modified":"2018-06-10T02:14:09","modified_gmt":"2018-06-10T00:14:09","slug":"cinema-danimation-en-suisse","status":"publish","type":"page","link":"https:\/\/wp.unil.ch\/cinematheque-unil\/projets\/le-cinema-de-nag-et-gisele-ansorge\/bibliographie-selective\/cinema-danimation-en-suisse\/","title":{"rendered":"Cin\u00e9ma d\u2019animation en Suisse"},"content":{"rendered":"<ol class=\"breadcrumb\">\n<li><a href=\"https:\/\/wp.unil.ch\/cinematheque-unil\/projets\/\">Projets<\/a><\/li>\n<li><a href=\"https:\/\/wp.unil.ch\/cinematheque-unil\/projets\/le-cinema-de-nag-et-gisele-ansorge\/\">Le cin\u00e9ma de Nag et Gis\u00e8le Ansorge<\/a><\/li>\n<li><a href=\"https:\/\/wp.unil.ch\/cinematheque-unil\/projets\/le-cinema-de-nag-et-gisele-ansorge\/bibliographie-selective\/\">Bibliographie s\u00e9lective<\/a><\/li>\n<li class=\"current\"><a href=\"https:\/\/wp.unil.ch\/cinematheque-unil\/projets\/le-cinema-de-nag-et-gisele-ansorge\/bibliographie-selective\/cinema-danimation-en-suisse\/\">Cin\u00e9ma d&rsquo;animation en Suisse<\/a><\/li>\n<\/ol>\n<div style=\"margin-left: 138px;text-indent: -34px\">\n<p style=\"text-align: justify;font-size: small\">Andr\u00e9 Amsler, <em>\u00ab\u00a0Wer dem Werbefilm verf\u00e4llt, ist verloren f\u00fcr die Welt\u00a0\u00bb. Das Werk von Julius Pinschewer 1883-1961<\/em>, Zurich, Chronos, 1997.<\/p>\n<p style=\"text-align: justify;font-size: small\">Regula Bochsler et Pascal Derungs (dir.), <em>Und f\u00fchre uns in Versuchung\u00a0: 100 Jahre Schweizer Werbefilm<\/em>, Zurich, Ed. Museum f\u00fcr Gestaltung, 1998.<\/p>\n<p style=\"text-align: justify;font-size: small\">Freddy Buache, \u00ab\u00a0L\u2019animation\u00a0\u00bb, <em>Revue belge du cin\u00e9ma<\/em>, n\u00b0 14, hiver 1985 (\u00ab\u00a0Le cin\u00e9ma suisse francophone 1976-1985\u00a0\u00bb), p. 37.<\/p>\n<p style=\"text-align: justify;font-size: small\">\u2013, <em>Trente ans de cin\u00e9ma suisse 1965-1995<\/em>, Paris, Centre Georges Pompidou, 1995, pp. 103-107 (\u00ab\u00a0Notes sur l\u2019animation\u00a0\u00bb).<\/p>\n<p style=\"text-align: justify;font-size: small\">Roland Cosandey, <em>Langages et imaginaire dans le cin\u00e9ma suisse d\u2019animation<\/em>, Etagni\u00e8res, Groupement suisse du film d\u2019animation, 1988.<\/p>\n<p style=\"text-align: justify;font-size: small\">\u2013, <em>Julius Pinschewer. Cinquante ans de cin\u00e9ma d\u2019animation<\/em>, Festival International du Cin\u00e9ma d\u2019Animation\/ Journ\u00e9es Internationales du cin\u00e9ma d\u2019animation, Annecy, 1989.<\/p>\n<p style=\"text-align: justify;font-size: small\">\u2013, \u00ab\u00a0Le cin\u00e9ma d\u2019animation suisse\u00a0: c\u00e9l\u00e9br\u00e9, pluriel et solitaire\u00a0\u00bb, <em>Suissimage<\/em>, n\u00b0 4, printemps 2005, <a title=\"Le cin\u00e9ma d'animation suisse\" href=\"https:\/\/www.ssa.ch\/sites\/default\/files\/ssadocuments\/tap4_0405_fr.pdf\" target=\"_blank\">[consulter le document en ligne]<\/a>.<\/p>\n<p style=\"text-align: justify;font-size: small\">\u2013, \u00ab\u00a0T\u00f6pffer, Lortac et Cav\u00e9, <em>Histoire de Monsieur Vieux-Bois<\/em> \u2013 en trois tableaux\u00a0\u00bb, <em>1895<\/em>, n\u00b0 59, d\u00e9cembre 2009 (\u00ab\u00a0Marius O\u2019Galop, Robert Lortac. Deux pionniers du cin\u00e9ma d\u2019animation fran\u00e7ais\u00a0\u00bb), pp. 55-71.<\/p>\n<p style=\"text-align: justify;font-size: small\">Olivier Cotte, <em>Georges Schwizgebel. Des peintures anim\u00e9es<\/em>, Carouge, Heuwinkel, 2004.<\/p>\n<p style=\"text-align: justify;font-size: small\">Bruno Edera, \u00ab\u00a0Le film d\u2019animation suisse\u00a0\u00bb, in <em>Der \u00ab\u00a0getrickte\u00a0\u00bb Film und seine M\u00f6glichkeiten<\/em>, Zurich, Kunstgewerbemuseum, 1972, pp. 49-54.<\/p>\n<p style=\"text-align: justify;font-size: small\">\u2013, <em>Histoire du cin\u00e9ma suisse d\u2019animation<\/em> (<em>Travelling<\/em> n\u00b0 51-52), Lausanne, Cin\u00e9math\u00e8que suisse, 1978.<\/p>\n<\/div>\n","protected":false},"excerpt":{"rendered":"<p>Projets Le cin\u00e9ma de Nag et Gis\u00e8le Ansorge Bibliographie s\u00e9lective Cin\u00e9ma d&rsquo;animation en Suisse Andr\u00e9 Amsler, \u00ab\u00a0Wer dem Werbefilm verf\u00e4llt, ist verloren f\u00fcr die Welt\u00a0\u00bb. Das Werk von Julius Pinschewer 1883-1961, Zurich, Chronos, 1997. Regula Bochsler et Pascal Derungs (dir.),<\/p>\n","protected":false},"author":1469,"featured_media":0,"parent":1733,"menu_order":32,"comment_status":"closed","ping_status":"closed","template":"","meta":{"_seopress_robots_primary_cat":"","_seopress_titles_title":"","_seopress_titles_desc":"","_seopress_robots_index":"","footnotes":""},"class_list":["post-1765","page","type-page","status-publish"],"_links":{"self":[{"href":"https:\/\/wp.unil.ch\/cinematheque-unil\/wp-json\/wp\/v2\/pages\/1765","targetHints":{"allow":["GET"]}}],"collection":[{"href":"https:\/\/wp.unil.ch\/cinematheque-unil\/wp-json\/wp\/v2\/pages"}],"about":[{"href":"https:\/\/wp.unil.ch\/cinematheque-unil\/wp-json\/wp\/v2\/types\/page"}],"author":[{"embeddable":true,"href":"https:\/\/wp.unil.ch\/cinematheque-unil\/wp-json\/wp\/v2\/users\/1469"}],"replies":[{"embeddable":true,"href":"https:\/\/wp.unil.ch\/cinematheque-unil\/wp-json\/wp\/v2\/comments?post=1765"}],"version-history":[{"count":0,"href":"https:\/\/wp.unil.ch\/cinematheque-unil\/wp-json\/wp\/v2\/pages\/1765\/revisions"}],"up":[{"embeddable":true,"href":"https:\/\/wp.unil.ch\/cinematheque-unil\/wp-json\/wp\/v2\/pages\/1733"}],"wp:attachment":[{"href":"https:\/\/wp.unil.ch\/cinematheque-unil\/wp-json\/wp\/v2\/media?parent=1765"}],"curies":[{"name":"wp","href":"https:\/\/api.w.org\/{rel}","templated":true}]}}