{"id":1753,"date":"2015-02-07T13:41:24","date_gmt":"2015-02-07T12:41:24","guid":{"rendered":"http:\/\/wp.unil.ch\/cinematheque-unil\/?page_id=1753"},"modified":"2018-06-10T02:11:40","modified_gmt":"2018-06-10T00:11:40","slug":"cinema-psychiatrie-art-brut","status":"publish","type":"page","link":"https:\/\/wp.unil.ch\/cinematheque-unil\/projets\/le-cinema-de-nag-et-gisele-ansorge\/bibliographie-selective\/cinema-psychiatrie-art-brut\/","title":{"rendered":"Cin\u00e9ma, psychiatrie, art brut"},"content":{"rendered":"<ol class=\"breadcrumb\">\n<li><a href=\"https:\/\/wp.unil.ch\/cinematheque-unil\/projets\/\">Projets<\/a><\/li>\n<li><a href=\"https:\/\/wp.unil.ch\/cinematheque-unil\/projets\/le-cinema-de-nag-et-gisele-ansorge\/\">Le cin\u00e9ma de Nag et Gis\u00e8le Ansorge<\/a><\/li>\n<li><a href=\"https:\/\/wp.unil.ch\/cinematheque-unil\/projets\/le-cinema-de-nag-et-gisele-ansorge\/bibliographie-selective\/\">Bibliographie s\u00e9lective<\/a><\/li>\n<li class=\"current\"><a href=\"https:\/\/wp.unil.ch\/cinematheque-unil\/projets\/le-cinema-de-nag-et-gisele-ansorge\/bibliographie-selective\/cinema-psychiatrie-art-brut\/\">Cin\u00e9ma, psychiatrie, art brut<\/a><\/li>\n<\/ol>\n<div style=\"margin-left: 138px;text-indent: -34px\">\n<p style=\"text-align: justify;font-size: small\">Alfred Bader (dir.), <em>Petits ma\u00eetres de la folie<\/em>, Lausanne, Clairefontaine\/La Guilde du livre, 1961.<\/p>\n<p style=\"text-align: justify;font-size: small\">\u2013, <em>Dix ans d\u2019activit\u00e9 du Centre d\u2019\u00e9tudes de l\u2019expression plastique de la Clinique psychiatrique universitaire de Lausanne<\/em>, 1973.<\/p>\n<p style=\"text-align: justify;font-size: small\">Alfred Bader et Leo Navratil, <em>Zwischen Wahn und Wirklichkeit. Kunst \u2013 Psychose \u2013 Kreativit\u00e4t<\/em>, Luzern\/Frankfurt, Bucher, 1976.<\/p>\n<p style=\"text-align: justify;font-size: small\">Alfred Bader et G\u00e9rard Salem (dir.), <em>Th\u00e8se, m\u00e9taphore, chim\u00e8re. Symposium francophone pluridisciplinaire sur la dynamique esth\u00e9tique dans l\u2019art, la folie et la science<\/em>, Berne, Peter Lang, 1986.<\/p>\n<p style=\"text-align: justify;font-size: small\">Vincent Barras et Jean-Claude Dupont (dir.), \u00ab\u00a0Neurosciences et m\u00e9decine\u00a0\u00bb, <em>Revue d\u2019histoire des sciences<\/em>, n\u00b0 63, 2010.<\/p>\n<p style=\"text-align: justify;font-size: small\">Mireille Berton, <em>Pour une histoire crois\u00e9e des dispositifs audiovisuels et des sciences du psychisme autour de 1900\u00a0: la construction du spectateur cin\u00e9matographique<\/em>, th\u00e8se de doctorat, Universit\u00e9 de Lausanne, 2011.<\/p>\n<p style=\"text-align: justify;font-size: small\">Centre d\u2019\u00e9tudes de l\u2019expression plastique de la Clinique psychiatrique universitaire de Lausanne, <em>Catalogue de 28 films r\u00e9alis\u00e9s \u00e0 l\u2019H\u00f4pital de Cery de 1963 \u00e0 1981<\/em>, 1982.<\/p>\n<p style=\"text-align: justify;font-size: small\">Florence Choquard, <em>Le regard d\u2019un psychiatre sur les \u00e9crits de la folie\u00a0: la carri\u00e8re de Hans Steck \u00e0 l\u2019Asile psychiatrique de Cery (1920-1960)<\/em>, th\u00e8se de doctorat, Universit\u00e9 de Lausanne, 2012.<\/p>\n<p style=\"text-align: justify;font-size: small\">Lucienne Peiry, <em>L\u2019art brut<\/em>, Paris, Flammarion, 1997.<\/p>\n<p style=\"text-align: justify;font-size: small\">Hans Prinzhorn, <em>Bildnerei des Geistekranken\u00a0: Ein Beitrag zur Psychologie und Psychopathologie der Gestaltung<\/em>, Berlin, Springer, 1922 [trad. fr.\u00a0: <em>Expressions de la folie\u00a0: dessins, peintures, expressions d\u2019asile<\/em>, Paris, Gallimard, 1984].<\/p>\n<p style=\"text-align: justify;font-size: small\">Marcel R\u00e9ja, <em>L\u2019art chez les fous\u00a0: le dessin, la prose, la po\u00e9sie<\/em>, Paris, L\u2019Harmattan, 2000 [1907].<\/p>\n<p style=\"text-align: justify;font-size: small\">Michel Th\u00e9voz, <em>L\u2019art brut<\/em>, Gen\u00e8ve, Skira, 1975 [nombreuses r\u00e9\u00e9ditions].<\/p>\n<p style=\"text-align: justify;font-size: small\">\u2013, <em>Art brut, psychose et m\u00e9diumnit\u00e9<\/em>, Paris, La Diff\u00e9rence, 1990.<\/p>\n<p style=\"text-align: justify;font-size: small\">Lucienne Peiry, <em>L\u2019art brut<\/em>, Paris, Flammarion, 1997.<\/p>\n<\/div>\n","protected":false},"excerpt":{"rendered":"<p>Projets Le cin\u00e9ma de Nag et Gis\u00e8le Ansorge Bibliographie s\u00e9lective Cin\u00e9ma, psychiatrie, art brut Alfred Bader (dir.), Petits ma\u00eetres de la folie, Lausanne, Clairefontaine\/La Guilde du livre, 1961. \u2013, Dix ans d\u2019activit\u00e9 du Centre d\u2019\u00e9tudes de l\u2019expression plastique de la<\/p>\n","protected":false},"author":1469,"featured_media":0,"parent":1733,"menu_order":30,"comment_status":"closed","ping_status":"closed","template":"","meta":{"_seopress_robots_primary_cat":"","_seopress_titles_title":"","_seopress_titles_desc":"","_seopress_robots_index":"","footnotes":""},"class_list":["post-1753","page","type-page","status-publish"],"_links":{"self":[{"href":"https:\/\/wp.unil.ch\/cinematheque-unil\/wp-json\/wp\/v2\/pages\/1753","targetHints":{"allow":["GET"]}}],"collection":[{"href":"https:\/\/wp.unil.ch\/cinematheque-unil\/wp-json\/wp\/v2\/pages"}],"about":[{"href":"https:\/\/wp.unil.ch\/cinematheque-unil\/wp-json\/wp\/v2\/types\/page"}],"author":[{"embeddable":true,"href":"https:\/\/wp.unil.ch\/cinematheque-unil\/wp-json\/wp\/v2\/users\/1469"}],"replies":[{"embeddable":true,"href":"https:\/\/wp.unil.ch\/cinematheque-unil\/wp-json\/wp\/v2\/comments?post=1753"}],"version-history":[{"count":0,"href":"https:\/\/wp.unil.ch\/cinematheque-unil\/wp-json\/wp\/v2\/pages\/1753\/revisions"}],"up":[{"embeddable":true,"href":"https:\/\/wp.unil.ch\/cinematheque-unil\/wp-json\/wp\/v2\/pages\/1733"}],"wp:attachment":[{"href":"https:\/\/wp.unil.ch\/cinematheque-unil\/wp-json\/wp\/v2\/media?parent=1753"}],"curies":[{"name":"wp","href":"https:\/\/api.w.org\/{rel}","templated":true}]}}