{"id":1746,"date":"2015-02-07T13:03:47","date_gmt":"2015-02-07T12:03:47","guid":{"rendered":"http:\/\/wp.unil.ch\/cinematheque-unil\/?page_id=1746"},"modified":"2018-06-10T02:10:05","modified_gmt":"2018-06-10T00:10:05","slug":"cinema-danimation","status":"publish","type":"page","link":"https:\/\/wp.unil.ch\/cinematheque-unil\/projets\/le-cinema-de-nag-et-gisele-ansorge\/bibliographie-selective\/cinema-danimation\/","title":{"rendered":"Cin\u00e9ma d\u2019animation"},"content":{"rendered":"<ol class=\"breadcrumb\">\n<li><a href=\"https:\/\/wp.unil.ch\/cinematheque-unil\/projets\/\">Projets<\/a><\/li>\n<li><a href=\"https:\/\/wp.unil.ch\/cinematheque-unil\/projets\/le-cinema-de-nag-et-gisele-ansorge\/\">Le cin\u00e9ma de Nag et Gis\u00e8le Ansorge<\/a><\/li>\n<li><a href=\"https:\/\/wp.unil.ch\/cinematheque-unil\/projets\/le-cinema-de-nag-et-gisele-ansorge\/bibliographie-selective\/\">Bibliographie s\u00e9lective<\/a><\/li>\n<li class=\"current\"><a href=\"https:\/\/wp.unil.ch\/cinematheque-unil\/projets\/le-cinema-de-nag-et-gisele-ansorge\/bibliographie-selective\/cinema-danimation\/\">Cin\u00e9ma d&rsquo;animation<\/a><\/li>\n<\/ol>\n<div style=\"margin-left: 138px;text-indent: -34px\">\n<p style=\"text-align: justify;font-size: small\">Elvira Anitei (dir.), <em>Nous-m\u00eames\/Ourselfes<\/em>, Bucarest, Secr\u00e9tariat g\u00e9n\u00e9ral de l\u2019Association internationale du film d\u2019animation, juin 1973.<\/p>\n<p style=\"text-align: justify;font-size: small\">Robert Benayoun, <em>Le dessin anim\u00e9 apr\u00e8s Walt Disney<\/em>, Paris, Pauvert, 1961.<\/p>\n<p style=\"text-align: justify;font-size: small\">Giannalberto Bendazzi, <em>Cartoons. Le cin\u00e9ma d\u2019animation, 1892-1992<\/em>, Paris, L. Levi, 1991 [1978].<\/p>\n<p style=\"text-align: justify;font-size: small\">Suzanne Buchan (dir.), <em>Animated \u201cWorlds\u201d<\/em>, Eastleigh, John Libbey, 2006.<\/p>\n<p style=\"text-align: justify;font-size: small\">\u2013 (dir.), <em>Pervasive Animation<\/em>, Londres\/New York, Routledge, coll. \u00ab\u00a0AFI Film Readers\u00a0\u00bb, 2013.<\/p>\n<p style=\"text-align: justify;font-size: small\">Stephen Cavalier, <em>The World History of Animation<\/em>, Londres, Aurum Press, 2011.<\/p>\n<p style=\"text-align: justify;font-size: small\"><em>Cin\u00e9mAction<\/em>, n\u00b0 51, avril 1989 [\u00ab Le cin\u00e9ma d\u2019animation \u00bb, sous la dir. de Pascal Vimenet et Michel Roud\u00e9vitch].<\/p>\n<p style=\"text-align: justify;font-size: small\">Donald Crafton, <em>Before Mickey. The Animated Film 1898-1928<\/em>, Cambridge (Ma)\/Londres, The Massachusetts Institute of Technology Press, 1982.<\/p>\n<p style=\"text-align: justify;font-size: small\">\u2013, <em>Emile Cohl, Caricature, and Film<\/em>, Princeton, Princeton University Press, 1990.<\/p>\n<p style=\"text-align: justify;font-size: small\">\u2013, <em>Shadow of a Mouse. Performance, Belief, and World-Making in Animation<\/em>, Berkeley, University of California Press, 2013.<\/p>\n<p style=\"text-align: justify;font-size: small\">S\u00e9bastien Denis, <em>Le cin\u00e9ma d\u2019animation<\/em>, Paris, Armand Colin, coll. \u00ab Cin\u00e9ma \u00bb, 2011 [1e \u00e9d.\u00a0: 2007].<\/p>\n<p style=\"text-align: justify;font-size: small\">Bruno Edera, <em>Full Length Animated Films<\/em>, Londres, New York, Focal Press, 1977.<\/p>\n<p style=\"text-align: justify;font-size: small\">Robi Engler, <em>Atelier de cin\u00e9ma d&rsquo;animation : du mouvement \u00e0 l\u2019\u00e9-mouvement, film &#8211; vid\u00e9o \u2013 num\u00e9rique<\/em>, Lausanne, Favre, 2014.<\/p>\n<p style=\"text-align: justify;font-size: small\">Maureen Furniss, <em>Art in Motion, Animation Aesthetics<\/em>, Londres\/Paris\/Rome\/Sidney, John Libbey, 1998.<\/p>\n<p style=\"text-align: justify;font-size: small\">John Halas (avec la collaboration de Roger Manvell), <em>Art in Movement: New Directions in Animation<\/em>, New York, Hastings House, coll. \u00ab Visual Communication Books \u00bb, 1970.<\/p>\n<p style=\"text-align: justify;font-size: small\">Pierre H\u00e9bert, <em>L\u2019ange et l\u2019automate. Essai<\/em>, Laval, Les 400 coups, coll. \u00ab\u00a0Cin\u00e9ma\u00a0\u00bb, 1999.<\/p>\n<p style=\"text-align: justify;font-size: small\">Marcel Jean, <em>Le langage des lignes et autres essais sur l\u2019animation<\/em>, Laval, Les 400 coups, coll. \u00ab\u00a0Cin\u00e9ma\u00a0\u00bb, 2006 [1e \u00e9d.\u00a0: 1995].<\/p>\n<p style=\"text-align: justify;font-size: small\">Herv\u00e9 Joubert-Laurencin, <em>La lettre volante. Quatre essais sur le cin\u00e9ma d\u2019animation<\/em>, Paris, Presses de la Sorbonne nouvelle, coll. \u00ab\u00a0L\u2019\u0153il vivant\u00a0\u00bb, 1997.<\/p>\n<p style=\"text-align: justify;font-size: small\">Jacques Kermabon (dir.), <em>Du praxinoscope au cellulo. Un demi-si\u00e8cle d\u2019animation en France<\/em>, Paris, Centre national de la Cin\u00e9matographie, 2007.<\/p>\n<p style=\"text-align: justify;font-size: small\">Ren\u00e9 Laloux, <em>Ces dessins qui bougent. 1892-1992 Cent ans de cin\u00e9ma d\u2019animation<\/em>, Paris, Dreamland, 1996.<\/p>\n<p style=\"text-align: justify;font-size: small\">Gabrielle Lucci, <em>Le cin\u00e9ma d\u2019animation<\/em>, Paris, Hazan, 2006.<\/p>\n<p style=\"text-align: justify;font-size: small\">Lo Duca, <em>Le dessin anim\u00e9. Histoire, esth\u00e9tique, technique<\/em>, Paris, Prisma, 1948.<\/p>\n<p style=\"text-align: justify;font-size: small\">Roy P. Madsen, <em>Animated Film: Concepts, Methods, Uses<\/em>, New York, Interland Publishing, 1969.<\/p>\n<p style=\"text-align: justify;font-size: small\">Jayne Pilling (\u00e9d.), <em>A Reader in Animation Studies<\/em>, Londres\/Paris\/Rome\/Sidney, John Libbey, 1997.<\/p>\n<p style=\"text-align: justify;font-size: small\">Marie-Th\u00e9r\u00e8se Poncet, <em>L\u2019esth\u00e9tique du dessin anim\u00e9<\/em>, Paris, Nizet, 1952.<\/p>\n<p style=\"text-align: justify;font-size: small\">Georges Riu (\u00e9d.), <em>50 cr\u00e9ateurs et cr\u00e9atures. 50 ans de Festival international du film d\u2019animation d\u2019Annecy<\/em>, Grenoble, Gl\u00e9nat, 2010.<\/p>\n<p style=\"text-align: justify;font-size: small\">Gianni Rondolino, <em>Storia del cinema d\u2019animazione<\/em>, Torino, Einaudi, 1974.<\/p>\n<p style=\"text-align: justify;font-size: small\">Georges Sifianos, <em>Esth\u00e9tique du cin\u00e9ma d\u2019animation<\/em>, Paris, Cerf-Corlet, coll. \u00ab\u00a07e art\u00a0\u00bb, 2012.<\/p>\n<p style=\"text-align: justify;font-size: small\">Ralph Stephenson, <em>The Animated Film<\/em>, Londres, The Tantivy Press, New York, A. S. Barnes, coll. \u00ab\u00a0 The International Film Guides Series\u00a0\u00bb, 1973.<\/p>\n<p style=\"text-align: justify;font-size: small\">Robert Vrielynck, <em>Le cin\u00e9ma d\u2019animation avant et apr\u00e8s Walt Disney. Un panorama historique et artistique<\/em>, Bruxelles, Meddens, 1981.<\/p>\n<p style=\"text-align: justify;font-size: small\">Paul Wells, <em>Understanding Animation<\/em>, Londres\/New York, Routledge, 1998.<\/p>\n<p style=\"text-align: justify;font-size: small\">Dominique Willoughby, <em>Le cin\u00e9ma graphique. Une histoire des dessins anim\u00e9s\u00a0: des jouets optiques au cin\u00e9ma num\u00e9rique<\/em>, Paris, Textuel, 2009.<\/p>\n<\/div>\n","protected":false},"excerpt":{"rendered":"<p>Projets Le cin\u00e9ma de Nag et Gis\u00e8le Ansorge Bibliographie s\u00e9lective Cin\u00e9ma d&rsquo;animation Elvira Anitei (dir.), Nous-m\u00eames\/Ourselfes, Bucarest, Secr\u00e9tariat g\u00e9n\u00e9ral de l\u2019Association internationale du film d\u2019animation, juin 1973. Robert Benayoun, Le dessin anim\u00e9 apr\u00e8s Walt Disney, Paris, Pauvert, 1961. Giannalberto Bendazzi,<\/p>\n","protected":false},"author":1469,"featured_media":0,"parent":1733,"menu_order":26,"comment_status":"closed","ping_status":"closed","template":"","meta":{"_seopress_robots_primary_cat":"","_seopress_titles_title":"","_seopress_titles_desc":"","_seopress_robots_index":"","footnotes":""},"class_list":["post-1746","page","type-page","status-publish"],"_links":{"self":[{"href":"https:\/\/wp.unil.ch\/cinematheque-unil\/wp-json\/wp\/v2\/pages\/1746","targetHints":{"allow":["GET"]}}],"collection":[{"href":"https:\/\/wp.unil.ch\/cinematheque-unil\/wp-json\/wp\/v2\/pages"}],"about":[{"href":"https:\/\/wp.unil.ch\/cinematheque-unil\/wp-json\/wp\/v2\/types\/page"}],"author":[{"embeddable":true,"href":"https:\/\/wp.unil.ch\/cinematheque-unil\/wp-json\/wp\/v2\/users\/1469"}],"replies":[{"embeddable":true,"href":"https:\/\/wp.unil.ch\/cinematheque-unil\/wp-json\/wp\/v2\/comments?post=1746"}],"version-history":[{"count":0,"href":"https:\/\/wp.unil.ch\/cinematheque-unil\/wp-json\/wp\/v2\/pages\/1746\/revisions"}],"up":[{"embeddable":true,"href":"https:\/\/wp.unil.ch\/cinematheque-unil\/wp-json\/wp\/v2\/pages\/1733"}],"wp:attachment":[{"href":"https:\/\/wp.unil.ch\/cinematheque-unil\/wp-json\/wp\/v2\/media?parent=1746"}],"curies":[{"name":"wp","href":"https:\/\/api.w.org\/{rel}","templated":true}]}}