{"id":1740,"date":"2015-02-07T12:39:46","date_gmt":"2015-02-07T11:39:46","guid":{"rendered":"http:\/\/wp.unil.ch\/cinematheque-unil\/?page_id=1740"},"modified":"2018-06-10T02:09:08","modified_gmt":"2018-06-10T00:09:08","slug":"epistemologie","status":"publish","type":"page","link":"https:\/\/wp.unil.ch\/cinematheque-unil\/projets\/le-cinema-de-nag-et-gisele-ansorge\/bibliographie-selective\/epistemologie\/","title":{"rendered":"\u00c9pist\u00e9mologie"},"content":{"rendered":"<ol class=\"breadcrumb\">\n<li><a href=\"https:\/\/wp.unil.ch\/cinematheque-unil\/projets\/\">Projets<\/a><\/li>\n<li><a href=\"https:\/\/wp.unil.ch\/cinematheque-unil\/projets\/le-cinema-de-nag-et-gisele-ansorge\/\">Le cin\u00e9ma de Nag et Gis\u00e8le Ansorge<\/a><\/li>\n<li><a href=\"https:\/\/wp.unil.ch\/cinematheque-unil\/projets\/le-cinema-de-nag-et-gisele-ansorge\/bibliographie-selective\/\">Bibliographie s\u00e9lective<\/a><\/li>\n<li class=\"current\"><a href=\"https:\/\/wp.unil.ch\/cinematheque-unil\/projets\/le-cinema-de-nag-et-gisele-ansorge\/bibliographie-selective\/epistemologie\/\">Epist\u00e9mologie<\/a><\/li>\n<\/ol>\n<div style=\"margin-left: 138px;text-indent: -34px\">\n<p style=\"text-align: justify;font-size: small\">Fran\u00e7ois Albera et Maria Tortajada (dir.), <em>Cinema Beyond Film. Media Epistemology in the Modern Era<\/em>, Amsterdam, Amsterdam University Press, 2010.<\/p>\n<p style=\"text-align: justify;font-size: small\">\u2013 (dir.), <em>Cin\u00e9-dispositifs. Spectacles, cin\u00e9ma, t\u00e9l\u00e9vision, litt\u00e9rature<\/em>, Lausanne, L\u2019\u00c2ge d\u2019homme, 2011.<\/p>\n<p style=\"text-align: justify;font-size: small\">\u2013 (dir.), <em>Cine-Dispositives. Essays in Epistemology Across Media<\/em>, Amsterdam, Amsterdam University Press, 2015.<\/p>\n<p style=\"text-align: justify;font-size: small\">Michel Foucault, <em>L\u2019arch\u00e9ologie du savoir<\/em>, Paris, Gallimard, 1969.<\/p>\n<p style=\"text-align: justify;font-size: small\">\u2013, <em>Surveiller et punir. Naissance de la prison<\/em>, Paris, Gallimard, 1975.<\/p>\n<p style=\"text-align: justify;font-size: small\">Pierre Francastel, <em>Art et technique au XIXe et XXe si\u00e8cle<\/em>, Paris, Gallimard, 1956.<\/p>\n<p style=\"text-align: justify;font-size: small\">Andr\u00e9 Leroi-Gourhan, <em>\u00c9volution et techniques. L\u2019homme et la mati\u00e8re<\/em>, Paris, Albin Michel, 1943.<\/p>\n<p style=\"text-align: justify;font-size: small\">Lev Manovich, <em>Le langage des nouveaux m\u00e9dias<\/em>, Dijon, Les presses du r\u00e9el, 2010 [2001].<\/p>\n<p style=\"text-align: justify;font-size: small\">Gilbert Simondon, <em>Du mode d\u2019existence des objets techniques<\/em>, Paris, Aubier, 2012 [1958].<\/p>\n<\/div>\n","protected":false},"excerpt":{"rendered":"<p>Projets Le cin\u00e9ma de Nag et Gis\u00e8le Ansorge Bibliographie s\u00e9lective Epist\u00e9mologie Fran\u00e7ois Albera et Maria Tortajada (dir.), Cinema Beyond Film. Media Epistemology in the Modern Era, Amsterdam, Amsterdam University Press, 2010. \u2013 (dir.), Cin\u00e9-dispositifs. Spectacles, cin\u00e9ma, t\u00e9l\u00e9vision, litt\u00e9rature, Lausanne, L\u2019\u00c2ge<\/p>\n","protected":false},"author":1469,"featured_media":0,"parent":1733,"menu_order":0,"comment_status":"closed","ping_status":"closed","template":"","meta":{"_seopress_robots_primary_cat":"","_seopress_titles_title":"","_seopress_titles_desc":"","_seopress_robots_index":"","footnotes":""},"class_list":["post-1740","page","type-page","status-publish"],"_links":{"self":[{"href":"https:\/\/wp.unil.ch\/cinematheque-unil\/wp-json\/wp\/v2\/pages\/1740","targetHints":{"allow":["GET"]}}],"collection":[{"href":"https:\/\/wp.unil.ch\/cinematheque-unil\/wp-json\/wp\/v2\/pages"}],"about":[{"href":"https:\/\/wp.unil.ch\/cinematheque-unil\/wp-json\/wp\/v2\/types\/page"}],"author":[{"embeddable":true,"href":"https:\/\/wp.unil.ch\/cinematheque-unil\/wp-json\/wp\/v2\/users\/1469"}],"replies":[{"embeddable":true,"href":"https:\/\/wp.unil.ch\/cinematheque-unil\/wp-json\/wp\/v2\/comments?post=1740"}],"version-history":[{"count":0,"href":"https:\/\/wp.unil.ch\/cinematheque-unil\/wp-json\/wp\/v2\/pages\/1740\/revisions"}],"up":[{"embeddable":true,"href":"https:\/\/wp.unil.ch\/cinematheque-unil\/wp-json\/wp\/v2\/pages\/1733"}],"wp:attachment":[{"href":"https:\/\/wp.unil.ch\/cinematheque-unil\/wp-json\/wp\/v2\/media?parent=1740"}],"curies":[{"name":"wp","href":"https:\/\/api.w.org\/{rel}","templated":true}]}}