{"id":1733,"date":"2015-02-07T12:33:22","date_gmt":"2015-02-07T11:33:22","guid":{"rendered":"http:\/\/wp.unil.ch\/cinematheque-unil\/?page_id=1733"},"modified":"2018-06-10T02:06:47","modified_gmt":"2018-06-10T00:06:47","slug":"bibliographie-selective","status":"publish","type":"page","link":"https:\/\/wp.unil.ch\/cinematheque-unil\/projets\/le-cinema-de-nag-et-gisele-ansorge\/bibliographie-selective\/","title":{"rendered":"Bibliographie s\u00e9lective"},"content":{"rendered":"<ol class=\"breadcrumb\">\n<li><a href=\"https:\/\/wp.unil.ch\/cinematheque-unil\/projets\/\">Projets<\/a><\/li>\n<li><a href=\"https:\/\/wp.unil.ch\/cinematheque-unil\/projets\/le-cinema-de-nag-et-gisele-ansorge\/\">Le cin\u00e9ma de Nag et Gis\u00e8le Ansorge<\/a><\/li>\n<li class=\"current\"><a href=\"https:\/\/wp.unil.ch\/cinematheque-unil\/projets\/le-cinema-de-nag-et-gisele-ansorge\/bibliographie-selective\/\">Bibliographie s\u00e9lective<\/a><\/li>\n<\/ol>\n<div style=\"background-color: #f5f5f5\">\n<p style=\"text-align: center;font-size: medium\"><strong>Sections<\/strong><\/p>\n<p style=\"text-align: center\"><a title=\"\u00c9pist\u00e9mologie\" href=\"https:\/\/wp.unil.ch\/cinematheque-unil\/projets\/le-cinema-de-nag-et-gisele-ansorge\/bibliographie-selective\/epistemologie\/\">\u00c9pist\u00e9mologie<\/a><\/p>\n<p style=\"text-align: center\"><a title=\"Cin\u00e9ma d\u2019animation\" href=\"https:\/\/wp.unil.ch\/cinematheque-unil\/projets\/le-cinema-de-nag-et-gisele-ansorge\/bibliographie-selective\/cinema-danimation\/\">Cin\u00e9ma d\u2019animation<\/a><\/p>\n<p style=\"text-align: center\"><a title=\"Cin\u00e9ma, psychiatrie, art brut\" href=\"https:\/\/wp.unil.ch\/cinematheque-unil\/projets\/le-cinema-de-nag-et-gisele-ansorge\/bibliographie-selective\/cinema-psychiatrie-art-brut\/\">Cin\u00e9ma, psychiatrie, art brut<\/a><\/p>\n<p style=\"text-align: center\"><a title=\"Cin\u00e9ma suisse\" href=\"https:\/\/wp.unil.ch\/cinematheque-unil\/projets\/le-cinema-de-nag-et-gisele-ansorge\/bibliographie-selective\/cinema-suisse\/\">Cin\u00e9ma suisse<\/a><\/p>\n<p style=\"text-align: center\"><a title=\"Cin\u00e9ma d\u2019animation en Suisse\" href=\"https:\/\/wp.unil.ch\/cinematheque-unil\/projets\/le-cinema-de-nag-et-gisele-ansorge\/bibliographie-selective\/cinema-danimation-en-suisse\/\">Cin\u00e9ma d\u2019animation en Suisse<\/a><\/p>\n<p style=\"text-align: center\"><a title=\"Textes sur Nag et Gis\u00e8le Ansorge\" href=\"https:\/\/wp.unil.ch\/cinematheque-unil\/projets\/le-cinema-de-nag-et-gisele-ansorge\/bibliographie-selective\/textes-sur-nag-et-gisele-ansorge\/\">Textes sur Nag et Gis\u00e8le Ansorge<\/a><\/p>\n<p style=\"text-align: center\"><a title=\"Documents audiovisuels\" href=\"https:\/\/wp.unil.ch\/cinematheque-unil\/projets\/le-cinema-de-nag-et-gisele-ansorge\/bibliographie-selective\/documents-audiovisuels\/\">Documents audiovisuels<\/a><\/p>\n<p style=\"text-align: center;font-size: small\">\n<\/div>\n","protected":false},"excerpt":{"rendered":"<p>Projets Le cin\u00e9ma de Nag et Gis\u00e8le Ansorge Bibliographie s\u00e9lective Sections \u00c9pist\u00e9mologie Cin\u00e9ma d\u2019animation Cin\u00e9ma, psychiatrie, art brut Cin\u00e9ma suisse Cin\u00e9ma d\u2019animation en Suisse Textes sur Nag et Gis\u00e8le Ansorge Documents audiovisuels<\/p>\n","protected":false},"author":1469,"featured_media":0,"parent":740,"menu_order":31,"comment_status":"closed","ping_status":"closed","template":"","meta":{"_seopress_robots_primary_cat":"","_seopress_titles_title":"","_seopress_titles_desc":"","_seopress_robots_index":"","footnotes":""},"class_list":["post-1733","page","type-page","status-publish"],"_links":{"self":[{"href":"https:\/\/wp.unil.ch\/cinematheque-unil\/wp-json\/wp\/v2\/pages\/1733","targetHints":{"allow":["GET"]}}],"collection":[{"href":"https:\/\/wp.unil.ch\/cinematheque-unil\/wp-json\/wp\/v2\/pages"}],"about":[{"href":"https:\/\/wp.unil.ch\/cinematheque-unil\/wp-json\/wp\/v2\/types\/page"}],"author":[{"embeddable":true,"href":"https:\/\/wp.unil.ch\/cinematheque-unil\/wp-json\/wp\/v2\/users\/1469"}],"replies":[{"embeddable":true,"href":"https:\/\/wp.unil.ch\/cinematheque-unil\/wp-json\/wp\/v2\/comments?post=1733"}],"version-history":[{"count":0,"href":"https:\/\/wp.unil.ch\/cinematheque-unil\/wp-json\/wp\/v2\/pages\/1733\/revisions"}],"up":[{"embeddable":true,"href":"https:\/\/wp.unil.ch\/cinematheque-unil\/wp-json\/wp\/v2\/pages\/740"}],"wp:attachment":[{"href":"https:\/\/wp.unil.ch\/cinematheque-unil\/wp-json\/wp\/v2\/media?parent=1733"}],"curies":[{"name":"wp","href":"https:\/\/api.w.org\/{rel}","templated":true}]}}