{"id":1698,"date":"2015-02-06T15:26:30","date_gmt":"2015-02-06T14:26:30","guid":{"rendered":"http:\/\/wp.unil.ch\/cinematheque-unil\/?page_id=1698"},"modified":"2019-07-15T10:37:58","modified_gmt":"2019-07-15T08:37:58","slug":"zooms-sur-les-projets","status":"publish","type":"page","link":"https:\/\/wp.unil.ch\/cinematheque-unil\/vitrine\/zooms-sur-les-projets\/","title":{"rendered":"Zooms sur les projets"},"content":{"rendered":"<ol class=\"breadcrumb\">\n<li><a href=\"https:\/\/wp.unil.ch\/cinematheque-unil\/vitrine\/\">Vitrine<\/a><\/li>\n<li class=\"current\"><a href=\"https:\/\/wp.unil.ch\/cinematheque-unil\/vitrine\/zooms-sur-les-projets\/\">Zooms sur les projets<\/a><\/li>\n<\/ol>\n<h5>Zoom sur le projet \u00ab Personnage et vedettariat au prisme du genre (<em>gender<\/em>) \u00bb<\/h5>\n<hr \/>\n<h4>\u00c0 propos d\u2019Autant-Lara : entretien de Freddy Buache<\/h4>\n<p style=\"text-align: justify\">Alain Boillat, Delphine Chedaleux et Jeanne Rohner<\/p>\n<p style=\"text-align: justify\"><img loading=\"lazy\" decoding=\"async\" src=\"https:\/\/wp.unil.ch\/cinematheque-unil\/files\/2019\/07\/BUACHE_AUTANT_LARA_150x150.jpg\" alt=\"\u00a9 Tous droits r\u00e9serv\u00e9s \/ Collection Cin\u00e9math\u00e8que suisse\" width=\"150\" height=\"150\" class=\"alignleft size-thumbnail wp-image-3271\" \/>En hommage \u00e0 Freddy Buache, nous publions ici des extraits sonores d\u2019un entretien r\u00e9alis\u00e9 avec ce dernier \u00e0 propos du r\u00e9alisateur Claude Autant-Lara, enregistr\u00e9 le 23 octobre 2017 \u00e0 l\u2019Universit\u00e9 de Lausanne par trois des membres du projet de recherche \u00ab Personnage et vedettariat au prisme du genre \u00bb, Alain Boillat, Delphine Chedaleux et Jeanne Rohner, accompagn\u00e9s de Ginette Vincendeau, professeure au King\u2019s College de Londres qui compte parmi les partenaires dudit projet et qui pr\u00e9voit la parution d\u2019un ouvrage en langue anglaise consacr\u00e9 aux films d\u2019Autant-Lara en 2020 aux Presses de l\u2019Universit\u00e9 de Manchester. Rappelons que Freddy Buache pl\u00e9biscita l\u2019\u0153uvre du r\u00e9alisateur et sa valeur patrimoniale&#8230;<br \/>\n<a title=\"\u00c0 propos d\u2019Autant-Lara : entretien de Freddy Buache\" href=\"https:\/\/wp.unil.ch\/cinematheque-unil\/vitrine\/zooms-sur-les-projets\/entretien\/\">Voir le zoom+<\/a><br \/>\n<a title=\"Pr\u00e9sentation\" href=\"https:\/\/wp.unil.ch\/cinematheque-unil\/projets\/personnage-et-vedettariat-au-prisme-du-genre\/presentation-3\/\">D\u00e9couvrir le projet \u00ab Personnage et vedettariat au prisme du genre (<em>gender<\/em>)\u00a0\u00bb+<\/a><\/p>\n<h5>Zoom sur le projet \u00ab Cin\u00e9math\u00e8que suisse : une histoire institutionnelle \u00bb<\/h5>\n<hr \/>\n<h4>Hans Erni et l\u2019inauguration de la Cin\u00e9math\u00e8que suisse<\/h4>\n<p style=\"text-align: justify\">Alessia Bottani<\/p>\n<p style=\"text-align: justify\"><img loading=\"lazy\" decoding=\"async\" src=\"https:\/\/wp.unil.ch\/cinematheque-unil\/files\/2016\/01\/Erni_affiche-150x150.jpeg\" alt=\"\u00a9 Hans Erni \/ Cin\u00e9math\u00e8que suisse\" width=\"150\" height=\"150\" class=\"alignleft size-thumbnail wp-image-3271\" \/>Parmi l\u2019\u0153uvre immense du peintre lucernois Hans Erni, d\u00e9c\u00e9d\u00e9 le 21 mars 2015 \u00e0 l\u2019\u00e2ge de 106 ans, c\u00e9l\u00e8bre entre autres pour ses compositions monumentales, il est pour nous une affiche de grande port\u00e9e symbolique : celle de l\u2019inauguration de la Cin\u00e9math\u00e8que suisse \u00e0 Lausanne, en 1950. Fond\u00e9e en novembre 1948, la Cin\u00e9math\u00e8que est officiellement inaugur\u00e9e deux ans plus tard jour pour jour, apr\u00e8s avoir obtenu le transfert des collections du Schweizerisches Filmarchiv de B\u00e2le, ainsi que des locaux et une subvention de la Municipalit\u00e9 de Lausanne. Pour f\u00eater l\u2019\u00e9v\u00e9nement, une Semaine du cin\u00e9ma est organis\u00e9e du 30 octobre au 4 novembre 1950, couronn\u00e9e par un grand Bal au Lausanne Palace, avec force vedettes venues de Paris&#8230;<br \/>\n<a title=\"Hans Erni et l'inauguration de la Cin\u00e9math\u00e8que suisse\" href=\"https:\/\/wp.unil.ch\/cinematheque-unil\/vitrine\/zooms-sur-les-projets\/hans-erni-et-linauguration-de-la-cinematheque-suisse\/\">Voir le zoom+<\/a><br \/>\n<a title=\"Pr\u00e9sentation\" href=\"https:\/\/wp.unil.ch\/cinematheque-unil\/projets\/une-histoire-de-la-cinematheque-suisse\/presentation\/\">D\u00e9couvrir le projet \u00ab Cin\u00e9math\u00e8que suisse : une histoire institutionnelle\u00a0\u00bb+<\/a><\/p>\n<h3>&nbsp;<\/h3>\n<h5>Zoom sur le projet \u00ab Cin\u00e9math\u00e8que suisse : une histoire institutionnelle \u00bb<\/h5>\n<hr \/>\n<h4><i>Cin\u00e9-journal suisse<\/i> : inauguration de la Cin\u00e9math\u00e8que suisse \u00e0 Lausanne, 1950<\/h4>\n<p style=\"text-align: justify\">Alessia Bottani<\/p>\n<p style=\"text-align: justify\"><img loading=\"lazy\" decoding=\"async\" class=\"alignleft wp-image-3220 size-thumbnail\" src=\"https:\/\/wp.unil.ch\/cinematheque-unil\/files\/2015\/11\/cinejournal-inauguration-150x150.png\" alt=\"cinejournal-inauguration\" width=\"150\" height=\"150\" \/>Ce bref sujet du\u00a0<i>Cin\u00e9-journal suisse<\/i>\u00a0(n\u00b0452.4 du 10 novembre 1950), consacr\u00e9 \u00e0 l\u2019inauguration officielle de la Cin\u00e9math\u00e8que suisse \u00e0 Lausanne, n\u2019existe plus aujourd\u2019hui que dans la version allemande de la\u00a0<i>Schweizerische Filmwochenschau<\/i>. Il figure dans les collections de films de la Cin\u00e9math\u00e8que avec l\u2019ensemble du corpus des actualit\u00e9s suisses, qui \u00e9taient produites en allemand, fran\u00e7ais et italien&#8230;<br \/>\n<a title=\"Cin\u00e9-journal suisse: Inauguration de la Cin\u00e9math\u00e8que suisse \u00e0 Lausanne, 1950\" href=\"https:\/\/wp.unil.ch\/cinematheque-unil\/vitrine\/zooms-sur-les-projets\/cine-journal-suisse-inauguration-de-la-cinematheque-suisse-a-lausanne-1950\/\">Voir le zoom+<\/a><br \/>\n<a title=\"Pr\u00e9sentation\" href=\"https:\/\/wp.unil.ch\/cinematheque-unil\/projets\/une-histoire-de-la-cinematheque-suisse\/presentation\/\">D\u00e9couvrir le projet \u00ab Cin\u00e9math\u00e8que suisse : une histoire institutionnelle\u00a0\u00bb+<\/a><\/p>\n<h3>&nbsp;<\/h3>\n<h5>Zoom sur le projet \u00ab Cin\u00e9math\u00e8que suisse : une histoire institutionnelle \u00bb<\/h5>\n<hr \/>\n<h4>Portrait de Claude Emery par Freddy Buache, <i>Annabelle<\/i>, 1950<\/h4>\n<p style=\"text-align: justify\">Alessia Bottani<\/p>\n<p style=\"text-align: justify\"><img loading=\"lazy\" decoding=\"async\" class=\"alignleft wp-image-2772 size-thumbnail\" src=\"https:\/\/wp.unil.ch\/cinematheque-unil\/files\/2015\/03\/ARTICLE_EMERY-150x150.jpg\" alt=\"ARTICLE_EMERY\" width=\"150\" height=\"150\" \/>Au milieu des centaines de bo\u00eetes des archives administratives de la Cin\u00e9math\u00e8que suisse, un classeur se distingue, intitul\u00e9 \u00ab Semaine du cin\u00e9ma Lausanne 1950 \u00bb. Il contient une volumineuse revue de presse, visiblement rassembl\u00e9e \u00e0 l\u2019\u00e9poque et conserv\u00e9e en l\u2019\u00e9tat, sur les festivit\u00e9s li\u00e9es \u00e0 l\u2019inauguration officielle de la Cin\u00e9math\u00e8que : une semaine de projections couronn\u00e9es par un bal du cin\u00e9ma, du 30 octobre au 4 novembre 1950. Les coupures de presse, coll\u00e9es au verso de programmes du Cin\u00e9-club de Lausanne ou de contrats de location de la Cin\u00e9math\u00e8que suisse, sont r\u00e9f\u00e9renc\u00e9es \u00e0 la main ; parmi les diverses \u00e9critures on reconna\u00eet celle de Freddy Buache\u2026<br \/>\n<a title=\"Portrait de Claude Emery par Freddy Buache, Annabelle, octobre 1950\" href=\"https:\/\/wp.unil.ch\/cinematheque-unil\/vitrine\/zooms-sur-les-projets\/portrait-de-claude-emery-par-freddy-buache-annabelle-octobre-1950\/\">Voir le zoom+<\/a><br \/>\n<a title=\"Pr\u00e9sentation\" href=\"https:\/\/wp.unil.ch\/cinematheque-unil\/projets\/une-histoire-de-la-cinematheque-suisse\/presentation\/\">D\u00e9couvrir le projet \u00ab Cin\u00e9math\u00e8que suisse : une histoire institutionnelle\u00a0\u00bb+<\/a><\/p>\n<h3>&nbsp;<\/h3>\n<h5>Zoom sur le projet \u00ab Cin\u00e9math\u00e8que suisse : une histoire institutionnelle \u00bb<\/h5>\n<hr \/>\n<h4>Rendez-vous \u00e0 Knokke-le-Zoute, 1949<\/h4>\n<p style=\"text-align: justify\">Alessia Bottani<\/p>\n<p><img loading=\"lazy\" decoding=\"async\" class=\"alignleft wp-image-1714 size-thumbnail\" src=\"https:\/\/wp.unil.ch\/cinematheque-unil\/files\/2015\/02\/VIGNETTE-150x150.jpg\" alt=\"VIGNETTE\" width=\"150\" height=\"150\" srcset=\"https:\/\/wp.unil.ch\/cinematheque-unil\/files\/2015\/02\/VIGNETTE-150x150.jpg 150w, https:\/\/wp.unil.ch\/cinematheque-unil\/files\/2015\/02\/VIGNETTE-300x300.jpg 300w, https:\/\/wp.unil.ch\/cinematheque-unil\/files\/2015\/02\/VIGNETTE-301x300.jpg 301w, https:\/\/wp.unil.ch\/cinematheque-unil\/files\/2015\/02\/VIGNETTE.jpg 400w\" sizes=\"auto, (max-width: 150px) 100vw, 150px\" \/><\/p>\n<p>En mars 2014, nous rendons visite \u00e0 M. Raymond A. Bech, membre fondateur de la Cin\u00e9math\u00e8que suisse. Il nous montre une photographie de jeunesse qu\u2019il conserve pr\u00e9cieusement, nous dit-il, sans parvenir \u00e0 la resituer. Un petit groupe \u2013 on reconna\u00eet Claude Emery, premier directeur de la Cin\u00e9math\u00e8que \u2013 pose devant une vitrine o\u00f9 se refl\u00e8tent des drapeaux de tous les pays. En d\u00e9taillant la partie droite de la photo, on distingue, derri\u00e8re la vitre, l\u2019affichette du Festival du film exp\u00e9rimental de Knokke-le-Zoute de 1949&#8230;<br \/>\n<a title=\"Rendez-vous \u00e0 Knokke-le-Zoute, 1949\" href=\"https:\/\/wp.unil.ch\/cinematheque-unil\/vitrine\/zooms-sur-les-projets\/rendez-vous-a-knokke-le-zoute-1949\/\">Voir le zoom+<\/a><br \/>\n<a title=\"Pr\u00e9sentation\" href=\"https:\/\/wp.unil.ch\/cinematheque-unil\/projets\/une-histoire-de-la-cinematheque-suisse\/presentation\/\">D\u00e9couvrir le projet \u00ab Cin\u00e9math\u00e8que suisse : une histoire institutionnelle\u00a0\u00bb+<\/a><\/p>\n","protected":false},"excerpt":{"rendered":"<p>Vitrine Zooms sur les projets Zoom sur le projet \u00ab Personnage et vedettariat au prisme du genre (gender) \u00bb \u00c0 propos d\u2019Autant-Lara : entretien de Freddy Buache Alain Boillat, Delphine Chedaleux et Jeanne Rohner En hommage \u00e0 Freddy Buache, nous<\/p>\n","protected":false},"author":1469,"featured_media":0,"parent":307,"menu_order":0,"comment_status":"closed","ping_status":"closed","template":"","meta":{"_seopress_robots_primary_cat":"","_seopress_titles_title":"","_seopress_titles_desc":"","_seopress_robots_index":"","footnotes":""},"class_list":["post-1698","page","type-page","status-publish"],"_links":{"self":[{"href":"https:\/\/wp.unil.ch\/cinematheque-unil\/wp-json\/wp\/v2\/pages\/1698","targetHints":{"allow":["GET"]}}],"collection":[{"href":"https:\/\/wp.unil.ch\/cinematheque-unil\/wp-json\/wp\/v2\/pages"}],"about":[{"href":"https:\/\/wp.unil.ch\/cinematheque-unil\/wp-json\/wp\/v2\/types\/page"}],"author":[{"embeddable":true,"href":"https:\/\/wp.unil.ch\/cinematheque-unil\/wp-json\/wp\/v2\/users\/1469"}],"replies":[{"embeddable":true,"href":"https:\/\/wp.unil.ch\/cinematheque-unil\/wp-json\/wp\/v2\/comments?post=1698"}],"version-history":[{"count":0,"href":"https:\/\/wp.unil.ch\/cinematheque-unil\/wp-json\/wp\/v2\/pages\/1698\/revisions"}],"up":[{"embeddable":true,"href":"https:\/\/wp.unil.ch\/cinematheque-unil\/wp-json\/wp\/v2\/pages\/307"}],"wp:attachment":[{"href":"https:\/\/wp.unil.ch\/cinematheque-unil\/wp-json\/wp\/v2\/media?parent=1698"}],"curies":[{"name":"wp","href":"https:\/\/api.w.org\/{rel}","templated":true}]}}