{"id":1695,"date":"2015-02-06T15:38:31","date_gmt":"2015-02-06T14:38:31","guid":{"rendered":"http:\/\/wp.unil.ch\/cinematheque-unil\/?page_id=1695"},"modified":"2018-06-10T11:17:34","modified_gmt":"2018-06-10T09:17:34","slug":"rendez-vous-a-knokke-le-zoute-1949","status":"publish","type":"page","link":"https:\/\/wp.unil.ch\/cinematheque-unil\/vitrine\/zooms-sur-les-projets\/rendez-vous-a-knokke-le-zoute-1949\/","title":{"rendered":"Rendez-vous \u00e0 Knokke-le-Zoute, 1949"},"content":{"rendered":"<ol class=\"breadcrumb\">\n<li><a href=\"https:\/\/wp.unil.ch\/cinematheque-unil\/vitrine\/\">Vitrine<\/a><\/li>\n<li><a href=\"https:\/\/wp.unil.ch\/cinematheque-unil\/vitrine\/zooms-sur-les-projets\/\">Zooms sur les projets<\/a><\/li>\n<li class=\"current\"><a href=\"https:\/\/wp.unil.ch\/cinematheque-unil\/vitrine\/zooms-sur-les-projets\/rendez-vous-a-knokke-le-zoute-1949\/\">Rendez-vous \u00e0 Knokke-le-Zoute, 1949<\/a><\/li>\n<\/ol>\n<div id=\"metaslider-id-1693\" style=\"width: 100%;\" class=\"ml-slider-3-107-0 metaslider metaslider-flex metaslider-1693 ml-slider has-carousel-mode ms-theme-default nav-hidden\" role=\"region\" aria-label=\"Zoom Knokke-le-Zoute\" data-height=\"800\" data-width=\"1200\">\n    <div id=\"metaslider_container_1693\">\n        <div id=\"metaslider_1693\" class=\"flexslider\">\n            <ul class='slides'>\n                <li style=\"display: none; width: 100%;\" class=\"slide-1694 ms-image \" aria-roledescription=\"slide\" data-date=\"2015-02-06 15:11:31\" data-filename=\"ZOOM_KNOKKE01-1083x722.jpg\" data-slide-type=\"image\"><img loading=\"lazy\" decoding=\"async\" src=\"https:\/\/wp.unil.ch\/cinematheque-unil\/files\/2015\/02\/ZOOM_KNOKKE01-1083x722.jpg\" height=\"800\" width=\"1200\" alt=\"\" class=\"slider-1693 slide-1694 msDefaultImage\" \/><div class=\"caption-wrap\"><div class=\"caption\">1\/11. De gauche \u00e0 droite\u00a0: [?], Ove Brusendorff (directeur du Danske Filmmuseum), Zika de Malewsky-Malevitch (secr\u00e9taire ex\u00e9cutive de la FIAF), Jan de Vaal (directeur du Nederlands Historisch Film Archief), Claude Emery (directeur de la Cin\u00e9math\u00e8que suisse), Raymond A. Bech (membre fondateur de la Cin\u00e9math\u00e8que suisse). L\u2019affichette dans la vitrine en bas \u00e0 droite est celle du Festival du film exp\u00e9rimental int\u00e9gr\u00e9 \u00e0 la manifestation.<\/div><\/div><\/li>\n                <li style=\"display: none; width: 100%;\" class=\"slide-1890 ms-image \" aria-roledescription=\"slide\" data-date=\"2015-02-17 11:56:06\" data-filename=\"ZOOM_KNOKKE02-1077x718.jpg\" data-slide-type=\"image\"><img loading=\"lazy\" decoding=\"async\" src=\"https:\/\/wp.unil.ch\/cinematheque-unil\/files\/2015\/02\/ZOOM_KNOKKE02-1077x718.jpg\" height=\"800\" width=\"1200\" alt=\"\" class=\"slider-1693 slide-1890 msDefaultImage\" \/><div class=\"caption-wrap\"><div class=\"caption\">2\/11. Debout en habit clair\u00a0: Jan de Vaal (directeur du Nederlands Historisch Film Archief). Assis au centre\u00a0: Claude Emery (directeur de la Cin\u00e9math\u00e8que suisse).<\/div><\/div><\/li>\n                <li style=\"display: none; width: 100%;\" class=\"slide-1891 ms-image \" aria-roledescription=\"slide\" data-date=\"2015-02-17 11:56:08\" data-filename=\"ZOOM_KNOKKE03-969x646.jpg\" data-slide-type=\"image\"><img loading=\"lazy\" decoding=\"async\" src=\"https:\/\/wp.unil.ch\/cinematheque-unil\/files\/2015\/02\/ZOOM_KNOKKE03-969x646.jpg\" height=\"800\" width=\"1200\" alt=\"\" class=\"slider-1693 slide-1891 msDefaultImage\" \/><div class=\"caption-wrap\"><div class=\"caption\">3\/11. De gauche \u00e0 droite\u00a0: Ren\u00e9 Favre,\u00a0[?], Raymond A. Bech, Claude Emery, respectivement membres fondateurs et directeur de la Cin\u00e9math\u00e8que suisse.<\/div><\/div><\/li>\n                <li style=\"display: none; width: 100%;\" class=\"slide-1892 ms-image \" aria-roledescription=\"slide\" data-date=\"2015-02-17 11:56:10\" data-filename=\"ZOOM_KNOKKE04-1112x741.jpg\" data-slide-type=\"image\"><img loading=\"lazy\" decoding=\"async\" src=\"https:\/\/wp.unil.ch\/cinematheque-unil\/files\/2015\/02\/ZOOM_KNOKKE04-1112x741.jpg\" height=\"800\" width=\"1200\" alt=\"\" class=\"slider-1693 slide-1892 msDefaultImage\" \/><div class=\"caption-wrap\"><div class=\"caption\">4\/11. De gauche \u00e0 droite\u00a0: Ren\u00e9 Favre, [?], Raymond A. Bech (membres fondateurs Cin\u00e9math\u00e8que suisse), et Georges Sadoul (historien du cin\u00e9ma et secr\u00e9taire g\u00e9n\u00e9ral de la F\u00e9d\u00e9ration internationale des cin\u00e9-clubs).<\/div><\/div><\/li>\n                <li style=\"display: none; width: 100%;\" class=\"slide-1893 ms-image \" aria-roledescription=\"slide\" data-date=\"2015-02-17 11:56:12\" data-filename=\"ZOOM_KNOKKE05-1099x732.jpg\" data-slide-type=\"image\"><img loading=\"lazy\" decoding=\"async\" src=\"https:\/\/wp.unil.ch\/cinematheque-unil\/files\/2015\/02\/ZOOM_KNOKKE05-1099x732.jpg\" height=\"800\" width=\"1200\" alt=\"\" class=\"slider-1693 slide-1893 msDefaultImage\" \/><div class=\"caption-wrap\"><div class=\"caption\">5\/11. De gauche \u00e0 droite : [?], Ren\u00e9 Favre (membre fondateur de la Cin\u00e9math\u00e8que suisse), Ernest Lindgren (conservateur du British Film Institute) et Zika de Malewsky-Malevitch (secr\u00e9taire ex\u00e9cutive de la FIAF).<\/div><\/div><\/li>\n                <li style=\"display: none; width: 100%;\" class=\"slide-1894 ms-image \" aria-roledescription=\"slide\" data-date=\"2015-02-17 11:56:15\" data-filename=\"ZOOM_KNOKKE06-1124x749.jpg\" data-slide-type=\"image\"><img loading=\"lazy\" decoding=\"async\" src=\"https:\/\/wp.unil.ch\/cinematheque-unil\/files\/2015\/02\/ZOOM_KNOKKE06-1124x749.jpg\" height=\"800\" width=\"1200\" alt=\"\" class=\"slider-1693 slide-1894 msDefaultImage\" \/><div class=\"caption-wrap\"><div class=\"caption\">6\/11. De gauche \u00e0 droite : [?], [?], Ernest Lindgren (conservateur du British Film Institute), Zika de Malewsky-Malevitch (secr\u00e9taire ex\u00e9cutive de la FIAF) et Claude Emery (directeur de la Cin\u00e9math\u00e8que suisse).<\/div><\/div><\/li>\n                <li style=\"display: none; width: 100%;\" class=\"slide-1895 ms-image \" aria-roledescription=\"slide\" data-date=\"2015-02-17 11:56:16\" data-filename=\"ZOOM_KNOKKE07-1001x667.jpg\" data-slide-type=\"image\"><img loading=\"lazy\" decoding=\"async\" src=\"https:\/\/wp.unil.ch\/cinematheque-unil\/files\/2015\/02\/ZOOM_KNOKKE07-1001x667.jpg\" height=\"800\" width=\"1200\" alt=\"\" class=\"slider-1693 slide-1895 msDefaultImage\" \/><div class=\"caption-wrap\"><div class=\"caption\">7\/11. Zika de Malewsky-Malevitch, secr\u00e9taire ex\u00e9cutive de la F\u00e9d\u00e9ration internationale des archives du film.<\/div><\/div><\/li>\n                <li style=\"display: none; width: 100%;\" class=\"slide-1912 ms-image \" aria-roledescription=\"slide\" data-date=\"2015-02-17 13:40:13\" data-filename=\"ZOOM_KNOKKE08_MODIFIEE.jpg\" data-slide-type=\"image\"><img loading=\"lazy\" decoding=\"async\" src=\"https:\/\/wp.unil.ch\/cinematheque-unil\/files\/2015\/02\/ZOOM_KNOKKE08_MODIFIEE.jpg\" height=\"800\" width=\"1200\" alt=\"\" class=\"slider-1693 slide-1912 msDefaultImage\" \/><div class=\"caption-wrap\"><div class=\"caption\">8\/11. De gauche \u00e0 droite\u00a0: Jacques Ledoux (conservateur de la Cin\u00e9math\u00e8que de Belgique), Henri Langlois (secr\u00e9taire g\u00e9n\u00e9ral de la Cin\u00e9math\u00e8que fran\u00e7aise et de la FIAF), Claude Emery (directeur de la Cin\u00e9math\u00e8que suisse).<\/div><\/div><\/li>\n                <li style=\"display: none; width: 100%;\" class=\"slide-1897 ms-image \" aria-roledescription=\"slide\" data-date=\"2015-02-17 11:56:21\" data-filename=\"ZOOM_KNOKKE09-564x376.jpg\" data-slide-type=\"image\"><img loading=\"lazy\" decoding=\"async\" src=\"https:\/\/wp.unil.ch\/cinematheque-unil\/files\/2015\/02\/ZOOM_KNOKKE09-564x376.jpg\" height=\"800\" width=\"1200\" alt=\"\" class=\"slider-1693 slide-1897 msDefaultImage\" \/><div class=\"caption-wrap\"><div class=\"caption\">9\/11. Jan de Vaal, fondateur et directeur du Nederlands Historisch Film Archief.<\/div><\/div><\/li>\n                <li style=\"display: none; width: 100%;\" class=\"slide-1898 ms-image \" aria-roledescription=\"slide\" data-date=\"2015-02-17 11:56:23\" data-filename=\"ZOOM_KNOKKE10-1096x730.jpg\" data-slide-type=\"image\"><img loading=\"lazy\" decoding=\"async\" src=\"https:\/\/wp.unil.ch\/cinematheque-unil\/files\/2015\/02\/ZOOM_KNOKKE10-1096x730.jpg\" height=\"800\" width=\"1200\" alt=\"\" class=\"slider-1693 slide-1898 msDefaultImage\" \/><div class=\"caption-wrap\"><div class=\"caption\">10\/11. Le Casino de Knokke-le-Zoute lors du Festival mondial du film et des beaux-arts, 1949.<\/div><\/div><\/li>\n                <li style=\"display: none; width: 100%;\" class=\"slide-1899 ms-image \" aria-roledescription=\"slide\" data-date=\"2015-02-17 11:56:27\" data-filename=\"ZOOM_KNOKKE11-1075x716.jpg\" data-slide-type=\"image\"><img loading=\"lazy\" decoding=\"async\" src=\"https:\/\/wp.unil.ch\/cinematheque-unil\/files\/2015\/02\/ZOOM_KNOKKE11-1075x716.jpg\" height=\"800\" width=\"1200\" alt=\"\" class=\"slider-1693 slide-1899 msDefaultImage\" \/><div class=\"caption-wrap\"><div class=\"caption\">11\/11. Le bord de mer de Knokke-Le-Zoute, lors du Festival mondial du film et des beaux-arts, 1949.<\/div><\/div><\/li>\n            <\/ul>\n        <\/div>\n        \n    <\/div>\n<\/div>\n<p style=\"text-align: center;font-size: small\">Diaporama : Festival mondial du film et des beaux-arts de Knokke-le-Zoute, 1949.<br \/>\n\u00a9 Tous droits r\u00e9serv\u00e9s\/collection Cin\u00e9math\u00e8que suisse.<\/p>\n<p>En mars 2014, nous rencontrons dans le cadre de notre projet de recherche, chez lui \u00e0 Gilly, M. Raymond A. Bech, membre fondateur de la Cin\u00e9math\u00e8que suisse. Au cours de l\u2019entretien, M. Bech nous montre une petite photographie de jeunesse, au format carr\u00e9, qu\u2019il conserve pr\u00e9cieusement, nous dit-il, sans parvenir \u00e0 la resituer. Quelques personnes y posent devant une vitrine o\u00f9 se refl\u00e8tent des drapeaux de tous les pays. On y reconna\u00eet, aux c\u00f4t\u00e9s de Raymond Bech, le premier directeur de la Cin\u00e9math\u00e8que, Claude Emery \u2013 ce qui permet de dater l\u2019image entre 1948 et 1951. En d\u00e9taillant la partie droite de la photo, on distingue, derri\u00e8re la vitre, une affichette qui s\u2019av\u00e8re \u00eatre celle du Festival du film exp\u00e9rimental de Knokke-le-Zoute de 1949, sign\u00e9e Pierre Alechinsky.<\/p>\n<p>Quelque temps plus tard, en parcourant les collections iconographiques de la Cin\u00e9math\u00e8que suisse, nous tombons sur un ensemble de douze photographies noir et blanc regroup\u00e9es avec la mention FIAF, sans autre pr\u00e9cision. Parmi ces tirages format 13&#215;18 effectu\u00e9s sans doute dans les ann\u00e9es 1980 ou 1990, figure \u00e9galement un agrandissement, l\u00e9g\u00e8rement recadr\u00e9, du clich\u00e9 de M. Bech. Point de trace par contre des n\u00e9gatifs ou d\u2019autres tirages d\u2019\u00e9poque.<\/p>\n<p>Entretemps, nos recherches sur les d\u00e9buts de la Cin\u00e9math\u00e8que suisse nous ont permis d\u2019en savoir un peu plus sur les circonstances entourant ces images\u2026 <a title=\"\u00c9tude sur la Cin\u00e9math\u00e8que suisse au Festival de Knokke-le-Zoute\" href=\"https:\/\/wp.unil.ch\/cinematheque-unil\/projets\/une-histoire-de-la-cinematheque-suisse\/analyses\/etude-sur-la-cinematheque-suisse-au-festival-de-knokke-le-zoute\/\">Lire l\u2019article complet issu du projet \u00ab Cin\u00e9math\u00e8que suisse : une histoire institutionnelle \u00bb+<\/a><\/p>\n<p style=\"text-align: justify\">Alessia Bottani<\/p>\n","protected":false},"excerpt":{"rendered":"<p>Vitrine Zooms sur les projets Rendez-vous \u00e0 Knokke-le-Zoute, 1949 Diaporama : Festival mondial du film et des beaux-arts de Knokke-le-Zoute, 1949. \u00a9 Tous droits r\u00e9serv\u00e9s\/collection Cin\u00e9math\u00e8que suisse. En mars 2014, nous rencontrons dans le cadre de notre projet de recherche,<\/p>\n","protected":false},"author":1469,"featured_media":0,"parent":1698,"menu_order":29,"comment_status":"closed","ping_status":"closed","template":"","meta":{"_seopress_robots_primary_cat":"","_seopress_titles_title":"","_seopress_titles_desc":"","_seopress_robots_index":"","footnotes":""},"class_list":["post-1695","page","type-page","status-publish"],"_links":{"self":[{"href":"https:\/\/wp.unil.ch\/cinematheque-unil\/wp-json\/wp\/v2\/pages\/1695","targetHints":{"allow":["GET"]}}],"collection":[{"href":"https:\/\/wp.unil.ch\/cinematheque-unil\/wp-json\/wp\/v2\/pages"}],"about":[{"href":"https:\/\/wp.unil.ch\/cinematheque-unil\/wp-json\/wp\/v2\/types\/page"}],"author":[{"embeddable":true,"href":"https:\/\/wp.unil.ch\/cinematheque-unil\/wp-json\/wp\/v2\/users\/1469"}],"replies":[{"embeddable":true,"href":"https:\/\/wp.unil.ch\/cinematheque-unil\/wp-json\/wp\/v2\/comments?post=1695"}],"version-history":[{"count":0,"href":"https:\/\/wp.unil.ch\/cinematheque-unil\/wp-json\/wp\/v2\/pages\/1695\/revisions"}],"up":[{"embeddable":true,"href":"https:\/\/wp.unil.ch\/cinematheque-unil\/wp-json\/wp\/v2\/pages\/1698"}],"wp:attachment":[{"href":"https:\/\/wp.unil.ch\/cinematheque-unil\/wp-json\/wp\/v2\/media?parent=1695"}],"curies":[{"name":"wp","href":"https:\/\/api.w.org\/{rel}","templated":true}]}}