{"id":1492,"date":"2015-01-12T11:27:19","date_gmt":"2015-01-12T10:27:19","guid":{"rendered":"http:\/\/wp.unil.ch\/cinematheque-unil\/?page_id=1492"},"modified":"2019-02-12T14:38:27","modified_gmt":"2019-02-12T13:38:27","slug":"presentation","status":"publish","type":"page","link":"https:\/\/wp.unil.ch\/cinematheque-unil\/projets\/bolex-et-le-cinema-amateur\/presentation\/","title":{"rendered":"Pr\u00e9sentation"},"content":{"rendered":"<ol class=\"breadcrumb\">\n<li><a href=\"https:\/\/wp.unil.ch\/cinematheque-unil\/projets\/\">Projets<\/a><\/li>\n<li><a href=\"https:\/\/wp.unil.ch\/cinematheque-unil\/projets\/bolex-et-le-cinema-amateur\/\">Bolex et le cin\u00e9ma amateur en Suisse<\/a><\/li>\n<li class=\"current\"><a href=\"https:\/\/wp.unil.ch\/cinematheque-unil\/projets\/bolex-et-le-cinema-amateur\/presentation\/\">Pr\u00e9sentation<\/a><\/li>\n<\/ol>\n<h3>Histoire des machines et arch\u00e9ologie des pratiques : Bolex et le cin\u00e9ma amateur en Suisse<\/h3>\n<figure id=\"attachment_959\" aria-describedby=\"caption-attachment-959\" style=\"width: 250px\" class=\"wp-caption alignleft\"><a href=\"https:\/\/wp.unil.ch\/cinematheque-unil\/files\/2014\/11\/BOLEX_RELIEF.jpg\"><img alt=\"\" loading=\"lazy\" decoding=\"async\" class=\"wp-image-959\" src=\"https:\/\/wp.unil.ch\/cinematheque-unil\/files\/2014\/11\/BOLEX_RELIEF.jpg\" alt=\"\" width=\"250\" height=\"356\" srcset=\"https:\/\/wp.unil.ch\/cinematheque-unil\/files\/2014\/11\/BOLEX_RELIEF.jpg 562w, https:\/\/wp.unil.ch\/cinematheque-unil\/files\/2014\/11\/BOLEX_RELIEF-210x300.jpg 210w\" sizes=\"auto, (max-width: 250px) 100vw, 250px\" \/><\/a><figcaption id=\"caption-attachment-959\" class=\"wp-caption-text\">Publicit\u00e9 Paillard-Bolex pour le Cin\u00e9-st\u00e9r\u00e9o Kern-Paillard, s.d., fonds Paillard, PP680\/2485.<br \/> \u00a9 Archives cantonales vaudoises.<\/figcaption><\/figure>\n<p style=\"text-align: justify\">La marque d\u2019appareils cin\u00e9matographiques Bolex, li\u00e9e \u00e0 l\u2019entreprise vaudoise Paillard, est devenue le symbole de toute une g\u00e9n\u00e9ration de cam\u00e9ras m\u00e9caniques fabriqu\u00e9es \u00e0 l\u2019intention des cin\u00e9astes amateurs. Bolex se cantonna dans le domaine du cin\u00e9ma substandard (16\u00a0mm et 8\u00a0mm, principalement) et, contrairement \u00e0 la firme allemande Arri ou \u00e0 la soci\u00e9t\u00e9 fran\u00e7aise \u00c9clair, ne produisit pas de machines exclusivement professionnelles. Issues des techniques de l\u2019industrie horlog\u00e8re suisse, les cam\u00e9ras de cette marque \u00e9taient des appareils solides, compacts et faciles d\u2019utilisation, dont des cin\u00e9astes amateurs du monde entier firent l\u2019acquisition pour r\u00e9aliser leurs films de famille ou de voyage (voir l\u2019ouvrage r\u00e9cent de Thomas Perret et Roland Cosandey, <em>Paillard-Bolex-Boolsky<\/em>, Yverdon-les-Bains, \u00c9ditions de la Thi\u00e8le, 2013).<\/p>\n<p style=\"text-align: justify\">Malgr\u00e9 l\u2019orientation de la marque, ces cam\u00e9ras pass\u00e8rent aussi entre les mains de cin\u00e9astes professionnels, qui les trouv\u00e8rent parfaitement adapt\u00e9es \u00e0 la production de films industriels ou de reportages t\u00e9l\u00e9vis\u00e9s, sans oublier les \u0153uvres exp\u00e9rimentales de Maya Deren, de Jonas Mekas et de Stan Brakhage. Au-del\u00e0 des cam\u00e9ras qui ont fait la renomm\u00e9e de Bolex, la marque proposa une large gamme de produits domestiques pour le titrage, le montage et la projection, permettant ainsi aux utilisateurs de contr\u00f4ler personnellement les diff\u00e9rents param\u00e8tres de la fabrication et de la pr\u00e9sentation de leurs films. Les ing\u00e9nieurs de Paillard s\u2019attach\u00e8rent \u00e9galement \u00e0 suivre l\u2019\u00e9volution g\u00e9n\u00e9rale du mat\u00e9riel cin\u00e9matographique, en introduisant des innovations technologiques telles que la sonorisation et la st\u00e9r\u00e9oscopie dans le champ des pratiques amateurs.<\/p>\n<p><iframe loading=\"lazy\" title=\"Bolex\" width=\"720\" height=\"405\" src=\"https:\/\/www.youtube.com\/embed\/rpDmQhO3yk0?feature=oembed\" frameborder=\"0\" allow=\"accelerometer; autoplay; clipboard-write; encrypted-media; gyroscope; picture-in-picture; web-share\" referrerpolicy=\"strict-origin-when-cross-origin\" allowfullscreen><\/iframe><\/p>\n<p style=\"text-align: justify\">Ce projet de recherche sous la direction de Beno\u00eet Turquety vise \u00e0 appr\u00e9hender la production industrielle de Bolex en examinant notamment les collections d\u2019appareils de la Cin\u00e9math\u00e8que suisse et la documentation aff\u00e9rente (notices, catalogues, publicit\u00e9s, etc.), ainsi que les archives administratives de Paillard conserv\u00e9es aux Archives cantonales vaudoises. Il s\u2019agit d\u2019abord de se livrer \u00e0 une arch\u00e9ologie des techniques en articulant l\u2019examen des machines Bolex proprement dites avec l\u2019\u00e9tude des politiques de l\u2019entreprise dans un contexte \u00e9volutif et concurrentiel. Il est n\u00e9cessaire ensuite de se pencher sur l\u2019histoire culturelle de la promotion et de la distribution des appareils sur le plan local ou national, mais aussi, compte tenu du volume des exportations, \u00e0 une \u00e9chelle internationale, pour mettre en relation les produits Bolex avec leurs usagers. L\u2019analyse crois\u00e9e des machines et des discours permettra \u00e0 la fois de d\u00e9crypter une r\u00e9ussite technico-commerciale et d\u2019identifier les pratiques et les enjeux culturels du cin\u00e9ma amateur en Suisse.<\/p>\n<p style=\"text-align: justify;font-size: small\"><span style=\"color: #446688\">Direction : <span style=\"text-decoration: underline\"><strong><a href=\"https:\/\/www.unil.ch\/cin\/benoitturquety\" target=\"_blank\">Beno\u00eet Turquety<\/a><\/strong><\/span> (Section d\u2019histoire et esth\u00e9tique du cin\u00e9ma).<\/span><br \/>\n<span style=\"color: #446688\">Doctorants FNS : <span style=\"text-decoration: underline\"><strong><a href=\"https:\/\/www.unil.ch\/cin\/nicolasdulac\" target=\"_blank\">Nicolas Dulac<\/a><\/strong><\/span> (novembre 2015).<\/span><br \/>\n<span style=\"color: #446688\">Chercheur FNS Junior : <span style=\"text-decoration: underline\"><strong><a href=\"https:\/\/www.unil.ch\/cin\/stephanetralongo\" target=\"_blank\">Vincent Sorrel<\/a><\/strong><\/span> (mars 2016).<br \/>\n<span style=\"color: #446688\">Chercheur FNS Senior : <span style=\"text-decoration: underline\"><strong><a href=\"https:\/\/www.unil.ch\/cin\/stephanetralongo\" target=\"_blank\">St\u00e9phane Tralongo<\/a><\/strong><\/span>.<\/span><br \/>\n<span style=\"color: #446688\">D\u00e9but\/fin\u00a0: 01.11.2015 &#8211; 31.08.2019<\/span><\/span><\/p>\n<p style=\"text-align: justify;font-size: small\"><a href=\"https:\/\/p3.snf.ch\/project-159476\" target=\"_blank\"><img loading=\"lazy\" decoding=\"async\" class=\"alignnone wp-image-3017\" src=\"https:\/\/wp.unil.ch\/cinematheque-unil\/files\/2014\/02\/LOGO_FNS-300x81.jpg\" alt=\"LOGO_FNS\" width=\"200\" height=\"54\" srcset=\"https:\/\/wp.unil.ch\/cinematheque-unil\/files\/2014\/02\/LOGO_FNS-300x81.jpg 300w, https:\/\/wp.unil.ch\/cinematheque-unil\/files\/2014\/02\/LOGO_FNS-500x134.jpg 500w, https:\/\/wp.unil.ch\/cinematheque-unil\/files\/2014\/02\/LOGO_FNS.jpg 666w\" sizes=\"auto, (max-width: 200px) 100vw, 200px\" \/><\/a><\/p>\n<p style=\"text-align: justify;font-size: small\"><em>Voir aussi la <a title=\"FNS\" href=\"https:\/\/p3.snf.ch\/project-159476\" target=\"_blank\">page<\/a> du Fonds national suisse de la recherche scientifique.<\/em><\/p>\n","protected":false},"excerpt":{"rendered":"<p>Projets Bolex et le cin\u00e9ma amateur en Suisse Pr\u00e9sentation Histoire des machines et arch\u00e9ologie des pratiques : Bolex et le cin\u00e9ma amateur en Suisse La marque d\u2019appareils cin\u00e9matographiques Bolex, li\u00e9e \u00e0 l\u2019entreprise vaudoise Paillard, est devenue le symbole de toute<\/p>\n","protected":false},"author":1469,"featured_media":0,"parent":1413,"menu_order":16,"comment_status":"closed","ping_status":"closed","template":"","meta":{"_seopress_robots_primary_cat":"","_seopress_titles_title":"","_seopress_titles_desc":"","_seopress_robots_index":"","footnotes":""},"class_list":["post-1492","page","type-page","status-publish"],"_links":{"self":[{"href":"https:\/\/wp.unil.ch\/cinematheque-unil\/wp-json\/wp\/v2\/pages\/1492","targetHints":{"allow":["GET"]}}],"collection":[{"href":"https:\/\/wp.unil.ch\/cinematheque-unil\/wp-json\/wp\/v2\/pages"}],"about":[{"href":"https:\/\/wp.unil.ch\/cinematheque-unil\/wp-json\/wp\/v2\/types\/page"}],"author":[{"embeddable":true,"href":"https:\/\/wp.unil.ch\/cinematheque-unil\/wp-json\/wp\/v2\/users\/1469"}],"replies":[{"embeddable":true,"href":"https:\/\/wp.unil.ch\/cinematheque-unil\/wp-json\/wp\/v2\/comments?post=1492"}],"version-history":[{"count":1,"href":"https:\/\/wp.unil.ch\/cinematheque-unil\/wp-json\/wp\/v2\/pages\/1492\/revisions"}],"predecessor-version":[{"id":7567,"href":"https:\/\/wp.unil.ch\/cinematheque-unil\/wp-json\/wp\/v2\/pages\/1492\/revisions\/7567"}],"up":[{"embeddable":true,"href":"https:\/\/wp.unil.ch\/cinematheque-unil\/wp-json\/wp\/v2\/pages\/1413"}],"wp:attachment":[{"href":"https:\/\/wp.unil.ch\/cinematheque-unil\/wp-json\/wp\/v2\/media?parent=1492"}],"curies":[{"name":"wp","href":"https:\/\/api.w.org\/{rel}","templated":true}]}}