{"id":1413,"date":"2015-01-08T16:48:02","date_gmt":"2015-01-08T15:48:02","guid":{"rendered":"http:\/\/wp.unil.ch\/cinematheque-unil\/?page_id=1413"},"modified":"2018-12-05T13:21:35","modified_gmt":"2018-12-05T12:21:35","slug":"bolex-et-le-cinema-amateur","status":"publish","type":"page","link":"https:\/\/wp.unil.ch\/cinematheque-unil\/projets\/bolex-et-le-cinema-amateur\/","title":{"rendered":"Bolex et le cin\u00e9ma amateur en Suisse"},"content":{"rendered":"<div style=\"background-color: #f5f5f5\">\n<p style=\"color: #24445c;text-align: center;font-size: large\"><strong>Histoire des machines et arch\u00e9ologie des pratiques :<\/strong><br \/>\n<strong> Bolex et le cin\u00e9ma amateur en Suisse<\/strong><\/p>\n<p style=\"text-align: center;font-size: medium\"><img loading=\"lazy\" decoding=\"async\" class=\"aligncenter wp-image-1416 size-full\" src=\"https:\/\/wp.unil.ch\/cinematheque-unil\/files\/2015\/01\/SECTION_04.jpg\" alt=\"SECTION_04\" width=\"1024\" height=\"300\" srcset=\"https:\/\/wp.unil.ch\/cinematheque-unil\/files\/2015\/01\/SECTION_04.jpg 1024w, https:\/\/wp.unil.ch\/cinematheque-unil\/files\/2015\/01\/SECTION_04-300x88.jpg 300w, https:\/\/wp.unil.ch\/cinematheque-unil\/files\/2015\/01\/SECTION_04-500x146.jpg 500w\" sizes=\"auto, (max-width: 1024px) 100vw, 1024px\" \/><\/p>\n<p style=\"text-align: center;font-size: small\"><a title=\"Pr\u00e9sentation\" href=\"https:\/\/wp.unil.ch\/cinematheque-unil\/projets\/bolex-et-le-cinema-amateur\/presentation\/\">PR\u00c9SENTATION<\/a> | <a href=\"https:\/\/wp.unil.ch\/cinematheque-unil\/projets\/bolex-et-le-cinema-amateur\/communications\/\">COMMUNICATIONS<\/a> | <a href=\"https:\/\/wp.unil.ch\/cinematheque-unil\/projets\/bolex-et-le-cinema-amateur\/publications\/\">PUBLICATIONS<\/a>\u00a0| <a href=\"https:\/\/wp.unil.ch\/cinematheque-unil\/projets\/bolex-et-le-cinema-amateur\/expositions\/\">EXPOSITIONS<\/a><br \/>\n<a href=\"https:\/\/wp.unil.ch\/cinematheque-unil\/projets\/bolex-et-le-cinema-amateur\/journees-detude-et-colloques\/\"> JOURN\u00c9ES D&rsquo;\u00c9TUDE ET COLLOQUES<\/a> | <a title=\"Bibliographie s\u00e9lective\" href=\"https:\/\/wp.unil.ch\/cinematheque-unil\/projets\/bolex-et-le-cinema-amateur\/bibliographie-selective\/\">BIBLIOGRAPHIE S\u00c9LECTIVE<\/a> | <a title=\"Partenaires\" href=\"https:\/\/wp.unil.ch\/cinematheque-unil\/projets\/bolex-et-le-cinema-amateur\/partenaires\/\">PARTENAIRES<\/a><\/p>\n<p style=\"font-size: small;text-align: right\">Illustration : <em>Informations Paillard-Bolex<\/em>, n\u00b0 26, d\u00e9cembre 1961.<br \/>\n\u00a9 Archives cantonales vaudoises, fonds Paillard-Herm\u00e8s-Precisa, PP680\/2541.<\/p>\n<\/div>\n","protected":false},"excerpt":{"rendered":"<p>Histoire des machines et arch\u00e9ologie des pratiques : Bolex et le cin\u00e9ma amateur en Suisse PR\u00c9SENTATION | COMMUNICATIONS | PUBLICATIONS\u00a0| EXPOSITIONS JOURN\u00c9ES D&rsquo;\u00c9TUDE ET COLLOQUES | BIBLIOGRAPHIE S\u00c9LECTIVE | PARTENAIRES Illustration : Informations Paillard-Bolex, n\u00b0 26, d\u00e9cembre 1961. \u00a9 Archives<\/p>\n","protected":false},"author":1469,"featured_media":0,"parent":79,"menu_order":40,"comment_status":"closed","ping_status":"closed","template":"","meta":{"_seopress_robots_primary_cat":"","_seopress_titles_title":"","_seopress_titles_desc":"","_seopress_robots_index":"","footnotes":""},"class_list":["post-1413","page","type-page","status-publish"],"_links":{"self":[{"href":"https:\/\/wp.unil.ch\/cinematheque-unil\/wp-json\/wp\/v2\/pages\/1413","targetHints":{"allow":["GET"]}}],"collection":[{"href":"https:\/\/wp.unil.ch\/cinematheque-unil\/wp-json\/wp\/v2\/pages"}],"about":[{"href":"https:\/\/wp.unil.ch\/cinematheque-unil\/wp-json\/wp\/v2\/types\/page"}],"author":[{"embeddable":true,"href":"https:\/\/wp.unil.ch\/cinematheque-unil\/wp-json\/wp\/v2\/users\/1469"}],"replies":[{"embeddable":true,"href":"https:\/\/wp.unil.ch\/cinematheque-unil\/wp-json\/wp\/v2\/comments?post=1413"}],"version-history":[{"count":1,"href":"https:\/\/wp.unil.ch\/cinematheque-unil\/wp-json\/wp\/v2\/pages\/1413\/revisions"}],"predecessor-version":[{"id":8381,"href":"https:\/\/wp.unil.ch\/cinematheque-unil\/wp-json\/wp\/v2\/pages\/1413\/revisions\/8381"}],"up":[{"embeddable":true,"href":"https:\/\/wp.unil.ch\/cinematheque-unil\/wp-json\/wp\/v2\/pages\/79"}],"wp:attachment":[{"href":"https:\/\/wp.unil.ch\/cinematheque-unil\/wp-json\/wp\/v2\/media?parent=1413"}],"curies":[{"name":"wp","href":"https:\/\/api.w.org\/{rel}","templated":true}]}}