{"id":1340,"date":"2015-01-05T22:39:56","date_gmt":"2015-01-05T21:39:56","guid":{"rendered":"http:\/\/wp.unil.ch\/cinematheque-unil\/?page_id=1340"},"modified":"2018-10-12T12:54:24","modified_gmt":"2018-10-12T10:54:24","slug":"colloque-le-film-sur-lart-entre-histoire-de-lart-et-documentaire-de-creation","status":"publish","type":"page","link":"https:\/\/wp.unil.ch\/cinematheque-unil\/evenements\/colloque-le-film-sur-lart-entre-histoire-de-lart-et-documentaire-de-creation\/","title":{"rendered":"Colloque \u00ab Le film sur l\u2019art, entre histoire de l\u2019art et documentaire de cr\u00e9ation \u00bb"},"content":{"rendered":"<ol class=\"breadcrumb\">\n<li><a href=\"https:\/\/wp.unil.ch\/cinematheque-unil\/evenements\/\">\u00c9v\u00e9nements<\/a><\/li>\n<li class=\"current\"><a href=\"https:\/\/wp.unil.ch\/cinematheque-unil\/evenements\/colloque-le-film-sur-lart-entre-histoire-de-lart-et-documentaire-de-creation\/\">Le film sur l\u2019art<\/a><\/li>\n<\/ol>\n<h6 style=\"text-align: center\">Colloque<\/h6>\n<h5 style=\"text-align: center\">\u00ab Le film sur l\u2019art, entre histoire de l\u2019art et documentaire de cr\u00e9ation\u00a0\u00bb<\/h5>\n<h6 style=\"text-align: center\">sous la direction de Fran\u00e7ois Albera, Laurent Le Forestier, Kornelia Imesch, Philippe Kaenel, Mario L\u00fcscher et Valentine Robert<\/h6>\n<p style=\"text-align: center\">14-16 avril 2011<\/p>\n<p style=\"text-align: center;font-size: medium\"><a href=\"https:\/\/wp.unil.ch\/cinematheque-unil\/files\/2015\/01\/AFFICHE_FILM_ART.jpg\"><img loading=\"lazy\" decoding=\"async\" class=\"aligncenter size-full wp-image-1343\" src=\"https:\/\/wp.unil.ch\/cinematheque-unil\/files\/2015\/01\/AFFICHE_FILM_ART.jpg\" alt=\"AFFICHE_FILM_ART\" width=\"571\" height=\"800\" srcset=\"https:\/\/wp.unil.ch\/cinematheque-unil\/files\/2015\/01\/AFFICHE_FILM_ART.jpg 571w, https:\/\/wp.unil.ch\/cinematheque-unil\/files\/2015\/01\/AFFICHE_FILM_ART-214x300.jpg 214w\" sizes=\"auto, (max-width: 571px) 100vw, 571px\" \/><\/a><\/p>\n<p style=\"text-align: justify\">Quels liens r\u00e9ciproques furent nou\u00e9s entre historiens de l\u2019art, critiques d&rsquo;art et r\u00e9alisateurs ? Que comprendre de l&rsquo;histoire de ces films qui, d&rsquo;abord rattach\u00e9s au documentaire, voire au cin\u00e9ma p\u00e9dagogique, ont ensuite trouv\u00e9 une autonomie au sein du genre \u00ab film sur l&rsquo;art \u00bb ? Quel apport \u00e0 l&rsquo;histoire de l&rsquo;art cette production repr\u00e9sente-t-elle ? Comment l&rsquo;histoire de l&rsquo;art et ses applications dans diff\u00e9rents m\u00e9dias circulent dans ces films ? Quel effet en retour sur le cin\u00e9ma \u00ab comme art plastique \u00bb cet int\u00e9r\u00eat pour l&rsquo;art a-t-il pu produire ? O\u00f9 sont ces films ? Comment les voir ? Et quelle est la situation pr\u00e9sente de ce type d&rsquo;approche ?<\/p>\n<p style=\"text-align: justify\">Ce colloque international et les manifestations associ\u00e9es (r\u00e9trospective, table ronde, discussion avec des cin\u00e9astes) essaieront de r\u00e9pondre aux questions souleve\u00e9s par ce \u00ab genre \u00bb jusqu&rsquo;ici peu \u00e9tudi\u00e9, hybride mais prolifique, au croisement de l&rsquo;histoire de l&rsquo;art et du cin\u00e9ma documentaire.<\/p>\n<p style=\"text-align: center;font-size: small\"><strong>Programme<\/strong><\/p>\n<p style=\"text-align: center;font-size: small\"><a href=\"https:\/\/wp.unil.ch\/cinematheque-unil\/files\/2015\/01\/PROGRAMME_FILM_ART.pdf\" target=\"_blank\">T\u00e9l\u00e9charger.<\/a><\/p>\n<p style=\"text-align: center;font-size: small\"><em>Voir aussi la <a title=\"Section cin\u00e9ma\" href=\"https:\/\/www.unil.ch\/cin\/home\/menuinst\/les-evenements\/colloque-le-film-sur-lart.html\" target=\"_blank\">page<\/a> de la Section d&rsquo;histoire et esth\u00e9tique du cin\u00e9ma.<\/em><\/p>\n","protected":false},"excerpt":{"rendered":"<p>\u00c9v\u00e9nements Le film sur l\u2019art Colloque \u00ab Le film sur l\u2019art, entre histoire de l\u2019art et documentaire de cr\u00e9ation\u00a0\u00bb sous la direction de Fran\u00e7ois Albera, Laurent Le Forestier, Kornelia Imesch, Philippe Kaenel, Mario L\u00fcscher et Valentine Robert 14-16 avril 2011<\/p>\n","protected":false},"author":1469,"featured_media":0,"parent":1226,"menu_order":58,"comment_status":"closed","ping_status":"closed","template":"","meta":{"_seopress_robots_primary_cat":"","_seopress_titles_title":"","_seopress_titles_desc":"","_seopress_robots_index":"","footnotes":""},"class_list":["post-1340","page","type-page","status-publish"],"_links":{"self":[{"href":"https:\/\/wp.unil.ch\/cinematheque-unil\/wp-json\/wp\/v2\/pages\/1340","targetHints":{"allow":["GET"]}}],"collection":[{"href":"https:\/\/wp.unil.ch\/cinematheque-unil\/wp-json\/wp\/v2\/pages"}],"about":[{"href":"https:\/\/wp.unil.ch\/cinematheque-unil\/wp-json\/wp\/v2\/types\/page"}],"author":[{"embeddable":true,"href":"https:\/\/wp.unil.ch\/cinematheque-unil\/wp-json\/wp\/v2\/users\/1469"}],"replies":[{"embeddable":true,"href":"https:\/\/wp.unil.ch\/cinematheque-unil\/wp-json\/wp\/v2\/comments?post=1340"}],"version-history":[{"count":0,"href":"https:\/\/wp.unil.ch\/cinematheque-unil\/wp-json\/wp\/v2\/pages\/1340\/revisions"}],"up":[{"embeddable":true,"href":"https:\/\/wp.unil.ch\/cinematheque-unil\/wp-json\/wp\/v2\/pages\/1226"}],"wp:attachment":[{"href":"https:\/\/wp.unil.ch\/cinematheque-unil\/wp-json\/wp\/v2\/media?parent=1340"}],"curies":[{"name":"wp","href":"https:\/\/api.w.org\/{rel}","templated":true}]}}