{"id":1334,"date":"2015-01-05T19:52:49","date_gmt":"2015-01-05T18:52:49","guid":{"rendered":"http:\/\/wp.unil.ch\/cinematheque-unil\/?page_id=1334"},"modified":"2018-10-12T12:55:16","modified_gmt":"2018-10-12T10:55:16","slug":"colloque-le-theatre-des-nerfs","status":"publish","type":"page","link":"https:\/\/wp.unil.ch\/cinematheque-unil\/evenements\/colloque-le-theatre-des-nerfs\/","title":{"rendered":"Colloque \u00ab Le th\u00e9\u00e2tre des nerfs \u00bb"},"content":{"rendered":"<ol class=\"breadcrumb\">\n<li><a href=\"https:\/\/wp.unil.ch\/cinematheque-unil\/evenements\/\">\u00c9v\u00e9nements<\/a><\/li>\n<li class=\"current\"><a href=\"https:\/\/wp.unil.ch\/cinematheque-unil\/evenements\/colloque-le-theatre-des-nerfs\/\">Le th\u00e9\u00e2tre des nerfs<\/a><\/li>\n<\/ol>\n<h6 style=\"text-align: center\">Colloque<\/h6>\n<h5 style=\"text-align: center\">\u00ab Le th\u00e9\u00e2tre des nerfs :<br \/>\ncultures neurologiques, psychologiques et spectaculaires autour de 1900 \u00bb<\/h5>\n<h6 style=\"text-align: center\">sous la direction de Vincent Barras, Mireille Berton et C\u00e9line Eidenbenz<\/h6>\n<p style=\"text-align: center\">24-26 novembre 2011<\/p>\n<p style=\"text-align: center;font-size: medium\"><a href=\"https:\/\/wp.unil.ch\/cinematheque-unil\/files\/2015\/01\/AFFICHE_THEATRE_NERFS.jpg\"><img loading=\"lazy\" decoding=\"async\" class=\"aligncenter size-full wp-image-1337\" src=\"https:\/\/wp.unil.ch\/cinematheque-unil\/files\/2015\/01\/AFFICHE_THEATRE_NERFS.jpg\" alt=\"AFFICHE_THEATRE_NERFS\" width=\"566\" height=\"800\" srcset=\"https:\/\/wp.unil.ch\/cinematheque-unil\/files\/2015\/01\/AFFICHE_THEATRE_NERFS.jpg 566w, https:\/\/wp.unil.ch\/cinematheque-unil\/files\/2015\/01\/AFFICHE_THEATRE_NERFS-212x300.jpg 212w\" sizes=\"auto, (max-width: 566px) 100vw, 566px\" \/><\/a><\/p>\n<p style=\"text-align: justify\">\u00ab Le th\u00e9\u00e2tre des nerfs \u00bb se propose d\u2019examiner une th\u00e9matique situ\u00e9e au croisement de trois champs : l\u2019histoire des sciences et de la m\u00e9decine, l\u2019histoire des arts visuels, l\u2019histoire des cultures corporelles et du spectacle. Le tournant des XIXe et XXe si\u00e8cles offre un terrain d\u2019exploration extr\u00eamement f\u00e9cond qui permet de mobiliser un faisceau de savoirs appliqu\u00e9s \u00e0 l\u2019\u00e9tude d\u2019objets-carrefour aux fronti\u00e8res de la litt\u00e9rature, du cin\u00e9ma, de la photographie, de la m\u00e9decine, de la psychopathologie, des technologies, sans oublier les sciences occultes ni la tradition du caf\u00e9-concert, du cabaret et de la danse. R\u00e9cemment, diff\u00e9rentes \u00e9tudes embl\u00e9matiques ont attir\u00e9 l\u2019attention sur ces interactions (J. Carroy, D. Gamboni, R.B. Gordon, J-C. Valtat et d\u2019autres).<\/p>\n<p style=\"text-align: justify\">Plac\u00e9 sous les auspices du Centre des sciences historiques de la culture, ce colloque vise \u00e0 pr\u00e9senter les travaux de ces chercheurs-euses confirm\u00e9-e-s et de jeunes chercheurs-euses partageant int\u00e9r\u00eats et m\u00e9thodologies connexes, afin d\u2019enrichir l\u2019\u00e9tat pr\u00e9sent de la recherche. Il convie \u00e9galement des artistes contemporain-e-s dont les d\u00e9marches font \u00e9cho \u00e0 ces th\u00e9matiques. Il s\u2019inscrit ainsi dans le d\u00e9veloppement d\u2019approches historiques soucieuses d\u2019\u00e9pist\u00e9mologie et guid\u00e9es par une vision \u00e0 la fois interm\u00e9diatique et interdisciplinaire, conjuguant analyses des discours, des repr\u00e9sentations, des pratiques et des objets.<\/p>\n<p style=\"text-align: justify\">Les organisateurs souhaitent que ce colloque contribue \u00e0 rassembler et \u00e0 mieux faire conna\u00eetre des travaux originaux et dispers\u00e9s, tout en dynamisant le d\u00e9bat autour des questions complexes et plurielles qu\u2019il soul\u00e8vera.<\/p>\n<p style=\"text-align: center;font-size: small\"><strong>Programme<\/strong><\/p>\n<p style=\"text-align: center;font-size: small\"><a href=\"https:\/\/wp.unil.ch\/cinematheque-unil\/files\/2015\/01\/PROGRAMME_THEATRE_NERFS.pdf\" target=\"_blank\">T\u00e9l\u00e9charger.<\/a><\/p>\n<p style=\"text-align: center;font-size: small\"><em>Voir aussi la <a title=\"Centre des sciences historiques de la culture\" href=\"https:\/\/www.unil.ch\/shc\/home\/menuinst\/colloques-et-evenements\/colloques-annuels\/2011.html\" target=\"_blank\">page<\/a> du Centre des sciences historiques de la culture.<\/em><\/p>\n","protected":false},"excerpt":{"rendered":"<p>\u00c9v\u00e9nements Le th\u00e9\u00e2tre des nerfs Colloque \u00ab Le th\u00e9\u00e2tre des nerfs : cultures neurologiques, psychologiques et spectaculaires autour de 1900 \u00bb sous la direction de Vincent Barras, Mireille Berton et C\u00e9line Eidenbenz 24-26 novembre 2011 \u00ab Le th\u00e9\u00e2tre des nerfs<\/p>\n","protected":false},"author":1469,"featured_media":0,"parent":1226,"menu_order":57,"comment_status":"closed","ping_status":"closed","template":"","meta":{"_seopress_robots_primary_cat":"","_seopress_titles_title":"","_seopress_titles_desc":"","_seopress_robots_index":"","footnotes":""},"class_list":["post-1334","page","type-page","status-publish"],"_links":{"self":[{"href":"https:\/\/wp.unil.ch\/cinematheque-unil\/wp-json\/wp\/v2\/pages\/1334","targetHints":{"allow":["GET"]}}],"collection":[{"href":"https:\/\/wp.unil.ch\/cinematheque-unil\/wp-json\/wp\/v2\/pages"}],"about":[{"href":"https:\/\/wp.unil.ch\/cinematheque-unil\/wp-json\/wp\/v2\/types\/page"}],"author":[{"embeddable":true,"href":"https:\/\/wp.unil.ch\/cinematheque-unil\/wp-json\/wp\/v2\/users\/1469"}],"replies":[{"embeddable":true,"href":"https:\/\/wp.unil.ch\/cinematheque-unil\/wp-json\/wp\/v2\/comments?post=1334"}],"version-history":[{"count":0,"href":"https:\/\/wp.unil.ch\/cinematheque-unil\/wp-json\/wp\/v2\/pages\/1334\/revisions"}],"up":[{"embeddable":true,"href":"https:\/\/wp.unil.ch\/cinematheque-unil\/wp-json\/wp\/v2\/pages\/1226"}],"wp:attachment":[{"href":"https:\/\/wp.unil.ch\/cinematheque-unil\/wp-json\/wp\/v2\/media?parent=1334"}],"curies":[{"name":"wp","href":"https:\/\/api.w.org\/{rel}","templated":true}]}}