{"id":1315,"date":"2015-01-05T18:54:35","date_gmt":"2015-01-05T17:54:35","guid":{"rendered":"http:\/\/wp.unil.ch\/cinematheque-unil\/?page_id=1315"},"modified":"2018-10-12T12:52:09","modified_gmt":"2018-10-12T10:52:09","slug":"colloque-max-linder-et-le-comique-debut-de-siecle","status":"publish","type":"page","link":"https:\/\/wp.unil.ch\/cinematheque-unil\/evenements\/colloque-max-linder-et-le-comique-debut-de-siecle\/","title":{"rendered":"Colloque \u00ab Max Linder et le comique d\u00e9but de si\u00e8cle \u00bb"},"content":{"rendered":"<ol class=\"breadcrumb\">\n<li><a href=\"https:\/\/wp.unil.ch\/cinematheque-unil\/evenements\/\">\u00c9v\u00e9nements<\/a><\/li>\n<li class=\"current\"><a href=\"https:\/\/wp.unil.ch\/cinematheque-unil\/evenements\/colloque-max-linder-et-le-comique-debut-de-siecle\/\">Max Linder et le comique d\u00e9but de si\u00e8cle<\/a><\/li>\n<\/ol>\n<h6 style=\"text-align: center\">Colloque<\/h6>\n<h5 style=\"text-align: center\">\u00ab Max Linder et le comique d\u00e9but de si\u00e8cle\u00a0\u00bb<\/h5>\n<h6 style=\"text-align: center\">sous la direction de\u00a0Laurent Guido et Laurent Le Forestier<\/h6>\n<p style=\"text-align: center\">3-4 octobre\u00a02012<\/p>\n<p style=\"text-align: center;font-size: medium\"><a href=\"https:\/\/wp.unil.ch\/cinematheque-unil\/files\/2015\/01\/AFFICHE_LINDER.jpg\"><img loading=\"lazy\" decoding=\"async\" class=\"aligncenter size-full wp-image-1318\" src=\"https:\/\/wp.unil.ch\/cinematheque-unil\/files\/2015\/01\/AFFICHE_LINDER.jpg\" alt=\"AFFICHE_LINDER\" width=\"567\" height=\"800\" srcset=\"https:\/\/wp.unil.ch\/cinematheque-unil\/files\/2015\/01\/AFFICHE_LINDER.jpg 567w, https:\/\/wp.unil.ch\/cinematheque-unil\/files\/2015\/01\/AFFICHE_LINDER-213x300.jpg 213w\" sizes=\"auto, (max-width: 567px) 100vw, 567px\" \/><\/a><\/p>\n<p style=\"text-align: justify\">Le metteur en sc\u00e8ne, sc\u00e9nariste et com\u00e9dien Max Linder (1883-1925) demeure l\u2019une des figures les plus connues de l\u2019histoire du cin\u00e9ma. De nombreux sites et pages internet t\u00e9moignent encore de l\u2019extr\u00eame popularit\u00e9 de cet artiste qui aura marqu\u00e9 la production cin\u00e9matographique burlesque au point d\u2019\u00eatre per\u00e7u comme un \u00ab ma\u00eetre \u00bb par Chaplin. De ses sc\u00e8nes comiques, tourn\u00e9es pour Path\u00e9 d\u00e8s 1906 (et en particulier la s\u00e9rie des Max), \u00e0 la r\u00e9alisation de longs m\u00e9trages aux \u00c9tats-Unis entre 1920 et 1922, Linder a en effet jou\u00e9 un r\u00f4le central dans la constitution d\u2019un comique cin\u00e9matographique qui a suscit\u00e9 l\u2019int\u00e9r\u00eat du public comme des sp\u00e9cialistes du genre jusqu\u2019\u00e0 aujourd\u2019hui.<\/p>\n<p style=\"text-align: justify\">Force est de constater pourtant que la connaissance r\u00e9elle du parcours et de l\u2019\u0153uvre de Linder reste limit\u00e9e. Il n\u2019existe en effet aucune publication \u00ab scientifique \u00bb sp\u00e9cifiquement d\u00e9di\u00e9e \u00e0 cet auteur, du moins en France, o\u00f9 l\u2019on s\u2019en remet \u00e0 la biographie \u00e9dit\u00e9e par sa fille Maud Linder. De m\u00eame, le formidable potentiel de sa production cin\u00e9matographique reste en grande partie inexploit\u00e9, puisque ses films ne connaissent pas encore d\u2019\u00e9dition fran\u00e7aise en DVD (une partie sera publi\u00e9e en septembre 2012 par les \u00c9ditions Montparnasse).<\/p>\n<p style=\"text-align: justify\">C\u2019est pour combler ce manque que la Section d\u2019histoire et esth\u00e9tique du cin\u00e9ma de l\u2019Universit\u00e9 de Lausanne et le d\u00e9partement d\u2019Arts du spectacle de l\u2019Universit\u00e9 de Rennes, en collaboration avec la Cin\u00e9math\u00e8que suisse, ont d\u00e9cid\u00e9 d\u2019organiser ce colloque (3 au 5 octobre). Des sp\u00e9cialistes internationaux feront le point sur la recherche autour de cette figure importante, en revenant sur son parcours singulier et en envisageant plus sp\u00e9cifiquement les liens entre son \u0153uvre et la production des \u00ab sc\u00e8nes comiques \u00bb de son \u00e9poque. En repartant des films ainsi que des documents \u00ab non-film \u00bb (sc\u00e9narios, catalogues, articles de presse, etc.), les contributions de ce colloque aborderont tout particuli\u00e8rement les sc\u00e8nes comiques jou\u00e9es et\/ou \u00e9crites et\/ou dirig\u00e9es par Linder non seulement sous l\u2019angle strictement cin\u00e9matographique, mais aussi dans les relations qu\u2019elles entretiennent avec diverses formes artistiques et spectaculaires de l\u2019\u00e9poque (th\u00e9\u00e2tre, music-hall, danse, presse, etc.).<\/p>\n<p style=\"text-align: center;font-size: small\"><strong>Programme<\/strong><\/p>\n<p style=\"text-align: center;font-size: small\"><a href=\"https:\/\/wp.unil.ch\/cinematheque-unil\/files\/2015\/01\/PROGRAMME_LINDER.pdf\" target=\"_blank\">T\u00e9l\u00e9charger.<\/a><\/p>\n<p style=\"text-align: center;font-size: small\"><em>Voir aussi la <a title=\"Section cin\u00e9ma\" href=\"https:\/\/www.unil.ch\/cin\/home\/menuinst\/les-evenements\/colloque-max-linder.html\" target=\"_blank\">page<\/a> de la Section d&rsquo;histoire et esth\u00e9tique du cin\u00e9ma.<\/em><\/p>\n","protected":false},"excerpt":{"rendered":"<p>\u00c9v\u00e9nements Max Linder et le comique d\u00e9but de si\u00e8cle Colloque \u00ab Max Linder et le comique d\u00e9but de si\u00e8cle\u00a0\u00bb sous la direction de\u00a0Laurent Guido et Laurent Le Forestier 3-4 octobre\u00a02012 Le metteur en sc\u00e8ne, sc\u00e9nariste et com\u00e9dien Max Linder (1883-1925)<\/p>\n","protected":false},"author":1469,"featured_media":0,"parent":1226,"menu_order":55,"comment_status":"closed","ping_status":"closed","template":"","meta":{"_seopress_robots_primary_cat":"","_seopress_titles_title":"","_seopress_titles_desc":"","_seopress_robots_index":"","footnotes":""},"class_list":["post-1315","page","type-page","status-publish"],"_links":{"self":[{"href":"https:\/\/wp.unil.ch\/cinematheque-unil\/wp-json\/wp\/v2\/pages\/1315","targetHints":{"allow":["GET"]}}],"collection":[{"href":"https:\/\/wp.unil.ch\/cinematheque-unil\/wp-json\/wp\/v2\/pages"}],"about":[{"href":"https:\/\/wp.unil.ch\/cinematheque-unil\/wp-json\/wp\/v2\/types\/page"}],"author":[{"embeddable":true,"href":"https:\/\/wp.unil.ch\/cinematheque-unil\/wp-json\/wp\/v2\/users\/1469"}],"replies":[{"embeddable":true,"href":"https:\/\/wp.unil.ch\/cinematheque-unil\/wp-json\/wp\/v2\/comments?post=1315"}],"version-history":[{"count":0,"href":"https:\/\/wp.unil.ch\/cinematheque-unil\/wp-json\/wp\/v2\/pages\/1315\/revisions"}],"up":[{"embeddable":true,"href":"https:\/\/wp.unil.ch\/cinematheque-unil\/wp-json\/wp\/v2\/pages\/1226"}],"wp:attachment":[{"href":"https:\/\/wp.unil.ch\/cinematheque-unil\/wp-json\/wp\/v2\/media?parent=1315"}],"curies":[{"name":"wp","href":"https:\/\/api.w.org\/{rel}","templated":true}]}}