{"id":1309,"date":"2015-01-05T18:22:59","date_gmt":"2015-01-05T17:22:59","guid":{"rendered":"http:\/\/wp.unil.ch\/cinematheque-unil\/?page_id=1309"},"modified":"2018-10-12T11:21:08","modified_gmt":"2018-10-12T09:21:08","slug":"colloque-techniques-machines-dispositifs","status":"publish","type":"page","link":"https:\/\/wp.unil.ch\/cinematheque-unil\/evenements\/colloque-techniques-machines-dispositifs\/","title":{"rendered":"Colloque \u00ab Techniques, machines, dispositifs \u00bb"},"content":{"rendered":"<ol class=\"breadcrumb\">\n<li><a href=\"https:\/\/wp.unil.ch\/cinematheque-unil\/evenements\/\">\u00c9v\u00e9nements<\/a><\/li>\n<li class=\"current\"><a href=\"https:\/\/wp.unil.ch\/cinematheque-unil\/evenements\/colloque-techniques-machines-dispositifs\/\">Techniques, machines, dispositifs<\/a><\/li>\n<\/ol>\n<h6 style=\"text-align: center\">Colloque<\/h6>\n<h5 style=\"text-align: center\">\u00ab Techniques, machines, dispositifs\u00a0:<br \/>\nperspectives pour une nouvelle histoire technologique du cin\u00e9ma \u00bb<\/h5>\n<h6 style=\"text-align: center\">sous la direction de\u00a0Beno\u00eet Turquety et Selim Krichane<\/h6>\n<p style=\"text-align: center\">22-24 novembre 2012<\/p>\n<p style=\"text-align: center;font-size: medium\"><a href=\"https:\/\/wp.unil.ch\/cinematheque-unil\/files\/2015\/01\/AFFICHE_TECHNIQUES.jpg\"><img loading=\"lazy\" decoding=\"async\" class=\"aligncenter size-full wp-image-1312\" src=\"https:\/\/wp.unil.ch\/cinematheque-unil\/files\/2015\/01\/AFFICHE_TECHNIQUES.jpg\" alt=\"AFFICHE_TECHNIQUES\" width=\"566\" height=\"800\" srcset=\"https:\/\/wp.unil.ch\/cinematheque-unil\/files\/2015\/01\/AFFICHE_TECHNIQUES.jpg 566w, https:\/\/wp.unil.ch\/cinematheque-unil\/files\/2015\/01\/AFFICHE_TECHNIQUES-212x300.jpg 212w\" sizes=\"auto, (max-width: 566px) 100vw, 566px\" \/><\/a><\/p>\n<p style=\"text-align: justify\">On le sait, les champs de la production, de la diffusion, aussi bien que de la conservation des \u0153uvres cin\u00e9matographiques connaissent ces derni\u00e8res ann\u00e9es de profonds bouleversements, li\u00e9s \u00e0 une compl\u00e8te transformation des supports et des machines : le passage de l\u2019inscription chimique sur support argentique, au codage num\u00e9rique. Cette brusque \u00e9volution provoque le retour dans les discours \u2013 des publicitaires aux th\u00e9oriques \u2013 des probl\u00e9matiques technologiques, dans un grand nombre de domaines : \u00e9conomie, restauration, esth\u00e9tique, ontologie, \u00e9pist\u00e9mologie, etc. Cette configuration para\u00eet a priori largement in\u00e9dite, affectant simultan\u00e9ment les pratiques, qu\u2019elles fussent industrielles, amateur ou exp\u00e9rimentales, et les \u00e9tudes cin\u00e9matographiques et m\u00e9diatiques.<\/p>\n<p style=\"text-align: justify\">Il convient, pour la compr\u00e9hension de cette conjoncture, d\u2019en r\u00e9interroger le caract\u00e8re in\u00e9dit, ce qui ne peut se r\u00e9aliser qu\u2019\u00e0 partir d\u2019une \u00e9tude historique red\u00e9ployant la question technologique avec toute sa complexit\u00e9, dans l\u2019\u00e9volution du m\u00e9dium proprement dit \u2013 depuis les ann\u00e9es 1890 \u2013 mais aussi dans l\u2019ensemble du d\u00e9veloppement des machines de vision et d\u2019audition, depuis la Renaissance. Cette \u00e9tude concerne \u00e0 la fois les \u00ab objets techniques \u00bb (au sens de G. Simondon) et les usages, l\u2019organisation interne des machines et leurs agencements en dispositifs, ainsi que l\u2019interrogation de leurs implications th\u00e9oriques, \u00e9conomiques ou sociales autant qu\u2019esth\u00e9tiques ou \u00e9pist\u00e9mologiques. Dans cette perspective, l\u2019histoire technique du cin\u00e9ma reste largement \u00e0 faire.<\/p>\n<p style=\"text-align: justify\">On se propose donc d\u2019\u00e9tablir, dans le cadre de ce colloque, une r\u00e9flexion sur ces probl\u00e8mes \u00e0 partir des axes suivants :<br \/>\n\u2013 Histoire des machines de vision et d\u2019audition, cin\u00e9matographiques au sens restreint (cam\u00e9ras, microphones, tables de montage, projecteurs et architecture des salles de cin\u00e9ma, etc.) ou en un sens \u00e9largi (de la camera obscura aux dispositifs artistiques contemporains), \u00e0 la fois du point de vue de leur usage et de leurs conception et \u00e9ventuelle industrialisation<br \/>\n\u2013 Histoire des pratiques institutionnalis\u00e9es ou marginales (m\u00e9thodes de tournage, organisation professionnelle, habitudes des laboratoires ou des projectionnistes de cin\u00e9ma ou de lanterne magique, etc.)<br \/>\n\u2013 Conservation et restauration des techniques cin\u00e9matographiques (les collections d\u2019appareils, les probl\u00e8mes de leur valorisation)<br \/>\n\u2013 Probl\u00e9matiques d\u2019une arch\u00e9ologie des techniques cin\u00e9matographiques (interm\u00e9dialit\u00e9s et circulations des mod\u00e8les, etc.), et d\u2019une \u00e9pist\u00e9mologie des machines de vision et d\u2019audition (liens entre usager\/spectateur, machine, spectacle), exploration des enjeux perceptifs propres \u00e0 chaque dispositif.<\/p>\n<p style=\"text-align: center;font-size: small\"><strong>Programme<\/strong><\/p>\n<p style=\"text-align: center;font-size: small\"><a href=\"https:\/\/wp.unil.ch\/cinematheque-unil\/files\/2015\/01\/PROGRAMME_TECHNIQUES.pdf\" target=\"_blank\">T\u00e9l\u00e9charger.<\/a><\/p>\n<p style=\"text-align: center;font-size: small\"><em>Voir aussi la <a title=\"Section cin\u00e9ma\" href=\"https:\/\/www.unil.ch\/cin\/home\/menuinst\/les-evenements\/colloque-histoire-technologi.html\" target=\"_blank\">page<\/a> de la Section d&rsquo;histoire et esth\u00e9tique du cin\u00e9ma.<\/em><\/p>\n","protected":false},"excerpt":{"rendered":"<p>\u00c9v\u00e9nements Techniques, machines, dispositifs Colloque \u00ab Techniques, machines, dispositifs\u00a0: perspectives pour une nouvelle histoire technologique du cin\u00e9ma \u00bb sous la direction de\u00a0Beno\u00eet Turquety et Selim Krichane 22-24 novembre 2012 On le sait, les champs de la production, de la diffusion,<\/p>\n","protected":false},"author":1469,"featured_media":0,"parent":1226,"menu_order":54,"comment_status":"closed","ping_status":"closed","template":"","meta":{"_seopress_robots_primary_cat":"","_seopress_titles_title":"","_seopress_titles_desc":"","_seopress_robots_index":"","footnotes":""},"class_list":["post-1309","page","type-page","status-publish"],"_links":{"self":[{"href":"https:\/\/wp.unil.ch\/cinematheque-unil\/wp-json\/wp\/v2\/pages\/1309","targetHints":{"allow":["GET"]}}],"collection":[{"href":"https:\/\/wp.unil.ch\/cinematheque-unil\/wp-json\/wp\/v2\/pages"}],"about":[{"href":"https:\/\/wp.unil.ch\/cinematheque-unil\/wp-json\/wp\/v2\/types\/page"}],"author":[{"embeddable":true,"href":"https:\/\/wp.unil.ch\/cinematheque-unil\/wp-json\/wp\/v2\/users\/1469"}],"replies":[{"embeddable":true,"href":"https:\/\/wp.unil.ch\/cinematheque-unil\/wp-json\/wp\/v2\/comments?post=1309"}],"version-history":[{"count":0,"href":"https:\/\/wp.unil.ch\/cinematheque-unil\/wp-json\/wp\/v2\/pages\/1309\/revisions"}],"up":[{"embeddable":true,"href":"https:\/\/wp.unil.ch\/cinematheque-unil\/wp-json\/wp\/v2\/pages\/1226"}],"wp:attachment":[{"href":"https:\/\/wp.unil.ch\/cinematheque-unil\/wp-json\/wp\/v2\/media?parent=1309"}],"curies":[{"name":"wp","href":"https:\/\/api.w.org\/{rel}","templated":true}]}}