{"id":13,"date":"2014-01-27T18:56:52","date_gmt":"2014-01-27T17:56:52","guid":{"rendered":"http:\/\/wp.unil.ch\/cinematheque-unil\/?page_id=13"},"modified":"2024-09-19T14:50:38","modified_gmt":"2024-09-19T12:50:38","slug":"contact_et_remerciements","status":"publish","type":"page","link":"https:\/\/wp.unil.ch\/cinematheque-unil\/contact_et_remerciements\/","title":{"rendered":"CONTACT"},"content":{"rendered":"<h3>Contact<\/h3>\n<p style=\"text-align: justify\">St\u00e9phane Tralongo<br \/>\nstephane.tralongo[at]unil.ch<\/p>\n<h3>R\u00e9alisation<\/h3>\n<p style=\"text-align: justify\"><span style=\"color: #993366\"><strong>Direction<\/strong><\/span><br \/>\nFr\u00e9d\u00e9ric Maire et Maria Tortajada<\/p>\n<p style=\"text-align: justify\"><span style=\"color: #993366\"><strong>Conception et graphisme<\/strong><\/span><br \/>\nSt\u00e9phane Tralongo, avec la collaboration de Nicolas Wittwer<\/p>\n<p style=\"text-align: justify\"><span style=\"color: #993366\"><strong>R\u00e9daction et r\u00e9vision des textes<\/strong><\/span><br \/>\nFran\u00e7ois Albera, Alain Boillat, Alessia Bottani, Laure Cordonier, Mathieu Donner, Nicolas Dulac, Chlo\u00e9 Hofmann, Pierre-Emmanuel Jaques, Elodie Murtas, Vincent Sorrel, Maria Tortajada, St\u00e9phane Tralongo, Vincent Verselle<\/p>\n<p style=\"text-align: justify\"><span style=\"color: #993366\"><strong>Recherches iconographiques<\/strong><\/span><br \/>\nAlessia Bottani, avec la collaboration du secteur iconographique de la Cin\u00e9math\u00e8que suisse (Thomas Bissegger, Carina Carballo, J\u00e9r\u00f4me Piller, Sophie Pujol et Richard Szotyori)<\/p>\n<p style=\"text-align: justify\"><span style=\"color: #993366\"><strong>Mise en ligne<\/strong><\/span><br \/>\nCarine Bernasconi, Mathieu Donner, Elodie Murtas et St\u00e9phane Tralongo<\/p>\n<p style=\"text-align: justify\"><span style=\"color: #993366\"><strong>Support technique<\/strong><\/span><br \/>\nFloriane Beetschen<\/p>\n<h3>Remerciements<\/h3>\n<p style=\"text-align: justify\">Pour leur aide pr\u00e9cieuse \u00e0 la r\u00e9alisation de ce site, ainsi qu\u2019aux projets de recherche de la Collaboration, nous remercions les \u00e9quipes de la Cin\u00e9math\u00e8que suisse, et en particulier : Chicca Bergonzi, Tatiana Berseth, Thomas Bissegger, Carina Carballo, Carole Delessert, Michel Dind, Caroline Fournier, Aline Houriet, Aude Kolb Vazquez, Laura Kreuzburg, Marco Marchetti, Bernadette Meier, Caroline Neeser, J\u00e9r\u00f4me Piller, Anna Percival, Marthe Porret, Sophie Pujol, Nadia Roch, Richard Szotyori, Christine Tourn, Matthieu Truffer, Nicolas Wittwer.<\/p>\n<p style=\"text-align: justify\">Nous tenons \u00e9galement \u00e0 remercier : les Archives cantonales vaudoises (Gilbert Coutaz et Christian Gilli\u00e9ron), Unicom (Philippe Gagnebin et Floriane Beetschen).<\/p>\n<p style=\"text-align: justify\">Nous remercions enfin le comit\u00e9 de r\u00e9daction de\u00a0<em>D\u00e9cadrages. Cin\u00e9ma, \u00e0 travers champs<\/em>\u00a0de nous avoir\u00a0donn\u00e9 l&rsquo;autorisation\u00a0de mettre en ligne sur ce site\u00a0une version \u00e9lectronique d\u2019articles parus dans la revue.<\/p>\n<h3>Propri\u00e9t\u00e9 intellectuelle<\/h3>\n<p><span style=\"text-align: justify\">Les droits d\u2019auteur des textes publi\u00e9s sur ce site Web sont r\u00e9serv\u00e9s conform\u00e9ment \u00e0 la l\u00e9gislation en vigueur sur le droit d\u2019auteur et les droits voisins.<\/span><\/p>\n<p>Pour citer un texte en ligne, pri\u00e8re de reprendre les informations\u00a0bibliographiques donn\u00e9es en\u00a0r\u00e9f\u00e9rence.<\/p>\n<p>Ex. :\u00a0Alessia Bottani, \u00ab Le Cin\u00e9-club de Lausanne et ses liens avec la Cin\u00e9math\u00e8que suisse \u00bb, in Fr\u00e9d\u00e9ric Maire et Maria Tortajada (dir.), site Web\u00a0<em>La Collaboration UNIL + Cin\u00e9math\u00e8que suisse<\/em>, www.unil-cinematheque.ch, mis en ligne le 20\u00a0mars\u00a02015.<\/p>\n","protected":false},"excerpt":{"rendered":"<p>Contact St\u00e9phane Tralongo stephane.tralongo[at]unil.ch R\u00e9alisation Direction Fr\u00e9d\u00e9ric Maire et Maria Tortajada Conception et graphisme St\u00e9phane Tralongo, avec la collaboration de Nicolas Wittwer R\u00e9daction et r\u00e9vision des textes Fran\u00e7ois Albera, Alain Boillat, Alessia Bottani, Laure Cordonier, Mathieu Donner, Nicolas Dulac, Chlo\u00e9<\/p>\n","protected":false},"author":1469,"featured_media":0,"parent":0,"menu_order":59,"comment_status":"closed","ping_status":"closed","template":"","meta":{"_seopress_robots_primary_cat":"","_seopress_titles_title":"","_seopress_titles_desc":"","_seopress_robots_index":"","footnotes":""},"class_list":["post-13","page","type-page","status-publish"],"_links":{"self":[{"href":"https:\/\/wp.unil.ch\/cinematheque-unil\/wp-json\/wp\/v2\/pages\/13","targetHints":{"allow":["GET"]}}],"collection":[{"href":"https:\/\/wp.unil.ch\/cinematheque-unil\/wp-json\/wp\/v2\/pages"}],"about":[{"href":"https:\/\/wp.unil.ch\/cinematheque-unil\/wp-json\/wp\/v2\/types\/page"}],"author":[{"embeddable":true,"href":"https:\/\/wp.unil.ch\/cinematheque-unil\/wp-json\/wp\/v2\/users\/1469"}],"replies":[{"embeddable":true,"href":"https:\/\/wp.unil.ch\/cinematheque-unil\/wp-json\/wp\/v2\/comments?post=13"}],"version-history":[{"count":1,"href":"https:\/\/wp.unil.ch\/cinematheque-unil\/wp-json\/wp\/v2\/pages\/13\/revisions"}],"predecessor-version":[{"id":7815,"href":"https:\/\/wp.unil.ch\/cinematheque-unil\/wp-json\/wp\/v2\/pages\/13\/revisions\/7815"}],"wp:attachment":[{"href":"https:\/\/wp.unil.ch\/cinematheque-unil\/wp-json\/wp\/v2\/media?parent=13"}],"curies":[{"name":"wp","href":"https:\/\/api.w.org\/{rel}","templated":true}]}}