{"id":1298,"date":"2014-12-19T18:42:49","date_gmt":"2014-12-19T17:42:49","guid":{"rendered":"http:\/\/wp.unil.ch\/cinematheque-unil\/?page_id=1298"},"modified":"2018-10-12T11:20:01","modified_gmt":"2018-10-12T09:20:01","slug":"colloque-1945-le-retour-des-films-americains-en-europe","status":"publish","type":"page","link":"https:\/\/wp.unil.ch\/cinematheque-unil\/evenements\/colloque-1945-le-retour-des-films-americains-en-europe\/","title":{"rendered":"Colloque \u00ab 1945, le retour des films am\u00e9ricains en Europe \u00bb"},"content":{"rendered":"<ol class=\"breadcrumb\">\n<li><a href=\"https:\/\/wp.unil.ch\/cinematheque-unil\/evenements\/\">\u00c9v\u00e9nements<\/a><\/li>\n<li class=\"current\"><a href=\"https:\/\/wp.unil.ch\/cinematheque-unil\/evenements\/colloque-1945-le-retour-des-films-americains-en-europe\/\">1945, le retour des films am\u00e9ricains en Europe<\/a><\/li>\n<\/ol>\n<h6 style=\"text-align: center\">Colloque<\/h6>\n<h5 style=\"text-align: center\">\u00ab 1945, le retour des films am\u00e9ricains en Europe : \u00e9conomie, politique, esth\u00e9tique\u00a0\u00bb<\/h5>\n<h6 style=\"text-align: center\">sous la direction de\u00a0Fran\u00e7ois Albera, Laurent Le Forestier et Carine Bernasconi<\/h6>\n<p style=\"text-align: center\">7-8 mars 2013<\/p>\n<p style=\"text-align: center;font-size: medium\"><a href=\"https:\/\/wp.unil.ch\/cinematheque-unil\/files\/2014\/12\/AFFICHE_1945.jpg\"><img loading=\"lazy\" decoding=\"async\" class=\"aligncenter size-full wp-image-1299\" src=\"https:\/\/wp.unil.ch\/cinematheque-unil\/files\/2014\/12\/AFFICHE_1945.jpg\" alt=\"AFFICHE_1945\" width=\"565\" height=\"800\" srcset=\"https:\/\/wp.unil.ch\/cinematheque-unil\/files\/2014\/12\/AFFICHE_1945.jpg 565w, https:\/\/wp.unil.ch\/cinematheque-unil\/files\/2014\/12\/AFFICHE_1945-211x300.jpg 211w\" sizes=\"auto, (max-width: 565px) 100vw, 565px\" \/><\/a><\/p>\n<p style=\"text-align: justify\">Durant la Deuxi\u00e8me Guerre mondiale, la libre circulation des films d\u2019un continent \u00e0 l\u2019autre s\u2019interrompit dans la plupart des nations. Le ph\u00e9nom\u00e8ne s\u2019\u00e9tait d\u00e9j\u00e0 produit lors de la Premi\u00e8re Guerre mondiale et avait eu de profondes cons\u00e9quences par la suite\u00a0: des cin\u00e9matographies disparurent, certaines virent leur position menac\u00e9e, d\u2019autres devinrent dominantes. Au plan stylistique \u00e9galement. Au terme des cinq ann\u00e9es de la guerre 1939-1945, au moment o\u00f9 la cin\u00e9matographie dominante dans le monde \u2013\u00a0l\u2019am\u00e9ricaine\u00a0\u2013 \u00ab\u00a0revient\u00a0\u00bb sur les \u00e9crans europ\u00e9ens, que se passe-t-il dans les pays lib\u00e9r\u00e9s\u00a0?<\/p>\n<p style=\"text-align: justify\">Cette production am\u00e9ricaine de 1939 \u00e0 1945 repr\u00e9sente environ 2000 films de fiction. <em>Gone with the Wind<\/em>, sorti aux \u00c9tats-Unis en d\u00e9cembre 1939, n\u2019a \u00e9t\u00e9 distribu\u00e9 en France qu\u2019en mai 1950. L\u2019industrie hollywoodienne adopta des strat\u00e9gies diff\u00e9rentes (imagin\u00e9es durant le conflit d\u00e9j\u00e0) selon les pays, afin d\u2019\u00e9couler sa production dans les meilleures conditions commerciales. Les autorit\u00e9s politiques et militaires am\u00e9ricaines incluaient cette question dans la politique d\u2019aide \u00e9conomique pour la reconstruction de l\u2019Europe, connue sous le nom de Plan Marshall. Le secr\u00e9taire d\u2019\u00c9tat James F. Byrnes pr\u00e9senta le projet de ce plan d\u2019aide en 1946, mais il n\u2019entra en vigueur que deux ans plus tard. En France, entre-temps, les accords n\u00e9goci\u00e9s \u00e0 Washington par L\u00e9on Blum et Jean Monnet avec le secr\u00e9taire d\u2019\u00c9tat Byrnes port\u00e8rent sur les mesures de contingentement touchant l\u2019importation des films am\u00e9ricains\u00a0que l\u2019industrie hollywoodienne voulait voir abrog\u00e9es et que les \u00c9tats-Unis li\u00e8rent\u00a0\u00e0 l\u2019effacement de la dette fran\u00e7aise et \u00e0 l\u2019octroi de pr\u00eats. Cette \u00ab\u00a0compensation\u00a0\u00bb, consentie par les repr\u00e9sentants fran\u00e7ais, rencontra l\u2019hostilit\u00e9 d\u2019une large partie de la profession cin\u00e9matographique, qui voyait dans cette arriv\u00e9e massive un danger pour la survie du cin\u00e9ma fran\u00e7ais. Comment r\u00e9agit-on ailleurs \u2013 en Italie, en Tch\u00e9coslovaquie, en Espagne\u00a0?<\/p>\n<p style=\"text-align: justify\">D\u2019autre part, l\u2019arriv\u00e9e de films am\u00e9ricains aussi novateurs que <em>Citizen Kane<\/em> ou <em>The Grapes of Wrath<\/em>, puis la s\u00e9rie des \u00ab\u00a0films noirs\u00a0\u00bb dont certains renouvelaient les codes \u00e9nonciatifs et narratifs, ne pouvait manquer de bouleverser les d\u00e9bats en cours sur les questions de la narration ou du r\u00e9alisme en France, en Italie, et ailleurs.<\/p>\n<p style=\"text-align: center;font-size: small\"><strong>Programme<\/strong><\/p>\n<p style=\"text-align: center;font-size: small\"><a href=\"https:\/\/wp.unil.ch\/cinematheque-unil\/files\/2015\/01\/PROGRAMME_1945.pdf\" target=\"_blank\">T\u00e9l\u00e9charger.<\/a><\/p>\n<p style=\"text-align: center;font-size: small\"><em>Voir aussi la <a title=\"Section cin\u00e9ma\" href=\"https:\/\/www.unil.ch\/cin\/home\/menuinst\/les-evenements\/1945-le-retour-des-films-ame.html\" target=\"_blank\">page<\/a> de la Section d&rsquo;histoire et esth\u00e9tique du cin\u00e9ma.<\/em><\/p>\n","protected":false},"excerpt":{"rendered":"<p>\u00c9v\u00e9nements 1945, le retour des films am\u00e9ricains en Europe Colloque \u00ab 1945, le retour des films am\u00e9ricains en Europe : \u00e9conomie, politique, esth\u00e9tique\u00a0\u00bb sous la direction de\u00a0Fran\u00e7ois Albera, Laurent Le Forestier et Carine Bernasconi 7-8 mars 2013 Durant la Deuxi\u00e8me<\/p>\n","protected":false},"author":1469,"featured_media":0,"parent":1226,"menu_order":53,"comment_status":"closed","ping_status":"closed","template":"","meta":{"_seopress_robots_primary_cat":"","_seopress_titles_title":"","_seopress_titles_desc":"","_seopress_robots_index":"","footnotes":""},"class_list":["post-1298","page","type-page","status-publish"],"_links":{"self":[{"href":"https:\/\/wp.unil.ch\/cinematheque-unil\/wp-json\/wp\/v2\/pages\/1298","targetHints":{"allow":["GET"]}}],"collection":[{"href":"https:\/\/wp.unil.ch\/cinematheque-unil\/wp-json\/wp\/v2\/pages"}],"about":[{"href":"https:\/\/wp.unil.ch\/cinematheque-unil\/wp-json\/wp\/v2\/types\/page"}],"author":[{"embeddable":true,"href":"https:\/\/wp.unil.ch\/cinematheque-unil\/wp-json\/wp\/v2\/users\/1469"}],"replies":[{"embeddable":true,"href":"https:\/\/wp.unil.ch\/cinematheque-unil\/wp-json\/wp\/v2\/comments?post=1298"}],"version-history":[{"count":0,"href":"https:\/\/wp.unil.ch\/cinematheque-unil\/wp-json\/wp\/v2\/pages\/1298\/revisions"}],"up":[{"embeddable":true,"href":"https:\/\/wp.unil.ch\/cinematheque-unil\/wp-json\/wp\/v2\/pages\/1226"}],"wp:attachment":[{"href":"https:\/\/wp.unil.ch\/cinematheque-unil\/wp-json\/wp\/v2\/media?parent=1298"}],"curies":[{"name":"wp","href":"https:\/\/api.w.org\/{rel}","templated":true}]}}