{"id":1258,"date":"2014-12-19T11:59:00","date_gmt":"2014-12-19T10:59:00","guid":{"rendered":"http:\/\/wp.unil.ch\/cinematheque-unil\/?page_id=1258"},"modified":"2018-10-12T11:16:10","modified_gmt":"2018-10-12T09:16:10","slug":"colloque-les-annees-1964-50-ans-apres-lexpo","status":"publish","type":"page","link":"https:\/\/wp.unil.ch\/cinematheque-unil\/evenements\/colloque-les-annees-1964-50-ans-apres-lexpo\/","title":{"rendered":"Colloque \u00ab Les ann\u00e9es 1964 : 50 ans apr\u00e8s l\u2019Expo \u00bb"},"content":{"rendered":"<ol class=\"breadcrumb\">\n<li><a href=\"https:\/\/wp.unil.ch\/cinematheque-unil\/evenements\/\">\u00c9v\u00e9nements<\/a><\/li>\n<li class=\"current\"><a href=\"https:\/\/wp.unil.ch\/cinematheque-unil\/evenements\/colloque-les-annees-1964-50-ans-apres-lexpo\/\">Les ann\u00e9es 1964<\/a><\/li>\n<\/ol>\n<h6 style=\"text-align: center\">Colloque<\/h6>\n<h5 style=\"text-align: center\">\u00ab Les ann\u00e9es 1964 : 50 ans apr\u00e8s l\u2019Expo\u00a0\u00bb<\/h5>\n<h6 style=\"text-align: center\">sous la direction d\u2019Olivier Lugon et Fran\u00e7ois Vallotton<\/h6>\n<p style=\"text-align: center\">3-5 juin\u00a02014<\/p>\n<p style=\"text-align: center;font-size: medium\"><a href=\"https:\/\/wp.unil.ch\/cinematheque-unil\/files\/2014\/12\/AFFICHE_EXPO64.jpg\"><img loading=\"lazy\" decoding=\"async\" class=\"aligncenter wp-image-1259 size-full\" src=\"https:\/\/wp.unil.ch\/cinematheque-unil\/files\/2014\/12\/AFFICHE_EXPO64.jpg\" alt=\"AFFICHE_EXPO64\" width=\"565\" height=\"800\" srcset=\"https:\/\/wp.unil.ch\/cinematheque-unil\/files\/2014\/12\/AFFICHE_EXPO64.jpg 565w, https:\/\/wp.unil.ch\/cinematheque-unil\/files\/2014\/12\/AFFICHE_EXPO64-211x300.jpg 211w\" sizes=\"auto, (max-width: 565px) 100vw, 565px\" \/><\/a><\/p>\n<p style=\"text-align: justify\">Il y a cinquante ans, Lausanne accueillait la cinqui\u00e8me exposition nationale. Ses r\u00e9percussions ont largement d\u00e9pass\u00e9 le temps court de l\u2019\u00e9v\u00e9nement et le seul p\u00e9rim\u00e8tre lausannois. Le colloque \u00ab Les ann\u00e9es 1964 : 50 ans apr\u00e8s l\u2019Expo \u00bb cherchera \u00e0 cerner cet impact, que ce soit sur l\u2019urbanisme et les paysages, l\u2019art et l\u2019architecture, la politique et l\u2019\u00e9conomie, le cin\u00e9ma et les m\u00e9dias. Il fera dialoguer des repr\u00e9sentants de disciplines vari\u00e9es et de plusieurs r\u00e9gions du pays. Ils envisageront l\u2019objet exposition non comme un simple \u00ab miroir \u00bb de la nation mais comme un agent de transformation culturelle, sociale et m\u00e9diatique, et comme un moment d\u2019interaction dynamique de milieux et d\u2019int\u00e9r\u00eats tr\u00e8s divers. La Cin\u00e9math\u00e8que suisse s\u2019associe \u00e0 l\u2019\u00e9v\u00e9nement avec une soir\u00e9e de projection \u00e0 la salle Paderewski le mercredi 4 juin.\u00a0Programme \u00e9tabli avec la collaboration de Lukas Zurfluh, gta, Institut f\u00fcr Geschichte und Theorie der Architektur, EPFZ.<\/p>\n<p style=\"font-size: small;text-align: center\"><strong>Programme<\/strong><\/p>\n<p style=\"font-size: small;text-align: center\"><a href=\"https:\/\/wp.unil.ch\/cinematheque-unil\/files\/2014\/06\/ColloqueExpo64_Programme_complet.pdf\">T\u00e9l\u00e9charger.<\/a><\/p>\n<p style=\"font-size: small;text-align: center\"><em>Voir aussi la\u00a0<a title=\"Centre des sciences historiques de la culture\" href=\"https:\/\/www.unil.ch\/shc\/home\/menuinst\/colloques-et-evenements\/colloques-annuels\/2014.html\" target=\"_blank\">page<\/a>\u00a0du Centre des sciences historiques de la culture.<\/em><\/p>\n","protected":false},"excerpt":{"rendered":"<p>\u00c9v\u00e9nements Les ann\u00e9es 1964 Colloque \u00ab Les ann\u00e9es 1964 : 50 ans apr\u00e8s l\u2019Expo\u00a0\u00bb sous la direction d\u2019Olivier Lugon et Fran\u00e7ois Vallotton 3-5 juin\u00a02014 Il y a cinquante ans, Lausanne accueillait la cinqui\u00e8me exposition nationale. Ses r\u00e9percussions ont largement d\u00e9pass\u00e9<\/p>\n","protected":false},"author":1469,"featured_media":0,"parent":1226,"menu_order":38,"comment_status":"closed","ping_status":"closed","template":"","meta":{"_seopress_robots_primary_cat":"","_seopress_titles_title":"","_seopress_titles_desc":"","_seopress_robots_index":"","footnotes":""},"class_list":["post-1258","page","type-page","status-publish"],"_links":{"self":[{"href":"https:\/\/wp.unil.ch\/cinematheque-unil\/wp-json\/wp\/v2\/pages\/1258","targetHints":{"allow":["GET"]}}],"collection":[{"href":"https:\/\/wp.unil.ch\/cinematheque-unil\/wp-json\/wp\/v2\/pages"}],"about":[{"href":"https:\/\/wp.unil.ch\/cinematheque-unil\/wp-json\/wp\/v2\/types\/page"}],"author":[{"embeddable":true,"href":"https:\/\/wp.unil.ch\/cinematheque-unil\/wp-json\/wp\/v2\/users\/1469"}],"replies":[{"embeddable":true,"href":"https:\/\/wp.unil.ch\/cinematheque-unil\/wp-json\/wp\/v2\/comments?post=1258"}],"version-history":[{"count":0,"href":"https:\/\/wp.unil.ch\/cinematheque-unil\/wp-json\/wp\/v2\/pages\/1258\/revisions"}],"up":[{"embeddable":true,"href":"https:\/\/wp.unil.ch\/cinematheque-unil\/wp-json\/wp\/v2\/pages\/1226"}],"wp:attachment":[{"href":"https:\/\/wp.unil.ch\/cinematheque-unil\/wp-json\/wp\/v2\/media?parent=1258"}],"curies":[{"name":"wp","href":"https:\/\/api.w.org\/{rel}","templated":true}]}}