{"id":1236,"date":"2014-12-18T18:25:21","date_gmt":"2014-12-18T17:25:21","guid":{"rendered":"http:\/\/wp.unil.ch\/cinematheque-unil\/?page_id=1236"},"modified":"2018-10-12T11:17:26","modified_gmt":"2018-10-12T09:17:26","slug":"journee-detude-nag-et-gisele-ansorge","status":"publish","type":"page","link":"https:\/\/wp.unil.ch\/cinematheque-unil\/evenements\/journee-detude-nag-et-gisele-ansorge\/","title":{"rendered":"Journ\u00e9e d\u2019\u00e9tude \u00ab Nag et Gis\u00e8le Ansorge \u00bb"},"content":{"rendered":"<ol class=\"breadcrumb\">\n<li><a href=\"https:\/\/wp.unil.ch\/cinematheque-unil\/evenements\/\">\u00c9v\u00e9nements<\/a><\/li>\n<li class=\"current\"><a href=\"https:\/\/wp.unil.ch\/cinematheque-unil\/evenements\/journee-detude-nag-et-gisele-ansorge\/\">Nag et Gis\u00e8le Ansorge<\/a><\/li>\n<\/ol>\n<h6 style=\"text-align: center\">Journ\u00e9e d\u2019\u00e9tude<\/h6>\n<h5 style=\"text-align: center\">\u00ab Nag et Gis\u00e8le Ansorge \u00bb<\/h5>\n<h6 style=\"text-align: center\">sous la direction de Maria Tortajada et Pierre-Emmanuel Jaques<\/h6>\n<p style=\"text-align: center\">14 mai 2014<\/p>\n<p style=\"text-align: center;font-size: medium\"><a href=\"https:\/\/wp.unil.ch\/cinematheque-unil\/files\/2015\/03\/AFFICHE_ANSORGE.jpg\"><img loading=\"lazy\" decoding=\"async\" class=\"aligncenter wp-image-2732 size-full\" src=\"https:\/\/wp.unil.ch\/cinematheque-unil\/files\/2015\/03\/AFFICHE_ANSORGE.jpg\" alt=\"AFFICHE_ANSORGE\" width=\"570\" height=\"800\" srcset=\"https:\/\/wp.unil.ch\/cinematheque-unil\/files\/2015\/03\/AFFICHE_ANSORGE.jpg 570w, https:\/\/wp.unil.ch\/cinematheque-unil\/files\/2015\/03\/AFFICHE_ANSORGE-214x300.jpg 214w\" sizes=\"auto, (max-width: 570px) 100vw, 570px\" \/><\/a><\/p>\n<p style=\"text-align: justify\">Outre les films d\u2019animation au sable, r\u00e9alis\u00e9s avec son \u00e9pouse Gis\u00e8le, ce sont des films de commande, des actualit\u00e9s, des documentaires que Nag a tourn\u00e9s, mont\u00e9s ou produits, de la fin des ann\u00e9es\u00a01950 jusqu\u2019au milieu des ann\u00e9es\u00a02000. Un ensemble de titres r\u00e9alis\u00e9s dans le cadre d\u2019une collaboration avec l\u2019h\u00f4pital psychiatrique de Cery forment un corpus tout \u00e0 fait extraordinaire, conjuguant portraits et films r\u00e9alis\u00e9s avec des patients. Aussi, dans le cadre de la collaboration qui unit les forces de la Cin\u00e9math\u00e8que suisse \u00e0\u00a0celles de l\u2019Universit\u00e9 de Lausanne, il est apparu particuli\u00e8rement opportun d\u2019initier un programme de recherche portant sur Nag et Gis\u00e8le Ansorge. Il prend aujourd\u2019hui la forme d\u2019une journ\u00e9e d\u2019\u00e9tude combinant conf\u00e9rences et projections de films.<\/p>\n<p style=\"text-align: justify\">Cette journ\u00e9e d\u2019\u00e9tude s\u2019articulera autour de deux axes principaux : d\u2019une part, les \u00ab\u00a0formes, techniques et institutions de l\u2019animation\u00a0\u00bb sur lesquelles porteront les communications de Beno\u00eet Turqu\u00e9ty, Suzanne Buchan, Jennifer Darricau, apr\u00e8s l\u2019ouverture de Maria Tortajada (9h00)\u00a0; d\u2019autre part, le rapport entre \u00ab\u00a0cin\u00e9ma et psychiatrie\u00a0\u00bb qui occupera les interventions de l\u2019apr\u00e8s-midi?, r\u00e9unissant Jacques Gasser, Vincent Barras, Florence Choquard, Annick Urfer et Pierre-Emmanuel Jaques (d\u00e8s 14h00). Des projections alimenteront ?les analyses propos\u00e9es avec, principalement, des films tourn\u00e9s \u00e0 Cery. Enfin, \u00e0 18h30, une s\u00e9ance de projection sp\u00e9ciale \u00ab\u00a0Ansorge\u00a0\u00bb aura lieu? au Cin\u00e9matographe.<\/p>\n<p style=\"text-align: center;font-size: small\"><strong>Programme<\/strong><\/p>\n<p style=\"text-align: center;font-size: small\"><a href=\"https:\/\/wp.unil.ch\/cinematheque-unil\/files\/2014\/05\/PROGRAMME.pdf\">T\u00e9l\u00e9charger.<\/a><\/p>\n<p style=\"text-align: center;font-size: small\"><em>Voir aussi la\u00a0<a title=\"Section cin\u00e9ma\" href=\"https:\/\/www.unil.ch\/cin\/home\/menuinst\/les-evenements\/2014\/journee-detude--nag-et-gisel.html\" target=\"_blank\">page<\/a>\u00a0de la Section d\u2019histoire et esth\u00e9tique du cin\u00e9ma.<\/em><\/p>\n","protected":false},"excerpt":{"rendered":"<p>\u00c9v\u00e9nements Nag et Gis\u00e8le Ansorge Journ\u00e9e d\u2019\u00e9tude \u00ab Nag et Gis\u00e8le Ansorge \u00bb sous la direction de Maria Tortajada et Pierre-Emmanuel Jaques 14 mai 2014 Outre les films d\u2019animation au sable, r\u00e9alis\u00e9s avec son \u00e9pouse Gis\u00e8le, ce sont des films<\/p>\n","protected":false},"author":1469,"featured_media":0,"parent":1226,"menu_order":43,"comment_status":"closed","ping_status":"closed","template":"","meta":{"_seopress_robots_primary_cat":"","_seopress_titles_title":"","_seopress_titles_desc":"","_seopress_robots_index":"","footnotes":""},"class_list":["post-1236","page","type-page","status-publish"],"_links":{"self":[{"href":"https:\/\/wp.unil.ch\/cinematheque-unil\/wp-json\/wp\/v2\/pages\/1236","targetHints":{"allow":["GET"]}}],"collection":[{"href":"https:\/\/wp.unil.ch\/cinematheque-unil\/wp-json\/wp\/v2\/pages"}],"about":[{"href":"https:\/\/wp.unil.ch\/cinematheque-unil\/wp-json\/wp\/v2\/types\/page"}],"author":[{"embeddable":true,"href":"https:\/\/wp.unil.ch\/cinematheque-unil\/wp-json\/wp\/v2\/users\/1469"}],"replies":[{"embeddable":true,"href":"https:\/\/wp.unil.ch\/cinematheque-unil\/wp-json\/wp\/v2\/comments?post=1236"}],"version-history":[{"count":0,"href":"https:\/\/wp.unil.ch\/cinematheque-unil\/wp-json\/wp\/v2\/pages\/1236\/revisions"}],"up":[{"embeddable":true,"href":"https:\/\/wp.unil.ch\/cinematheque-unil\/wp-json\/wp\/v2\/pages\/1226"}],"wp:attachment":[{"href":"https:\/\/wp.unil.ch\/cinematheque-unil\/wp-json\/wp\/v2\/media?parent=1236"}],"curies":[{"name":"wp","href":"https:\/\/api.w.org\/{rel}","templated":true}]}}