{"id":123,"date":"2014-02-17T15:55:16","date_gmt":"2014-02-17T14:55:16","guid":{"rendered":"http:\/\/wp.unil.ch\/cinematheque-unil\/?page_id=123"},"modified":"2017-12-19T22:25:08","modified_gmt":"2017-12-19T21:25:08","slug":"discours-du-scenario-etude-historique-et-genetique-des-adaptations-cinematographiques-de-stendhal","status":"publish","type":"page","link":"https:\/\/wp.unil.ch\/cinematheque-unil\/projets\/discours-du-scenario-etude-historique-et-genetique-des-adaptations-cinematographiques-de-stendhal\/","title":{"rendered":"Discours du sc\u00e9nario"},"content":{"rendered":"<div style=\"background-color: #f5f5f5\">\n<p style=\"color: #24445C;text-align: center;font-size: large\"><strong>Discours du sc\u00e9nario\u00a0:<\/strong><br \/>\n<strong> \u00e9tude historique et g\u00e9n\u00e9tique\u00a0des adaptations cin\u00e9matographiques de Stendhal<\/strong><\/p>\n<p style=\"text-align: center;font-size: large\"><img loading=\"lazy\" decoding=\"async\" class=\"aligncenter size-full wp-image-1208\" src=\"https:\/\/wp.unil.ch\/cinematheque-unil\/files\/2014\/02\/SECTION_021.jpg\" alt=\"SECTION_02\" width=\"1024\" height=\"300\" srcset=\"https:\/\/wp.unil.ch\/cinematheque-unil\/files\/2014\/02\/SECTION_021.jpg 1024w, https:\/\/wp.unil.ch\/cinematheque-unil\/files\/2014\/02\/SECTION_021-300x87.jpg 300w, https:\/\/wp.unil.ch\/cinematheque-unil\/files\/2014\/02\/SECTION_021-500x146.jpg 500w\" sizes=\"auto, (max-width: 1024px) 100vw, 1024px\" \/><\/p>\n<p style=\"text-align: center;font-size: small\"><a title=\"Pr\u00e9sentation\" href=\"https:\/\/wp.unil.ch\/cinematheque-unil\/projets\/discours-du-scenario-etude-historique-et-genetique-des-adaptations-cinematographiques-de-stendhal\/presentation\/\">PR\u00c9SENTATION<\/a>\u00a0|\u00a0<a title=\"Projets de th\u00e8se\" href=\"https:\/\/wp.unil.ch\/cinematheque-unil\/projets\/discours-du-scenario-etude-historique-et-genetique-des-adaptations-cinematographiques-de-stendhal\/projets-de-these\/\">PROJETS DE TH\u00c8SE<\/a>\u00a0|\u00a0<a title=\"Documents de travail\" href=\"https:\/\/wp.unil.ch\/cinematheque-unil\/projets\/discours-du-scenario-etude-historique-et-genetique-des-adaptations-cinematographiques-de-stendhal\/documents-de-travail\/\">DOCUMENTS DE TRAVAIL<\/a> | <a title=\"Bibliographie s\u00e9lective\" href=\"https:\/\/wp.unil.ch\/cinematheque-unil\/projets\/discours-du-scenario-etude-historique-et-genetique-des-adaptations-cinematographiques-de-stendhal\/bibliographie\/\">BIBLIOGRAPHIE S\u00c9LECTIVE<\/a><br \/>\n<a title=\"Publications li\u00e9es au projet\" href=\"https:\/\/wp.unil.ch\/cinematheque-unil\/projets\/discours-du-scenario-etude-historique-et-genetique-des-adaptations-cinematographiques-de-stendhal\/publications-liees-au-projet\/\">PUBLICATIONS LI\u00c9ES AU PROJET<\/a> |\u00a0<a title=\"Journ\u00e9es d\u2019\u00e9tude et colloques\" href=\"https:\/\/wp.unil.ch\/cinematheque-unil\/projets\/discours-du-scenario-etude-historique-et-genetique-des-adaptations-cinematographiques-de-stendhal\/journees-detude\/\">JOURN\u00c9ES D&rsquo;\u00c9TUDE ET COLLOQUES<\/a> | <a title=\"Conf\u00e9rences\" href=\"https:\/\/wp.unil.ch\/cinematheque-unil\/projets\/discours-du-scenario-etude-historique-et-genetique-des-adaptations-cinematographiques-de-stendhal\/conferences\/\">CONF\u00c9RENCES<\/a> |\u00a0<a title=\"Espace enseignants\" href=\"https:\/\/wp.unil.ch\/cinematheque-unil\/projets\/discours-du-scenario-etude-historique-et-genetique-des-adaptations-cinematographiques-de-stendhal\/espace-enseignants\/\">ESPACE ENSEIGNANTS<\/a><\/p>\n<p style=\"font-size: small;text-align: right\">Illustration : Archives Claude Autant-Lara, Cin\u00e9math\u00e8que suisse.<\/p>\n<\/div>\n","protected":false},"excerpt":{"rendered":"<p>Discours du sc\u00e9nario\u00a0: \u00e9tude historique et g\u00e9n\u00e9tique\u00a0des adaptations cin\u00e9matographiques de Stendhal PR\u00c9SENTATION\u00a0|\u00a0PROJETS DE TH\u00c8SE\u00a0|\u00a0DOCUMENTS DE TRAVAIL | BIBLIOGRAPHIE S\u00c9LECTIVE PUBLICATIONS LI\u00c9ES AU PROJET |\u00a0JOURN\u00c9ES D&rsquo;\u00c9TUDE ET COLLOQUES | CONF\u00c9RENCES |\u00a0ESPACE ENSEIGNANTS Illustration : Archives Claude Autant-Lara, Cin\u00e9math\u00e8que suisse.<\/p>\n","protected":false},"author":1469,"featured_media":0,"parent":79,"menu_order":37,"comment_status":"closed","ping_status":"closed","template":"","meta":{"_seopress_robots_primary_cat":"","_seopress_titles_title":"","_seopress_titles_desc":"","_seopress_robots_index":"","footnotes":""},"class_list":["post-123","page","type-page","status-publish"],"_links":{"self":[{"href":"https:\/\/wp.unil.ch\/cinematheque-unil\/wp-json\/wp\/v2\/pages\/123","targetHints":{"allow":["GET"]}}],"collection":[{"href":"https:\/\/wp.unil.ch\/cinematheque-unil\/wp-json\/wp\/v2\/pages"}],"about":[{"href":"https:\/\/wp.unil.ch\/cinematheque-unil\/wp-json\/wp\/v2\/types\/page"}],"author":[{"embeddable":true,"href":"https:\/\/wp.unil.ch\/cinematheque-unil\/wp-json\/wp\/v2\/users\/1469"}],"replies":[{"embeddable":true,"href":"https:\/\/wp.unil.ch\/cinematheque-unil\/wp-json\/wp\/v2\/comments?post=123"}],"version-history":[{"count":0,"href":"https:\/\/wp.unil.ch\/cinematheque-unil\/wp-json\/wp\/v2\/pages\/123\/revisions"}],"up":[{"embeddable":true,"href":"https:\/\/wp.unil.ch\/cinematheque-unil\/wp-json\/wp\/v2\/pages\/79"}],"wp:attachment":[{"href":"https:\/\/wp.unil.ch\/cinematheque-unil\/wp-json\/wp\/v2\/media?parent=123"}],"curies":[{"name":"wp","href":"https:\/\/api.w.org\/{rel}","templated":true}]}}