{"id":1226,"date":"2014-12-18T17:01:09","date_gmt":"2014-12-18T16:01:09","guid":{"rendered":"http:\/\/wp.unil.ch\/cinematheque-unil\/?page_id=1226"},"modified":"2026-01-14T09:39:34","modified_gmt":"2026-01-14T08:39:34","slug":"evenements","status":"publish","type":"page","link":"https:\/\/wp.unil.ch\/cinematheque-unil\/evenements\/","title":{"rendered":"\u00c9V\u00c9NEMENTS"},"content":{"rendered":"<div class=\"wp-block-image\">\n<figure class=\"aligncenter\"><img loading=\"lazy\" decoding=\"async\" width=\"1024\" height=\"216\" src=\"https:\/\/wp.unil.ch\/cinematheque-unil\/files\/2015\/01\/CATEGORIE_EVENEMENTS.jpg\" alt=\"CATEGORIE_EVENEMENTS\" class=\"wp-image-1585\" srcset=\"https:\/\/wp.unil.ch\/cinematheque-unil\/files\/2015\/01\/CATEGORIE_EVENEMENTS.jpg 1024w, https:\/\/wp.unil.ch\/cinematheque-unil\/files\/2015\/01\/CATEGORIE_EVENEMENTS-300x63.jpg 300w, https:\/\/wp.unil.ch\/cinematheque-unil\/files\/2015\/01\/CATEGORIE_EVENEMENTS-500x105.jpg 500w\" sizes=\"auto, (max-width: 1024px) 100vw, 1024px\" \/><\/figure>\n<\/div>\n\n\n<h3 class=\"wp-block-heading\">\u00c0 venir<\/h3>\n\n\n<p><!-- \/wp:post-content --><\/p>\n<p><!-- wp:paragraph --><\/p>\n<p>2026<\/p>\n<p><!-- \/wp:paragraph --><br \/><!-- wp:list --><\/p>\n<ul>\n<li style=\"list-style-type: none\">\n<ul><!-- wp:list-item -->\n<li><a href=\"https:\/\/wp.unil.ch\/cinematheque-unil\/vernissage-du-livre-de-jeanne-rohner-micheline-presle-et-danielle-darrieux-chez-claude-autant-lara-1942-1954-16-janvier-2026\/\">Soir\u00e9e de vernissage du livre de Jeanne Rohner, Micheline Presle et Danielle Darrieux chez Claude Autant-Lara (1942-1954), 16 janvier 2026.<\/a><\/li>\n<\/ul>\n<\/li>\n<\/ul>\n<ul>\n<li style=\"list-style-type: none\">\n<ul><!-- wp:list-item -->\n<li><a href=\"https:\/\/wp.unil.ch\/cinematheque-unil\/evenements\/colloque-ecoutes-situees-techniques-esthetique-et-politique-de-lenregistrement-sonore\/\">Colloque \u00ab \u00c9coutes situ\u00e9es. Techniques, esth\u00e9tique et politique de l&rsquo;enregistrement sonore \u00bb, 15-16 janvier 2026.<\/a><\/li>\n<\/ul>\n<\/li>\n<\/ul>\n<p><!-- wp:heading {\"level\":3} --><\/p>\n<h3>\u00a0<\/h3>\n<p><!-- \/wp:heading --><\/p>\n<p><!-- wp:heading {\"level\":3} --><\/p>\n<h3>Archives<\/h3>\n<p><!-- \/wp:heading --><\/p>\n<p><!-- wp:paragraph --><\/p>\n<p>2022<\/p>\n<p><!-- \/wp:paragraph --><\/p>\n<p><!-- wp:list --><\/p>\n<ul>\n<li style=\"list-style-type: none\">\n<ul><!-- wp:list-item -->\n<li><a href=\"https:\/\/www.unil.ch\/cet\/fr\/home\/menuinst\/culture-et-cite\/manifestations\/moliere-au-cinema.html\">Le Moli\u00e8re imaginaire: du th\u00e9\u00e2tre au cin\u00e9ma : R\u00e9trospective \u00e0 la Cin\u00e9math\u00e8que suisse, dirig\u00e9e par Valentine Robert et Lise Michel du 8 novembre au 29 d\u00e9cembre 2022.<\/a><\/li>\n<\/ul>\n<\/li>\n<\/ul>\n<p><!-- \/wp:list-item --><\/p>\n<p><!-- \/wp:list --><\/p>\n<p><!-- wp:list --><\/p>\n<ul>\n<li style=\"list-style-type: none\">\n<ul><!-- wp:list-item -->\n<li>Table ronde \u00ab\u00a0Sable anim\u00e9. Autour du projet FNS \u00ab\u00a0Nag et Gis\u00e8le Ansorge\u00a0\u00bb\u00a0\u00ab\u00a0,\u00a0<em>57<sup>e<\/sup>\u00a0Journ\u00e9es cin\u00e9matographiques\u00a0<\/em>de\u00a0<em>Soleure<\/em>, Soleure, 24 janvier 2022.<\/li>\n<\/ul>\n<\/li>\n<\/ul>\n<p><!-- \/wp:list-item --><\/p>\n<p><!-- \/wp:list --><\/p>\n<p><!-- wp:paragraph --><\/p>\n<p>2021<\/p>\n<p><!-- \/wp:paragraph --><\/p>\n<p><!-- wp:list --><\/p>\n<ul>\n<li style=\"list-style-type: none\">\n<ul><!-- wp:list-item -->\n<li><a href=\"https:\/\/wp.unil.ch\/cinematheque-unil\/6109-2\/\">Journ\u00e9e d\u2019\u00e9tude \u00ab\u00a0Faire l\u2019histoire probl\u00e9matis\u00e9e d\u2019une archive \u00e0 partir de ses fonds\u00a0\u00bb, 20 mai 2021.<\/a><\/li>\n<\/ul>\n<\/li>\n<\/ul>\n<p><!-- \/wp:list-item --><\/p>\n<p><!-- \/wp:list --><\/p>\n<p><!-- wp:paragraph --><\/p>\n<p><!-- \/wp:paragraph --><\/p>\n<p><!-- wp:paragraph --><\/p>\n<p>2019<\/p>\n<p><!-- \/wp:paragraph --><\/p>\n<p><!-- wp:list --><\/p>\n<ul>\n<li style=\"list-style-type: none\">\n<ul><!-- wp:list-item -->\n<li>Cycle de films \u00ab Ombre et cin\u00e9ma\u00a0\u00bb<\/li>\n<\/ul>\n<\/li>\n<\/ul>\n<p><!-- \/wp:list-item --><\/p>\n<p><!-- wp:list-item --><\/p>\n<ul>\n<li style=\"list-style-type: none\">\n<ul>\n<li><a href=\"https:\/\/wp.unil.ch\/cinematheque-unil\/?page_id=5663&amp;preview=true\">Soir\u00e9e de vernissage de l\u2019ouvrage collectif <em>Loin des yeux\u2026 le cin\u00e9ma<\/em>, 20 mai 2019.<\/a><\/li>\n<\/ul>\n<\/li>\n<\/ul>\n<p><!-- \/wp:list-item --><\/p>\n<p><!-- wp:list-item --><\/p>\n<ul>\n<li style=\"list-style-type: none\">\n<ul>\n<li><a href=\"https:\/\/wp.unil.ch\/cinematheque-unil\/evenements\/reception-de-la-collaboration-unilcinematheque-suisse\/\">R\u00e9ception de la Collaboration UNIL + Cin\u00e9math\u00e8que suisse au 75<sup>e<\/sup> Congr\u00e8s FIAF, 8 avril 2019.<\/a><\/li>\n<\/ul>\n<\/li>\n<\/ul>\n<p><!-- \/wp:list-item --><\/p>\n<p><!-- wp:list-item --><\/p>\n<ul>\n<li style=\"list-style-type: none\">\n<ul>\n<li><a href=\"https:\/\/wp.unil.ch\/cinematheque-unil\/files\/2019\/04\/LIVRET_PARTENARIAT.pdf\">Pr\u00e9sentation des projets de la Collaboration UNIL + Cin\u00e9math\u00e8que suisse, soir\u00e9e d\u2019accueil et discours de pr\u00e9sentation, dans le cadre du Congr\u00e8s international FIAF\u00a02019 et \u00e0 travers la Coordination de la Collaboration UNIL + Cin\u00e9math\u00e8que suisse. Invitation de Madame la rectrice, professeure Nouria Hernandez, \u00e0 ouvrir le\u00a0<em>FIAF Symposium: From the Past to the Future of Film Archives<\/em>, in\u00a0<em>The 75th Congress of the International<\/em>.<\/a><\/li>\n<\/ul>\n<\/li>\n<\/ul>\n<p><!-- \/wp:list-item --><\/p>\n<p><!-- wp:list-item --><\/p>\n<ul>\n<li style=\"list-style-type: none\">\n<ul>\n<li>Symposium du 75<sup>e<\/sup> Congr\u00e8s FIAF \u00ab\u00a0Du pass\u00e9 au futur des archives cin\u00e9matographiques \u00bb, 8-9 avril 2019.<\/li>\n<\/ul>\n<\/li>\n<\/ul>\n<p><!-- \/wp:list-item --><\/p>\n<p><!-- wp:list-item --><\/p>\n<ul>\n<li style=\"list-style-type: none\">\n<ul>\n<li><a href=\"https:\/\/wp.unil.ch\/cinematheque-unil\/evenements\/colloque-genre-et-medias-francophones-dans-leurope-des-annees-1940-et-1950\/\">Colloque \u00ab Genre et m\u00e9dias francophones dans l\u2019Europe des ann\u00e9es 1940 et 1950 \u00bb, 21-22 mars 2019.<\/a><\/li>\n<\/ul>\n<\/li>\n<\/ul>\n<p><!-- \/wp:list-item --><\/p>\n<p><!-- \/wp:list --><\/p>\n<p><!-- wp:paragraph --><\/p>\n<p>2018<\/p>\n<p><!-- \/wp:paragraph --><\/p>\n<p><!-- wp:list --><\/p>\n<ul>\n<li style=\"list-style-type: none\">\n<ul><!-- wp:list-item -->\n<li><a href=\"https:\/\/wp.unil.ch\/cinematheque-unil\/evenements\/colloque-techniques-du-cinema-amateur\/\">Colloque \u00ab Techniques du cin\u00e9ma amateur : probl\u00e8mes d\u2019archives, probl\u00e8mes d&rsquo;histoire \u00bb, 28-30 novembre 2018.<\/a><\/li>\n<\/ul>\n<\/li>\n<\/ul>\n<p><!-- \/wp:list-item --><\/p>\n<p><!-- wp:list-item --><\/p>\n<ul>\n<li style=\"list-style-type: none\">\n<ul>\n<li><a href=\"https:\/\/wp.unil.ch\/cinematheque-unil\/evenements\/carnets-de-voyage-filmes\/\">Exposition \u00ab Carnets de voyage film\u00e9s. Regards sur l\u2019ailleurs par des cin\u00e9astes amateurs \u00bb, 26 juin-31 octobre 2018.<\/a><\/li>\n<\/ul>\n<\/li>\n<\/ul>\n<p><!-- \/wp:list-item --><\/p>\n<p><!-- wp:list-item --><\/p>\n<ul>\n<li style=\"list-style-type: none\">\n<ul>\n<li><a href=\"https:\/\/wp.unil.ch\/cinematheque-unil\/evenements\/colloque-stars-et-vedettes-europeennes-de-cinema\/\">Colloque \u00ab Stars et vedettes europ\u00e9ennes de cin\u00e9ma: figures de la norme et de la transgression \u00bb, 11-12 octobre 2018.<\/a><\/li>\n<\/ul>\n<\/li>\n<\/ul>\n<p><!-- \/wp:list-item --><\/p>\n<p><!-- wp:list-item --><\/p>\n<ul>\n<li style=\"list-style-type: none\">\n<ul>\n<li><a href=\"https:\/\/wp.unil.ch\/cinematheque-unil\/evenements\/journee-detude-nag-et-gisele-ansorge-2\/\">Journ\u00e9e d\u2019\u00e9tude \u00ab Nag et Gis\u00e8le Ansorge \u00bb, 8 mai 2018.<\/a><\/li>\n<\/ul>\n<\/li>\n<\/ul>\n<p><!-- \/wp:list-item --><\/p>\n<p><!-- wp:list-item --><\/p>\n<ul>\n<li style=\"list-style-type: none\">\n<ul>\n<li><a href=\"https:\/\/wp.unil.ch\/cinematheque-unil\/evenements\/soiree-de-vernissage-de-louvrage-collectif-ladaptation\/\">Soir\u00e9e de vernissage de l\u2019ouvrage collectif\u00a0<em>L\u2019Adaptation. Des livres aux sc\u00e9narios<\/em>, 15 mars 2018.<\/a><\/li>\n<\/ul>\n<\/li>\n<\/ul>\n<p><!-- \/wp:list-item --><\/p>\n<p><!-- wp:list-item --><\/p>\n<ul>\n<li style=\"list-style-type: none\">\n<ul>\n<li><a href=\"https:\/\/wp.unil.ch\/cinematheque-unil\/evenements\/programme-bolex-une-camera-suisse-a-lechelle-du-monde\/\">Programme historique de films \u00ab Bolex : une cam\u00e9ra suisse \u00e0 l\u2019\u00e9chelle du monde\u00a0\u00bb aux 53<sup>e<\/sup> Journ\u00e9es de Soleure, 25 janvier-1<sup>er<\/sup> f\u00e9vrier 2018.<\/a><\/li>\n<\/ul>\n<\/li>\n<\/ul>\n<p><!-- \/wp:list-item --><\/p>\n<p><!-- \/wp:list --><\/p>\n<p><!-- wp:paragraph --><\/p>\n<p>2017<\/p>\n<p><!-- \/wp:paragraph --><\/p>\n<p><!-- wp:list --><\/p>\n<ul>\n<li style=\"list-style-type: none\">\n<ul><!-- wp:list-item -->\n<li>Soir\u00e9e de vernissage de l\u2019ouvrage <em>Des machines et des hommes<\/em>, 6 d\u00e9cembre 2017.<\/li>\n<\/ul>\n<\/li>\n<\/ul>\n<p><!-- \/wp:list-item --><\/p>\n<p><!-- wp:list-item --><\/p>\n<ul>\n<li style=\"list-style-type: none\">\n<ul>\n<li><a href=\"https:\/\/wp.unil.ch\/cinematheque-unil\/evenements\/conferences-aux-frontieres-du-film\/\">Conf\u00e9rences \u00ab Aux fronti\u00e8res du film \u00bb, 9 novembre 2017.<\/a><\/li>\n<\/ul>\n<\/li>\n<\/ul>\n<p><!-- \/wp:list-item --><\/p>\n<p><!-- wp:list-item --><\/p>\n<ul>\n<li style=\"list-style-type: none\">\n<ul>\n<li><a href=\"https:\/\/wp.unil.ch\/cinematheque-unil\/evenements\/colloque-loutre-humain\/\">Colloque \u00ab L\u2019outre-humain. Automates, performances m\u00e9caniques et cultures spectaculaires au seuil du XX<sup>e<\/sup> si\u00e8cle \u00bb, 2-4 novembre 2017.<\/a><\/li>\n<\/ul>\n<\/li>\n<\/ul>\n<p><!-- \/wp:list-item --><\/p>\n<p><!-- wp:list-item --><\/p>\n<ul>\n<li style=\"list-style-type: none\">\n<ul>\n<li><a href=\"https:\/\/wp.unil.ch\/cinematheque-unil\/evenements\/la-machine-bolex\/\">Exposition \u00ab La machine Bolex. Les horizons amateurs du cin\u00e9ma \u00bb, 27 juin-27 octobre 2017.<\/a><\/li>\n<\/ul>\n<\/li>\n<\/ul>\n<p><!-- \/wp:list-item --><\/p>\n<p><!-- wp:list-item --><\/p>\n<ul>\n<li style=\"list-style-type: none\">\n<ul>\n<li><a href=\"https:\/\/wp.unil.ch\/cinematheque-unil\/evenements\/colloque-le-direct-et-le-numerique\/\">Colloque \u00ab Le \u201cdirect\u201d et le num\u00e9rique. Techniques et politiques des cin\u00e9mas l\u00e9gers : arch\u00e9ologie, esth\u00e9tique, perspectives \u00bb, 3-4 mai 2017.<\/a><\/li>\n<\/ul>\n<\/li>\n<\/ul>\n<p><!-- \/wp:list-item --><\/p>\n<p><!-- wp:list-item --><\/p>\n<ul>\n<li style=\"list-style-type: none\">\n<ul>\n<li><a href=\"https:\/\/wp.unil.ch\/cinematheque-unil\/evenements\/soiree-poesie-et-cinema-autour-de-terrence-malick\/\">Soir\u00e9e \u00ab Po\u00e9sie et cin\u00e9ma : autour de Terrence Malick \u00bb, 23 mars 2017.<\/a><\/li>\n<\/ul>\n<\/li>\n<\/ul>\n<p><!-- \/wp:list-item --><\/p>\n<p><!-- \/wp:list --><\/p>\n<p><!-- wp:paragraph --><\/p>\n<p>2016<\/p>\n<p><!-- \/wp:paragraph --><\/p>\n<p><!-- wp:list --><\/p>\n<ul>\n<li style=\"list-style-type: none\">\n<ul><!-- wp:list-item -->\n<li><a href=\"https:\/\/wp.unil.ch\/cinematheque-unil\/evenements\/scenarios\/\">Colloque \u00ab Des livres aux sc\u00e9narios. Approches interdisciplinaires des archives du cin\u00e9ma fran\u00e7ais (1930-1960) \u00bb, 10-11 octobre 2016.<\/a><\/li>\n<\/ul>\n<\/li>\n<\/ul>\n<p><!-- \/wp:list-item --><\/p>\n<p><!-- wp:list-item --><\/p>\n<ul>\n<li style=\"list-style-type: none\">\n<ul>\n<li><a title=\"Colloque \u00ab Des cin\u00e9-clubs aux cin\u00e9math\u00e8ques : l\u2019institution du patrimoine cin\u00e9matographique \u00bb\" href=\"https:\/\/wp.unil.ch\/cinematheque-unil\/evenements\/colloque-des-cine-clubs-aux-cinematheques-linstitution-du-patrimoine-cinematographique\/\">Colloque \u00ab Des cin\u00e9-clubs aux cin\u00e9math\u00e8ques : l\u2019institution du patrimoine cin\u00e9matographique \u00bb, 7-8 avril 2016.<\/a><\/li>\n<\/ul>\n<\/li>\n<\/ul>\n<p><!-- \/wp:list-item --><\/p>\n<p><!-- wp:list-item --><\/p>\n<ul>\n<li style=\"list-style-type: none\">\n<ul>\n<li><a title=\"Cycle de projections Babel de Boris Lehman\" href=\"https:\/\/wp.unil.ch\/cinematheque-unil\/evenements\/boris-lehman-a-la-cinematheque-suisse\/\">Cycle de projections <em>Babel<\/em> de Boris Lehman, 15-22 mars 2016.<\/a><\/li>\n<\/ul>\n<\/li>\n<\/ul>\n<p><!-- \/wp:list-item --><\/p>\n<p><!-- \/wp:list --><\/p>\n<p><!-- wp:paragraph --><\/p>\n<p>2015<\/p>\n<p><!-- \/wp:paragraph --><\/p>\n<p><!-- wp:list --><\/p>\n<ul>\n<li style=\"list-style-type: none\">\n<ul><!-- wp:list-item -->\n<li><a title=\"Soir\u00e9e de vernissage de l\u2019ouvrage collectif \u00ab Le film sur l\u2019art \u00bb\" href=\"https:\/\/wp.unil.ch\/cinematheque-unil\/evenements\/soiree-de-vernissage-de-louvrage-collectif-le-film-sur-lart\/\">Soir\u00e9e de vernissage de l\u2019ouvrage collectif <em>Le film sur l\u2019art<\/em>, 26 novembre 2015.<\/a><\/li>\n<\/ul>\n<\/li>\n<\/ul>\n<p><!-- \/wp:list-item --><\/p>\n<p><!-- wp:list-item --><\/p>\n<ul>\n<li style=\"list-style-type: none\">\n<ul>\n<li><a title=\"Colloque \u00ab Usages des archives : des sources aux pratiques \u00bb\" href=\"https:\/\/wp.unil.ch\/cinematheque-unil\/evenements\/colloque-usages-des-archives-des-sources-aux-pratiques\/\">Colloque \u00ab Usages des archives : des sources aux pratiques \u00bb, 14-16 octobre 2015.<\/a><\/li>\n<\/ul>\n<\/li>\n<\/ul>\n<p><!-- \/wp:list-item --><\/p>\n<p><!-- wp:list-item --><\/p>\n<ul>\n<li style=\"list-style-type: none\">\n<ul>\n<li><a title=\"Soir\u00e9e d\u2019inauguration de la Collaboration\" href=\"https:\/\/wp.unil.ch\/cinematheque-unil\/evenements\/soiree-dinauguration-de-la-collaboration\/\">Soir\u00e9e d\u2019inauguration\u00a0de la Collaboration UNIL + Cin\u00e9math\u00e8que suisse, 24 mars 2015<\/a> au cin\u00e9ma Capitole, en pr\u00e9sence de Dominique Arlettaz, Recteur de l\u2019UNIL, d\u2019Anne-Catherine Lyon, Conseill\u00e8re d\u2019\u00c9tat du Canton de Vaud, et de Jean-Yves Pidoux, Conseiller municipal de la Ville de Lausanne. Les diff\u00e9rents projets de recherche du la Collaboration ont \u00e9t\u00e9 pr\u00e9sent\u00e9s au public.<\/li>\n<\/ul>\n<\/li>\n<\/ul>\n<p><!-- \/wp:list-item --><\/p>\n<p><!-- \/wp:list --><\/p>\n<p><!-- wp:paragraph --><\/p>\n<p>2014<\/p>\n<p><!-- \/wp:paragraph --><\/p>\n<p><!-- wp:list --><\/p>\n<ul>\n<li style=\"list-style-type: none\">\n<ul><!-- wp:list-item -->\n<li><a title=\"Colloque \u00ab Les ann\u00e9es 1964 : 50 ans apr\u00e8s l\u2019Expo \u00bb\" href=\"https:\/\/wp.unil.ch\/cinematheque-unil\/evenements\/colloque-les-annees-1964-50-ans-apres-lexpo\/\">Colloque \u00ab Les ann\u00e9es 1964 : 50 ans apr\u00e8s l\u2019Expo \u00bb, 3-5 juin 2014<\/a>.<\/li>\n<\/ul>\n<\/li>\n<\/ul>\n<p><!-- \/wp:list-item --><\/p>\n<p><!-- wp:list-item --><\/p>\n<ul>\n<li style=\"list-style-type: none\">\n<ul>\n<li><a title=\"Journ\u00e9e d\u2019\u00e9tude \u00ab Nag et Gis\u00e8le Ansorge \u00bb\" href=\"https:\/\/wp.unil.ch\/cinematheque-unil\/evenements\/journee-detude-nag-et-gisele-ansorge\/\">Journ\u00e9e d\u2019\u00e9tude \u00ab Nag et Gis\u00e8le Ansorge \u00bb, 14 mai 2014<\/a>.<\/li>\n<\/ul>\n<\/li>\n<\/ul>\n<p><!-- \/wp:list-item --><\/p>\n<p><!-- \/wp:list --><\/p>\n<p><!-- wp:paragraph --><\/p>\n<p>2013<\/p>\n<p><!-- \/wp:paragraph --><\/p>\n<p><!-- wp:list --><\/p>\n<ul>\n<li style=\"list-style-type: none\">\n<ul><!-- wp:list-item -->\n<li><a title=\"Colloque \u00ab Dentro il cristallo arcano : Verdi on Screen \u00bb\" href=\"https:\/\/wp.unil.ch\/cinematheque-unil\/evenements\/colloque-dentro-il-cristallo-arcano-verdi-on-screen\/\">Colloque\u00a0\u00ab Dentro il cristallo arcano : Verdi on Screen\u00a0\u00bb, 27-29 novembre 2013<\/a>.<\/li>\n<\/ul>\n<\/li>\n<\/ul>\n<p><!-- \/wp:list-item --><\/p>\n<p><!-- wp:list-item --><\/p>\n<ul>\n<li style=\"list-style-type: none\">\n<ul>\n<li><a title=\"Colloque \u00ab Une autre voix, un autre texte \u00bb\" href=\"https:\/\/wp.unil.ch\/cinematheque-unil\/evenements\/colloque-une-autre-voix-un-autre-texte\/\">Colloque\u00a0\u00ab Une autre voix, un autre texte. Histoire et th\u00e9orie des pratiques de traduction au cin\u00e9ma \u00bb, 25-27 avril 2013<\/a>.<\/li>\n<\/ul>\n<\/li>\n<\/ul>\n<p><!-- \/wp:list-item --><\/p>\n<p><!-- wp:list-item --><\/p>\n<ul>\n<li style=\"list-style-type: none\">\n<ul>\n<li><a title=\"Colloque \u00ab 1945, le retour des films am\u00e9ricains en Europe \u00bb\" href=\"https:\/\/wp.unil.ch\/cinematheque-unil\/evenements\/colloque-1945-le-retour-des-films-americains-en-europe\/\">Colloque\u00a0\u00ab 1945, le retour des films am\u00e9ricains en Europe : \u00e9conomie, politique, esth\u00e9tique\u00a0\u00bb, 7-8 mars 2013<\/a>.<\/li>\n<\/ul>\n<\/li>\n<\/ul>\n<p><!-- \/wp:list-item --><\/p>\n<p><!-- wp:list-item --><\/p>\n<ul>\n<li style=\"list-style-type: none\">\n<ul>\n<li><em>Pr\u00e9sentation du site internet et de la base de donn\u00e9es\u00a0<a href=\"https:\/\/blog.zhdk.ch\/cinememoire\/\">Cin\u00e9m\u00e9moire.ch<\/a><\/em>, 14 novembre 2013, Cin\u00e9math\u00e8que Suisse, salle Paderewski, avec la projection du film de Jean-Louis Roy,\u00a0<em>L\u2019Inconnu de Shandigor<\/em>.<\/li>\n<\/ul>\n<\/li>\n<\/ul>\n<p><!-- \/wp:list-item --><\/p>\n<p><!-- \/wp:list --><\/p>\n<p><!-- wp:paragraph --><\/p>\n<p>2012<\/p>\n<p><!-- \/wp:paragraph --><\/p>\n<p><!-- wp:list --><\/p>\n<ul>\n<li style=\"list-style-type: none\">\n<ul><!-- wp:list-item -->\n<li><a title=\"Colloque \u00ab Techniques, machines, dispositifs \u00bb\" href=\"https:\/\/wp.unil.ch\/cinematheque-unil\/evenements\/colloque-techniques-machines-dispositifs\/\">Colloque\u00a0\u00ab Techniques, machines, dispositifs : perspectives pour une nouvelle histoire technologique du cin\u00e9ma\u00a0\u00bb, 22-24 novembre 2012.<\/a><\/li>\n<\/ul>\n<\/li>\n<\/ul>\n<p><!-- \/wp:list-item --><\/p>\n<p><!-- wp:list-item --><\/p>\n<ul>\n<li style=\"list-style-type: none\">\n<ul>\n<li><a title=\"Colloque \u00ab Max Linder et le comique d\u00e9but de si\u00e8cle \u00bb\" href=\"https:\/\/wp.unil.ch\/cinematheque-unil\/evenements\/colloque-max-linder-et-le-comique-debut-de-siecle\/\">Colloque\u00a0\u00ab Max Linder et le comique d\u00e9but de si\u00e8cle\u00a0\u00bb, 3-4 octobre 2012.<\/a><\/li>\n<\/ul>\n<\/li>\n<\/ul>\n<p><!-- \/wp:list-item --><\/p>\n<p><!-- wp:list-item --><\/p>\n<ul>\n<li style=\"list-style-type: none\">\n<ul>\n<li><a title=\"Colloque \u00ab Hors-cadre. Le cin\u00e9ma exp\u00e9rimental en Suisse depuis les ann\u00e9es 1950 \u00bb\" href=\"https:\/\/wp.unil.ch\/cinematheque-unil\/evenements\/colloque-hors-cadre-le-cinema-experimental-en-suisse-depuis-les-annees-1950\/\">Colloque\u00a0\u00ab Hors-cadre. Le cin\u00e9ma exp\u00e9rimental en Suisse depuis les ann\u00e9es 1950\u00a0\u00bb, 26-29 janvier 2012.<\/a><\/li>\n<\/ul>\n<\/li>\n<\/ul>\n<p><!-- \/wp:list-item --><\/p>\n<p><!-- \/wp:list --><\/p>\n<p><!-- wp:paragraph --><\/p>\n<p>2011<\/p>\n<p><!-- \/wp:paragraph --><\/p>\n<p><!-- wp:list --><\/p>\n<ul>\n<li style=\"list-style-type: none\">\n<ul><!-- wp:list-item -->\n<li><a title=\"Colloque \u00ab Le th\u00e9\u00e2tre des nerfs \u00bb\" href=\"https:\/\/wp.unil.ch\/cinematheque-unil\/evenements\/colloque-le-theatre-des-nerfs\/\">Colloque\u00a0\u00ab Le th\u00e9\u00e2tre des nerfs : cultures neurologiques, psychologiques et spectaculaires autour de 1900\u00a0\u00bb, 24-26 novembre 2011.<\/a><\/li>\n<\/ul>\n<\/li>\n<\/ul>\n<p><!-- \/wp:list-item --><\/p>\n<p><!-- wp:list-item --><\/p>\n<ul>\n<li style=\"list-style-type: none\">\n<ul>\n<li><a title=\"Colloque \u00ab Le film sur l\u2019art, entre histoire de l\u2019art et documentaire de cr\u00e9ation \u00bb\" href=\"https:\/\/wp.unil.ch\/cinematheque-unil\/evenements\/colloque-le-film-sur-lart-entre-histoire-de-lart-et-documentaire-de-creation\/\">Colloque\u00a0\u00ab Le film sur l\u2019art, entre histoire de l\u2019art et documentaire de cr\u00e9ation\u00a0\u00bb, 14-16 avril 2011.<\/a><\/li>\n<\/ul>\n<\/li>\n<\/ul>\n<p><!-- \/wp:list-item --><\/p>\n<p><!-- wp:list-item --><\/p>\n<ul>\n<li style=\"list-style-type: none\">\n<ul>\n<li>Pr\u00e9sentation, aux Journ\u00e9es cin\u00e9matographiques de Soleure, de\u00a0<em><a href=\"https:\/\/blog.zhdk.ch\/cinememoire\/\">Cin\u00e9m\u00e9moire.ch. Une histoire orale du cin\u00e9ma suisse<\/a><\/em>, UNIL et ZHDK, 24 janvier 2011.<\/li>\n<\/ul>\n<\/li>\n<\/ul>\n<p><!-- \/wp:list-item --><\/p>\n<p><!-- \/wp:list --><!-- \/wp:list-item --><!-- \/wp:list-item --><!-- \/wp:list --><\/p>","protected":false},"excerpt":{"rendered":"<p>\u00c0 venir 2026 Soir\u00e9e de vernissage du livre de Jeanne Rohner, Micheline Presle et Danielle Darrieux chez Claude Autant-Lara (1942-1954), 16 janvier 2026. Colloque \u00ab \u00c9coutes situ\u00e9es. Techniques, esth\u00e9tique et politique de l&rsquo;enregistrement sonore \u00bb, 15-16 janvier 2026. \u00a0 Archives<\/p>\n","protected":false},"author":1469,"featured_media":0,"parent":0,"menu_order":45,"comment_status":"closed","ping_status":"closed","template":"","meta":{"_seopress_robots_primary_cat":"","_seopress_titles_title":"","_seopress_titles_desc":"","_seopress_robots_index":"","footnotes":""},"class_list":["post-1226","page","type-page","status-publish"],"_links":{"self":[{"href":"https:\/\/wp.unil.ch\/cinematheque-unil\/wp-json\/wp\/v2\/pages\/1226","targetHints":{"allow":["GET"]}}],"collection":[{"href":"https:\/\/wp.unil.ch\/cinematheque-unil\/wp-json\/wp\/v2\/pages"}],"about":[{"href":"https:\/\/wp.unil.ch\/cinematheque-unil\/wp-json\/wp\/v2\/types\/page"}],"author":[{"embeddable":true,"href":"https:\/\/wp.unil.ch\/cinematheque-unil\/wp-json\/wp\/v2\/users\/1469"}],"replies":[{"embeddable":true,"href":"https:\/\/wp.unil.ch\/cinematheque-unil\/wp-json\/wp\/v2\/comments?post=1226"}],"version-history":[{"count":4,"href":"https:\/\/wp.unil.ch\/cinematheque-unil\/wp-json\/wp\/v2\/pages\/1226\/revisions"}],"predecessor-version":[{"id":9098,"href":"https:\/\/wp.unil.ch\/cinematheque-unil\/wp-json\/wp\/v2\/pages\/1226\/revisions\/9098"}],"wp:attachment":[{"href":"https:\/\/wp.unil.ch\/cinematheque-unil\/wp-json\/wp\/v2\/media?parent=1226"}],"curies":[{"name":"wp","href":"https:\/\/api.w.org\/{rel}","templated":true}]}}