{"id":6,"date":"2019-11-28T16:00:19","date_gmt":"2019-11-28T15:00:19","guid":{"rendered":"http:\/\/wp.unil.ch\/modele\/?page_id=6"},"modified":"2024-07-12T08:19:30","modified_gmt":"2024-07-12T06:19:30","slug":"home","status":"publish","type":"page","link":"https:\/\/wp.unil.ch\/cifas\/","title":{"rendered":"Accueil"},"content":{"rendered":"\n<div class=\"wp-block-group\"><div class=\"wp-block-group__inner-container is-layout-constrained wp-block-group-is-layout-constrained\">\n<div class=\"wp-block-columns is-layout-flex wp-container-core-columns-is-layout-9d6595d7 wp-block-columns-is-layout-flex\">\n<div class=\"wp-block-column is-layout-flow wp-block-column-is-layout-flow\">\n<p class=\"has-text-align-center\"><strong>Du R\u00e9el au virtuel : l&rsquo;agression sexuelle aujourd&rsquo;hui<\/strong><\/p>\n<\/div>\n<\/div>\n<\/div><\/div>\n\n\n\n<p class=\"has-text-align-center\">Retrouvez le projet laur\u00e9at du concours de l&rsquo;innovation du CIFAS 2024 : <a href=\"https:\/\/wp.unil.ch\/cifas\/concours-de-linnovation-technologique\/\" data-type=\"link\" data-id=\"https:\/\/wp.unil.ch\/cifas\/concours-de-linnovation-technologique\/\" target=\"_blank\" rel=\"noreferrer noopener\">concours<\/a><\/p>\n\n\n\n<p class=\"has-text-align-center\">Pour toute question ou renseignement : <a href=\"eventsip@unil.ch\">eventsip@unil.ch <\/a><\/p>\n\n\n\n<p class=\"has-text-align-center\"><em>Pour le Comit\u00e9 d&rsquo;organisation<\/em><\/p>\n\n\n\n<p class=\"has-text-align-center\"><em>Pascal Roman<\/em><\/p>\n\n\n\n<div class=\"wp-block-group has-background\" style=\"background:linear-gradient(135deg,rgb(255,154,82) 0%,rgb(250,215,215) 43%,rgb(255,126,126) 99%)\"><div class=\"wp-block-group__inner-container is-layout-constrained wp-block-group-is-layout-constrained\">\n<h2 class=\"wp-block-heading alignwide\">Argument <\/h2>\n\n\n\n<div class=\"wp-block-columns is-layout-flex wp-container-core-columns-is-layout-9d6595d7 wp-block-columns-is-layout-flex\">\n<div class=\"wp-block-column is-layout-flow wp-block-column-is-layout-flow\">\n<p class=\"has-text-align-left has-small-font-size\">L\u2019actualit\u00e9&nbsp;des&nbsp;agressions&nbsp;sexuelles&nbsp;se&nbsp;pr\u00e9sente,&nbsp;au&nbsp;fil&nbsp;des&nbsp;ann\u00e9es, sous une forme d\u2019immuabilit\u00e9. Les agressions&nbsp;sexuelles ouvrent sur un v\u00e9cu traumatique pour les victimes&nbsp;et t\u00e9moignent de vuln\u00e9rabilit\u00e9s et de souffrances dans&nbsp;l\u2019histoire des auteur\u00b7e\u00b7s. Dans le m\u00eame temps, diverses mutations apparaissent, qui renvoient tant aux moyens mobilis\u00e9s&nbsp;pour&nbsp;la&nbsp;mise&nbsp;en&nbsp;\u0153uvre&nbsp;des&nbsp;agirs&nbsp;sexuels&nbsp;violents&nbsp;(avec la g\u00e9n\u00e9ralisation de l\u2019usage des outils num\u00e9riques en particulier) qu\u2019\u00e0 l\u2019\u00e9volution des repr\u00e9sentations et des&nbsp;pratiques&nbsp;de&nbsp;la&nbsp;sexualit\u00e9.&nbsp;C\u2019est&nbsp;ainsi&nbsp;sous&nbsp;le&nbsp;signe&nbsp;de&nbsp;cette tension&nbsp;entre&nbsp;continuit\u00e9&nbsp;et&nbsp;discontinuit\u00e9&nbsp;que&nbsp;le&nbsp;CIFAS&nbsp;2024&nbsp;se&nbsp;propose&nbsp;de&nbsp;placer&nbsp;ses&nbsp;travaux,&nbsp;ses&nbsp;r\u00e9flexions&nbsp;et&nbsp;ses&nbsp;pers-&nbsp;pectives. Comme pour chacune des \u00e9ditions ant\u00e9rieures, le CIFAS 2024 proposera une approche pluridisciplinaire&nbsp;des questions li\u00e9es \u00e0 la probl\u00e9matique des agressions&nbsp;sexuelles,&nbsp;du&nbsp;point&nbsp;de&nbsp;vue&nbsp;des&nbsp;victimes&nbsp;et&nbsp;du&nbsp;point&nbsp;de&nbsp;vue&nbsp;des auteur\u00b7e\u00b7s, et selon trois axes d\u00e9sormais classiques : la&nbsp;pr\u00e9vention,&nbsp;l\u2019\u00e9valuation&nbsp;etles&nbsp;r\u00e9ponses&nbsp;apport\u00e9es&nbsp;au&nbsp;plan p\u00e9nal et th\u00e9rapeutique.<\/p>\n\n\n\n<p class=\"has-text-align-left has-small-font-size\">C\u2019est sans doute dans la rencontre entre num\u00e9rique et&nbsp;virtuel que se loge la dimension la plus aig\u00fce attach\u00e9e&nbsp;aux&nbsp;violences&nbsp;sexuelles&nbsp;aujourd\u2019hui:&nbsp;tout&nbsp;se&nbsp;passe&nbsp;comme si&nbsp;le&nbsp;d\u00e9veloppement&nbsp;d\u2019agressions&nbsp;sexuelles&nbsp;par&nbsp;le&nbsp;biais&nbsp;de pratiques&nbsp;num\u00e9riques&nbsp;(grooming,&nbsp;happy&nbsp;slapping,&nbsp;sexting,&nbsp;revenge porn, t\u00e9l\u00e9chargements p\u00e9dopornographiques\u2026) s\u2019inscrivait d\u00e9sormais dans un monde virtuel marqu\u00e9 par une discontinuit\u00e9 \u00e0 l\u2019\u00e9gard de la r\u00e9alit\u00e9 traumatique \u00e9prouv\u00e9e par les victimes. Par ailleurs, la question de la&nbsp;continuit\u00e9 entre les agressions sexuelles num\u00e9riques et<\/p>\n<\/div>\n\n\n\n<div class=\"wp-block-column is-layout-flow wp-block-column-is-layout-flow\">\n<p class=\"has-text-align-left has-small-font-size\">celles impliquant la rencontre entre auteur\u00b7e et victime&nbsp;ne cesse d\u2019interroger la dimension du rapport \u00e0 la r\u00e9alit\u00e9.&nbsp;En&nbsp;filigrane,&nbsp;c\u2019est&nbsp;aussi la&nbsp;question&nbsp;cruciale&nbsp;du&nbsp;consentement&nbsp;qui&nbsp;se&nbsp;trouve&nbsp;mobilis\u00e9e,&nbsp;marqu\u00e9e&nbsp;par&nbsp;l\u2019\u00e9volution&nbsp;et&nbsp;la fluctuation de la d\u00e9finition du rapport \u00e0 l\u2019autre, \u00e0 la&nbsp;sexualit\u00e9 et aux relations sexuelles, et par la fragilisation&nbsp;des interdits sociaux.<\/p>\n\n\n\n<p class=\"has-text-align-left has-small-font-size\">Ces&nbsp;aspects&nbsp;seront&nbsp;abord\u00e9s&nbsp;\u00e0&nbsp;partir&nbsp;des&nbsp;r\u00e9f\u00e9rents&nbsp;th\u00e9oriques&nbsp;et cliniques des diff\u00e9rentes disciplines qui concourent \u00e0&nbsp;circonscrire&nbsp;laprobl\u00e9matique&nbsp;de&nbsp;l\u2019agression&nbsp;sexuelle&nbsp;;&nbsp;ils&nbsp;le&nbsp;seront \u00e9galement \u00e0 partir de diff\u00e9rentes formes de contributions,&nbsp;scientifiques,&nbsp;praticiennes ,litt\u00e9raires,&nbsp;cr\u00e9atrices&#8230;<\/p>\n\n\n\n<p class=\"has-text-align-left has-small-font-size\">\u00c0&nbsp;partir&nbsp;de&nbsp;ces&nbsp;mises&nbsp;en&nbsp;perspectives,&nbsp;et&nbsp;au-del\u00e0&nbsp;des&nbsp;apports&nbsp;des conf\u00e9rences pl\u00e9ni\u00e8res, chaque actrice et acteur dans le champ de l\u2019agression sexuelle est invit\u00e9\u00b7e \u00e0 apporter&nbsp;sa contribution \u00e0 une r\u00e9flexion toujours n\u00e9cessaire et&nbsp;stimulante, en fonction de son point de vue disciplinaire, praticien et institutionnel.<\/p>\n\n\n\n<p class=\"has-small-font-size\">Au&nbsp;plaisir&nbsp;de&nbsp;se&nbsp;retrouver&nbsp;\u00e0&nbsp;Lausanne&nbsp;!<\/p>\n\n\n\n<p class=\"has-small-font-size\"><em>Pr\u00e9sident&nbsp;du&nbsp;Comit\u00e9&nbsp;d\u2019organisation&nbsp;:<\/em><em><\/em><\/p>\n\n\n\n<p class=\"has-small-font-size\"><em>Pascal<\/em><em>&nbsp;<\/em><em>Roman<\/em><em><\/em><\/p>\n\n\n\n<p class=\"has-small-font-size\"><em>Co-pr\u00e9sidents&nbsp;du&nbsp;Comit\u00e9&nbsp;scientifique&nbsp;:<\/em><em><\/em><\/p>\n\n\n\n<p class=\"has-small-font-size\"><em>Val\u00e9rie&nbsp;Moulin&nbsp;et&nbsp;Philippe&nbsp;Delacrausaz<\/em><em><\/em><\/p>\n<\/div>\n<\/div>\n<\/div><\/div>\n\n\n\n<p><a href=\"https:\/\/www.cifas.ca\">Lien vers le site international du CIFAS <\/a><\/p>\n","protected":false},"excerpt":{"rendered":"<p>Pour plus d&rsquo;informations : eventsip@unil.ch<\/p>\n","protected":false},"author":1002675,"featured_media":183,"parent":0,"menu_order":0,"comment_status":"closed","ping_status":"closed","template":"template-full-width-cover.php","meta":{"_seopress_robots_primary_cat":"","_seopress_titles_title":"","_seopress_titles_desc":"","_seopress_robots_index":"","footnotes":""},"class_list":["post-6","page","type-page","status-publish","has-post-thumbnail"],"_links":{"self":[{"href":"https:\/\/wp.unil.ch\/cifas\/wp-json\/wp\/v2\/pages\/6","targetHints":{"allow":["GET"]}}],"collection":[{"href":"https:\/\/wp.unil.ch\/cifas\/wp-json\/wp\/v2\/pages"}],"about":[{"href":"https:\/\/wp.unil.ch\/cifas\/wp-json\/wp\/v2\/types\/page"}],"author":[{"embeddable":true,"href":"https:\/\/wp.unil.ch\/cifas\/wp-json\/wp\/v2\/users\/1002675"}],"replies":[{"embeddable":true,"href":"https:\/\/wp.unil.ch\/cifas\/wp-json\/wp\/v2\/comments?post=6"}],"version-history":[{"count":5,"href":"https:\/\/wp.unil.ch\/cifas\/wp-json\/wp\/v2\/pages\/6\/revisions"}],"predecessor-version":[{"id":545,"href":"https:\/\/wp.unil.ch\/cifas\/wp-json\/wp\/v2\/pages\/6\/revisions\/545"}],"wp:featuredmedia":[{"embeddable":true,"href":"https:\/\/wp.unil.ch\/cifas\/wp-json\/wp\/v2\/media\/183"}],"wp:attachment":[{"href":"https:\/\/wp.unil.ch\/cifas\/wp-json\/wp\/v2\/media?parent=6"}],"curies":[{"name":"wp","href":"https:\/\/api.w.org\/{rel}","templated":true}]}}