{"id":436,"date":"2024-03-13T15:46:26","date_gmt":"2024-03-13T14:46:26","guid":{"rendered":"https:\/\/wp.unil.ch\/cifas\/?page_id=436"},"modified":"2024-03-13T15:50:19","modified_gmt":"2024-03-13T14:50:19","slug":"reglement-du-concours","status":"publish","type":"page","link":"https:\/\/wp.unil.ch\/cifas\/reglement-du-concours\/","title":{"rendered":"R\u00e8glement du concours"},"content":{"rendered":"\n<p><strong>R\u00e8glement du Prix de l\u2019innovation technologique &#8211; CIFAS 2024<\/strong><\/p>\n\n\n\n<ul class=\"wp-block-list\">\n<li>Objet <\/li>\n<\/ul>\n\n\n\n<p>Dans le cadre du CIFAS 2024 (Congr\u00e8s international francophone sur l\u2019agression sexuelle) qui se tiendra \u00e0 l\u2019UNIL du 4 au 7 juin 2024 (https:\/\/wp.unil.ch\/cifas\/), il est cr\u00e9\u00e9 un Prix de l\u2019innovation technologique. Ce Prix est unique et sera d\u00e9livr\u00e9 une seule fois dans le cadre d\u2019un concours, organis\u00e9 par le Comit\u00e9 d\u2019organisation dudit congr\u00e8s.<\/p>\n\n\n\n<p>Ce Prix vise \u00e0&nbsp;:<\/p>\n\n\n\n<ol class=\"wp-block-list\" style=\"list-style-type:lower-alpha\">\n<li>susciter des projets novateurs bas\u00e9s sur les technologies num\u00e9riques visant \u00e0 r\u00e9duire les agressions, soutenir la r\u00e9habilitation des auteur-e-s ou fournir de l\u2019aide aux victimes et,<\/li>\n\n\n\n<li>&nbsp;soutenir le meilleur de ces projets.<\/li>\n<\/ol>\n\n\n\n<ul class=\"wp-block-list\">\n<li>Participation<\/li>\n<\/ul>\n\n\n\n<p>Le concours est ouvert \u00e0 l\u2019ensemble des personnes inscrites au CIFAS 2024, \u00e0 l\u2019exception&nbsp;des membres du Comit\u00e9 d\u2019organisation du CIFAS.<\/p>\n\n\n\n<p>La participation au concours est gratuite.<\/p>\n\n\n\n<ul class=\"wp-block-list\">\n<li>Soumission <\/li>\n<\/ul>\n\n\n\n<p>Les personnes qui souhaitent participer au concours, soumettent leur projet au jury par le biais d\u2019une capsule vid\u00e9o de 3 minutes (maximum). Ladite capsule doit \u00eatre transmise&nbsp;:&nbsp;<\/p>\n\n\n\n<ol class=\"wp-block-list\" style=\"list-style-type:lower-alpha\">\n<li>d\u2018ici au 29 avril \u00e0 23h59,<\/li>\n\n\n\n<li>en format mp4,&nbsp;<\/li>\n\n\n\n<li>au moyen d\u2019un lien WeTransfer,<\/li>\n\n\n\n<li>\u00e0 l\u2019adresse du CIFAS 2024 (cifas.2024@unil.ch).&nbsp;<\/li>\n<\/ol>\n\n\n\n<p>Cette capsule doit pr\u00e9senter de mani\u00e8re synth\u00e9tique l\u2019outil et le projet dans lequel il s\u2019int\u00e8gre.<\/p>\n\n\n\n<p>Chaque participant ne peut soumettre qu\u2019une seule capsule.&nbsp;<\/p>\n\n\n\n<ul class=\"wp-block-list\">\n<li>Jury <\/li>\n<\/ul>\n\n\n\n<p>Le jury est compos\u00e9 de 5 membres du Comit\u00e9 d\u2019organisation du CIFAS 2024.&nbsp;<\/p>\n\n\n\n<ul class=\"wp-block-list\">\n<li>S\u00e9lection <\/li>\n<\/ul>\n\n\n\n<p>Les diff\u00e9rents projets soumis seront \u00e9valu\u00e9s par le jury qui \u00e9tablira la liste des finalistes invit\u00e9s \u00e0 pr\u00e9senter leurs projets le jeudi 6 juin 2024 lors du CIFAS 2024 \u00e0 Lausanne.&nbsp;<\/p>\n\n\n\n<p>Les participant.e.s au CIFAS pr\u00e9sents le 6 juin 2024 d\u00e9signeront le meilleur projet lors d\u2019un vote en s\u00e9ance pl\u00e9ni\u00e8re.&nbsp;<\/p>\n\n\n\n<p><sup>&nbsp;<\/sup>Les projets qui ne r\u00e9pondent pas aux exigences fix\u00e9es \u00e0 l\u2019article 3, ne seront pas pris en compte.<\/p>\n\n\n\n<ul class=\"wp-block-list\">\n<li>Prix <\/li>\n<\/ul>\n\n\n\n<p>Le.la gagnant.e recevra le prix d\u2019un montant de CHF 1000.- par versement bancaire. Sa capsule sera mise en ligne sur le site du CIFAS durant une ann\u00e9e \u00e0 compter de la date de l\u2019attribution du prix.&nbsp;<\/p>\n\n\n\n<p><sup>&nbsp;<\/sup>Le prix pourra \u00eatre partag\u00e9 par moiti\u00e9 entre deux finalistes s\u00e9lectionn\u00e9s ex aequo.<\/p>\n\n\n\n<ul class=\"wp-block-list\">\n<li>Propri\u00e9t\u00e9 intellectuelle <\/li>\n<\/ul>\n\n\n\n<p>Les auteurs des capsules soumises dans le cadre du pr\u00e9sent concours, conservent leurs droits d\u2019auteur sur la capsule.&nbsp;<\/p>\n\n\n\n<p>Les auteurs des capsules confirment \u00eatre titulaires de tous les droits relatifs \u00e0 la capsule et \u00e0 son contenu, notamment les droits de propri\u00e9t\u00e9 intellectuelle. Ils confirment \u00e9galement que la capsule et son contenu respectent les droits de tiers, que ce soit les droits de propri\u00e9t\u00e9 intellectuelle ou tout autre droit.&nbsp;<\/p>\n\n\n\n<p><sup>&nbsp;<\/sup>Le gagnant du concours autorise le Comit\u00e9 d\u2019organisation du CIFAS \u00e0 publier sa capsule sur le site du CIFAS, durant une ann\u00e9e \u00e0 compter de la date d\u2019attribution du prix. Le Comit\u00e9 du CIFAS exclut toute responsabilit\u00e9 quant \u00e0 la capsule diffus\u00e9e et \u00e0 son contenu.&nbsp;<\/p>\n\n\n\n<ul class=\"wp-block-list\">\n<li>Protection des donn\u00e9es <\/li>\n<\/ul>\n\n\n\n<p>Les donn\u00e9es personnelles des participants seront trait\u00e9es conform\u00e9ment \u00e0 la politique de confidentialit\u00e9 de l\u2019UNIL.&nbsp;<\/p>\n\n\n\n<ul class=\"wp-block-list\">\n<li>Contact <\/li>\n<\/ul>\n\n\n\n<p>La personne de contact pour l\u2019organisation du concours est&nbsp;:&nbsp;Prof. Pascal&nbsp;Roman, Pr\u00e9sident du Comit\u00e9 d&rsquo;organisation du CIFAS 2024<\/p>\n\n\n\n<ul class=\"wp-block-list\">\n<li>Dispositions finales <\/li>\n<\/ul>\n\n\n\n<p>Aucune correspondance ne sera \u00e9chang\u00e9e au sujet du concours.&nbsp;<\/p>\n\n\n\n<p>Tout recours juridique est exclu.<\/p>\n\n\n\n<p>Le for juridique est \u00e0 Lausanne. Le droit suisse est applicable<\/p>\n\n\n\n<p>Approuv\u00e9 par le D\u00e9canat SSP, le 21 f\u00e9vrier 2024.Approuv\u00e9 par la Direction&nbsp;dans sa s\u00e9ance du 12 mars 2024.<\/p>\n\n\n\n<div data-wp-interactive=\"core\/file\" class=\"wp-block-file alignwide\"><object data-wp-bind--hidden=\"!state.hasPdfPreview\" hidden class=\"wp-block-file__embed\" data=\"https:\/\/wp.unil.ch\/cifas\/files\/2024\/03\/Reglement_Prix_CIFAS2024_v244VF.pdf\" type=\"application\/pdf\" style=\"width:100%;height:600px\" aria-label=\"Contenu embarqu\u00e9 Reglement_Prix_CIFAS2024_v244VF.\"><\/object><a id=\"wp-block-file--media-606c6765-b0c3-4d48-a7e5-5397b91158ec\" href=\"https:\/\/wp.unil.ch\/cifas\/files\/2024\/03\/Reglement_Prix_CIFAS2024_v244VF.pdf\">Reglement_Prix_CIFAS2024_v244VF<\/a><a href=\"https:\/\/wp.unil.ch\/cifas\/files\/2024\/03\/Reglement_Prix_CIFAS2024_v244VF.pdf\" class=\"wp-block-file__button wp-element-button\" download aria-describedby=\"wp-block-file--media-606c6765-b0c3-4d48-a7e5-5397b91158ec\">T\u00e9l\u00e9charger<\/a><\/div>\n","protected":false},"excerpt":{"rendered":"<p>R\u00e8glement du Prix de l\u2019innovation technologique &#8211; CIFAS 2024 Dans le cadre du CIFAS 2024 (Congr\u00e8s international francophone sur l\u2019agression sexuelle) qui se tiendra \u00e0 l\u2019UNIL du 4&hellip;<\/p>\n","protected":false},"author":1002675,"featured_media":0,"parent":0,"menu_order":0,"comment_status":"closed","ping_status":"closed","template":"","meta":{"_seopress_robots_primary_cat":"","_seopress_titles_title":"","_seopress_titles_desc":"","_seopress_robots_index":"","footnotes":""},"class_list":["post-436","page","type-page","status-publish","has-post-thumbnail"],"_links":{"self":[{"href":"https:\/\/wp.unil.ch\/cifas\/wp-json\/wp\/v2\/pages\/436","targetHints":{"allow":["GET"]}}],"collection":[{"href":"https:\/\/wp.unil.ch\/cifas\/wp-json\/wp\/v2\/pages"}],"about":[{"href":"https:\/\/wp.unil.ch\/cifas\/wp-json\/wp\/v2\/types\/page"}],"author":[{"embeddable":true,"href":"https:\/\/wp.unil.ch\/cifas\/wp-json\/wp\/v2\/users\/1002675"}],"replies":[{"embeddable":true,"href":"https:\/\/wp.unil.ch\/cifas\/wp-json\/wp\/v2\/comments?post=436"}],"version-history":[{"count":4,"href":"https:\/\/wp.unil.ch\/cifas\/wp-json\/wp\/v2\/pages\/436\/revisions"}],"predecessor-version":[{"id":448,"href":"https:\/\/wp.unil.ch\/cifas\/wp-json\/wp\/v2\/pages\/436\/revisions\/448"}],"wp:attachment":[{"href":"https:\/\/wp.unil.ch\/cifas\/wp-json\/wp\/v2\/media?parent=436"}],"curies":[{"name":"wp","href":"https:\/\/api.w.org\/{rel}","templated":true}]}}