{"id":422,"date":"2024-02-23T13:24:53","date_gmt":"2024-02-23T12:24:53","guid":{"rendered":"https:\/\/wp.unil.ch\/cifas\/?page_id=422"},"modified":"2024-04-17T13:19:11","modified_gmt":"2024-04-17T11:19:11","slug":"comite-dorganisation","status":"publish","type":"page","link":"https:\/\/wp.unil.ch\/cifas\/comite-dorganisation\/","title":{"rendered":"Comit\u00e9 d&rsquo;organisation"},"content":{"rendered":"\n<p>Pr\u00e9sident : Pascal Roman <\/p>\n\n\n\n<ul class=\"wp-block-list\">\n<li><strong>El\u00edas Arduini\u00a0<\/strong>: assistant-doctorant, Universit\u00e9 de Lausanne (UNIL), Psychologue FSP, P\u00f4le Agression et Violence, et VoGay<\/li>\n\n\n\n<li><strong>Corentin Boulay&nbsp;<\/strong>: psychologue, docteur en psychologie, Universit\u00e9 de Lausanne (UNIL)<\/li>\n\n\n\n<li><strong>Prof. Philippe Delacrausaz :&nbsp;<\/strong>M\u00e9decin chef, Directeur de l\u2019Institut de psychiatrie l\u00e9gale, CHUV-UNIL. Co-Pr\u00e9sident du comit\u00e9 scientifique du CIFAS 2024.<\/li>\n\n\n\n<li><strong>Sara Fauquex :&nbsp;<\/strong>Psychologue, Centre de consultation Les Bor\u00e9ales, d\u00e9partement de psychiatrie (CHUV)<\/li>\n\n\n\n<li><strong>Diane Golay :&nbsp;<\/strong>Psychologue, Psychoth\u00e9rapeute reconnue au niveau f\u00e9d\u00e9ral, Sp\u00e9cialiste en Psychologie L\u00e9gale FSP, Certificat de Psychologie Forensique-sp\u00e9cialisation Psychoth\u00e9rapie forensique SSPF<\/li>\n\n\n\n<li><strong>Denis Gr\u00fcter :&nbsp;<\/strong>psychologue adjoint au Service de M\u00e9decine et Psychiatrie P\u00e9nitentiaires du canton de Vaud, Suisse<\/li>\n\n\n\n<li><strong>Nina Libal&nbsp;<\/strong>: assistante-\u00e9tudiante<strong>,&nbsp;<\/strong>Universit\u00e9 de Lausanne (UNIL)<\/li>\n\n\n\n<li><strong>Gabin Liguori&nbsp;<\/strong>: assistant-\u00e9tudiant, Universit\u00e9 de Lausanne (UNIL)<\/li>\n\n\n\n<li><strong>Dr. Dominique Marcot&nbsp;<\/strong>: psychiatre, m\u00e9decin chef de la Fili\u00e8re l\u00e9gale du Centre Neuch\u00e2telois de Psychiatrie \u00bb.<\/li>\n\n\n\n<li><strong>Valerie Moulin :&nbsp;<\/strong>Ma\u00eetre de Conf\u00e9rences en psychocriminologie, &nbsp;Laboratoire Inter-universitaire de Psychologie, Personnalit\u00e9, Cognition et Changement Social-LIP\/PC2S, Universit\u00e9 Grenoble Alpes<\/li>\n\n\n\n<li><strong>Lo\u00efc Parein :&nbsp;<\/strong>dr. iur., avocat sp\u00e9cialiste FSA droit p\u00e9nal, charg\u00e9 de cours aux Universit\u00e9s de Lausanne et Fribourg.<\/li>\n\n\n\n<li><strong>Camille Perrier Depeursinge :&nbsp;<\/strong>Professeure de droit p\u00e9nal (UNIL), Pr\u00e9sidente de l\u2019Association pour la Justice restaurative en Suisse (AJURES) et Vice-directrice de l\u2019\u00c9cole de droit<\/li>\n\n\n\n<li><strong>Nathalie Romain- Glassey:&nbsp;<\/strong>Dre m\u00e9d. Nathalie Romain-Glassey, M\u00e9decin adjointe, PD MER, Unit\u00e9 de m\u00e9decine des violences, CHUV<\/li>\n\n\n\n<li><strong>Pascal Roman :&nbsp;<\/strong>Professeur de Psychologie clinique, psychopathologie et psychanalyse, Institut de Psychologie, Universit\u00e9 de Lausanne (Suisse)<\/li>\n\n\n\n<li><strong>Marie Saudan :&nbsp;<\/strong>Docteure en psychologie, psychologue psychoth\u00e9rapeute assistante au Service universitaire de psychiatrie de l&rsquo;enfant et de l&rsquo;adolescent (SUPEA), CHUV<\/li>\n\n\n\n<li><strong>Vivianne Schekter :&nbsp;<\/strong>Psychologue, Directrice de la Fondation REPR, Sp\u00e9cialiste en Psychologie L\u00e9gale FSP, Lausanne<\/li>\n\n\n\n<li><strong>Marco Tuberoso :&nbsp;<\/strong>Psychologue FSP, Responsable Clinique \u00e0 l&rsquo;association ESPAS, espace de soutien et de pr\u00e9vention &#8211; abus sexuels<\/li>\n\n\n\n<li><strong>Marouchka Rieben:&nbsp;<\/strong>Responsable Events, Institut de psychologie de Lausanne, UNIL<\/li>\n<\/ul>\n\n\n\n<p><\/p>\n\n\n\n<p><\/p>\n\n\n\n<p><\/p>\n","protected":false},"excerpt":{"rendered":"<p>Pr\u00e9sident : Pascal Roman<\/p>\n","protected":false},"author":1002675,"featured_media":0,"parent":0,"menu_order":0,"comment_status":"closed","ping_status":"closed","template":"","meta":{"_seopress_robots_primary_cat":"","_seopress_titles_title":"","_seopress_titles_desc":"","_seopress_robots_index":"","footnotes":""},"class_list":["post-422","page","type-page","status-publish","has-post-thumbnail"],"_links":{"self":[{"href":"https:\/\/wp.unil.ch\/cifas\/wp-json\/wp\/v2\/pages\/422","targetHints":{"allow":["GET"]}}],"collection":[{"href":"https:\/\/wp.unil.ch\/cifas\/wp-json\/wp\/v2\/pages"}],"about":[{"href":"https:\/\/wp.unil.ch\/cifas\/wp-json\/wp\/v2\/types\/page"}],"author":[{"embeddable":true,"href":"https:\/\/wp.unil.ch\/cifas\/wp-json\/wp\/v2\/users\/1002675"}],"replies":[{"embeddable":true,"href":"https:\/\/wp.unil.ch\/cifas\/wp-json\/wp\/v2\/comments?post=422"}],"version-history":[{"count":5,"href":"https:\/\/wp.unil.ch\/cifas\/wp-json\/wp\/v2\/pages\/422\/revisions"}],"predecessor-version":[{"id":467,"href":"https:\/\/wp.unil.ch\/cifas\/wp-json\/wp\/v2\/pages\/422\/revisions\/467"}],"wp:attachment":[{"href":"https:\/\/wp.unil.ch\/cifas\/wp-json\/wp\/v2\/media?parent=422"}],"curies":[{"name":"wp","href":"https:\/\/api.w.org\/{rel}","templated":true}]}}