{"id":419,"date":"2024-02-23T13:29:40","date_gmt":"2024-02-23T12:29:40","guid":{"rendered":"https:\/\/wp.unil.ch\/cifas\/?page_id=419"},"modified":"2024-06-04T13:27:05","modified_gmt":"2024-06-04T11:27:05","slug":"comite-scientifique","status":"publish","type":"page","link":"https:\/\/wp.unil.ch\/cifas\/comite-scientifique\/","title":{"rendered":"Comit\u00e9 scientifique"},"content":{"rendered":"\n<p>Co-pr\u00e9sidents du comit\u00e9 scientifique : <strong>Philippe Delacrausaz <\/strong>et <strong>Val\u00e9rie Moulin<\/strong><\/p>\n\n\n\n<ul class=\"wp-block-list\">\n<li><strong>Manon Bergeron&nbsp;<\/strong>:&nbsp;sexologue et professeure \u00e0 l&rsquo;Universit\u00e9 du Qu\u00e9bec \u00e0 Montr\u00e9al. Titulaire de la Chaire de recherche sur les violences sexistes et sexuelles en milieu d&rsquo;enseignement sup\u00e9rieur<\/li>\n\n\n\n<li><strong>Alain Blanc&nbsp;<\/strong>:&nbsp;magistrat honoraire,vice-pr\u00e9sident de l\u2019Association Fran\u00e7aise de Criminologie<\/li>\n\n\n\n<li><strong>Julie Carpentier :&nbsp;<\/strong>Ph.D. criminologue, Professeure, D\u00e9partement de psycho\u00e9ducation et de travail social, Universit\u00e9 du Qu\u00e9bec \u00e0 Trois-Rivi\u00e8res<\/li>\n\n\n\n<li><strong>Pierre Collart :&nbsp;<\/strong>Docteur en sciences psychologiques, Professeur \u00e0 l\u2019Universit\u00e9 catholique de Louvain, facult\u00e9 de psychologie, Belgique, Charg\u00e9 d\u2019enseignement invit\u00e9 \u00e0 l\u2019Universit\u00e9 catholique de Lille, facult\u00e9 de droit, \u00e9cole de criminologie critique europ\u00e9enne, France, Psychologue au CHU de Charleroi-Chimay, Clinique de la sexualit\u00e9 et du couple, Belgique<\/li>\n\n\n\n<li><strong>Benoit Dassylva&nbsp;<\/strong>: M\u00e9decin psychiatre, institut Philippe Pinel, Monr\u00e9al Qu\u00e9bec (CA)<\/li>\n\n\n\n<li><strong>Prof. Philippe Delacrausaz :&nbsp;<\/strong>M\u00e9decin chef, Directeur de l\u2019Institut de psychiatrie l\u00e9gale, CHUV-UNIL. Co-Pr\u00e9sident du comit\u00e9 scientifique du CIFAS 2024.<\/li>\n\n\n\n<li><strong>Didier Delessert&nbsp;<\/strong>: M\u00e9decin chef de service du SMPP d\u00e9partement de psychiatrie CHUV.<\/li>\n\n\n\n<li><strong>Dre Corinne Devaud Cornaz :&nbsp;<\/strong>M\u00e9decin-Adjoint RFSM\/CPF Psychiatre-Psychoth\u00e9rapeute FMH-SSPP-SGPP, Psychiatre Forensique SSPF-SGFP, MAS en Sant\u00e9 Publique (Unisant\u00e9)<\/li>\n\n\n\n<li><strong>J\u00e9r\u00f4me Englebert&nbsp;<\/strong>: Professeur \u00e0 l&rsquo;Universit\u00e9 Libre de Bruxelles et \u00e0 l&rsquo;Universit\u00e9 Catholique de Louvain (Belgique)<\/li>\n\n\n\n<li><strong>Pierre Filliard :&nbsp;<\/strong> Vice-procureur de la R\u00e9publique &#8211; Tribunal Judiciaire &#8211; ANNECY &#8211; FRANCE<\/li>\n\n\n\n<li><strong>Dr. Ana Fructuoso :&nbsp;<\/strong>MD, PhD. Psychiatre et psychoth\u00e9rapeute FMH<\/li>\n\n\n\n<li><strong>Fabienne Glowacz :&nbsp;<\/strong>Fabienne Glowacz, PhD, Professeure, Facult\u00e9 de Psychologie, Universit\u00e9 de Li\u00e8ge, Belgique, Experte judiciaire et psychologue clinicienne&nbsp;<\/li>\n\n\n\n<li><strong>Bruno Gravier&nbsp;<\/strong>: Professeur honoraire \u00e0 l\u2019Universit\u00e9 de Lausanne, ancien chef du Service de M\u00e9decine et de Psychiatrie P\u00e9nitentiaire du CHUV, Pr\u00e9sident du Comit\u00e9 Europ\u00e9en Droit Ethique et Psychiatrie.<\/li>\n\n\n\n<li><strong>Jean-Pierre Guay :&nbsp;<\/strong>Professeur titulaire, \u00c9cole de criminologie Chercheur, Centre International de Criminologie Compar\u00e9e Responsable scientifique, Centre de formation Forensia Chercheur, Institut national de psychiatrie l\u00e9gale Philippe-Pinel<\/li>\n\n\n\n<li><strong>Sonia Harrati&nbsp;<\/strong>:&nbsp;Professeure de psychologie clinique et psychocriminologie, Laboratoire Cliniques Psychopathologique et Interculturelle, Universit\u00e9 de Toulouse 2 Jean-Jaur\u00e8s<\/li>\n\n\n\n<li><strong>Prof. Yasser Khazaal :&nbsp;<\/strong>service de m\u00e9decine des addiction du CHUV- UNIL, Lausanne Suisse<\/li>\n\n\n\n<li><strong>Francis Laroche&nbsp;<\/strong>:&nbsp;Sexologue et psychoth\u00e9rapeute<\/li>\n\n\n\n<li><strong>Dr. Benjamin Lavigne :&nbsp;<\/strong>Psychiatre, Centre d\u2019Expertises de l\u2019Institut de Psychiatrie L\u00e9gale &amp; Consultation Claude Balier du Service de M\u00e9decine et Psychiatrie P\u00e9nitentiaire<\/li>\n\n\n\n<li><strong>C\u00e9cile Miele&nbsp;<\/strong>: Psychologue sexologue, CHU de Clermont-Ferrand Responsable p\u00e9dagogique du DIU de sexologie, Universit\u00e9 Clermont Auvergne, Doctorante en psychologie, laboratoire QualiPsy, Universit\u00e9 de Tours Soci\u00e9t\u00e9 Fran\u00e7aise de Psychologie L\u00e9gale (SFPL), Association Interdisciplinaire post-Universitaire de Sexologie (AIUS)<\/li>\n\n\n\n<li><strong>Valerie Moulin&nbsp;<\/strong>: Ma\u00eetre de Conf\u00e9rences en psychocriminologie Laboratoire Inter-universitaire de Psychologie, Personnalit\u00e9, Cognition et Changement Social-LIP\/PC2S, Universit\u00e9 Grenoble Alpes<\/li>\n\n\n\n<li><strong>Dr. Sarah Paquette :&nbsp;<\/strong>Professeure de psychologie l\u00e9gale, University of Portsmouth<\/li>\n\n\n\n<li><strong>Magali Ravit :&nbsp;<\/strong>Psychologue clinicienne &#8211; Professeur en psychopathologie et psychologie clinique &#8211; Universit\u00e9 Lumi\u00e8re Lyon 2, Ex-expert pr\u00e8s la Cour d&rsquo;Appel de Lyon<\/li>\n\n\n\n<li><strong>Pascal Roman :&nbsp;<\/strong>Professeur de Psychologie clinique, psychopathologie et psychanalyse, Institut de Psychologie, Universit\u00e9 de Lausanne (Suisse)<\/li>\n\n\n\n<li><strong>Dr. Aurelien Schaller :&nbsp;<\/strong>criminologue et psychologue, service de la sant\u00e9 publique, Neuch\u00e2tel.<\/li>\n\n\n\n<li><strong>Monique Tardif&nbsp;<\/strong>: Psychologue, Institut de psychiatrie l\u00e9gale Philippe-Pinel de Montr\u00e9al, Professeure, D\u00e9partement de sexologie, D\u00e9partement de psychologie, Universit\u00e9 du Qu\u00e9bec \u00e0 Montr\u00e9al<\/li>\n\n\n\n<li><strong>Emilie Wouters :\u00a0<\/strong>\u00a0Psychologue adjointe, Responsable de L\u2019Unit\u00e9 Famille et Mineurs du Centre d\u2019Expertise de l\u2019Institut de psychiatrie L\u00e9gale, CHUV.<\/li>\n<\/ul>\n\n\n\n<p><\/p>\n","protected":false},"excerpt":{"rendered":"<p>Co-pr\u00e9sidents du comit\u00e9 scientifique : Philippe Delacrausaz et Val\u00e9rie Moulin<\/p>\n","protected":false},"author":1002675,"featured_media":0,"parent":0,"menu_order":0,"comment_status":"closed","ping_status":"closed","template":"","meta":{"_seopress_robots_primary_cat":"","_seopress_titles_title":"","_seopress_titles_desc":"","_seopress_robots_index":"","footnotes":""},"class_list":["post-419","page","type-page","status-publish","has-post-thumbnail"],"_links":{"self":[{"href":"https:\/\/wp.unil.ch\/cifas\/wp-json\/wp\/v2\/pages\/419","targetHints":{"allow":["GET"]}}],"collection":[{"href":"https:\/\/wp.unil.ch\/cifas\/wp-json\/wp\/v2\/pages"}],"about":[{"href":"https:\/\/wp.unil.ch\/cifas\/wp-json\/wp\/v2\/types\/page"}],"author":[{"embeddable":true,"href":"https:\/\/wp.unil.ch\/cifas\/wp-json\/wp\/v2\/users\/1002675"}],"replies":[{"embeddable":true,"href":"https:\/\/wp.unil.ch\/cifas\/wp-json\/wp\/v2\/comments?post=419"}],"version-history":[{"count":5,"href":"https:\/\/wp.unil.ch\/cifas\/wp-json\/wp\/v2\/pages\/419\/revisions"}],"predecessor-version":[{"id":514,"href":"https:\/\/wp.unil.ch\/cifas\/wp-json\/wp\/v2\/pages\/419\/revisions\/514"}],"wp:attachment":[{"href":"https:\/\/wp.unil.ch\/cifas\/wp-json\/wp\/v2\/media?parent=419"}],"curies":[{"name":"wp","href":"https:\/\/api.w.org\/{rel}","templated":true}]}}