{"id":356,"date":"2023-10-12T08:13:43","date_gmt":"2023-10-12T06:13:43","guid":{"rendered":"https:\/\/wp.unil.ch\/cifas\/?page_id=356"},"modified":"2024-06-11T15:12:52","modified_gmt":"2024-06-11T13:12:52","slug":"concours-de-linnovation-technologique","status":"publish","type":"page","link":"https:\/\/wp.unil.ch\/cifas\/concours-de-linnovation-technologique\/","title":{"rendered":"Concours de l&rsquo;innovation technologique"},"content":{"rendered":"\n<p>Nous avons le plaisir de vous annoncer<em> <\/em>que le projet \u00ab\u00a0Transmission\u00a0\u00bb port\u00e9 par Jessica Thiry et Ludivine Thilmant a \u00e9t\u00e9 \u00e9lu vainqueur du concours de l&rsquo;innovation technologique du CIFAS 2024 par le public !<\/p>\n\n\n\n<p>Pour voir la vid\u00e9o du projet : via le site du <a href=\"https:\/\/www.cifas.ca\/les-cifas\/\">CIFAS<\/a> ou la page <a href=\"https:\/\/www.facebook.com\/people\/CIFAS\/100092441362595\/\">Facebook<\/a> du congr\u00e8s<\/p>\n\n\n\n<p>Le site internet du projet <a href=\"https:\/\/transmissionjeutherapeutique.wordpress.com\">Transmission<\/a><\/p>\n\n\n\n<p><\/p>\n\n\n\n<div data-wp-interactive=\"core\/file\" class=\"wp-block-file alignwide\"><object data-wp-bind--hidden=\"!state.hasPdfPreview\" hidden class=\"wp-block-file__embed\" data=\"https:\/\/wp.unil.ch\/cifas\/files\/2024\/03\/concours.pdf\" type=\"application\/pdf\" style=\"width:100%;height:600px\" aria-label=\"Contenu embarqu\u00e9 concours.\"><\/object><a id=\"wp-block-file--media-a7666821-2159-4345-84fe-4aa3e40087d0\" href=\"https:\/\/wp.unil.ch\/cifas\/files\/2024\/03\/concours.pdf\">concours<\/a><a href=\"https:\/\/wp.unil.ch\/cifas\/files\/2024\/03\/concours.pdf\" class=\"wp-block-file__button wp-element-button\" download aria-describedby=\"wp-block-file--media-a7666821-2159-4345-84fe-4aa3e40087d0\">T\u00e9l\u00e9charger<\/a><\/div>\n\n\n\n<p><a href=\"https:\/\/wp.unil.ch\/cifas\/reglement-du-concours\/\">Acc\u00e9der au r\u00e8glement du concours<\/a><\/p>\n","protected":false},"excerpt":{"rendered":"<p>Nous avons le plaisir de vous annoncer que le projet \u00ab\u00a0Transmission\u00a0\u00bb port\u00e9 par Jessica Thiry et Ludivine Thilmant a \u00e9t\u00e9 \u00e9lu vainqueur du concours de l&rsquo;innovation technologique du&hellip;<\/p>\n","protected":false},"author":1002675,"featured_media":0,"parent":0,"menu_order":0,"comment_status":"closed","ping_status":"closed","template":"","meta":{"_seopress_robots_primary_cat":"","_seopress_titles_title":"","_seopress_titles_desc":"","_seopress_robots_index":"","footnotes":""},"class_list":["post-356","page","type-page","status-publish","has-post-thumbnail"],"_links":{"self":[{"href":"https:\/\/wp.unil.ch\/cifas\/wp-json\/wp\/v2\/pages\/356","targetHints":{"allow":["GET"]}}],"collection":[{"href":"https:\/\/wp.unil.ch\/cifas\/wp-json\/wp\/v2\/pages"}],"about":[{"href":"https:\/\/wp.unil.ch\/cifas\/wp-json\/wp\/v2\/types\/page"}],"author":[{"embeddable":true,"href":"https:\/\/wp.unil.ch\/cifas\/wp-json\/wp\/v2\/users\/1002675"}],"replies":[{"embeddable":true,"href":"https:\/\/wp.unil.ch\/cifas\/wp-json\/wp\/v2\/comments?post=356"}],"version-history":[{"count":5,"href":"https:\/\/wp.unil.ch\/cifas\/wp-json\/wp\/v2\/pages\/356\/revisions"}],"predecessor-version":[{"id":538,"href":"https:\/\/wp.unil.ch\/cifas\/wp-json\/wp\/v2\/pages\/356\/revisions\/538"}],"wp:attachment":[{"href":"https:\/\/wp.unil.ch\/cifas\/wp-json\/wp\/v2\/media?parent=356"}],"curies":[{"name":"wp","href":"https:\/\/api.w.org\/{rel}","templated":true}]}}