{"id":344,"date":"2023-10-03T08:39:55","date_gmt":"2023-10-03T06:39:55","guid":{"rendered":"https:\/\/wp.unil.ch\/cifas\/?page_id=344"},"modified":"2024-02-09T15:45:45","modified_gmt":"2024-02-09T14:45:45","slug":"conferences-plenieres","status":"publish","type":"page","link":"https:\/\/wp.unil.ch\/cifas\/conferences-plenieres\/","title":{"rendered":"Conf\u00e9rences pl\u00e9ni\u00e8res"},"content":{"rendered":"\n<p class=\"has-large-font-size\">Conf\u00e9rence pl\u00e9ni\u00e8re 1 &#8211;&nbsp;<em>mercredi 5 Juin&nbsp;2024<\/em><\/p>\n\n\n\n<p><em><strong>Bruno Gravier<\/strong><\/em>\u00a0(Psychiatrie) et\u00a0<em><strong>Stefano Caneppele<\/strong>\u00a0<\/em>(Criminologue) :<\/p>\n\n\n\n<p>&nbsp;Continuit\u00e9&nbsp;et discontinuit\u00e9 des formes de violences sexuelles&nbsp;: Avec l\u2019\u00e9volution des technologies num\u00e9riques, assiste-t-on \u00e0 une modification de la nature et\/ou des formes de violences sexuelles&nbsp;? Les m\u00e9thodes d\u2019\u00e9valuation des violences sexuelles et les dispositions juridiques sont-elles encore adapt\u00e9es ou n\u00e9cessitent-elles des modifications&nbsp;? Faut-il repenser diff\u00e9remment les prises en charge de la violence sexuelle \u00e0 l\u2019heure du num\u00e9rique&nbsp;?<\/p>\n\n\n\n<p><strong>Bruno Gravier, Psychiatre<\/strong>, Professeur honoraire&nbsp;\u00e0 l\u2019Universit\u00e9 de Lausanne, ancien chef du Service de M\u00e9decine et de Psychiatrie P\u00e9nitentiaire du CHUV, Pr\u00e9sident du Comit\u00e9&nbsp;Europ\u00e9en Droit Ethique et Psychiatrie.<\/p>\n\n\n\n<p>Titre de l\u2019intervention&nbsp;:&nbsp;\u00ab&nbsp;Face au d\u00e9ferlement num\u00e9rique, faut-il revisiter nos paradigmes cliniques et th\u00e9rapeutiques&nbsp;?&nbsp;\u00bb<\/p>\n\n\n\n<p><strong>Stefano Caneppele, Docteur en criminologie<\/strong> de l&rsquo;Universit\u00e9&nbsp;de Trente (Italie, 2006), Professeur assistant (2010-2015) et professeur associ\u00e9 \u00e0&nbsp;l&rsquo;Universit\u00e9 Cattolica di Milano (Italie), actuellement Professeur ordinaire \u00e0 l&rsquo;UNIL &#8211; FDCA, Vice-directeur de l&rsquo;\u00c9cole des Sciences Criminelles<\/p>\n\n\n\n<p>Titre de l\u2019intervention&nbsp;: \u00ab&nbsp;\u00c9volution num\u00e9rique des violences sexuelles : continuit\u00e9, discontinuit\u00e9 et nouveaux enjeux&nbsp;\u00bb<\/p>\n\n\n\n<p class=\"has-large-font-size\">Conf\u00e9rence pl\u00e9ni\u00e8re 2 &#8211;&nbsp;<em>jeudi 6 Juin 2024<\/em><\/p>\n\n\n\n<p><em><strong>Audrey Darsonville<\/strong><\/em>&nbsp;(Droit) et&nbsp;<strong><em>Olivier Abel<\/em>&nbsp;<\/strong>(Philosophie et \u00e9thique)&nbsp;:&nbsp;<\/p>\n\n\n\n<p>Vuln\u00e9rabilit\u00e9 des auteurs et des victimes d\u2019agressions sexuelles&nbsp;dans le champ des violences num\u00e9riques. Quelle place et quelle fonction pour la sanction et\/ou la r\u00e9paration ? Comment envisager les rep\u00e8res et limites l\u00e9gales et \u00e9thiques&nbsp;?<\/p>\n\n\n\n<p><strong>Audrey Darsonville, Professeure de droit p\u00e9nal<\/strong>, Centre de Droit P\u00e9nal et de Criminologie, Universit\u00e9 Paris Nanterre<\/p>\n\n\n\n<p>Titre de l\u2019intervention&nbsp;: Violences sexuelles num\u00e9riques: faut-il repenser le cadre l\u00e9gal&nbsp;?<\/p>\n\n\n\n<p><strong>Olivier Abel, Philosophe<\/strong>, Professeur de philosophie et \u00e9thique \u00e0 la Facult\u00e9 de Th\u00e9ologie protestante de Montpellier<\/p>\n\n\n\n<p>Titre de l\u2019intervention : Comment sanctionner et r\u00e9parer la blessure d&rsquo;une humiliation intime ou publique ?&nbsp;<\/p>\n\n\n\n<p class=\"has-large-font-size\">Conf\u00e9rence pl\u00e9ni\u00e8re 3<em>&nbsp;&#8211; vendredi 7 Juin 2024<\/em><\/p>\n\n\n\n<p><em><strong>Julie Carpentier<\/strong><\/em>&nbsp;(Criminologie) et&nbsp;<em><strong>Olivier Glassey<\/strong><\/em>&nbsp;(Sociologie de la communication)&nbsp;: <\/p>\n\n\n\n<p>Violences sexuelles et m\u00e9dia num\u00e9riques : de quelle mani\u00e8re les m\u00e9dia num\u00e9riques modifient-ils les formes de violences sexuelles ? quels sont les nouveaux profils des violences sexuelles et de leurs auteurs ? quels sont les enjeux du point de vue du rapport aux images et du rapport&nbsp;\u00e0&nbsp;l&rsquo;espace et au temps, dans leurs traductions du point de vue de l&rsquo;\u00e9valuation et du traitement ? comment envisager la sp\u00e9cificit\u00e9 du lien entre auteurs et victimes en contexte num\u00e9rique ?&nbsp;<\/p>\n\n\n\n<p><strong>Julie Carpentier, Ph.D.<\/strong>, Criminologue. Professeure agr\u00e9g\u00e9e, Universit\u00e9 du Qu\u00e9bec \u00e0&nbsp;Trois-Rivi\u00e8res (Qu\u00e9bec, Canada). Chercheure r\u00e9guli\u00e8re,&nbsp;Centre de recherche de l\u2019Institut national de psychiatrie l\u00e9gale Philippe-Pinel. Centre international de criminologie compar\u00e9e (CICC), Groupe de recherche sur les agresseurs sexuels,&nbsp;(GRAS).<\/p>\n\n\n\n<p>Titre&nbsp;de l\u2019intervention&nbsp;:&nbsp;Les nouveaux profils de violences sexuelles et de leurs auteurs&nbsp;: Quels enjeux pour la pr\u00e9vention, l\u2019\u00e9valuation et le traitement ?<\/p>\n\n\n\n<p><strong>Dr Olivier Glassey<\/strong>, MER, Laboratoire d\u2019\u00e9tude des sciences et des techniques (STS Lab) Universit\u00e9 de Lausanne (UNIL)&nbsp;<\/p>\n\n\n\n<p>Titre de l\u2019intervention&nbsp;:&nbsp;Les affordances num\u00e9riques des violences sexuelles\u2009: entre temporalit\u00e9s algorithmiques et cultures vernaculaires du harc\u00e8lement<\/p>\n","protected":false},"excerpt":{"rendered":"<p>Conf\u00e9rence pl\u00e9ni\u00e8re 1 &#8211;&nbsp;mercredi 5 Juin&nbsp;2024 Bruno Gravier\u00a0(Psychiatrie) et\u00a0Stefano Caneppele\u00a0(Criminologue) : &nbsp;Continuit\u00e9&nbsp;et discontinuit\u00e9 des formes de violences sexuelles&nbsp;: Avec l\u2019\u00e9volution des technologies num\u00e9riques, assiste-t-on \u00e0 une modification de&hellip;<\/p>\n","protected":false},"author":1002675,"featured_media":0,"parent":0,"menu_order":0,"comment_status":"closed","ping_status":"closed","template":"","meta":{"_seopress_robots_primary_cat":"","_seopress_titles_title":"","_seopress_titles_desc":"","_seopress_robots_index":"","footnotes":""},"class_list":["post-344","page","type-page","status-publish","has-post-thumbnail"],"_links":{"self":[{"href":"https:\/\/wp.unil.ch\/cifas\/wp-json\/wp\/v2\/pages\/344","targetHints":{"allow":["GET"]}}],"collection":[{"href":"https:\/\/wp.unil.ch\/cifas\/wp-json\/wp\/v2\/pages"}],"about":[{"href":"https:\/\/wp.unil.ch\/cifas\/wp-json\/wp\/v2\/types\/page"}],"author":[{"embeddable":true,"href":"https:\/\/wp.unil.ch\/cifas\/wp-json\/wp\/v2\/users\/1002675"}],"replies":[{"embeddable":true,"href":"https:\/\/wp.unil.ch\/cifas\/wp-json\/wp\/v2\/comments?post=344"}],"version-history":[{"count":2,"href":"https:\/\/wp.unil.ch\/cifas\/wp-json\/wp\/v2\/pages\/344\/revisions"}],"predecessor-version":[{"id":416,"href":"https:\/\/wp.unil.ch\/cifas\/wp-json\/wp\/v2\/pages\/344\/revisions\/416"}],"wp:attachment":[{"href":"https:\/\/wp.unil.ch\/cifas\/wp-json\/wp\/v2\/media?parent=344"}],"curies":[{"name":"wp","href":"https:\/\/api.w.org\/{rel}","templated":true}]}}