{"id":210,"date":"2023-06-26T13:44:08","date_gmt":"2023-06-26T11:44:08","guid":{"rendered":"https:\/\/wp.unil.ch\/cifas\/?page_id=210"},"modified":"2024-05-07T16:03:21","modified_gmt":"2024-05-07T14:03:21","slug":"inscription","status":"publish","type":"page","link":"https:\/\/wp.unil.ch\/cifas\/inscription\/","title":{"rendered":"Inscription"},"content":{"rendered":"\n<p>Les inscriptions sont maintenant closes.<\/p>\n\n\n\n<p>Pour vous connecter \u00e0 la plateforme et acc\u00e9der \u00e0 votre compte : <a href=\"https:\/\/e-conferences.unil.ch\/cifas2024\/?target=registration\">cliquez-ici !<\/a><\/p>\n\n\n\n<p><strong>TARIFS D\u2019INSCRIPTION &#8211; Participation en pr\u00e9sence<\/strong><\/p>\n\n\n\n<p><em>(pauses-caf\u00e9 et buffet \u00e0 midi compris, 3 jours)<\/em><\/p>\n\n\n\n<ul class=\"wp-block-list\">\n<li>A partir du 1er f\u00e9vrier 2024 : CHF 400.-<\/li>\n\n\n\n<li>Etudiant\u00b7e\u00b7s : CHF 120.-<\/li>\n<\/ul>\n\n\n\n<p><strong>Tarifs de groupe<\/strong><\/p>\n\n\n\n<p><em>Un \u00ab\u00a0code groupe\u00a0\u00bb peut \u00eatre obtenu en prenant contact aupr\u00e8s de CIFAS.2024@unil.ch<\/em><\/p>\n\n\n\n<ul class=\"wp-block-list\">\n<li>Pour un groupe d&rsquo;au minimum 10 pers. : CHF 300.- <\/li>\n<\/ul>\n\n\n\n<p><strong>Inscriptions \u00e0 la journ\u00e9e <\/strong><\/p>\n\n\n\n<ul class=\"wp-block-list\">\n<li>Tarif \u00e0 la journ\u00e9e : CHF 150.-<\/li>\n<\/ul>\n\n\n\n<p><\/p>\n\n\n\n<p><strong>Participation en ligne<\/strong><em>(conf\u00e9rences pl\u00e9ni\u00e8res uniquement)<\/em><\/p>\n\n\n\n<ul class=\"wp-block-list\">\n<li>Plein tarif : CHF 150.-<\/li>\n\n\n\n<li>Etudiant\u00b7e\u00b7s : CHF 50.-<\/li>\n<\/ul>\n\n\n\n<p><strong>Soir\u00e9e de gala le 6 juin 2024 :&nbsp;<\/strong><\/p>\n\n\n\n<p>La soir\u00e9e de gala se d\u00e9roulera de 19h \u00e0 22h sous la forme d&rsquo;un cocktail d\u00eenatoire, dans les salons et sur la terrasse de l&rsquo;H\u00f4tel de la paix surplombant le lac, en plein coeur de la ville de Lausanne. Quelques surprises nous y attendront !<\/p>\n\n\n\n<p><a href=\"https:\/\/www.hoteldelapaix.net\/fr\/\">https:\/\/www.hoteldelapaix.net\/fr\/<\/a><\/p>\n\n\n\n<p>Acc\u00e8s facile en transport public depuis l&rsquo;Universit\u00e9 de Lausanne (m\u00e9tro M1, terminus au \u00ab\u00a0Flon\u00a0\u00bb)<\/p>\n\n\n\n<p><\/p>\n\n\n\n<p><\/p>\n","protected":false},"excerpt":{"rendered":"<p>Les inscriptions sont maintenant closes. Pour vous connecter \u00e0 la plateforme et acc\u00e9der \u00e0 votre compte : cliquez-ici ! TARIFS D\u2019INSCRIPTION &#8211; Participation en pr\u00e9sence (pauses-caf\u00e9 et buffet&hellip;<\/p>\n","protected":false},"author":1002675,"featured_media":0,"parent":0,"menu_order":0,"comment_status":"closed","ping_status":"closed","template":"template-full-width.php","meta":{"_seopress_robots_primary_cat":"","_seopress_titles_title":"","_seopress_titles_desc":"","_seopress_robots_index":"","footnotes":""},"class_list":["post-210","page","type-page","status-publish","has-post-thumbnail"],"_links":{"self":[{"href":"https:\/\/wp.unil.ch\/cifas\/wp-json\/wp\/v2\/pages\/210","targetHints":{"allow":["GET"]}}],"collection":[{"href":"https:\/\/wp.unil.ch\/cifas\/wp-json\/wp\/v2\/pages"}],"about":[{"href":"https:\/\/wp.unil.ch\/cifas\/wp-json\/wp\/v2\/types\/page"}],"author":[{"embeddable":true,"href":"https:\/\/wp.unil.ch\/cifas\/wp-json\/wp\/v2\/users\/1002675"}],"replies":[{"embeddable":true,"href":"https:\/\/wp.unil.ch\/cifas\/wp-json\/wp\/v2\/comments?post=210"}],"version-history":[{"count":5,"href":"https:\/\/wp.unil.ch\/cifas\/wp-json\/wp\/v2\/pages\/210\/revisions"}],"predecessor-version":[{"id":497,"href":"https:\/\/wp.unil.ch\/cifas\/wp-json\/wp\/v2\/pages\/210\/revisions\/497"}],"wp:attachment":[{"href":"https:\/\/wp.unil.ch\/cifas\/wp-json\/wp\/v2\/media?parent=210"}],"curies":[{"name":"wp","href":"https:\/\/api.w.org\/{rel}","templated":true}]}}