{"id":184,"date":"2023-05-16T15:37:57","date_gmt":"2023-05-16T13:37:57","guid":{"rendered":"https:\/\/wp.unil.ch\/cifas\/?page_id=184"},"modified":"2024-06-07T10:02:26","modified_gmt":"2024-06-07T08:02:26","slug":"programme","status":"publish","type":"page","link":"https:\/\/wp.unil.ch\/cifas\/programme\/","title":{"rendered":"Programme du CIFAS 2024"},"content":{"rendered":"\n<h1 class=\"wp-block-heading\">Programme d\u00e9taill\u00e9<\/h1>\n\n\n\n<div data-wp-interactive=\"core\/file\" class=\"wp-block-file\"><object data-wp-bind--hidden=\"!state.hasPdfPreview\" hidden class=\"wp-block-file__embed\" data=\"https:\/\/wp.unil.ch\/cifas\/files\/2024\/06\/CIFAS-livre_0706-1.pdf\" type=\"application\/pdf\" style=\"width:100%;height:600px\" aria-label=\"Contenu embarqu\u00e9 CIFAS-livre_0706-1.\"><\/object><a id=\"wp-block-file--media-c5a0b548-8688-4fcc-9f57-e15f431426e4\" href=\"https:\/\/wp.unil.ch\/cifas\/files\/2024\/06\/CIFAS-livre_0706-1.pdf\">CIFAS-livre_0706-1<\/a><a href=\"https:\/\/wp.unil.ch\/cifas\/files\/2024\/06\/CIFAS-livre_0706-1.pdf\" class=\"wp-block-file__button wp-element-button\" download aria-describedby=\"wp-block-file--media-c5a0b548-8688-4fcc-9f57-e15f431426e4\">T\u00e9l\u00e9charger<\/a><\/div>\n\n\n\n<h1 class=\"wp-block-heading\">Programme des pl\u00e9ni\u00e8res<\/h1>\n\n\n\n<p><a href=\"https:\/\/wp.unil.ch\/cifas\/conferences-plenieres\/\" data-type=\"link\" data-id=\"https:\/\/wp.unil.ch\/cifas\/conferences-plenieres\/\">D\u00e9tail des s\u00e9ances pl\u00e9ni\u00e8res<\/a><\/p>\n\n\n\n<h2 class=\"wp-block-heading\">Journ\u00e9e 1 &#8211; Mardi 4 Juin 2024<\/h2>\n\n\n\n<p class=\"has-large-font-size\">15h : Pr\u00e9-accueil du congr\u00e8s<\/p>\n\n\n\n<p class=\"has-large-font-size\">17h-19h : Projection de film<\/p>\n\n\n\n<p>Titre du film : \u00ab\u00a0Catharsis, dire l&rsquo;inceste\u00a0\u00bb.<\/p>\n\n\n\n<ul class=\"wp-block-list\">\n<li><a href=\"https:\/\/www.helloasso.com\/associations\/aziade\">Le projet de l&rsquo;association <\/a><\/li>\n\n\n\n<li><a href=\"https:\/\/www.compagnie-aziade.fr\/quelque-chose\/\">Le site de la compagnie Aziade<\/a><\/li>\n<\/ul>\n\n\n\n<h2 class=\"wp-block-heading\">Journ\u00e9e 2 &#8211; Mercredi 5 Juin 2024<\/h2>\n\n\n\n<p class=\"has-large-font-size\">8h15 &#8211; Conf\u00e9rence pl\u00e9ni\u00e8re<\/p>\n\n\n\n<p><strong><em>Bruno Gravier<\/em>&nbsp;<\/strong>(Psychiatrie) et&nbsp;<em><strong>Stefano Caneppele<\/strong>&nbsp;<\/em>(Criminologue) :&nbsp; Evolution des paradigmes de compr\u00e9hension et d&rsquo;accompagnement dans le champ des violences sexuelles dans l&rsquo;espace num\u00e9riques.<\/p>\n\n\n\n<p class=\"has-large-font-size\">17h00 &#8211; Table ronde<\/p>\n\n\n\n<p>\u00ab\u00a0La sexualit\u00e9 des jeunes\u00a0\u00bb <\/p>\n\n\n\n<h2 class=\"wp-block-heading\">Journ\u00e9e 3 &#8211; Jeudi 6 Juin 2024<\/h2>\n\n\n\n<p class=\"has-large-font-size\">8h30 &#8211; Conf\u00e9rence pl\u00e9ni\u00e8re <\/p>\n\n\n\n<p><em><strong>Audrey Darsonville<\/strong><\/em>&nbsp;(Droit) et&nbsp;<strong><em>Olivier Abel<\/em>&nbsp;<\/strong>(Philosophie et \u00e9thique)&nbsp;: Vuln\u00e9rabilit\u00e9 des auteurs et des victimes d\u2019agressions sexuelles&nbsp;dans le champ des violences num\u00e9riques.<\/p>\n\n\n\n<p class=\"has-large-font-size\">17h &#8211; Concours de l&rsquo;innovation technologique  <\/p>\n\n\n\n<h2 class=\"wp-block-heading\">Journ\u00e9e 4 &#8211; Vendredi 7 Juin 2024<\/h2>\n\n\n\n<p class=\"has-large-font-size\">8h30 &#8211; Conf\u00e9rence pl\u00e9ni\u00e8re <\/p>\n\n\n\n<p><strong><em>Julie Carpentier<\/em>&nbsp;<\/strong>(Criminologie) et&nbsp;<strong><em>Olivier Glassey<\/em><\/strong>&nbsp;(Sociologie de la communication)&nbsp;: Modifications des formes de violences sexuelles dans les m\u00e9dias num\u00e9riques.<\/p>\n\n\n\n<p class=\"has-large-font-size\">15h-15h45 &#8211; Cl\u00f4ture du congr\u00e8s<\/p>\n\n\n\n<hr class=\"wp-block-separator has-alpha-channel-opacity\" \/>\n\n\n\n<p><em>Cr\u00e9dits SSPP pour le congr\u00e8s du CIFAS 2024 attribu\u00e9s par l\u2019IPL (co-organisateur du congr\u00e8s)&nbsp;:<\/em><\/p>\n\n\n\n<p>Mercredi 5 juin&nbsp;:&nbsp;7 cr\u00e9dits \/ Jeudi 6 juin&nbsp;: 6 cr\u00e9dits  \/ Vendredi 7 juin&nbsp;: 5 cr\u00e9dits<\/p>\n\n\n\n<p><strong>Total&nbsp;: 18<\/strong><\/p>\n","protected":false},"excerpt":{"rendered":"<p>Programme d\u00e9taill\u00e9 Programme des pl\u00e9ni\u00e8res D\u00e9tail des s\u00e9ances pl\u00e9ni\u00e8res Journ\u00e9e 1 &#8211; Mardi 4 Juin 2024 15h : Pr\u00e9-accueil du congr\u00e8s 17h-19h : Projection de film Titre du&hellip;<\/p>\n","protected":false},"author":1002675,"featured_media":0,"parent":0,"menu_order":0,"comment_status":"closed","ping_status":"closed","template":"template-full-width.php","meta":{"_seopress_robots_primary_cat":"","_seopress_titles_title":"","_seopress_titles_desc":"","_seopress_robots_index":"","footnotes":""},"class_list":["post-184","page","type-page","status-publish","has-post-thumbnail"],"_links":{"self":[{"href":"https:\/\/wp.unil.ch\/cifas\/wp-json\/wp\/v2\/pages\/184","targetHints":{"allow":["GET"]}}],"collection":[{"href":"https:\/\/wp.unil.ch\/cifas\/wp-json\/wp\/v2\/pages"}],"about":[{"href":"https:\/\/wp.unil.ch\/cifas\/wp-json\/wp\/v2\/types\/page"}],"author":[{"embeddable":true,"href":"https:\/\/wp.unil.ch\/cifas\/wp-json\/wp\/v2\/users\/1002675"}],"replies":[{"embeddable":true,"href":"https:\/\/wp.unil.ch\/cifas\/wp-json\/wp\/v2\/comments?post=184"}],"version-history":[{"count":5,"href":"https:\/\/wp.unil.ch\/cifas\/wp-json\/wp\/v2\/pages\/184\/revisions"}],"predecessor-version":[{"id":536,"href":"https:\/\/wp.unil.ch\/cifas\/wp-json\/wp\/v2\/pages\/184\/revisions\/536"}],"wp:attachment":[{"href":"https:\/\/wp.unil.ch\/cifas\/wp-json\/wp\/v2\/media?parent=184"}],"curies":[{"name":"wp","href":"https:\/\/api.w.org\/{rel}","templated":true}]}}