{"id":703,"date":"2026-04-23T17:32:05","date_gmt":"2026-04-23T15:32:05","guid":{"rendered":"https:\/\/wp.unil.ch\/ci26\/?page_id=703"},"modified":"2026-04-24T16:15:32","modified_gmt":"2026-04-24T14:15:32","slug":"conference-venue-map","status":"publish","type":"page","link":"https:\/\/wp.unil.ch\/ci26\/conference-venue-map\/","title":{"rendered":"Conference location and venue"},"content":{"rendered":"\n<figure class=\"wp-block-image size-large is-resized\"><img loading=\"lazy\" decoding=\"async\" width=\"1024\" height=\"768\" src=\"https:\/\/wp.unil.ch\/ci26\/files\/2026\/04\/image-1-1024x768.png\" alt=\"image\" class=\"wp-image-723\" style=\"aspect-ratio:16\/9;object-fit:cover;width:561px;height:auto\" srcset=\"https:\/\/wp.unil.ch\/ci26\/files\/2026\/04\/image-1-1024x768.png 1024w, https:\/\/wp.unil.ch\/ci26\/files\/2026\/04\/image-1-300x225.png 300w, https:\/\/wp.unil.ch\/ci26\/files\/2026\/04\/image-1-768x576.png 768w, https:\/\/wp.unil.ch\/ci26\/files\/2026\/04\/image-1-1536x1152.png 1536w, https:\/\/wp.unil.ch\/ci26\/files\/2026\/04\/image-1-540x405.png 540w, https:\/\/wp.unil.ch\/ci26\/files\/2026\/04\/image-1-1080x810.png 1080w, https:\/\/wp.unil.ch\/ci26\/files\/2026\/04\/image-1.png 1600w\" sizes=\"auto, (max-width: 1024px) 100vw, 1024px\" \/><\/figure>\n\n\n\n<p>From Tuesday 28th to Thursday 30th of April (final day) the conference will be held at<span style=\"font-size: revert;white-space: normal\">\u00a0<a href=\"https:\/\/palaisderumine.ch\/le-palais\/plan-palais-de-rumine\">Palais de Rumine<\/a><\/span> in Lausanne&rsquo;s city center. <\/p>\n\n\n\n<p><span style=\", Helvetica, sans-serif;font-size: 40px;font-weight: 700;white-space: normal\">How to get there<\/span><\/p>\n\n\n\n<p><span style=\"font-size: revert;white-space: normal\">The main entrance to the\u00a0building <span style=\"font-size: revert;white-space: normal\">(<a href=\"https:\/\/maps.app.goo.gl\/gd4JPxTXE5ctrtdX7\" data-type=\"link\" data-id=\"https:\/\/maps.app.goo.gl\/gd4JPxTXE5ctrtdX7\">Google Maps<\/a>)<\/span>, in front of place de la Riponne, can be reached from the Riponne-M. B\u00e9jart metro or bus stations.<\/span><\/p>\n\n\n\n<p><img loading=\"lazy\" decoding=\"async\" width=\"747\" height=\"722\" class=\"wp-image-706\" style=\", Helvetica, sans-serif;font-size: 40px;font-weight: 700;white-space: normal\" src=\"https:\/\/wp.unil.ch\/ci26\/files\/2026\/04\/palais.jpg\" alt=\"palais\" srcset=\"https:\/\/wp.unil.ch\/ci26\/files\/2026\/04\/palais.jpg 747w, https:\/\/wp.unil.ch\/ci26\/files\/2026\/04\/palais-300x290.jpg 300w, https:\/\/wp.unil.ch\/ci26\/files\/2026\/04\/palais-540x522.jpg 540w\" sizes=\"auto, (max-width: 747px) 100vw, 747px\" \/><\/p>\n\n\n\n<p>Please note that the main entrance <span style=\"font-size: revert;white-space: normal\">features a long flight of stairs and is therefore not suitable for disabled access. There is an elevator on the side of the building which can be accessed with the following pathway.<\/span><\/p>\n\n\n\n<h1 class=\"wp-block-heading\">The venue<\/h1>\n\n\n\n<figure class=\"wp-block-image size-large\"><img loading=\"lazy\" decoding=\"async\" width=\"595\" height=\"566\" src=\"https:\/\/wp.unil.ch\/ci26\/files\/2026\/04\/plan_rumine-1.svg\" alt=\"plan rumine 1\" class=\"wp-image-719\" \/><figcaption class=\"wp-element-caption\">Climate Informatics 2026 venue at Palais de Rumine.<\/figcaption><\/figure>\n\n\n\n<p>From Tuesday 28th to Thursday 30th (final day) the conference will be held in Palais de Rumine  in Lausanne&rsquo;s city center. Climate Informatics 2026 will be held in three separate spaces in the building.<\/p>\n\n\n\n<ul class=\"wp-block-list\">\n<li><strong>2nd floor<\/strong>: The <strong>hackathon working space <\/strong>will be at the <strong>S\u00e9nat <\/strong>room<strong> <\/strong>(purple on the map).<\/li>\n\n\n\n<li><strong>3rd floor<\/strong>: The <strong>main conference presentations<\/strong> will be held in the <strong>Aula conference room<\/strong> (green on the map).<\/li>\n\n\n\n<li><strong>5th floor<\/strong>: The <strong>poster sessions<\/strong> will be held in the open <strong>Atrium<\/strong> corridor (grey on the map) on the same floor as the Zoology museum.<\/li>\n<\/ul>\n\n\n\n<p>The late 19th century building houses public facilities like the Mus\u00e9e cantonal d&rsquo;arch\u00e9ologie et d&rsquo;histoire (Cantonal Museum of Archeology and History) and Mus\u00e9e cantonal de zoologie (Cantonal Museum of Zoology). During the conference, the public facilities will still be open to public.<\/p>\n","protected":false},"excerpt":{"rendered":"<p>From Tuesday 28th to Thursday 30th of April (final day) the conference will be held at\u00a0Palais de Rumine in Lausanne&rsquo;s city center. How to get there The main&hellip;<\/p>\n","protected":false},"author":1002483,"featured_media":0,"parent":0,"menu_order":0,"comment_status":"closed","ping_status":"closed","template":"","meta":{"_seopress_robots_primary_cat":"","_seopress_titles_title":"","_seopress_titles_desc":"","_seopress_robots_index":"","footnotes":""},"class_list":["post-703","page","type-page","status-publish","has-post-thumbnail"],"_links":{"self":[{"href":"https:\/\/wp.unil.ch\/ci26\/wp-json\/wp\/v2\/pages\/703","targetHints":{"allow":["GET"]}}],"collection":[{"href":"https:\/\/wp.unil.ch\/ci26\/wp-json\/wp\/v2\/pages"}],"about":[{"href":"https:\/\/wp.unil.ch\/ci26\/wp-json\/wp\/v2\/types\/page"}],"author":[{"embeddable":true,"href":"https:\/\/wp.unil.ch\/ci26\/wp-json\/wp\/v2\/users\/1002483"}],"replies":[{"embeddable":true,"href":"https:\/\/wp.unil.ch\/ci26\/wp-json\/wp\/v2\/comments?post=703"}],"version-history":[{"count":6,"href":"https:\/\/wp.unil.ch\/ci26\/wp-json\/wp\/v2\/pages\/703\/revisions"}],"predecessor-version":[{"id":720,"href":"https:\/\/wp.unil.ch\/ci26\/wp-json\/wp\/v2\/pages\/703\/revisions\/720"}],"wp:attachment":[{"href":"https:\/\/wp.unil.ch\/ci26\/wp-json\/wp\/v2\/media?parent=703"}],"curies":[{"name":"wp","href":"https:\/\/api.w.org\/{rel}","templated":true}]}}