{"id":9,"date":"2013-04-29T09:57:35","date_gmt":"2013-04-29T07:57:35","guid":{"rendered":"http:\/\/wp.unil.ch\/chronozones\/?page_id=9"},"modified":"2023-11-07T21:23:36","modified_gmt":"2023-11-07T20:23:36","slug":"numeros","status":"publish","type":"page","link":"https:\/\/wp.unil.ch\/chronozones\/numeros\/","title":{"rendered":"Num\u00e9ros"},"content":{"rendered":"\n<p>En cliquant sur l&rsquo;onglet correspondant, la liste d\u00e9roulante vous permet d&rsquo;acc\u00e9der \u00e0 la table des mati\u00e8res de chaque num\u00e9ro.<\/p>\n\n\n\n<p>Vous pouvez aussi utiliser l&rsquo;outil de recherche pour trouver un sujet particulier.<\/p>\n\n\n\n<p>Une fois ceci fait, n&rsquo;h\u00e9sitez pas \u00e0 commander ou \u00e0 t\u00e9l\u00e9charger les exemplaires que vous d\u00e9sirez sur la <a title=\"Commander\" href=\"https:\/\/wp.unil.ch\/chronozones\/commander\/\">page de commande<\/a>.<\/p>\n","protected":false},"excerpt":{"rendered":"<p>En cliquant sur l&rsquo;onglet correspondant, la liste d\u00e9roulante vous permet d&rsquo;acc\u00e9der \u00e0 la table des mati\u00e8res de chaque num\u00e9ro. Vous pouvez aussi utiliser l&rsquo;outil de recherche pour trouver un sujet &hellip; <\/p>\n","protected":false},"author":1258,"featured_media":0,"parent":0,"menu_order":0,"comment_status":"closed","ping_status":"closed","template":"","meta":{"_seopress_robots_primary_cat":"","_seopress_titles_title":"","_seopress_titles_desc":"","_seopress_robots_index":"","footnotes":""},"class_list":["post-9","page","type-page","status-publish"],"_links":{"self":[{"href":"https:\/\/wp.unil.ch\/chronozones\/wp-json\/wp\/v2\/pages\/9","targetHints":{"allow":["GET"]}}],"collection":[{"href":"https:\/\/wp.unil.ch\/chronozones\/wp-json\/wp\/v2\/pages"}],"about":[{"href":"https:\/\/wp.unil.ch\/chronozones\/wp-json\/wp\/v2\/types\/page"}],"author":[{"embeddable":true,"href":"https:\/\/wp.unil.ch\/chronozones\/wp-json\/wp\/v2\/users\/1258"}],"replies":[{"embeddable":true,"href":"https:\/\/wp.unil.ch\/chronozones\/wp-json\/wp\/v2\/comments?post=9"}],"version-history":[{"count":1,"href":"https:\/\/wp.unil.ch\/chronozones\/wp-json\/wp\/v2\/pages\/9\/revisions"}],"predecessor-version":[{"id":512,"href":"https:\/\/wp.unil.ch\/chronozones\/wp-json\/wp\/v2\/pages\/9\/revisions\/512"}],"wp:attachment":[{"href":"https:\/\/wp.unil.ch\/chronozones\/wp-json\/wp\/v2\/media?parent=9"}],"curies":[{"name":"wp","href":"https:\/\/api.w.org\/{rel}","templated":true}]}}